{"id":2488,"date":"2023-10-16T21:30:44","date_gmt":"2023-10-17T01:30:44","guid":{"rendered":"https:\/\/oceaneering.com\/?page_id=2488"},"modified":"2024-01-29T11:32:19","modified_gmt":"2024-01-29T16:32:19","slug":"vessel-based-wellhead-removal","status":"publish","type":"page","link":"https:\/\/www.oceaneering.com\/es\/decommissioning\/vessel-based-wellhead-removal\/","title":{"rendered":"Retirada de pozos con embarcaci\u00f3n"},"content":{"rendered":"<a href=\"https:\/\/www.oceaneering.com\/es\/decommissioning\/#contact\" target=\"_self\" rel=\"noopener\">\n\t\t\t\t\t\t\tDebatir un proyecto\n\t\t\t\t\t<\/a>\n<h1>\n\t\tRetirada de pozos con embarcaci\u00f3n\n\t<\/h1>\n\t<p>Benef\u00edciese de nuestro eficaz sistema de extracci\u00f3n de boca de pozo basado en embarcaciones, que corta y recupera tuber\u00edas de revestimiento con soluciones seguras, fiables y flexibles.<\/p>\n<h2>\n\t\tNuestras soluciones probadas sobre el terreno se han utilizado con un\n\t<\/h2>\n\t\t\t\t<img loading=\"lazy\" decoding=\"async\" src=\"https:\/\/oceaneering.com\/wp-content\/uploads\/2023\/10\/RigChase-01.png\" alt=\"RigChase-01\" itemprop=\"image\" height=\"914\" width=\"1333\" title=\"RigChase-01\" onerror=\"this.style.display='none'\"  \/>\n\t\t\t\t<img loading=\"lazy\" decoding=\"async\" src=\"https:\/\/oceaneering.com\/wp-content\/uploads\/2023\/10\/RigChase-02.png\" alt=\"RigChase-02\" itemprop=\"image\" height=\"914\" width=\"1333\" title=\"RigChase-02\" onerror=\"this.style.display='none'\"  \/>\n\t\t\t\t<img loading=\"lazy\" decoding=\"async\" src=\"https:\/\/oceaneering.com\/wp-content\/uploads\/2023\/10\/RigChase-03.png\" alt=\"RigChase-03\" itemprop=\"image\" height=\"914\" width=\"1333\" title=\"RigChase-03\" onerror=\"this.style.display='none'\"  \/>\n<h2>\n\t\tSoluci\u00f3n llave en mano. Beneficios maximizados.\n\t<\/h2>\n\n\t\tLa participaci\u00f3n en nuestro programa de retirada de cabezas de pozo con embarcaci\u00f3n Rig Chase ofrece numerosas ventajas.\n\t\n\t<ul>\n\t\t\t\t\t<li>\n\t\t\t\tEvaluaci\u00f3n individual del emplazamiento del pozo antes de la fase de ejecuci\u00f3n\n\t\t\t<\/li>\n\t\t\t\t\t<li>\n\t\t\t\tFinalizaci\u00f3n de los estudios de limpieza del fondo marino\n\t\t\t<\/li>\n\t\t\t\t\t<li>\n\t\t\t\tTrabajos adicionales in situ en caso necesario (dragado, eliminaci\u00f3n del crecimiento marino, muestreo del suelo, prospecci\u00f3n).\n\t\t\t<\/li>\n\t\t\t\t\t<li>\n\t\t\t\tContrato a tanto alzado para la previsibilidad del gasto\n\t\t\t<\/li>\n\t\t\t\t\t<li>\n\t\t\t\tReducci\u00f3n de riesgos y costes desplazando de la plataforma las actividades que no aportan valor a\u00f1adido.\n\t\t\t<\/li>\n\t\t\t\t\t<li>\n\t\t\t\tImportante ahorro de costes gracias a la planificaci\u00f3n y ejecuci\u00f3n de campa\u00f1as para varios o un solo cliente\n\t\t\t<\/li>\n\t\t\t\t\t<li>\n\t\t\t\tReducci\u00f3n del tiempo de espera\n\t\t\t<\/li>\n\t\t\t<\/ul>\n\t\t\t<a href=\"https:\/\/oceaneering.canto.com\/download\/document\/50d925f4t97bhda14oh4jqvd6u\/original.pdf\" target=\"_blank\" rel=\"noopener\">\n\t\t\t\t\t\t\tPersecuci\u00f3n de plataformas \n\t\t\t<\/a>\n\t\t\t<img decoding=\"async\" src=\"https:\/\/oceaneering.com\/wp-content\/uploads\/2023\/10\/rig-case-cover.jpg\" title=\"cubierta de la plataforma\" alt=\"\" \/>\t\t\t\t\t\t\t\n\t\t\t\t\tReproducir v\u00eddeo\n<h2>\n\t\tAumente la eficacia con campa\u00f1as multicliente\n\t<\/h2>\n\t<p>Al participar en nuestra campa\u00f1a anual multicliente, se beneficia de una mayor eficacia y ahorro de costes en varios \u00e1mbitos.<\/p>\n\t<ul>\n\t\t\t\t\t<li>\n\t\t\t\tMovilizaci\u00f3n\n\t\t\t<\/li>\n\t\t\t\t\t<li>\n\t\t\t\tCostes de transporte y combustible\n\t\t\t<\/li>\n\t\t\t\t\t<li>\n\t\t\t\tTasas de dispersi\u00f3n de los equipos\n\t\t\t<\/li>\n\t\t\t\t\t<li>\n\t\t\t\tPersonal\n\t\t\t<\/li>\n\t\t\t<\/ul>\n<h2>\n\t\tCasos pr\u00e1cticos\n\t<\/h2>\n\t\t\t\t<img loading=\"lazy\" decoding=\"async\" src=\"https:\/\/oceaneering.com\/wp-content\/uploads\/2023\/10\/2015-Q3-Well-Abandonment-Campaign-Case-Study-Final-1.jpg\" alt=\"2015-Q3-Well-Abandonment-Campaign-Case-Study-Final-(1)\" itemprop=\"image\" height=\"791\" width=\"604\" title=\"2015-Q3-Abandono de pozos-Campa\u00f1a-Estudio de caso-Final-(1)\" onerror=\"this.style.display='none'\"  \/>\n\t\t\t<a href=\"https:\/\/oceaneering.canto.com\/direct\/document\/9va3nq5qht3t5brvgavi24520h\/x8OOnG3Hdaa1yDqh5ygZeqB7m_Q\/original?content-type=application%2Fpdf&#038;name=Case-Study-2015-Q3-Well-Abandonment-Campaign.pdf\" target=\"_blank\" rel=\"noopener\">\n\t\t\t\t\t\t\tCampa\u00f1a de retirada de pozos del tercer trimestre de 2015\n\t\t\t<\/a>\n\t\t\t\t<img loading=\"lazy\" decoding=\"async\" src=\"https:\/\/oceaneering.com\/wp-content\/uploads\/2023\/10\/Case-Study-2016-Q3-Wellhead-Removal-Campaign.jpg\" alt=\"Case-Study-2016-Q3-Wellhead-Removal-Campaign\" itemprop=\"image\" height=\"791\" width=\"604\" title=\"Estudio de caso-2016-Q3-Campa\u00f1a de retirada de cabezas de pozo\" onerror=\"this.style.display='none'\"  \/>\n\t\t\t<a href=\"https:\/\/oceaneering.canto.com\/direct\/document\/dd0dasiej178b0uefma54tct70\/8Xo8LPV-A7VbrU7ju0nHZZ3CjfY\/original?content-type=application%2Fpdf&#038;name=Case-Study-2016-Q3-Wellhead-Removal-Campaign.pdf\" target=\"_blank\" rel=\"noopener\">\n\t\t\t\t\t\t\tCampa\u00f1a de retirada de pozos del tercer trimestre de 2016\n\t\t\t<\/a>\n\t\t\t\t<img loading=\"lazy\" decoding=\"async\" src=\"https:\/\/oceaneering.com\/wp-content\/uploads\/2023\/10\/Case-Study-Well-Severance-Rig-Chase.png\" alt=\"Case-Study-Well-Severance-(Rig-Chase)\" itemprop=\"image\" height=\"340\" width=\"260\" title=\"Caso-Estudio-Bien-Severance-(Rig-Chase)\" onerror=\"this.style.display='none'\"  \/>\n\t\t\t<a href=\"https:\/\/oceaneering.canto.com\/direct\/document\/e5tlbne85d6rdbp0d25td1j53u\/1leZTs57bsOxFHIsJ4s3uZJLoQY\/original?content-type=application%2Fpdf&#038;name=Case-Study-Well-Severance-%28Rig-Chase%29.pdf\" target=\"_blank\" rel=\"noopener\">\n\t\t\t\t\t\t\tSeparaci\u00f3n de pozos (Rig Chase)\n\t\t\t<\/a>\n\t\t\t\t<img loading=\"lazy\" decoding=\"async\" src=\"https:\/\/oceaneering.com\/wp-content\/uploads\/2023\/10\/Case-Study-Wellhead-Clean-Up-and-Inspection-Campaign.jpg\" alt=\"Case-Study-Wellhead-Clean-Up-and-Inspection-Campaign\" itemprop=\"image\" height=\"791\" width=\"604\" title=\"Case-Study-Wellhead-Clean-Up-and-Inspection-Campaign\" onerror=\"this.style.display='none'\"  \/>\n\t\t\t<a href=\"https:\/\/oceaneering.canto.com\/direct\/document\/1t9c9nl8vt2qfd0t6nq6pbih1v\/yj1mh4W5I4n7OU90TrXKc-N6eZc\/original?content-type=application%2Fpdf&#038;name=Case-Study-Wellhead-Clean-Up-and-Inspection-Campaign.pdf\" target=\"_blank\" rel=\"noopener\">\n\t\t\t\t\t\t\tCampa\u00f1a de limpieza e inspecci\u00f3n de pozos\n\t\t\t<\/a>\n<h1>\n\t\tContacte con nosotros\n\t<\/h1>\n<h2>\n\t\tNuestro equipo de expertos est\u00e1 listo para ayudarle a empezar.\n\t<\/h2>\n\t<p>Oceaneering ofrece los mejores productos y soluciones de su clase, respaldados por una calidad, fiabilidad y asistencia global inigualables. Rellene el formulario de consulta para iniciar una conversaci\u00f3n hoy mismo.<\/p>","protected":false},"excerpt":{"rendered":"<p>Discuta un proyecto Extracci\u00f3n de cabezales de pozo con embarcaci\u00f3n Benef\u00edciese de nuestro eficaz sistema de extracci\u00f3n de cabezales de pozo con embarcaci\u00f3n, que corta y recupera tuber\u00edas de revestimiento con soluciones seguras, fiables y flexibles. Nuestras soluciones probadas sobre el terreno se han utilizado con una Soluci\u00f3n llave en mano. Beneficios maximizados. La participaci\u00f3n en nuestro programa de extracci\u00f3n de cabezas de pozo con embarcaci\u00f3n Rig Chase ofrece numerosas ventajas. Evaluaci\u00f3n individual del emplazamiento del pozo antes de ... <a title=\"Retirada de pozos con embarcaci\u00f3n\" class=\"read-more\" href=\"https:\/\/www.oceaneering.com\/es\/decommissioning\/vessel-based-wellhead-removal\/\" aria-label=\"Leer m\u00e1s sobre Retirada de pozos con embarcaciones\">Seguir leyendo<\/a><\/p>","protected":false},"author":19,"featured_media":0,"parent":2447,"menu_order":2,"comment_status":"closed","ping_status":"closed","template":"","meta":{"_acf_changed":false,"footnotes":"","_links_to":"","_links_to_target":""},"product_category":[1312,1313],"search_tags":[1377,1379],"class_list":["post-2488","page","type-page","status-publish","product_category-decommissioning","product_category-plug-and-abandonment","search_tags-decommissioning","search_tags-subsea-well"],"acf":[],"aioseo_notices":[],"_links":{"self":[{"href":"https:\/\/www.oceaneering.com\/es\/wp-json\/wp\/v2\/pages\/2488","targetHints":{"allow":["GET"]}}],"collection":[{"href":"https:\/\/www.oceaneering.com\/es\/wp-json\/wp\/v2\/pages"}],"about":[{"href":"https:\/\/www.oceaneering.com\/es\/wp-json\/wp\/v2\/types\/page"}],"author":[{"embeddable":true,"href":"https:\/\/www.oceaneering.com\/es\/wp-json\/wp\/v2\/users\/19"}],"replies":[{"embeddable":true,"href":"https:\/\/www.oceaneering.com\/es\/wp-json\/wp\/v2\/comments?post=2488"}],"version-history":[{"count":0,"href":"https:\/\/www.oceaneering.com\/es\/wp-json\/wp\/v2\/pages\/2488\/revisions"}],"up":[{"embeddable":true,"href":"https:\/\/www.oceaneering.com\/es\/wp-json\/wp\/v2\/pages\/2447"}],"wp:attachment":[{"href":"https:\/\/www.oceaneering.com\/es\/wp-json\/wp\/v2\/media?parent=2488"}],"wp:term":[{"taxonomy":"product_category","embeddable":true,"href":"https:\/\/www.oceaneering.com\/es\/wp-json\/wp\/v2\/product_category?post=2488"},{"taxonomy":"search_tags","embeddable":true,"href":"https:\/\/www.oceaneering.com\/es\/wp-json\/wp\/v2\/search_tags?post=2488"}],"curies":[{"name":"wp","href":"https:\/\/api.w.org\/{rel}","templated":true}]}}