{"id":2447,"date":"2023-10-16T19:38:13","date_gmt":"2023-10-16T23:38:13","guid":{"rendered":"https:\/\/oceaneering.com\/?page_id=2447"},"modified":"2026-01-23T04:24:27","modified_gmt":"2026-01-23T10:24:27","slug":"decommissioning","status":"publish","type":"page","link":"https:\/\/www.oceaneering.com\/es\/decommissioning\/","title":{"rendered":"Soluciones de desmantelamiento"},"content":{"rendered":"<p><a href=\"https:\/\/www.oceaneering.com\/es\/decommissioning\/#contact\" target=\"_self\" rel=\"noopener\"> Debatir un proyecto <\/a><\/p>\r\n<h1>Soluciones de desmantelamiento<\/h1>\r\n<p>Desde hace m\u00e1s de 25 a\u00f1os, Oceaneering atiende con \u00e9xito las necesidades globales de sus clientes en materia de soluciones rentables de desmantelamiento que garanticen la retirada segura y eficaz de infraestructuras marinas como plataformas, conductores, equipos submarinos y pozos.<\/p>\r\n<p>Si bien nuestro historial de desmantelamiento se ha basado en servicios de corte fiables y alquiler de herramientas complementarias, podemos ejecutar proyectos de mayor envergadura combinando nuestra multitud de servicios y productos discretos complementarios en una \u00fanica oferta integrada. Nuestro programa de gesti\u00f3n de la seguridad, experiencia en desmantelamiento, capacidad de gesti\u00f3n de proyectos, agrupaci\u00f3n de servicios y soluciones competitivas en costes nos diferencian de otros proveedores de desmantelamiento.<\/p>\r\n<h2>Historial<\/h2>\r\n<p>(Actualizado 2018) <img decoding=\"async\" title=\"Desmantelamiento-artesanado-2-1\" src=\"https:\/\/oceaneering.com\/wp-content\/uploads\/2023\/10\/Decommissioning-artwork-2-1.png\" alt=\"Decommissioning-artwork-2-1\" \/><\/p>\r\n<h2>Otros servicios<\/h2>\r\n<p>Nuestra amplia cartera de herramientas y oferta de servicios permite ofrecer soluciones rentables en el \u00e1mbito del desmantelamiento para proporcionar un mayor valor a un menor coste total de propiedad para nuestros clientes.<\/p>\r\n<h4>Algunos ejemplos de otros servicios son:<\/h4>\r\n<ul>\r\n<li><a href=\"https:\/\/www.oceaneering.com\/es\/rov-services\/rov-technology\/#rpact\">Pilotaje y supervisi\u00f3n a distancia desde los centros de control en tierra de Oceaneering<\/a><\/li>\r\n<li>Estudios FEED, an\u00e1lisis de ingenier\u00eda y evaluaci\u00f3n t\u00e9cnica<\/li>\r\n<li>Saneamiento del emplazamiento (vertido de rocas, excavaci\u00f3n de zanjas, prospecci\u00f3n)<\/li>\r\n<li>Limpieza e inspecci\u00f3n de infraestructuras submarinas<\/li>\r\n<li>Muestreo y prospecci\u00f3n marinos<\/li>\r\n<li>Gesti\u00f3n de proyectos<\/li>\r\n<li>Inspecci\u00f3n de pozos<\/li>\r\n<li>Recuperaci\u00f3n de escombros<\/li>\r\n<li>Seguimiento a largo plazo<\/li>\r\n<\/ul>\r\n<p><img decoding=\"async\" title=\"1559943920000\" src=\"https:\/\/oceaneering.com\/wp-content\/uploads\/2023\/10\/1559943920000.jpg\" alt=\"1559943920000\" \/><\/p>\r\n<h2>Folleto sobre desmantelamiento<\/h2>\r\n<p><a href=\"https:\/\/oceaneering.canto.com\/download\/document\/8dbek0l8h911t3833o1l0ik20p\/original.pdf\" target=\"_blank\" rel=\"noopener\"> Soluciones de desmantelamiento <\/a><\/p>\r\n<h1>Contacte con nosotros<\/h1>\r\n<h2>Nuestro equipo de expertos est\u00e1 listo para ayudarle a empezar.<\/h2>\r\n<p>Oceaneering ofrece los mejores productos y soluciones de su clase, respaldados por una calidad, fiabilidad y asistencia global inigualables. Rellene el formulario de consulta para iniciar una conversaci\u00f3n hoy mismo.<\/p>","protected":false},"excerpt":{"rendered":"<p>Discutir un proyecto Soluciones de desmantelamiento Durante m\u00e1s de 25 a\u00f1os, Oceaneering ha atendido con \u00e9xito las necesidades globales de sus clientes en cuanto a soluciones de desmantelamiento rentables que garanticen la retirada segura y eficaz de infraestructuras marinas como plataformas, conductores, equipos submarinos y pozos. Si bien nuestro historial de desmantelamiento se ha basado en servicios de corte fiables y alquiler de herramientas ... <a title=\"Soluciones de desmantelamiento\" class=\"read-more\" href=\"https:\/\/www.oceaneering.com\/es\/decommissioning\/\" aria-label=\"Leer m\u00e1s sobre Soluciones de desmantelamiento\">Seguir leyendo<\/a><\/p>","protected":false},"author":19,"featured_media":0,"parent":0,"menu_order":2,"comment_status":"closed","ping_status":"closed","template":"","meta":{"_acf_changed":false,"footnotes":"","_links_to":"","_links_to_target":""},"product_category":[1312],"search_tags":[1377],"class_list":["post-2447","page","type-page","status-publish","product_category-decommissioning","search_tags-decommissioning"],"acf":[],"aioseo_notices":[],"_links":{"self":[{"href":"https:\/\/www.oceaneering.com\/es\/wp-json\/wp\/v2\/pages\/2447","targetHints":{"allow":["GET"]}}],"collection":[{"href":"https:\/\/www.oceaneering.com\/es\/wp-json\/wp\/v2\/pages"}],"about":[{"href":"https:\/\/www.oceaneering.com\/es\/wp-json\/wp\/v2\/types\/page"}],"author":[{"embeddable":true,"href":"https:\/\/www.oceaneering.com\/es\/wp-json\/wp\/v2\/users\/19"}],"replies":[{"embeddable":true,"href":"https:\/\/www.oceaneering.com\/es\/wp-json\/wp\/v2\/comments?post=2447"}],"version-history":[{"count":1,"href":"https:\/\/www.oceaneering.com\/es\/wp-json\/wp\/v2\/pages\/2447\/revisions"}],"predecessor-version":[{"id":80789,"href":"https:\/\/www.oceaneering.com\/es\/wp-json\/wp\/v2\/pages\/2447\/revisions\/80789"}],"wp:attachment":[{"href":"https:\/\/www.oceaneering.com\/es\/wp-json\/wp\/v2\/media?parent=2447"}],"wp:term":[{"taxonomy":"product_category","embeddable":true,"href":"https:\/\/www.oceaneering.com\/es\/wp-json\/wp\/v2\/product_category?post=2447"},{"taxonomy":"search_tags","embeddable":true,"href":"https:\/\/www.oceaneering.com\/es\/wp-json\/wp\/v2\/search_tags?post=2447"}],"curies":[{"name":"wp","href":"https:\/\/api.w.org\/{rel}","templated":true}]}}