{"id":2434,"date":"2023-10-16T18:55:40","date_gmt":"2023-10-16T22:55:40","guid":{"rendered":"https:\/\/oceaneering.com\/?page_id=2434"},"modified":"2025-12-04T04:07:20","modified_gmt":"2025-12-04T10:07:20","slug":"oil-and-gas","status":"publish","type":"page","link":"https:\/\/www.oceaneering.com\/es\/oil-and-gas\/","title":{"rendered":"Petr\u00f3leo y gas"},"content":{"rendered":"<h1>Petr\u00f3leo y gas<\/h1>\r\n<p>Ofrecemos soluciones integradas a lo largo de toda la vida del yacimiento para proporcionar un mayor valor y un menor coste total de propiedad. Mediante herramientas y servicios integrados, tecnolog\u00eda innovadora y personal experimentado, aumentamos la calidad y fiabilidad de los proyectos de petr\u00f3leo y gas, al tiempo que minimizamos los riesgos a escala mundial.<\/p>\r\n<h2>Planificaci\u00f3n y perforaci\u00f3n previa<\/h2>\r\n<p>Durante las primeras fases de desarrollo de un yacimiento, ofrecemos servicios de dise\u00f1o de ingenier\u00eda inicial (FEED), estudios conceptuales y de fase inicial, as\u00ed como servicios de ingenier\u00eda, topograf\u00eda, integridad del ciclo de vida y planificaci\u00f3n del coste total de propiedad.<\/p>\r\n<ul>\r\n<li><a href=\"\/es\/survey-and-mapping\/\">Topograf\u00eda y cartograf\u00eda<\/a><\/li>\r\n<li><a href=\"\/es\/asset-integrity\/\">Integridad de los activos<\/a><\/li>\r\n<\/ul>\r\n<h2>Perforaci\u00f3n y terminaci\u00f3n<\/h2>\r\n<p>Prestamos una amplia gama de servicios de apoyo a la perforaci\u00f3n y terminaci\u00f3n de pozos desde buques y bases operativas en todo el mundo. Nuestra cartera, experiencia y presencia nos permiten prestar servicios personalizados de forma r\u00e1pida y rentable. Satisfacemos las necesidades operativas con servicios que incluyen: veh\u00edculos operados a distancia (ROV) y herramientas, dragado, sistemas de intervenci\u00f3n y control BOP, soluciones de comunicaci\u00f3n, v\u00e1lvulas submarinas y mecanizado y corte in situ.<\/p>\r\n<ul>\r\n<li><a href=\"\/es\/rov-services\/\">Servicios ROV<\/a><\/li>\r\n<li><a href=\"\/es\/decommissioning\/\">Desmantelamiento<\/a><\/li>\r\n<\/ul>\r\n<ul>\r\n<li><a href=\"\/es\/subsea-valves\/\">V\u00e1lvulas submarinas<\/a><\/li>\r\n<li><a href=\"\/es\/data-management\/\">Gesti\u00f3n de datos<\/a><\/li>\r\n<\/ul>\r\n<h2>Instalaci\u00f3n y construcci\u00f3n<\/h2>\r\n<p>Ofrecemos la mayor flota del mundo de sistemas de instalaci\u00f3n, reacondicionamiento y control (IWOCS), adem\u00e1s de soluciones de ingenier\u00eda y gesti\u00f3n de proyectos totalmente integradas. Nuestras soluciones cubren sus operaciones durante todo el ciclo de vida del proyecto, con experiencia en aseguramiento del flujo, servicios a buques, conexiones submarinas, soluciones de comunicaciones, umbilicales, buceo, reparaci\u00f3n de tuber\u00edas y servicios y herramientas ROV.<\/p>\r\n<ul>\r\n<li><a href=\"\/es\/rov-services\/\">Servicios ROV<\/a><\/li>\r\n<li><a href=\"\/es\/flow-assurance\/\">Aseguramiento del flujo<\/a><\/li>\r\n<li><a href=\"https:\/\/www.oceaneering.com\/es\/subsea-distribution-solutions\/products\/\">Hardware de distribuci\u00f3n submarina<\/a><\/li>\r\n<li><a href=\"\/es\/pipeline-repair-systems\/\">Reparaci\u00f3n de tuber\u00edas<\/a><\/li>\r\n<\/ul>\r\n<ul>\r\n<li><a href=\"\/es\/subsea-connection-systems\/\">Sistemas de conexi\u00f3n<\/a><\/li>\r\n<li><a href=\"\/es\/data-management\/\">Gesti\u00f3n de datos<\/a><\/li>\r\n<li><a href=\"\/es\/subsea-projects\/\">Proyectos submarinos<\/a><\/li>\r\n<\/ul>\r\n<h2>Producci\u00f3n y mantenimiento<\/h2>\r\n<p>Para que pueda rentabilizar al m\u00e1ximo sus inversiones, ofrecemos una serie de servicios destinados a aumentar la producci\u00f3n y mantener los activos cr\u00edticos. Hasta la fecha, hemos ayudado a aumentar la producci\u00f3n de nuestros clientes en 15 millones de bbl. Para ello, ofrecemos servicios relacionados con ROV y herramientas, ingenier\u00eda, aseguramiento del flujo, IWOCS, reparaci\u00f3n de tuber\u00edas, integridad de activos, buceo, soluciones de comunicaciones, seguimiento de activos, dragado, umbilicales, corte e inspecci\u00f3n, mantenimiento y reparaci\u00f3n.<\/p>\r\n<ul>\r\n<li><a href=\"\/es\/rov-services\/\">Servicios ROV<\/a><\/li>\r\n<li><a href=\"\/es\/flow-assurance\/\">Aseguramiento del flujo<\/a><\/li>\r\n<li><a href=\"\/es\/pipeline-repair-systems\/\">Reparaci\u00f3n de tuber\u00edas<\/a><\/li>\r\n<li><a href=\"\/es\/asset-integrity\/\">Integridad de los activos<\/a><\/li>\r\n<li><a href=\"\/es\/data-management\/\">Gesti\u00f3n de datos<\/a><\/li>\r\n<\/ul>\r\n<ul>\r\n<li><a href=\"\/es\/subsea-projects\/\">Proyectos submarinos<\/a><\/li>\r\n<li><a href=\"\/es\/subsea-distribution-solutions\/products\/\">Hardware de distribuci\u00f3n submarina<\/a><\/li>\r\n<li><a href=\"\/es\/decommissioning\/\">Desmantelamiento<\/a><\/li>\r\n<li><a href=\"https:\/\/www.oceaneering.com\/es\/inspection-maintenance-and-repair-imr-solutions\/\">Inspecci\u00f3n, mantenimiento y reparaci\u00f3n<\/a><\/li>\r\n<\/ul>\r\n<h2>Desmantelamiento<\/h2>\r\n<p>Planificamos y ejecutamos soluciones rentables que permiten la retirada segura y eficaz de infraestructuras como plataformas, conductores, equipos submarinos y pozos. Desde el primer corte hasta la retirada, le ayudamos a agilizar todo el proceso de desmantelamiento. Para reducir el riesgo en el desmantelamiento de activos de petr\u00f3leo y gas, utilizamos servicios y herramientas ROV, buques, herramientas de corte y dragado, servicios de buceo y soluciones de comunicaciones.<\/p>\r\n<ul>\r\n<li><a href=\"\/es\/rov-services\/\">Servicios ROV<\/a><\/li>\r\n<li><a href=\"\/es\/decommissioning\/\">Desmantelamiento<\/a><\/li>\r\n<\/ul>\r\n<ul>\r\n<li><a href=\"\/es\/data-management\/\">Gesti\u00f3n de datos<\/a><\/li>\r\n<li><a href=\"\/es\/diving\/\">Buceo<\/a><\/li>\r\n<\/ul>\r\n<h2>En tierra<\/h2>\r\n<p>Nuestro enfoque de evaluaci\u00f3n e inspecci\u00f3n basado en el riesgo ha evolucionado para satisfacer las cambiantes demandas del mercado del petr\u00f3leo y el gas. Ofrecemos servicios de inspecci\u00f3n y soluciones de gesti\u00f3n de la integridad adaptadas a sus necesidades. Nuestros servicios de integridad del ciclo de vida, ensayos no destructivos, gr\u00faa y elevaci\u00f3n, mecanizado y corte in situ y reparaci\u00f3n de materiales compuestos le permiten alcanzar sus objetivos en tierra con mayor rapidez y fiabilidad.<\/p>\r\n<ul>\r\n<li><a href=\"\/es\/asset-integrity\/\">Integridad de los activos<\/a><\/li>\r\n<\/ul>\r\n<h2>Premios y reconocimientos del sector<\/h2>\r\n<p>Como l\u00edder en productos y servicios para yacimientos petrol\u00edferos, hemos sido reconocidos a lo largo de los a\u00f1os por nuestra innovaci\u00f3n tecnol\u00f3gica y nuestro compromiso con la excelencia.<\/p>\r\n<p>En la encuesta anual de satisfacci\u00f3n del cliente de productos y servicios petrol\u00edferos de EnergyPoint Research, hemos ocupado sistem\u00e1ticamente el primer puesto en el mercado de productos petrol\u00edferos. Nuestros resultados en la encuesta del grupo de 2016 son los siguientes.<\/p>\r\n<ul>\r\n<li>Primero en \"ROVs\" durante nueve encuestas (desde 2006)<\/li>\r\n<li>Primera en \"rendimiento y fiabilidad\" y \"equipos submarinos\" en siete encuestas<\/li>\r\n<li>Primera en \"aplicaciones en aguas profundas\" para seis encuestas<\/li>\r\n<li>Primero en \"aplicaciones extraterritoriales\" en dos encuestas<\/li>\r\n<li>Primera en \"pozos en entornos dif\u00edciles\", \"aplicaciones en aguas ultraprofundas\" y \"asistencia postventa\" para una encuesta<\/li>\r\n<\/ul>\r\n<p>Tambi\u00e9n hemos sido reconocidos por la introducci\u00f3n de tecnolog\u00edas innovadoras en el sector del petr\u00f3leo y el gas en alta mar. <a href=\"http:\/\/2017.otcnet.org\/\" target=\"_blank\" rel=\"noopener\">Conferencia de Tecnolog\u00eda Offshore (OTC)<\/a>. A continuaci\u00f3n figuran los premios OTC Spotlight on New Technology\u2120 que hemos recibido en el pasado.<\/p>\r\n<ul>\r\n<li>Tecnolog\u00eda de control y pilotaje a distancia (RPACT), 2016<\/li>\r\n<li>Draga de pilotes en aguas profundas, 2015<\/li>\r\n<li>Sistema de inspecci\u00f3n submarina MagnaScan\u2122, 2015<\/li>\r\n<\/ul>\r\n<p>Nuestra actuaci\u00f3n en materia de seguridad en entornos marinos tambi\u00e9n ha sido elogiada. Hemos recibido el <a href=\"http:\/\/www.noia.org\/\" target=\"_blank\" rel=\"noopener\">Asociaci\u00f3n Nacional de Industrias Oce\u00e1nicas (NOIA)<\/a> Safety in Seas \"Safety Practice Award\" en 2016.<\/p>\r\n<h1>Contacte con nosotros<\/h1>\r\n<h2>Nuestro equipo de expertos est\u00e1 listo para ayudarle a empezar.<\/h2>\r\n<p>Oceaneering ofrece los mejores productos y soluciones de su clase, respaldados por una calidad, fiabilidad y asistencia global inigualables. Rellene el formulario de consulta para iniciar una conversaci\u00f3n hoy mismo.<\/p>","protected":false},"excerpt":{"rendered":"<p>Petr\u00f3leo y gas Ofrecemos soluciones integradas a lo largo de toda la vida del yacimiento para proporcionar un mayor valor y un menor coste total de propiedad. Mediante el uso de herramientas y servicios integrados, tecnolog\u00eda innovadora y personal experimentado, aumentamos la calidad y fiabilidad de los proyectos de petr\u00f3leo y gas, al tiempo que minimizamos los riesgos a escala mundial. Planificaci\u00f3n y preperforaci\u00f3n Durante las primeras etapas ... <a title=\"Petr\u00f3leo y gas\" class=\"read-more\" href=\"https:\/\/www.oceaneering.com\/es\/oil-and-gas\/\" aria-label=\"Leer m\u00e1s sobre Petr\u00f3leo y gas\">Seguir leyendo<\/a><\/p>","protected":false},"author":13,"featured_media":0,"parent":0,"menu_order":2,"comment_status":"closed","ping_status":"closed","template":"","meta":{"_acf_changed":false,"footnotes":"","_links_to":"","_links_to_target":""},"product_category":[],"search_tags":[1860],"class_list":["post-2434","page","type-page","status-publish","search_tags-oil-and-gas"],"acf":[],"aioseo_notices":[],"_links":{"self":[{"href":"https:\/\/www.oceaneering.com\/es\/wp-json\/wp\/v2\/pages\/2434","targetHints":{"allow":["GET"]}}],"collection":[{"href":"https:\/\/www.oceaneering.com\/es\/wp-json\/wp\/v2\/pages"}],"about":[{"href":"https:\/\/www.oceaneering.com\/es\/wp-json\/wp\/v2\/types\/page"}],"author":[{"embeddable":true,"href":"https:\/\/www.oceaneering.com\/es\/wp-json\/wp\/v2\/users\/13"}],"replies":[{"embeddable":true,"href":"https:\/\/www.oceaneering.com\/es\/wp-json\/wp\/v2\/comments?post=2434"}],"version-history":[{"count":1,"href":"https:\/\/www.oceaneering.com\/es\/wp-json\/wp\/v2\/pages\/2434\/revisions"}],"predecessor-version":[{"id":80137,"href":"https:\/\/www.oceaneering.com\/es\/wp-json\/wp\/v2\/pages\/2434\/revisions\/80137"}],"wp:attachment":[{"href":"https:\/\/www.oceaneering.com\/es\/wp-json\/wp\/v2\/media?parent=2434"}],"wp:term":[{"taxonomy":"product_category","embeddable":true,"href":"https:\/\/www.oceaneering.com\/es\/wp-json\/wp\/v2\/product_category?post=2434"},{"taxonomy":"search_tags","embeddable":true,"href":"https:\/\/www.oceaneering.com\/es\/wp-json\/wp\/v2\/search_tags?post=2434"}],"curies":[{"name":"wp","href":"https:\/\/api.w.org\/{rel}","templated":true}]}}