{"id":2402,"date":"2023-10-16T17:39:46","date_gmt":"2023-10-16T21:39:46","guid":{"rendered":"https:\/\/oceaneering.com\/?page_id=2402"},"modified":"2025-07-23T06:47:46","modified_gmt":"2025-07-23T11:47:46","slug":"oceaneering-technologies","status":"publish","type":"page","link":"https:\/\/www.oceaneering.com\/es\/oceaneering-technologies\/","title":{"rendered":"Tecnolog\u00edas Oceaneering (OTECH)"},"content":{"rendered":"<p><a href=\"https:\/\/www.oceaneering.com\/es\/oceaneering-technologies\/#contact\" target=\"_self\"> Debatir un proyecto <\/a> sistemas mar\u00edtimos listos para misiones<\/p>\r\n<h1>Tecnolog\u00edas Oceaneering (OTECH)<\/h1>\r\n<p>Soluciones integradas y listas para misiones, adaptadas a las necesidades espec\u00edficas de cada entorno operativo.<\/p>\r\n<h2>Rendimiento probado en entornos submarinos exigentes<\/h2>\r\n<p>Estamos especializados en el dise\u00f1o, desarrollo, explotaci\u00f3n y mantenimiento de sistemas mar\u00edtimos avanzados y especializados para aplicaciones comerciales y de defensa. Nuestros sistemas est\u00e1n dise\u00f1ados para soportar las condiciones submarinas m\u00e1s exigentes, como presiones extremas, operaciones de largo alcance, bioincrustaciones, corrosi\u00f3n y exposici\u00f3n prolongada a entornos hostiles. Desde veh\u00edculos submarinos aut\u00f3nomos hasta infraestructuras de operaciones remotas, nuestras soluciones est\u00e1n dise\u00f1adas para ofrecer resistencia, adaptabilidad y \u00e9xito en las misiones.<\/p>\r\n<p><a title=\"Sistemas submarinos no tripulados\" href=\"https:\/\/www.oceaneering.com\/es\/oceaneering-technologies\/unmanned-undersea-systems\/\"><img loading=\"lazy\" decoding=\"async\" title=\"la libertad bajo ellogonotexto destacado | Oceaneering\" src=\"https:\/\/www.oceaneering.com\/wp-content\/uploads\/2025\/05\/freedom-under-with-logo-notext-featured-1024x576.jpg\" sizes=\"auto, (max-width: 1024px) 100vw, 1024px\" srcset=\"https:\/\/www.oceaneering.com\/wp-content\/uploads\/2025\/05\/freedom-under-with-logo-notext-featured-1024x576.jpg 1024w, https:\/\/www.oceaneering.com\/wp-content\/uploads\/2025\/05\/freedom-under-with-logo-notext-featured-300x169.jpg 300w, https:\/\/www.oceaneering.com\/wp-content\/uploads\/2025\/05\/freedom-under-with-logo-notext-featured-768x432.jpg 768w, https:\/\/www.oceaneering.com\/wp-content\/uploads\/2025\/05\/freedom-under-with-logo-notext-featured-1536x864.jpg 1536w, https:\/\/www.oceaneering.com\/wp-content\/uploads\/2025\/05\/freedom-under-with-logo-notext-featured-2048x1152.jpg 2048w, https:\/\/www.oceaneering.com\/wp-content\/uploads\/2025\/05\/freedom-under-with-logo-notext-featured-18x10.jpg 18w, https:\/\/www.oceaneering.com\/wp-content\/uploads\/2025\/05\/freedom-under-with-logo-notext-featured-1280x720.jpg 1280w, https:\/\/www.oceaneering.com\/wp-content\/uploads\/2025\/05\/freedom-under-with-logo-notext-featured-960x540.jpg 960w, https:\/\/www.oceaneering.com\/wp-content\/uploads\/2025\/05\/freedom-under-with-logo-notext-featured-640x360.jpg 640w, https:\/\/www.oceaneering.com\/wp-content\/uploads\/2025\/05\/freedom-under-with-logo-notext-featured-320x180.jpg 320w\" alt=\"Autonomous underwater vehicle AUV travelling under water surface to survey offshore pipeline\" width=\"1024\" height=\"576\" \/><\/a><\/p>\r\n<h3><a title=\"Sistemas submarinos no tripulados\" href=\"https:\/\/www.oceaneering.com\/es\/oceaneering-technologies\/unmanned-undersea-systems\/\">Sistemas submarinos no tripulados<\/a><\/h3>\r\n<p>Nuestros veh\u00edculos submarinos totalmente personalizables permiten la recogida de datos en tiempo real y la evaluaci\u00f3n de amenazas en entornos a menudo inaccesibles o demasiado peligrosos para los operadores humanos.<\/p>\r\n<p><a href=\"https:\/\/www.oceaneering.com\/es\/oceaneering-technologies\/unmanned-undersea-systems\/\">Seguir leyendo<\/a> <a title=\"Sistemas hiperb\u00e1ricos\" href=\"https:\/\/www.oceaneering.com\/es\/oceaneering-technologies\/hyperbaric-systems\/\"><img loading=\"lazy\" decoding=\"async\" title=\"Sistemas hiperb\u00e1ricos | Oceaneering\" src=\"https:\/\/www.oceaneering.com\/wp-content\/uploads\/2025\/05\/Hyperbaric-Systems-1024x576.jpg\" sizes=\"auto, (max-width: 1024px) 100vw, 1024px\" srcset=\"https:\/\/www.oceaneering.com\/wp-content\/uploads\/2025\/05\/Hyperbaric-Systems-1024x576.jpg 1024w, https:\/\/www.oceaneering.com\/wp-content\/uploads\/2025\/05\/Hyperbaric-Systems-300x169.jpg 300w, https:\/\/www.oceaneering.com\/wp-content\/uploads\/2025\/05\/Hyperbaric-Systems-768x432.jpg 768w, https:\/\/www.oceaneering.com\/wp-content\/uploads\/2025\/05\/Hyperbaric-Systems-1536x864.jpg 1536w, https:\/\/www.oceaneering.com\/wp-content\/uploads\/2025\/05\/Hyperbaric-Systems-2048x1152.jpg 2048w, https:\/\/www.oceaneering.com\/wp-content\/uploads\/2025\/05\/Hyperbaric-Systems-18x10.jpg 18w, https:\/\/www.oceaneering.com\/wp-content\/uploads\/2025\/05\/Hyperbaric-Systems-1280x720.jpg 1280w, https:\/\/www.oceaneering.com\/wp-content\/uploads\/2025\/05\/Hyperbaric-Systems-960x540.jpg 960w, https:\/\/www.oceaneering.com\/wp-content\/uploads\/2025\/05\/Hyperbaric-Systems-640x360.jpg 640w, https:\/\/www.oceaneering.com\/wp-content\/uploads\/2025\/05\/Hyperbaric-Systems-320x180.jpg 320w\" alt=\"Transfer Under Pressure TUP chambers used in submarine rescue operations\" width=\"1024\" height=\"576\" \/><\/a><\/p>\r\n<h3><a title=\"Sistemas hiperb\u00e1ricos\" href=\"https:\/\/www.oceaneering.com\/es\/oceaneering-technologies\/hyperbaric-systems\/\">Sistemas hiperb\u00e1ricos<\/a><\/h3>\r\n<p>Con m\u00e1s de seis d\u00e9cadas de experiencia, nuestro equipo multidisciplinar de ingenieros, operadores y buceadores dise\u00f1a, construye y opera sistemas hiperb\u00e1ricos fiables para operaciones submarinas tripuladas.<\/p>\r\n<p><a href=\"https:\/\/www.oceaneering.com\/es\/oceaneering-technologies\/hyperbaric-systems\/\">Seguir leyendo<\/a> <a title=\"Soluciones de rescate submarino\" href=\"https:\/\/www.oceaneering.com\/es\/oceaneering-technologies\/submarine-rescue-solutions\/\"><img loading=\"lazy\" decoding=\"async\" title=\"SubmarineRescueSolutions | Oceaneering\" src=\"https:\/\/www.oceaneering.com\/wp-content\/uploads\/2025\/05\/Submarine-Rescue-Solutions-1024x576.jpg\" sizes=\"auto, (max-width: 1024px) 100vw, 1024px\" srcset=\"https:\/\/www.oceaneering.com\/wp-content\/uploads\/2025\/05\/Submarine-Rescue-Solutions-1024x576.jpg 1024w, https:\/\/www.oceaneering.com\/wp-content\/uploads\/2025\/05\/Submarine-Rescue-Solutions-300x169.jpg 300w, https:\/\/www.oceaneering.com\/wp-content\/uploads\/2025\/05\/Submarine-Rescue-Solutions-768x432.jpg 768w, https:\/\/www.oceaneering.com\/wp-content\/uploads\/2025\/05\/Submarine-Rescue-Solutions-1536x864.jpg 1536w, https:\/\/www.oceaneering.com\/wp-content\/uploads\/2025\/05\/Submarine-Rescue-Solutions-18x10.jpg 18w, https:\/\/www.oceaneering.com\/wp-content\/uploads\/2025\/05\/Submarine-Rescue-Solutions-1280x720.jpg 1280w, https:\/\/www.oceaneering.com\/wp-content\/uploads\/2025\/05\/Submarine-Rescue-Solutions-960x540.jpg 960w, https:\/\/www.oceaneering.com\/wp-content\/uploads\/2025\/05\/Submarine-Rescue-Solutions-640x360.jpg 640w, https:\/\/www.oceaneering.com\/wp-content\/uploads\/2025\/05\/Submarine-Rescue-Solutions-320x180.jpg 320w, https:\/\/www.oceaneering.com\/wp-content\/uploads\/2025\/05\/Submarine-Rescue-Solutions.jpg 1920w\" alt=\"Support vessel preparing to deploy Pressurized Rescue Module PRM into water during system testing\" width=\"1024\" height=\"576\" \/><\/a><\/p>\r\n<h3><a title=\"Soluciones de rescate submarino\" href=\"https:\/\/www.oceaneering.com\/es\/oceaneering-technologies\/submarine-rescue-solutions\/\">Soluciones de rescate submarino<\/a><\/h3>\r\n<p>Durante m\u00e1s de 30 a\u00f1os, hemos prestado apoyo a misiones cr\u00edticas de rescate de submarinos, desarrollando y modificando sistemas especializados para satisfacer los requisitos de la Marina estadounidense en operaciones de salvamento en condiciones extremas.<\/p>\r\n<p><a href=\"https:\/\/www.oceaneering.com\/es\/oceaneering-technologies\/submarine-rescue-solutions\/\">Seguir leyendo<\/a> <a title=\"Fabricaci\u00f3n\" href=\"https:\/\/www.oceaneering.com\/es\/oceaneering-technologies\/manufacturing\/\"><img loading=\"lazy\" decoding=\"async\" title=\"Fabricaci\u00f3n | Oceaneering\" src=\"https:\/\/www.oceaneering.com\/wp-content\/uploads\/2025\/05\/Manufacturing-1024x576.jpg\" sizes=\"auto, (max-width: 1024px) 100vw, 1024px\" srcset=\"https:\/\/www.oceaneering.com\/wp-content\/uploads\/2025\/05\/Manufacturing-1024x576.jpg 1024w, https:\/\/www.oceaneering.com\/wp-content\/uploads\/2025\/05\/Manufacturing-300x169.jpg 300w, https:\/\/www.oceaneering.com\/wp-content\/uploads\/2025\/05\/Manufacturing-768x432.jpg 768w, https:\/\/www.oceaneering.com\/wp-content\/uploads\/2025\/05\/Manufacturing-1536x864.jpg 1536w, https:\/\/www.oceaneering.com\/wp-content\/uploads\/2025\/05\/Manufacturing-18x10.jpg 18w, https:\/\/www.oceaneering.com\/wp-content\/uploads\/2025\/05\/Manufacturing-1280x720.jpg 1280w, https:\/\/www.oceaneering.com\/wp-content\/uploads\/2025\/05\/Manufacturing-960x540.jpg 960w, https:\/\/www.oceaneering.com\/wp-content\/uploads\/2025\/05\/Manufacturing-640x360.jpg 640w, https:\/\/www.oceaneering.com\/wp-content\/uploads\/2025\/05\/Manufacturing-320x180.jpg 320w, https:\/\/www.oceaneering.com\/wp-content\/uploads\/2025\/05\/Manufacturing.jpg 1920w\" alt=\"Certified in house manufacturing technician works with metal grinder\" width=\"1024\" height=\"576\" \/><\/a><\/p>\r\n<h3><a title=\"Fabricaci\u00f3n\" href=\"https:\/\/www.oceaneering.com\/es\/oceaneering-technologies\/manufacturing\/\">Fabricaci\u00f3n<\/a><\/h3>\r\n<p>Ofrecemos soluciones de fabricaci\u00f3n precisas y fiables para proyectos de cualquier tama\u00f1o o complejidad. Nuestras capacidades internas incluyen mecanizado de precisi\u00f3n, fabricaci\u00f3n, montaje y soldaduras a gran escala.<\/p>\r\n<p><a href=\"https:\/\/www.oceaneering.com\/es\/oceaneering-technologies\/manufacturing\/\">Seguir leyendo<\/a> <a title=\"Transferencia de carga en el mar\" href=\"https:\/\/www.oceaneering.com\/es\/oceaneering-technologies\/cargo-transfer-at-sea\/\"><img loading=\"lazy\" decoding=\"async\" title=\"Transferencia de carga en el mar | Oceaneering\" src=\"https:\/\/www.oceaneering.com\/wp-content\/uploads\/2025\/05\/Cargo-Transfer-at-Sea-1024x576.jpg\" sizes=\"auto, (max-width: 1024px) 100vw, 1024px\" srcset=\"https:\/\/www.oceaneering.com\/wp-content\/uploads\/2025\/05\/Cargo-Transfer-at-Sea-1024x576.jpg 1024w, https:\/\/www.oceaneering.com\/wp-content\/uploads\/2025\/05\/Cargo-Transfer-at-Sea-300x169.jpg 300w, https:\/\/www.oceaneering.com\/wp-content\/uploads\/2025\/05\/Cargo-Transfer-at-Sea-768x432.jpg 768w, https:\/\/www.oceaneering.com\/wp-content\/uploads\/2025\/05\/Cargo-Transfer-at-Sea-1536x864.jpg 1536w, https:\/\/www.oceaneering.com\/wp-content\/uploads\/2025\/05\/Cargo-Transfer-at-Sea-18x10.jpg 18w, https:\/\/www.oceaneering.com\/wp-content\/uploads\/2025\/05\/Cargo-Transfer-at-Sea-1280x720.jpg 1280w, https:\/\/www.oceaneering.com\/wp-content\/uploads\/2025\/05\/Cargo-Transfer-at-Sea-960x540.jpg 960w, https:\/\/www.oceaneering.com\/wp-content\/uploads\/2025\/05\/Cargo-Transfer-at-Sea-640x360.jpg 640w, https:\/\/www.oceaneering.com\/wp-content\/uploads\/2025\/05\/Cargo-Transfer-at-Sea-320x180.jpg 320w, https:\/\/www.oceaneering.com\/wp-content\/uploads\/2025\/05\/Cargo-Transfer-at-Sea.jpg 1920w\" alt=\"Oceaneering engineer observes motion compensated robotic crane transfer of cargo container on dock\" width=\"1024\" height=\"576\" \/><\/a><\/p>\r\n<h3><a title=\"Transferencia de carga en el mar\" href=\"https:\/\/www.oceaneering.com\/es\/oceaneering-technologies\/cargo-transfer-at-sea\/\">Transferencia de carga en el mar<\/a><\/h3>\r\n<p>Desarrollamos tecnolog\u00edas de nueva generaci\u00f3n que mejoran la log\u00edstica en el mar en estados de mar elevados para la guerra expedicionaria, las misiones humanitarias y otras operaciones mar\u00edtimas cr\u00edticas.<\/p>\r\n<p><a href=\"https:\/\/www.oceaneering.com\/es\/oceaneering-technologies\/cargo-transfer-at-sea\/\">Seguir leyendo<\/a><\/p>\r\n<!-- .pp-content-posts -->\r\n<p><img loading=\"lazy\" decoding=\"async\" title=\"OROC_Stavanger_Noruega\" src=\"https:\/\/www.oceaneering.com\/wp-content\/uploads\/2025\/06\/OROC_Stavanger_Norway.jpg\" alt=\"Two engineers monitoring subsea assets from our Onshore Remote Operations Center (OROC).\" width=\"1920\" height=\"1080\" \/><\/p>\r\n<h2>Soluciones integradas de tecnolog\u00eda mar\u00edtima<\/h2>\r\n<p>Desarrollamos plataformas de control de superficie y submarinas y sistemas de vigilancia de activos totalmente integrados en una arquitectura digital segura de mando y control remoto. Este marco avanzado permite el despliegue r\u00e1pido de nuevas capacidades y proporciona a los operadores un conocimiento de la situaci\u00f3n en tiempo real, lo que permite dar respuestas r\u00e1pidas y eficaces a los cambiantes requisitos de las misiones.<\/p>\r\n<h2>Conseguir un contrato con la Marina de los EE.UU.<\/h2>\r\n<p>Oceaneering was awarded a contract by the U.S. Department of Defense&#8217;s Defense Innovation Unit (DIU) to deliver a Freedom\u2122 Autonomous Underwater Vehicle (AUV) and to establish an Onshore Remote Operations Center (OROC) to support the U.S. Navy&#8217;s autonomous undersea operations <a href=\"https:\/\/www.oceaneering.com\/es\/oceaneering-wins-contract-to-build-freedom-auv-and-remote-operations-center-for-us-navy\/\" target=\"_self\"> Leer el anuncio de noticias <\/a><\/p>\r\n<h2>Comprometidos con el refuerzo de la seguridad y la defensa mundiales<\/h2>\r\n<p>Desempe\u00f1amos un papel vital en el avance de las capacidades de defensa mundiales apoyando la <a href=\"https:\/\/www.nato.int\/\" target=\"_blank\" rel=\"noopener\">Organizaci\u00f3n del Tratado del Atl\u00e1ntico Norte (OTAN)<\/a> y contribuir al segundo pilar de la <a href=\"https:\/\/commonslibrary.parliament.uk\/research-briefings\/cbp-9842\/\" target=\"_blank\" rel=\"noopener\">Asociaci\u00f3n AUKUS<\/a>-a trilateral agreement between Australia, the United Kingdom, and the United States focused on advanced defense technologies.<\/p>\r\n<p><img loading=\"lazy\" decoding=\"async\" title=\"Seguridad y defensa globales\" src=\"https:\/\/www.oceaneering.com\/wp-content\/uploads\/2025\/06\/Global-security-and-defence.jpg\" alt=\"3D rendering of subsea and surface assets including AUVs, resident technology system, submarine rescue with pressurized rescue module and submarine dry deck shelter.\" width=\"1920\" height=\"1080\" \/><\/p>\r\n<h1>Contacte con nosotros<\/h1>\r\n<h2>Nuestro equipo de expertos est\u00e1 listo para ayudarle a empezar.<\/h2>\r\n<p>Oceaneering ofrece los mejores productos y soluciones de su clase, respaldados por una calidad, fiabilidad y asistencia global inigualables. Rellene el formulario de consulta para iniciar una conversaci\u00f3n hoy mismo.<\/p>","protected":false},"excerpt":{"rendered":"<p>Discuss a Project mission-ready maritime systems Oceaneering Technologies (OTECH) Delivering integrated, mission-ready solutions tailored to meet the unique demands of each operational environment. Proven Performance in Demanding Subsea Environments We specialize in the design, development, operation, and sustainment of advanced maritime and specialized systems for defense and commercial applications. Our systems are engineered to endure &#8230; <a title=\"Tecnolog\u00edas Oceaneering (OTECH)\" class=\"read-more\" href=\"https:\/\/www.oceaneering.com\/es\/oceaneering-technologies\/\" aria-label=\"Leer m\u00e1s sobre Oceaneering Technologies (OTECH)\">Seguir leyendo<\/a><\/p>","protected":false},"author":13,"featured_media":0,"parent":0,"menu_order":2,"comment_status":"closed","ping_status":"closed","template":"","meta":{"_acf_changed":false,"footnotes":"","_links_to":"","_links_to_target":""},"product_category":[1461],"search_tags":[1489],"class_list":["post-2402","page","type-page","status-publish","product_category-oceaneering-technologies-otech","search_tags-otech"],"acf":[],"aioseo_notices":[],"_links":{"self":[{"href":"https:\/\/www.oceaneering.com\/es\/wp-json\/wp\/v2\/pages\/2402","targetHints":{"allow":["GET"]}}],"collection":[{"href":"https:\/\/www.oceaneering.com\/es\/wp-json\/wp\/v2\/pages"}],"about":[{"href":"https:\/\/www.oceaneering.com\/es\/wp-json\/wp\/v2\/types\/page"}],"author":[{"embeddable":true,"href":"https:\/\/www.oceaneering.com\/es\/wp-json\/wp\/v2\/users\/13"}],"replies":[{"embeddable":true,"href":"https:\/\/www.oceaneering.com\/es\/wp-json\/wp\/v2\/comments?post=2402"}],"version-history":[{"count":0,"href":"https:\/\/www.oceaneering.com\/es\/wp-json\/wp\/v2\/pages\/2402\/revisions"}],"wp:attachment":[{"href":"https:\/\/www.oceaneering.com\/es\/wp-json\/wp\/v2\/media?parent=2402"}],"wp:term":[{"taxonomy":"product_category","embeddable":true,"href":"https:\/\/www.oceaneering.com\/es\/wp-json\/wp\/v2\/product_category?post=2402"},{"taxonomy":"search_tags","embeddable":true,"href":"https:\/\/www.oceaneering.com\/es\/wp-json\/wp\/v2\/search_tags?post=2402"}],"curies":[{"name":"wp","href":"https:\/\/api.w.org\/{rel}","templated":true}]}}