{"id":2382,"date":"2023-10-16T16:12:56","date_gmt":"2023-10-16T20:12:56","guid":{"rendered":"https:\/\/oceaneering.com\/?page_id=2382"},"modified":"2026-01-23T04:14:49","modified_gmt":"2026-01-23T10:14:49","slug":"data-management","status":"publish","type":"page","link":"https:\/\/www.oceaneering.com\/es\/data-management\/","title":{"rendered":"Gesti\u00f3n de datos"},"content":{"rendered":"<p><a href=\"https:\/\/www.oceaneering.com\/es\/data-management\/#contact\" target=\"_self\"> Debatir un proyecto <\/a><\/p>\r\n<h1>Soluciones de gesti\u00f3n de datos y comunicaci\u00f3n<\/h1>\r\n<p>Nuestras soluciones de datos y TI le permiten hacer mejor su negocio. Desde el campo petrol\u00edfero hasta la sala de juntas, desde el submarino hasta el sat\u00e9lite, y desde el upstream hasta el downstream, tenemos los datos, la tecnolog\u00eda y los expertos en la materia para ayudarle a cumplir sus misiones.<\/p>\r\n<h2>Descubra c\u00f3mo podemos ayudarle a aumentar la eficacia, mejorar sus operaciones, aumentar la seguridad y reducir la mano de obra.<\/h2>\r\n<h2>Comunicaciones y servicios inform\u00e1ticos<\/h2>\r\n<p>Proporcionamos soluciones llave en mano para redes, v\u00eddeo y voz. Con 50 a\u00f1os de experiencia mar\u00edtima y en alta mar, ponemos a su disposici\u00f3n la tecnolog\u00eda y el personal necesarios para alcanzar los objetivos m\u00e1s complejos en los entornos m\u00e1s dif\u00edciles. Nuestras soluciones de comunicaciones en tiempo real conectan plataformas y buques con centros de operaciones globales. Proporcionamos tecnolog\u00edas por sat\u00e9lite, celulares y de malla para garantizar que los datos llegan a las personas y las m\u00e1quinas lo m\u00e1s r\u00e1pidamente posible. Le ayudamos a satisfacer diversas necesidades, desde Internet de banda ancha en alta mar hasta el backhauling de datos de v\u00eddeo y sensores desde buques, veh\u00edculos remotos (tierra, mar y aire), plataformas, refiner\u00edas y otros entornos dif\u00edciles.<\/p>\r\n<h3>Nuestros servicios de comunicaciones y TI cubren una amplia gama de necesidades.<\/h3>\r\n<p><a href=\"https:\/\/oceaneering.canto.com\/download\/document\/i73oe58nrd6cl92c3c2isrvr39\/original.pdf\" target=\"_blank\" rel=\"noopener\"> Comunicaciones y servicios inform\u00e1ticos <\/a><\/p>\r\n<ul>\r\n<li>T\u00e9cnicos inform\u00e1ticos offshore certificados<\/li>\r\n<li>Internet de banda ancha<\/li>\r\n<li>Estudio de campo por radiofrecuencia (RF)<\/li>\r\n<li>Soluciones de voz, v\u00eddeo y datos entre buques (punto a punto y en malla)<\/li>\r\n<li>V\u00eddeo en directo y archivo multimedia<\/li>\r\n<li>Redes gestionadas<\/li>\r\n<li>Soluciones de comunicaciones como sat\u00e9lite, m\u00f3vil y m\u00e1quina a m\u00e1quina (M2M)<\/li>\r\n<\/ul>\r\n<h2>Servicios SIG y Esri<\/h2>\r\n<p>Somos l\u00edderes en el desarrollo de soluciones de sistemas de informaci\u00f3n geogr\u00e1fica (SIG) para entornos de alta mar y aguas profundas. Como socio global de Esri, desplegamos la tecnolog\u00eda de Esri; datos propios, como los meteorol\u00f3gicos y los de nuestros buques del sistema de identificaci\u00f3n autom\u00e1tica (AIS) en tiempo real; y capas cartogr\u00e1ficas b\u00e1sicas para presentar una imagen operativa com\u00fan (COP).<\/p>\r\n<h3>Nuestros servicios SIG y Esri respaldan las capacidades que usted necesita.<\/h3>\r\n<p><a href=\"https:\/\/oceaneering.canto.com\/download\/document\/p0r36n4h5h11n6di6jphnris6f\/original.pdf\" target=\"_blank\" rel=\"noopener\"> Servicios SIG y Esri <\/a><\/p>\r\n<ul>\r\n<li>Simulacros personalizados de respuesta a incidentes con tecnolog\u00eda audiovisual y capas de datos<\/li>\r\n<li>Apoyo operativo durante la exploraci\u00f3n y la producci\u00f3n en alta mar<\/li>\r\n<li>Integraci\u00f3n de datos con sistemas comerciales como OSIsoft PI y Maximo<\/li>\r\n<li>Integraci\u00f3n del v\u00eddeo en los SIG<\/li>\r\n<li>Seguimiento de activos mediante soluciones AIS y M2M por sat\u00e9lite<\/li>\r\n<li>Datos del SIG para an\u00e1lisis de mercado, cumplimiento de la formaci\u00f3n y apoyo en litigios<\/li>\r\n<li>Datos meteorol\u00f3gicos hist\u00f3ricos y en tiempo real en colaboraci\u00f3n con Weather Decision Technologies (WDT)<\/li>\r\n<\/ul>\r\n<h2>Servicios de v\u00eddeo<\/h2>\r\n<p>Ofrecemos las soluciones de archivo y transmisi\u00f3n de v\u00eddeo en directo m\u00e1s avanzadas del mercado. Tanto si necesita ver operaciones remotas en tiempo real como almacenar petabytes de datos en un archivo multimedia indexado y con capacidad de b\u00fasqueda, podemos ayudarle.<\/p>\r\n<p>La gesti\u00f3n de v\u00eddeo se realiza a trav\u00e9s del <a href=\"\/es\/asset-intelligence-and-management\/media-and-integrity-management\/\">B\u00f3veda medi\u00e1tica de Oceaneering (OMV)<\/a>que proporciona un portal web integrado para la visualizaci\u00f3n y gesti\u00f3n de secuencias en tiempo real y el archivo y revisi\u00f3n hist\u00f3ricos. Puede etiquetar \u00e1reas de inter\u00e9s para su posterior an\u00e1lisis, ver m\u00faltiples flujos en una visualizaci\u00f3n unificada e incluso desplegar sus flujos de v\u00eddeo individuales dentro de su COP SIG basado en Esri.<\/p>\r\n<p>Adem\u00e1s, ofrecemos capacidad de transmisi\u00f3n en alta definici\u00f3n con coordenadas GPS integradas.<\/p>\r\n<h3>Nuestros servicios de v\u00eddeo permiten tomar mejores decisiones.<\/h3>\r\n<p><a href=\"https:\/\/oceaneering.canto.com\/download\/document\/kcsetoq8257ob890p7lfo7mc0h\/original.pdf\" target=\"_blank\" rel=\"noopener\"> Servicios de v\u00eddeo <\/a> <a href=\"https:\/\/oceaneering.canto.com\/download\/document\/obi7vkr4r931pefv15g160q90u\/original.pdf\" target=\"_blank\" rel=\"noopener\"> B\u00f3veda medi\u00e1tica de Oceaneering (OMV) <\/a><\/p>\r\n<ul>\r\n<li>Remoto <a href=\"\/es\/asset-integrity\/floating-systems-inspection-and-integrity-services\/special-periodic-surveys-and-uwild\/\">inspecci\u00f3n subacu\u00e1tica en lugar de dique seco (UWILD)<\/a> servicios<\/li>\r\n<li><a href=\"\/es\/rov-services\/\">Veh\u00edculo teledirigido (ROV)<\/a>, <a href=\"\/es\/subsea-projects\/vessel-fleet\/\">recipiente<\/a>y operaciones portuarias<\/li>\r\n<li>Simulacros y respuesta a incidentes<\/li>\r\n<li>Archivo de v\u00eddeo para empresas<\/li>\r\n<li>Codificaci\u00f3n y gesti\u00f3n de soportes de v\u00eddeo<\/li>\r\n<\/ul>\r\n<h3>A continuaci\u00f3n figuran ejemplos de proyectos de desarrollo de software realizados con \u00e9xito para clientes de los sectores mar\u00edtimo y energ\u00e9tico.<\/h3>\r\n<p><strong>Sistemas personalizados de gesti\u00f3n de flotas<\/strong> Aprovechando las comunicaciones por sat\u00e9lite, los datos terrestres (celulares) y el AIS para responder a necesidades empresariales espec\u00edficas; nuestras soluciones han incorporado todos los aspectos de la gesti\u00f3n de flotas, incluidos la programaci\u00f3n, la log\u00edstica, la facturaci\u00f3n, los recursos humanos y la elaboraci\u00f3n de informes de conformidad.<\/p>\r\n<p><strong>Informes personalizados<\/strong> a partir de nuestros amplios conjuntos de datos para una gran variedad de requisitos gubernamentales, como la notificaci\u00f3n de emisiones de la Vigilancia del Dominio Mar\u00edtimo (MDA), la programaci\u00f3n de atraques, la notificaci\u00f3n de la velocidad de los buques y otras aplicaciones para autoridades portuarias y para organismos gubernamentales federales y locales.<\/p>\r\n<p>Desarrollo de <strong>aplicaciones m\u00f3viles<\/strong><\/p>\r\n<h1>Contacte con nosotros<\/h1>\r\n<h2>Nuestro equipo de expertos est\u00e1 listo para ayudarle a empezar.<\/h2>\r\n<p>Oceaneering ofrece los mejores productos y soluciones de su clase, respaldados por una calidad, fiabilidad y asistencia global inigualables. Rellene el formulario de consulta para iniciar una conversaci\u00f3n hoy mismo.<\/p>","protected":false},"excerpt":{"rendered":"<p>Discuss a Project Data Management and Communication Solutions Our data and IT solutions enable you to do business better. From the oil field to the boardroom, subsea to satellite, and upstream to downstream, we have the data, technology, and subject matter experts to help you accomplish your missions. Learn how we can help you increase &#8230; <a title=\"Gesti\u00f3n de datos\" class=\"read-more\" href=\"https:\/\/www.oceaneering.com\/es\/data-management\/\" aria-label=\"Leer m\u00e1s sobre Gesti\u00f3n de datos\">Seguir leyendo<\/a><\/p>","protected":false},"author":19,"featured_media":0,"parent":0,"menu_order":2,"comment_status":"closed","ping_status":"closed","template":"","meta":{"_acf_changed":false,"footnotes":"","_links_to":"","_links_to_target":""},"product_category":[1403,1334],"search_tags":[1530],"class_list":["post-2382","page","type-page","status-publish","product_category-c-nav-positioning-solutions","product_category-data-management","search_tags-c-nav-positioning"],"acf":[],"aioseo_notices":[],"_links":{"self":[{"href":"https:\/\/www.oceaneering.com\/es\/wp-json\/wp\/v2\/pages\/2382","targetHints":{"allow":["GET"]}}],"collection":[{"href":"https:\/\/www.oceaneering.com\/es\/wp-json\/wp\/v2\/pages"}],"about":[{"href":"https:\/\/www.oceaneering.com\/es\/wp-json\/wp\/v2\/types\/page"}],"author":[{"embeddable":true,"href":"https:\/\/www.oceaneering.com\/es\/wp-json\/wp\/v2\/users\/19"}],"replies":[{"embeddable":true,"href":"https:\/\/www.oceaneering.com\/es\/wp-json\/wp\/v2\/comments?post=2382"}],"version-history":[{"count":1,"href":"https:\/\/www.oceaneering.com\/es\/wp-json\/wp\/v2\/pages\/2382\/revisions"}],"predecessor-version":[{"id":80788,"href":"https:\/\/www.oceaneering.com\/es\/wp-json\/wp\/v2\/pages\/2382\/revisions\/80788"}],"wp:attachment":[{"href":"https:\/\/www.oceaneering.com\/es\/wp-json\/wp\/v2\/media?parent=2382"}],"wp:term":[{"taxonomy":"product_category","embeddable":true,"href":"https:\/\/www.oceaneering.com\/es\/wp-json\/wp\/v2\/product_category?post=2382"},{"taxonomy":"search_tags","embeddable":true,"href":"https:\/\/www.oceaneering.com\/es\/wp-json\/wp\/v2\/search_tags?post=2382"}],"curies":[{"name":"wp","href":"https:\/\/api.w.org\/{rel}","templated":true}]}}