{"id":2218,"date":"2023-10-13T10:51:34","date_gmt":"2023-10-13T14:51:34","guid":{"rendered":"https:\/\/oceaneering.com\/?page_id=2218"},"modified":"2025-01-14T07:20:45","modified_gmt":"2025-01-14T13:20:45","slug":"remote-asset-monitoring","status":"publish","type":"page","link":"https:\/\/www.oceaneering.com\/es\/data-management\/remote-asset-monitoring\/","title":{"rendered":"Supervisi\u00f3n remota de activos"},"content":{"rendered":"<a href=\"https:\/\/www.oceaneering.com\/es\/data-management\/#contact\" target=\"_self\">\n\t\t\t\t\t\t\tDebatir un proyecto\n\t\t\t\t\t<\/a>\n<h1>\n\t\tSupervisi\u00f3n remota de activos\n\t<\/h1>\n<h2>\n\t\tSu equipo de operaciones offshore est\u00e1 ocupado.\n\t<\/h2>\n\n\t\tSon responsables de garantizar que el tiempo de inactividad se mantenga al m\u00ednimo, que las operaciones de perforaci\u00f3n se realicen de forma segura y que la producci\u00f3n siga funcionando al ritmo previsto. Vigilar los buques que pasan cerca no es una de las tareas que requieran m\u00e1s atenci\u00f3n las 24 horas del d\u00eda.\n\t\n<h2>\n\t\tCentro de Inteligencia para la Supervisi\u00f3n de Activos (AMIC)\n\t<\/h2>\n\n\t\tEn el Asset Monitoring Intelligence Center (AMIC), ofrecemos a los clientes servicios completos y centralizados de supervisi\u00f3n y protecci\u00f3n de activos en alta mar. Con total visibilidad del estado actual de los activos, incluso en flotas de gran tama\u00f1o, mejoramos el proceso de toma de decisiones y optimizamos la eficiencia de las operaciones rutinarias y de emergencia. <br \/> <br \/>Nuestro equipo de expertos proporciona un procesamiento remoto inigualable de las alertas de colisi\u00f3n e invasi\u00f3n. Utilizamos informaci\u00f3n en tiempo real para filtrar las falsas alarmas negativas y avisar al personal de a bordo solo cuando es necesario. \n\t\n<h1>\n\t\tContacte con nosotros\n\t<\/h1>\n<h2>\n\t\tNuestro equipo de expertos est\u00e1 listo para ayudarle a empezar.\n\t<\/h2>\n\t<p>Oceaneering ofrece los mejores productos y soluciones de su clase, respaldados por una calidad, fiabilidad y asistencia global inigualables. Rellene el formulario de consulta para iniciar una conversaci\u00f3n hoy mismo.<\/p>","protected":false},"excerpt":{"rendered":"<p>Discuss a Project Remote Asset Monitoring Your offshore operations team is busy. They are responsible for ensuring that downtime is kept to a minimum, that drilling operations are performed in a safe manner, and that production keeps running at the targeted rate. Monitoring vessels passing nearby is not going to be high on the list &#8230; <a title=\"Supervisi\u00f3n remota de activos\" class=\"read-more\" href=\"https:\/\/www.oceaneering.com\/es\/data-management\/remote-asset-monitoring\/\" aria-label=\"Leer m\u00e1s sobre Monitorizaci\u00f3n remota de activos\">Seguir leyendo<\/a><\/p>","protected":false},"author":13,"featured_media":0,"parent":2382,"menu_order":2,"comment_status":"closed","ping_status":"closed","template":"","meta":{"_acf_changed":false,"footnotes":"","_links_to":"","_links_to_target":""},"product_category":[],"search_tags":[1802],"class_list":["post-2218","page","type-page","status-publish","search_tags-remote-services"],"acf":[],"aioseo_notices":[],"_links":{"self":[{"href":"https:\/\/www.oceaneering.com\/es\/wp-json\/wp\/v2\/pages\/2218","targetHints":{"allow":["GET"]}}],"collection":[{"href":"https:\/\/www.oceaneering.com\/es\/wp-json\/wp\/v2\/pages"}],"about":[{"href":"https:\/\/www.oceaneering.com\/es\/wp-json\/wp\/v2\/types\/page"}],"author":[{"embeddable":true,"href":"https:\/\/www.oceaneering.com\/es\/wp-json\/wp\/v2\/users\/13"}],"replies":[{"embeddable":true,"href":"https:\/\/www.oceaneering.com\/es\/wp-json\/wp\/v2\/comments?post=2218"}],"version-history":[{"count":0,"href":"https:\/\/www.oceaneering.com\/es\/wp-json\/wp\/v2\/pages\/2218\/revisions"}],"up":[{"embeddable":true,"href":"https:\/\/www.oceaneering.com\/es\/wp-json\/wp\/v2\/pages\/2382"}],"wp:attachment":[{"href":"https:\/\/www.oceaneering.com\/es\/wp-json\/wp\/v2\/media?parent=2218"}],"wp:term":[{"taxonomy":"product_category","embeddable":true,"href":"https:\/\/www.oceaneering.com\/es\/wp-json\/wp\/v2\/product_category?post=2218"},{"taxonomy":"search_tags","embeddable":true,"href":"https:\/\/www.oceaneering.com\/es\/wp-json\/wp\/v2\/search_tags?post=2218"}],"curies":[{"name":"wp","href":"https:\/\/api.w.org\/{rel}","templated":true}]}}