{"id":2211,"date":"2023-10-13T10:36:41","date_gmt":"2023-10-13T14:36:41","guid":{"rendered":"https:\/\/oceaneering.com\/?page_id=2211"},"modified":"2025-01-14T07:14:48","modified_gmt":"2025-01-14T13:14:48","slug":"media-and-integrity-management","status":"publish","type":"page","link":"https:\/\/www.oceaneering.com\/es\/data-management\/media-and-integrity-management\/","title":{"rendered":"Medios de comunicaci\u00f3n y gesti\u00f3n de la integridad"},"content":{"rendered":"<a href=\"https:\/\/www.oceaneering.com\/es\/data-management\/#contact\" target=\"_self\">\n\t\t\t\t\t\t\tDebatir un proyecto\n\t\t\t\t\t<\/a>\n<h1>\n\t\tMedios de comunicaci\u00f3n y gesti\u00f3n de la integridad\n\t<\/h1>\n\t<p>Oceaneering Media Vault (OMV) permite cargar y acceder a archivos con gran cantidad de datos a trav\u00e9s de una conexi\u00f3n web segura, independientemente de la ubicaci\u00f3n o la velocidad de Internet.<\/p>\n\t<p>Estamos especializados en la transmisi\u00f3n de v\u00eddeo 4K desde las ubicaciones m\u00e1s remotas a algunas de las mayores profundidades del mundo, por lo que es natural que ofrezcamos una soluci\u00f3n intuitiva para almacenar estos archivos ricos en contenido. Nuestros clientes han visto un valor significativo en la consolidaci\u00f3n de espacio en disco anticuado y oscuros lagos de datos en una suite basada en web segura y accesible a nivel mundial.<\/p>\n<p>Las funciones de reconocimiento \u00f3ptico de caracteres, conversi\u00f3n de voz a texto y visi\u00f3n artificial de Microsoft Azure han acelerado enormemente el camino hacia la automatizaci\u00f3n y la eficiencia para los usuarios de OMV. Ya no es necesaria la cognici\u00f3n humana para buscar en terabytes de v\u00eddeo, lo que le permite centrarse en su actividad principal.<\/p>\n<h3>\n\t\tFolletos\n\t<\/h3>\n\t\t\t<a href=\"https:\/\/oceaneering.canto.com\/download\/document\/obi7vkr4r931pefv15g160q90u\/original.pdf\" target=\"_blank\" rel=\"noopener\">\n\t\t\t\t\t\t\tB\u00f3veda medi\u00e1tica de Oceaneering\n\t\t\t\t\t<\/a>\n\t\t\t<a href=\"https:\/\/oceaneering.canto.com\/download\/document\/kcsetoq8257ob890p7lfo7mc0h\/original.pdf\" target=\"_blank\" rel=\"noopener\">\n\t\t\t\t\t\t\tServicios de v\u00eddeo\n\t\t\t\t\t<\/a>\n<h3>\n\t\t Los usuarios de OMV disfrutan de las siguientes ventajas de la soluci\u00f3n:\n\t<\/h3>\n\t<ul>\n\t\t\t\t\t<li>\n\t\t\t\tAccesibilidad\n\t\t\t<\/li>\n\t\t\t\t\t<li>\n\t\t\t\tSeguridad\n\t\t\t<\/li>\n\t\t\t\t\t<li>\n\t\t\t\tEscalabilidad\n\t\t\t<\/li>\n\t\t\t\t\t<li>\n\t\t\t\tInteroperabilidad\n\t\t\t<\/li>\n\t\t\t<\/ul>\n<h2>\n\t\tCasos de uso com\u00fan\n\t<\/h2>\n\t<p>Transici\u00f3n de d\u00e9cadas de pel\u00edculas anal\u00f3gicas a una plataforma digital con protecci\u00f3n de derechos<\/p>\n\t<p>Disfruta de una reproducci\u00f3n ininterrumpida de contenidos multimedia archivados y en tiempo real<\/p>\n\t<p>Comparta a escala mundial sus mejores pr\u00e1cticas, seguridad y medios de estrategia<\/p>\n\t<p>Integre el v\u00eddeo de vigilancia con sistemas de placa, alarmas contra incendios y detecci\u00f3n perimetral de fibra<\/p>\n\n\t\tAprovechamos nuestro conocimiento de las interfaces y aplicaciones patentadas para alinearnos realmente con su visi\u00f3n.\n\t\n\t\t\t<img decoding=\"async\" src=\"https:\/\/oceaneering.com\/wp-content\/uploads\/2023\/11\/website-thumbnail-201992-scaled-1.jpeg\" title=\"website-thumbnail-201992-scaled\" alt=\"\" \/>\t\t\t\t\t\t\t\n\t\t\t\t\tReproducir v\u00eddeo\n<h1>\n\t\tContacte con nosotros\n\t<\/h1>\n<h2>\n\t\tNuestro equipo de expertos est\u00e1 listo para ayudarle a empezar.\n\t<\/h2>\n\t<p>Oceaneering ofrece los mejores productos y soluciones de su clase, respaldados por una calidad, fiabilidad y asistencia global inigualables. Rellene el formulario de consulta para iniciar una conversaci\u00f3n hoy mismo.<\/p>","protected":false},"excerpt":{"rendered":"<p>Discuss a Project Media and Integrity Management The Oceaneering Media Vault (OMV) enables you to upload and access data-rich files via a secure web connection regardless of location or internet speed. We specialize in delivering 4K streaming video from the most remote locations at some of the deepest depths in the world, so it is &#8230; <a title=\"Medios de comunicaci\u00f3n y gesti\u00f3n de la integridad\" class=\"read-more\" href=\"https:\/\/www.oceaneering.com\/es\/data-management\/media-and-integrity-management\/\" aria-label=\"Leer m\u00e1s sobre Medios de comunicaci\u00f3n y gesti\u00f3n de la integridad\">Seguir leyendo<\/a><\/p>","protected":false},"author":13,"featured_media":0,"parent":2382,"menu_order":2,"comment_status":"closed","ping_status":"closed","template":"","meta":{"_acf_changed":false,"footnotes":"","_links_to":"","_links_to_target":""},"product_category":[],"search_tags":[],"class_list":["post-2211","page","type-page","status-publish"],"acf":[],"aioseo_notices":[],"_links":{"self":[{"href":"https:\/\/www.oceaneering.com\/es\/wp-json\/wp\/v2\/pages\/2211","targetHints":{"allow":["GET"]}}],"collection":[{"href":"https:\/\/www.oceaneering.com\/es\/wp-json\/wp\/v2\/pages"}],"about":[{"href":"https:\/\/www.oceaneering.com\/es\/wp-json\/wp\/v2\/types\/page"}],"author":[{"embeddable":true,"href":"https:\/\/www.oceaneering.com\/es\/wp-json\/wp\/v2\/users\/13"}],"replies":[{"embeddable":true,"href":"https:\/\/www.oceaneering.com\/es\/wp-json\/wp\/v2\/comments?post=2211"}],"version-history":[{"count":0,"href":"https:\/\/www.oceaneering.com\/es\/wp-json\/wp\/v2\/pages\/2211\/revisions"}],"up":[{"embeddable":true,"href":"https:\/\/www.oceaneering.com\/es\/wp-json\/wp\/v2\/pages\/2382"}],"wp:attachment":[{"href":"https:\/\/www.oceaneering.com\/es\/wp-json\/wp\/v2\/media?parent=2211"}],"wp:term":[{"taxonomy":"product_category","embeddable":true,"href":"https:\/\/www.oceaneering.com\/es\/wp-json\/wp\/v2\/product_category?post=2211"},{"taxonomy":"search_tags","embeddable":true,"href":"https:\/\/www.oceaneering.com\/es\/wp-json\/wp\/v2\/search_tags?post=2211"}],"curies":[{"name":"wp","href":"https:\/\/api.w.org\/{rel}","templated":true}]}}