{"id":2143,"date":"2023-10-12T15:13:26","date_gmt":"2023-10-12T19:13:26","guid":{"rendered":"https:\/\/oceaneering.com\/?page_id=2143"},"modified":"2025-10-06T04:42:44","modified_gmt":"2025-10-06T09:42:44","slug":"autonomous-transit-systems","status":"publish","type":"page","link":"https:\/\/www.oceaneering.com\/es\/autonomous-transit-systems\/","title":{"rendered":"Sistemas de tr\u00e1nsito aut\u00f3nomos"},"content":{"rendered":"<h1>\n\t\tSistemas de tr\u00e1nsito aut\u00f3nomos\n\t<\/h1>\n\t<p>Una revoluci\u00f3n en la tecnolog\u00eda de tr\u00e1nsito de grupos.<\/p>\n\n\t\tOceaneering proporciona veh\u00edculos de tr\u00e1nsito autoguiados y sin conductor, cada uno capaz de transportar hasta 22 pasajeros, en un derecho de paso exclusivo. Al utilizar rutas preprogramadas, nuestro sistema es capaz de conectar m\u00faltiples or\u00edgenes con m\u00faltiples destinos, proporcionando la m\u00e1xima flexibilidad en el servicio. Dirigidos por un sistema maestro de supervisi\u00f3n, cada veh\u00edculo de la flota est\u00e1 totalmente integrado en el entorno y bajo el control continuo de operaciones.\n\t\n<h2>\n\t\tDiferenciadores clave\n\t<\/h2>\n\t\t\t<h3>Automatizaci\u00f3n<\/h3>\t\t\t\n\t\t\t\t<p>Carga de oportunidad automatizada 100%: permite trabajar con manos libres las 24 horas del d\u00eda, los 7 d\u00edas de la semana.<\/p>\n\t\t\t<h3>Alta capacidad y velocidad<\/h3>\t\t\t\n\t\t\t\t<p>Capacidad de hasta 22 pasajeros y velocidades de hasta 25 mph - la lanzadera m\u00e1s r\u00e1pida y de mayor capacidad del mercado.<\/p>\n\t\t\t<h3>Seguridad y eficacia<\/h3>\t\t\t\n\t\t\t\t<p>Gesti\u00f3n segura y eficaz del tr\u00e1fico: sistema integrado de supervisi\u00f3n TOMS.<\/p>\n\t\t\t<h3>Almacenamiento y confort a bordo<\/h3>\t\t\t\n\t\t\t\t<p>Amplio espacio de almacenamiento a bordo y climatizaci\u00f3n: el interior m\u00e1s espacioso y confortable del mercado.<\/p>\n\t\t\t<h3>Dise\u00f1o probado<\/h3>\t\t\t\n\t\t\t\t<p>M\u00e1s de 20 a\u00f1os y millones de kil\u00f3metros de experiencia probada en L4.<\/p>\n\t\t\t<a href=\"https:\/\/oceaneering.canto.com\/download\/document\/7b8iop04up0e97ssjmm37o273h\/original.pdf\" target=\"_blank\" rel=\"noopener\">\n\t\t\t\t\t\t\tSistemas de tr\u00e1nsito aut\u00f3nomos\n\t\t\t\t\t<\/a>\n\t\t\t\t<img decoding=\"async\" src=\"https:\/\/oceaneering.com\/wp-content\/uploads\/2023\/11\/Oceaneering-Revo-1.png\" alt=\"Oceaneering-Revo-1\" itemprop=\"image\" title=\"Oceaneering-Revo-1\" onerror=\"this.style.display='none'\"  \/>\n<h2>\n\t\tEl sistema de transporte aut\u00f3nomo alimentado por bater\u00edas se basa en la tecnolog\u00eda de los veh\u00edculos de guiado autom\u00e1tico (AGV) sin conductor.\n\t<\/h2>\n\t<p>El sistema proporciona un medio de transporte seguro, flexible, de bajo coste, c\u00f3modo y respetuoso con el medio ambiente las 24 horas del d\u00eda, los 7 d\u00edas de la semana, pr\u00e1cticamente en cualquier condici\u00f3n meteorol\u00f3gica, y con cero emisiones. Su interior est\u00e1 climatizado y puede mantener un ambiente confortable para sus pasajeros, incluso en condiciones ambientales extremas. Las rutas y los destinos pueden programarse previamente o ser elegidos por el pasajero.<\/p>\n\t\t\t<img decoding=\"async\" src=\"https:\/\/oceaneering.com\/wp-content\/uploads\/2023\/11\/e51985701d414affa89cb502af0961b3800-2.jpeg\" title=\"e51985701d414affa89cb502af0961b3800-2\" alt=\"\" \/>\t\t\t\t\t\t\t\n\t\t\t\t\tReproducir v\u00eddeo\n<h1>\n\t\tContacte con nosotros\n\t<\/h1>\n<h2>\n\t\tNuestro equipo de expertos est\u00e1 listo para ayudarle a empezar.\n\t<\/h2>\n\t<p>Oceaneering ofrece los mejores productos y soluciones de su clase, respaldados por una calidad, fiabilidad y asistencia global inigualables. Rellene el formulario de consulta para iniciar una conversaci\u00f3n hoy mismo.<\/p>","protected":false},"excerpt":{"rendered":"<p>Autonomous Transit Systems A revolution in group transit technology. Oceaneering provides self-guided, driverless transit vehicles, each capable of transporting up to 22 passengers, on a dedicated right-of-way. By using pre-programmed routes, our system is able to connect multiple origins with multiple destinations, providing maximum flexibility in service. Governed by a master supervisory system, each vehicle &#8230; <a title=\"Sistemas de tr\u00e1nsito aut\u00f3nomos\" class=\"read-more\" href=\"https:\/\/www.oceaneering.com\/es\/autonomous-transit-systems\/\" aria-label=\"Leer m\u00e1s sobre Autonomous Transit Systems\">Seguir leyendo<\/a><\/p>","protected":false},"author":13,"featured_media":0,"parent":0,"menu_order":2,"comment_status":"closed","ping_status":"closed","template":"","meta":{"_acf_changed":false,"footnotes":"","_links_to":"","_links_to_target":""},"product_category":[2141,1237],"search_tags":[1238,1239],"class_list":["post-2143","page","type-page","status-publish","product_category-manufactured-products","product_category-mobile-robotics","search_tags-agv","search_tags-group-transportation"],"acf":[],"aioseo_notices":[],"_links":{"self":[{"href":"https:\/\/www.oceaneering.com\/es\/wp-json\/wp\/v2\/pages\/2143","targetHints":{"allow":["GET"]}}],"collection":[{"href":"https:\/\/www.oceaneering.com\/es\/wp-json\/wp\/v2\/pages"}],"about":[{"href":"https:\/\/www.oceaneering.com\/es\/wp-json\/wp\/v2\/types\/page"}],"author":[{"embeddable":true,"href":"https:\/\/www.oceaneering.com\/es\/wp-json\/wp\/v2\/users\/13"}],"replies":[{"embeddable":true,"href":"https:\/\/www.oceaneering.com\/es\/wp-json\/wp\/v2\/comments?post=2143"}],"version-history":[{"count":1,"href":"https:\/\/www.oceaneering.com\/es\/wp-json\/wp\/v2\/pages\/2143\/revisions"}],"predecessor-version":[{"id":78925,"href":"https:\/\/www.oceaneering.com\/es\/wp-json\/wp\/v2\/pages\/2143\/revisions\/78925"}],"wp:attachment":[{"href":"https:\/\/www.oceaneering.com\/es\/wp-json\/wp\/v2\/media?parent=2143"}],"wp:term":[{"taxonomy":"product_category","embeddable":true,"href":"https:\/\/www.oceaneering.com\/es\/wp-json\/wp\/v2\/product_category?post=2143"},{"taxonomy":"search_tags","embeddable":true,"href":"https:\/\/www.oceaneering.com\/es\/wp-json\/wp\/v2\/search_tags?post=2143"}],"curies":[{"name":"wp","href":"https:\/\/api.w.org\/{rel}","templated":true}]}}