{"id":1978,"date":"2023-10-11T08:47:10","date_gmt":"2023-10-11T12:47:10","guid":{"rendered":"https:\/\/oceaneering.com\/?page_id=1978"},"modified":"2024-10-15T08:26:18","modified_gmt":"2024-10-15T13:26:18","slug":"news-media","status":"publish","type":"page","link":"https:\/\/www.oceaneering.com\/es\/news-media\/","title":{"rendered":"Noticias y medios de comunicaci\u00f3n"},"content":{"rendered":"OCEANEERING\n\n\t\t\t\t\t\t\t<button aria-expanded=\"true\" aria-controls=\"section1\">Tipos de puesto<\/button>\n\t\t\t\t\t\t\t<button aria-expanded=\"false\" aria-controls=\"section3\">Categor\u00edas<\/button>\n\t\t\t\t\t\t<a href=\"https:\/\/www.oceaneering.com\/es\/oceaneering-wins-contract-to-build-freedom-auv-and-remote-operations-center-for-us-navy\/\">\n\t\t\t\t\t\t\t\t<img decoding=\"async\" src=\"https:\/\/www.oceaneering.com\/wp-content\/uploads\/2024\/04\/freedom-under-with-logo-notext.png\" alt=\"\"\/>\n\t\t\t\t\t\t\t\t\t\t\tComunicados de prensa\t\t\t\t\t\t\t\t\t\t\n\t\t\t\t\t\t\t\t\t\t\t\t\t\t\t\t\t\t<h3>Oceaneering se adjudica un contrato para construir el AUV Freedom\u2122 y un centro de operaciones remotas para la Armada estadounidense<\/h3>\n\t\t\t\t\t\t<\/a>\n\t\t\t\t\t\t<a href=\"https:\/\/www.oceaneering.com\/es\/mack-bennett-a-day-in-the-life-of-an-automation-engineer\/\">\n\t\t\t\t\t\t\t\t<img decoding=\"async\" src=\"https:\/\/www.oceaneering.com\/wp-content\/uploads\/2024\/09\/MackBennett2.jpg\" alt=\"\"\/>\n\t\t\t\t\t\t\t\t\t\t\tPerfil del empleado\t\t\t\t\t\t\t\t\t\t\n\t\t\t\t\t\t\t\t\t\t\t\t\t\t\t\t\t\t<h3>Mack Bennett: un d\u00eda en la vida de un ingeniero de automatizaci\u00f3n<\/h3>\n\t\t\t\t\t\t<\/a>\n\t\t\t\t\t\t<a href=\"https:\/\/www.oceaneering.com\/es\/oceaneering-awarded-multiple-north-sea-vessel-contracts\/\">\n\t\t\t\t\t\t\t\t<img decoding=\"async\" src=\"https:\/\/www.oceaneering.com\/wp-content\/uploads\/2024\/08\/Island-Frontier.png\" alt=\"\"\/>\n\t\t\t\t\t\t\t\t\t\t\tComunicados de prensa\t\t\t\t\t\t\t\t\t\t\n\t\t\t\t\t\t\t\t\t\t\t\t\t\t\t\t\t\t<h3>Oceaneering se adjudica m\u00faltiples contratos de buques en el Mar del Norte<\/h3>\n\t\t\t\t\t\t<\/a>\n\t\t\t\t\t\t<a href=\"https:\/\/www.oceaneering.com\/es\/patrick-mcgarry-a-day-in-the-life-of-a-commissioning-technician\/\">\n\t\t\t\t\t\t\t\t<img decoding=\"async\" src=\"https:\/\/www.oceaneering.com\/wp-content\/uploads\/2024\/08\/1000000501.jpg\" alt=\"\"\/>\n\t\t\t\t\t\t\t\t\t\t\tPerfil del empleado\t\t\t\t\t\t\t\t\t\t\n\t\t\t\t\t\t\t\t\t\t\t\t\t\t\t\t\t\t<h3>Patrick McGarry: un d\u00eda en la vida de un t\u00e9cnico de puesta en marcha<\/h3>\n\t\t\t\t\t\t<\/a>\n\t\t\t\t\t\t<a href=\"https:\/\/www.oceaneering.com\/es\/oceaneering-awarded-imr-support-services-contract-from-aker-bp\/\">\n\t\t\t\t\t\t\t\t<img decoding=\"async\" src=\"https:\/\/www.oceaneering.com\/wp-content\/uploads\/2024\/08\/ER19-047-2.jpg\" alt=\"\"\/>\n\t\t\t\t\t\t\t\t\t\t\tComunicados de prensa\t\t\t\t\t\t\t\t\t\t\n\t\t\t\t\t\t\t\t\t\t\t\t\t\t\t\t\t\t<h3>Oceaneering se adjudica el contrato de servicios de apoyo IMR de Aker BP<\/h3>\n\t\t\t\t\t\t<\/a>\n\t\t\t\t\t\t<a href=\"https:\/\/www.oceaneering.com\/es\/oceaneering-secures-fpso-maintenance-strategy-contract-offshore-brazil\/\">\n\t\t\t\t\t\t\t\t<img decoding=\"async\" src=\"https:\/\/www.oceaneering.com\/wp-content\/uploads\/2024\/08\/niteroi-umbilicals-facility-scaled.jpg\" alt=\"\"\/>\n\t\t\t\t\t\t\t\t\t\t\tComunicados de prensa\t\t\t\t\t\t\t\t\t\t\n\t\t\t\t\t\t\t\t\t\t\t\t\t\t\t\t\t\t<h3>Oceaneering se asegura un contrato de estrategia de mantenimiento FPSO en alta mar en Brasil<\/h3>\n\t\t\t\t\t\t<\/a>\n\t\t\t\t\t\t<a href=\"https:\/\/www.oceaneering.com\/es\/steven-goodson-a-day-in-the-life-of-an-rov-tech\/\">\n\t\t\t\t\t\t\t\t<img decoding=\"async\" src=\"https:\/\/www.oceaneering.com\/wp-content\/uploads\/2024\/07\/Steven-Goodson.jpg\" alt=\"\"\/>\n\t\t\t\t\t\t\t\t\t\t\tPerfil del empleado\t\t\t\t\t\t\t\t\t\t\n\t\t\t\t\t\t\t\t\t\t\t\t\t\t\t\t\t\t<h3>Steven Goodson: un d\u00eda en la vida de un t\u00e9cnico de ROV<\/h3>\n\t\t\t\t\t\t<\/a>\n\t\t\t\t\t\t<a href=\"https:\/\/www.oceaneering.com\/es\/adriana-davila-garay-a-day-in-the-life-of-an-electrical-engineer\/\">\n\t\t\t\t\t\t\t\t<img decoding=\"async\" src=\"https:\/\/www.oceaneering.com\/wp-content\/uploads\/2024\/07\/Adriana-featured.jpg\" alt=\"\"\/>\n\t\t\t\t\t\t\t\t\t\t\tPerfil del empleado\t\t\t\t\t\t\t\t\t\t\n\t\t\t\t\t\t\t\t\t\t\t\t\t\t\t\t\t\t<h3>Adriana D\u00e1vila Garay: un d\u00eda en la vida de una ingeniera el\u00e9ctrica<\/h3>\n\t\t\t\t\t\t<\/a>\n\t\t\t\t\t\t<a href=\"https:\/\/www.oceaneering.com\/es\/remembering-oceaneering-co-founder-johnny-johnson\/\">\n\t\t\t\t\t\t\t\t<img decoding=\"async\" src=\"https:\/\/www.oceaneering.com\/wp-content\/uploads\/2024\/07\/johnny-johnson-collage-24-3.png\" alt=\"\"\/>\n\t\t\t\t\t\t\t\t\t\t\tComunicados de prensa\t\t\t\t\t\t\t\t\t\t\n\t\t\t\t\t\t\t\t\t\t\t\t\t\t\t\t\t\t<h3>Recordando al cofundador de Oceaneering Johnny Johnson<\/h3>\n\t\t\t\t\t\t<\/a>\n\t\t\t\t\t\t<a href=\"https:\/\/www.oceaneering.com\/es\/blanca-montoya-a-day-in-the-life-of-a-product-manager\/\">\n\t\t\t\t\t\t\t\t<img decoding=\"async\" src=\"https:\/\/www.oceaneering.com\/wp-content\/uploads\/2024\/06\/Blanca-featured.jpg\" alt=\"\"\/>\n\t\t\t\t\t\t\t\t\t\t\tPerfil del empleado\t\t\t\t\t\t\t\t\t\t\n\t\t\t\t\t\t\t\t\t\t\t\t\t\t\t\t\t\t<h3>Blanca Montoya - Un d\u00eda en la vida de un Product Manager<\/h3>\n\t\t\t\t\t\t<\/a>\n\t\t\t\t\t\t<a href=\"https:\/\/www.oceaneering.com\/es\/oceaneering-celebrates-25th-anniversary-at-the-port-of-rosyth\/\">\n\t\t\t\t\t\t\t\t<img decoding=\"async\" src=\"https:\/\/www.oceaneering.com\/wp-content\/uploads\/2024\/06\/Oceaneering-Celebrates-25-in-Rosyth-scaled.jpg\" alt=\"\"\/>\n\t\t\t\t\t\t\t\t\t\t\tComunicados de prensa\t\t\t\t\t\t\t\t\t\t\n\t\t\t\t\t\t\t\t\t\t\t\t\t\t\t\t\t\t<h3>Oceaneering celebra su 25\u00ba aniversario en el puerto de Rosyth<\/h3>\n\t\t\t\t\t\t<\/a>\n\t\t\t\t\t\t<a href=\"https:\/\/www.oceaneering.com\/es\/oceaneering-conducts-freedom-auv-pipeline-inspection-pilot-for-totalenergies\/\">\n\t\t\t\t\t\t\t\t<img decoding=\"async\" src=\"https:\/\/www.oceaneering.com\/wp-content\/uploads\/2024\/04\/Freedom-with-cage.jpg\" alt=\"\"\/>\n\t\t\t\t\t\t\t\t\t\t\tComunicados de prensa\t\t\t\t\t\t\t\t\t\t\n\t\t\t\t\t\t\t\t\t\t\t\t\t\t\t\t\t\t<h3>Oceaneering realiza el piloto de inspecci\u00f3n de oleoductos Freedom\u2122 AUV para TotalEnergies<\/h3>\n\t\t\t\t\t\t<\/a>\n\t\t\t\t\t\t<a href=\"https:\/\/www.oceaneering.com\/es\/dakota-mccloy-a-day-in-the-life-of-a-project-manager\/\">\n\t\t\t\t\t\t\t\t<img decoding=\"async\" src=\"https:\/\/www.oceaneering.com\/wp-content\/uploads\/2024\/04\/Dakota-McCloy-featured.jpg\" alt=\"\"\/>\n\t\t\t\t\t\t\t\t\t\t\tPerfil del empleado\t\t\t\t\t\t\t\t\t\t\n\t\t\t\t\t\t\t\t\t\t\t\t\t\t\t\t\t\t<h3>Dakota McCloy: un d\u00eda en la vida de un administrador de proyectos<\/h3>\n\t\t\t\t\t\t<\/a>\n\t\t\t\t\t\t<a href=\"https:\/\/www.oceaneering.com\/es\/asha\/\">\n\t\t\t\t\t\t\t\t<img decoding=\"async\" src=\"https:\/\/www.oceaneering.com\/wp-content\/uploads\/2024\/04\/IMG-20230517-WA0077.jpg\" alt=\"\"\/>\n\t\t\t\t\t\t\t\t\t\t\tComunidad\t\t\t\t\t\t\t\t\t\t\n\t\t\t\t\t\t\t\t\t\t\t\t\t\t\t\t\t\t<h3>ASHA<\/h3>\n\t\t\t\t\t\t<\/a>\n\t\t\t\t\t\t<a href=\"https:\/\/www.oceaneering.com\/es\/oceaneering-freedom-auv-successfully-completes-demonstration-for-u-s-navy-and-defense-innovation-unit\/\">\n\t\t\t\t\t\t\t\t<img decoding=\"async\" src=\"https:\/\/www.oceaneering.com\/wp-content\/uploads\/2024\/04\/freedom-under-with-logo-notext.png\" alt=\"\"\/>\n\t\t\t\t\t\t\t\t\t\t\tComunicados de prensa\t\t\t\t\t\t\t\t\t\t\n\t\t\t\t\t\t\t\t\t\t\t\t\t\t\t\t\t\t<h3>El AUV Freedom\u2122 de Oceaneering completa con \u00e9xito una demostraci\u00f3n para la Armada estadounidense y la Unidad de Innovaci\u00f3n de Defensa<\/h3>\n\t\t\t\t\t\t<\/a>\n\t\t\t\t\t\t<a href=\"https:\/\/www.oceaneering.com\/es\/oceaneering-achieves-fit-4-offshore-renewables-f4or-granted-status-at-rosyth-scotland-cable-facility\/\">\n\t\t\t\t\t\t\t\t<img decoding=\"async\" src=\"https:\/\/www.oceaneering.com\/wp-content\/uploads\/2024\/03\/DJI_0373-scaled.jpg\" alt=\"\"\/>\n\t\t\t\t\t\t\t\t\t\t\tComunicados de prensa\t\t\t\t\t\t\t\t\t\t\n\t\t\t\t\t\t\t\t\t\t\t\t\t\t\t\t\t\t<h3>Oceaneering obtiene la certificaci\u00f3n \"Fit 4 Offshore Renewables\" para la instalaci\u00f3n de cables de Rosyth (Escocia)<\/h3>\n\t\t\t\t\t\t<\/a>\n\t\t\t\t\t\t<a href=\"https:\/\/www.oceaneering.com\/es\/oceaneering-and-gdi-to-collaborate-on-digital-asset-management-solutions\/\">\n\t\t\t\t\t\t\t\t<img decoding=\"async\" src=\"https:\/\/www.oceaneering.com\/wp-content\/uploads\/2024\/03\/shutterstock_2262601815-scaled.jpg\" alt=\"\"\/>\n\t\t\t\t\t\t\t\t\t\t\tComunicados de prensa\t\t\t\t\t\t\t\t\t\t\n\t\t\t\t\t\t\t\t\t\t\t\t\t\t\t\t\t\t<h3>Oceaneering y GDi colaborar\u00e1n en soluciones de gesti\u00f3n de activos digitales<\/h3>\n\t\t\t\t\t\t<\/a>\n\t\t\t\t\t\t<a href=\"https:\/\/www.oceaneering.com\/es\/oceaneering-carries-out-first-integrated-onshore-remote-operations-scope-in-brazil\/\">\n\t\t\t\t\t\t\t\t<img decoding=\"async\" src=\"https:\/\/www.oceaneering.com\/wp-content\/uploads\/2023\/11\/ER19-6427-scaled.jpeg\" alt=\"\"\/>\n\t\t\t\t\t\t\t\t\t\t\tComunicados de prensa\t\t\t\t\t\t\t\t\t\t\n\t\t\t\t\t\t\t\t\t\t\t\t\t\t\t\t\t\t<h3>Oceaneering realiza el primer alcance integrado de operaciones remotas en Brasil<\/h3>\n\t\t\t\t\t\t<\/a>\n<h4>\n\t\t\u00daltimas publicaciones\n\t<\/h4>\n\t<h3><a href=\"https:\/\/issuu.com\/rovplanet\/docs\/oceanroboticsplanet_magazine_issue37_web_#new_tab\">Libertad para evolucionar<\/a><\/h3>\n\t<h3><a href=\"https:\/\/www.hydro-international.com\/content\/article\/pushing-subsea-boundaries-with-hybrid-auv-rov#new_tab\">Superar los l\u00edmites submarinos con un AUV\/ROV h\u00edbrido<\/a><\/h3>\n\t<h3><a href=\"https:\/\/inspectioneering.com\/journal\/2023-10-26\/10801\/improving-pipeline-integrity-with-artificial-intelligence#new_tab\">Mejorar la integridad de las tuber\u00edas con inteligencia artificial<\/a><\/h3>\n\t<h3><a href=\"https:\/\/www.hartenergy.com\/ep\/exclusives\/subsea-pipeline-decommissioning-laptop-beach-206226#new_tab\">Desmantelamiento de oleoductos submarinos con un \"port\u00e1til en la playa<\/a><\/h3>\n\t<h3><a href=\"https:\/\/www.calameo.com\/techtex-verlag\/read\/005979606575cbf11eba4#new_tab\">MaxMover\u2122 de camino a Europa<\/a><\/h3>\n\t\t<!-- .pp-content-posts -->\n\t\t\t<a href=\"https:\/\/www.oceaneering.com\/es\/news-media\/latest-news\/?_categories=publications\" target=\"_self\" rel=\"noopener\">\n\t\t\t\t\t\t\tVer m\u00e1s publicaciones\n\t\t\t<\/a>\n<h3>\n\t\tMedios y recursos\n\t<\/h3>\n<h4>\n\t\tRecursos\n\t<\/h4>\n\t<p>Vea nuestros \u00faltimos an\u00e1lisis, estudios de casos y v\u00eddeos.<\/p>\n\t\t\t<a href=\"https:\/\/www.oceaneering.com\/es\/resources\/\" target=\"_self\" rel=\"noopener\">\n\t\t\t\t\t\t\tVer todos los recursos\n\t\t\t<\/a>\n<h4>\n\t\tRelaciones con los inversores\n\t<\/h4>\n\t<p>Consulte nuestros \u00faltimos documentos financieros, conferencias telef\u00f3nicas y presentaciones para inversores.<\/p>\n\t\t\t<a href=\"http:\/\/investors.oceaneering.com\/investor-relations\/default.aspx\" target=\"_blank\" rel=\"noopener\">\n\t\t\t\t\t\t\tVer el Centro de Inversores\n\t\t\t<\/a>\n<h4>\n\t\tFerias y eventos\n\t<\/h4>\n\t<p>Visite a nuestros expertos en la materia en estos pr\u00f3ximos eventos.<\/p>\n\t\t\t<a href=\"https:\/\/www.oceaneering.com\/es\/news-media\/events\/\" target=\"_self\" rel=\"noopener\">\n\t\t\t\t\t\t\tVer todos los eventos\n\t\t\t<\/a>\n<h1>\n\t\tContacte con nosotros\n\t<\/h1>\n<h2>\n\t\tNuestro equipo de expertos est\u00e1 listo para ayudarle a empezar.\n\t<\/h2>\n\t<p>Oceaneering ofrece los mejores productos y soluciones de su clase, respaldados por una calidad, fiabilidad y asistencia global inigualables. Rellene el formulario de consulta para iniciar una conversaci\u00f3n hoy mismo.<\/p>","protected":false},"excerpt":{"rendered":"<p>OCEANEERING Post Types Categories News Releases Oceaneering Wins Contract to Build Freedom\u2122 AUV and Remote Operations Center for U.S. Navy Employee Profile Mack Bennett &#8211; A Day in the Life of an Automation Engineer News Releases Oceaneering Awarded Multiple North Sea Vessel Contracts Employee Profile Patrick McGarry &#8211; A Day in the Life of a &#8230; <a title=\"Noticias y medios de comunicaci\u00f3n\" class=\"read-more\" href=\"https:\/\/www.oceaneering.com\/es\/news-media\/\" aria-label=\"Leer m\u00e1s sobre Noticias y medios de comunicaci\u00f3n\">Seguir leyendo<\/a><\/p>","protected":false},"author":19,"featured_media":0,"parent":0,"menu_order":0,"comment_status":"closed","ping_status":"closed","template":"","meta":{"_acf_changed":false,"footnotes":"","_links_to":"","_links_to_target":""},"product_category":[],"search_tags":[1820,1821,1823,1819,1816,1813,1835,1873,1838,1837,1817,1866,1818],"class_list":["post-1978","page","type-page","status-publish","search_tags-articles","search_tags-brochures","search_tags-case-studies","search_tags-events","search_tags-latest-news","search_tags-news-and-media","search_tags-news-releases","search_tags-publications","search_tags-quality-moments","search_tags-safety-moments","search_tags-trade-shows","search_tags-videos","search_tags-webinars"],"acf":[],"aioseo_notices":[],"_links":{"self":[{"href":"https:\/\/www.oceaneering.com\/es\/wp-json\/wp\/v2\/pages\/1978","targetHints":{"allow":["GET"]}}],"collection":[{"href":"https:\/\/www.oceaneering.com\/es\/wp-json\/wp\/v2\/pages"}],"about":[{"href":"https:\/\/www.oceaneering.com\/es\/wp-json\/wp\/v2\/types\/page"}],"author":[{"embeddable":true,"href":"https:\/\/www.oceaneering.com\/es\/wp-json\/wp\/v2\/users\/19"}],"replies":[{"embeddable":true,"href":"https:\/\/www.oceaneering.com\/es\/wp-json\/wp\/v2\/comments?post=1978"}],"version-history":[{"count":0,"href":"https:\/\/www.oceaneering.com\/es\/wp-json\/wp\/v2\/pages\/1978\/revisions"}],"wp:attachment":[{"href":"https:\/\/www.oceaneering.com\/es\/wp-json\/wp\/v2\/media?parent=1978"}],"wp:term":[{"taxonomy":"product_category","embeddable":true,"href":"https:\/\/www.oceaneering.com\/es\/wp-json\/wp\/v2\/product_category?post=1978"},{"taxonomy":"search_tags","embeddable":true,"href":"https:\/\/www.oceaneering.com\/es\/wp-json\/wp\/v2\/search_tags?post=1978"}],"curies":[{"name":"wp","href":"https:\/\/api.w.org\/{rel}","templated":true}]}}