{"id":1953,"date":"2023-10-10T21:38:40","date_gmt":"2023-10-11T01:38:40","guid":{"rendered":"https:\/\/oceaneering.com\/?page_id=1953"},"modified":"2026-04-10T09:22:16","modified_gmt":"2026-04-10T14:22:16","slug":"unimover-o-600","status":"publish","type":"page","link":"https:\/\/www.oceaneering.com\/es\/oceaneering-mobile-robotics-omr\/unimover-o-600\/","title":{"rendered":"Desplazamiento por debajo: UniMover\u2122 O 600"},"content":{"rendered":"<a href=\"https:\/\/www.oceaneering.com\/es\/oceaneering-mobile-robotics-omr\/#contact\" target=\"_self\">\n\t\t\t\t\t\t\tDebatir un proyecto\n\t\t\t\t\t<\/a>\n\t\tEmpuje por debajo\n<h1>\n\t\tUniMover\u2122 O 600\n\t<\/h1>\n\t<p>Dise\u00f1ado para trabajar donde el espacio es limitado, el UniMover\u2122 O 600 cumple los requisitos de transporte de art\u00edculos a granel en todos los sectores.<\/p>\n\t\t\t\t<img loading=\"lazy\" decoding=\"async\" src=\"https:\/\/www.oceaneering.com\/wp-content\/uploads\/2023\/10\/UniMover-O-600-220317_Unimover_apollo_03-1.png\" alt=\"UniMover Underride Robot\" itemprop=\"image\" height=\"1080\" width=\"1920\" title=\"UniMoverTM O 600\" onerror=\"this.style.display='none'\"  \/>\n<h3>\n\t\tUniMover\u2122 O 600\n\t<\/h3>\n\t<p>El UniMover\u2122 O 600 forma parte de la familia de robots m\u00f3viles con marcha por inercia de Oceaneering. Desarrollado para aplicaciones industriales ligeras y sanitarias en las que el espacio es extremadamente limitado, el UniMover\u2122 O 600 ofrece la mejor maniobrabilidad de su clase. Su cubierta envolvente de acero inoxidable es f\u00e1cil de desinfectar, sin grietas por las que pueda entrar suciedad. Al igual que todos nuestros robots m\u00f3viles, el UniMover\u2122 O 600 puede utilizarse en flotas mixtas.<\/p>\n<h5>\n\t\tAdecuado para transportar objetos a granel:\n\t<\/h5>\n\t<ul>\n\t\t\t\t\t<li>\n\t\t\t\tPiezas de ingenier\u00eda\n\t\t\t<\/li>\n\t\t\t\t\t<li>\n\t\t\t\tAlimentaci\u00f3n\n\t\t\t<\/li>\n\t\t\t\t\t<li>\n\t\t\t\tLavander\u00eda\n\t\t\t<\/li>\n\t\t\t\t\t<li>\n\t\t\t\tEquipamiento m\u00e9dico\n\t\t\t<\/li>\n\t\t\t\t\t<li>\n\t\t\t\tEmbalaje\n\t\t\t<\/li>\n\t\t\t\t\t<li>\n\t\t\t\tProductos farmac\u00e9uticos\n\t\t\t<\/li>\n\t\t\t<\/ul>\n<h5>\n\t\tFolletos\n\t<\/h5>\n\t\t\t<a href=\"https:\/\/oceaneering.canto.com\/download\/document\/bfokbsjp3t17912uf5j97cm45s\/original.pdf\" target=\"_blank\" rel=\"noopener\">\n\t\t\t\t\t\t\tUniMover\u2122 O 600 Carta | Espa\u00f1ol\n\t\t\t<\/a>\n\t\t\t<a href=\"https:\/\/oceaneering.canto.com\/download\/document\/d47458lumh06r151je7ga9h41c\/original.pdf\" target=\"_blank\" rel=\"noopener\">\n\t\t\t\t\t\t\tUniMover\u2122 O 600 | Espa\u00f1ol A4\n\t\t\t<\/a>\n\t\t\t\t<img decoding=\"async\" src=\"https:\/\/oceaneering.com\/wp-content\/uploads\/2023\/10\/AGV-Vehicle-Features-Icons_Set-01_Drive-small.png\" alt=\"AGV-Vehicle-Features-Icons_Set-01_Drive-small\" itemprop=\"image\" title=\"AGV-Vehicle-Features-Iconsets_Set-01_Drive-small\" onerror=\"this.style.display='none'\"  \/>\n<h3>\n\t\tConducir\n\t<\/h3>\n\t<p>Omnidireccional<\/p>\n\t\t\t\t<img decoding=\"async\" src=\"https:\/\/oceaneering.com\/wp-content\/uploads\/2023\/10\/AGV-Vehicle-Features-Icons_Set-01_Drive-speed-small.png\" alt=\"AGV-Vehicle-Features-Icons_Set-01_Drive-speed-small\" itemprop=\"image\" title=\"AGV-Veh\u00edculo-Caracter\u00edsticas-Iconos_Set-01_Velocidad_de_conducci\u00f3n-peque\u00f1a\" onerror=\"this.style.display='none'\"  \/>\n<h3>\n\t\tVelocidad\n\t<\/h3>\n\t<p>Hasta 5,9 pies\/s | 1,8 m\/s<\/p>\n\t\t\t\t<img decoding=\"async\" src=\"https:\/\/oceaneering.com\/wp-content\/uploads\/2023\/10\/AGV-Vehicle-Features-Icons_Set-01_Navigation-small.png\" alt=\"AGV-Vehicle-Features-Icons_Set-01_Navigation-small\" itemprop=\"image\" title=\"AGV-Vehicle-Features-Iconsets_Set-01_Navigation-small\" onerror=\"this.style.display='none'\"  \/>\n<h3>\n\t\tNavegaci\u00f3n\n\t<\/h3>\n\t<p>Elemento natural<\/p>\n\t\t\t\t<img decoding=\"async\" src=\"https:\/\/oceaneering.com\/wp-content\/uploads\/2023\/10\/AGV-Vehicle-Features-Icons_Set-01_Handling-height-small.png\" alt=\"AGV-Vehicle-Features-Icons_Set-01_Handling-height-small\" itemprop=\"image\" title=\"AGV-Vehicle-Features-Iconset-01_Handling-height-small\" onerror=\"this.style.display='none'\"  \/>\n<h3>\n\t\tAltura de manipulaci\u00f3n\n\t<\/h3>\n\t<p>410 mm \/ 16,1 pulg.<\/p>\n\t\t\t\t<img decoding=\"async\" src=\"https:\/\/oceaneering.com\/wp-content\/uploads\/2023\/10\/AGV-Vehicle-Features-Icons_Set-01_Max-payload-small.png\" alt=\"AGV-Vehicle-Features-Icons_Set-01_Max-payload-small\" itemprop=\"image\" title=\"AGV-Vehicle-Features-Iconset-01_Max-payload-small\" onerror=\"this.style.display='none'\"  \/>\n<h3>\n\t\tCarga \u00fatil m\u00e1xima\n\t<\/h3>\n\t<p>600 kg \/ 1.322 lb<\/p>\n\t\t\t\t\t\t\t<a href=\"https:\/\/www.oceaneering.com\/wp-content\/uploads\/2023\/10\/UniMover-O-600-220317_Unimover_apollo_03-1.png\" data-fancybox=\"photo-carousel-\">\n\t\t\t\t\t\t\t\t\t\t\t\t\t\t\t\t\t<img decoding=\"async\" src=\"https:\/\/www.oceaneering.com\/wp-content\/uploads\/2023\/10\/UniMover-O-600-220317_Unimover_apollo_03-1.png\" alt=\"\"\/>\n\t\t\t\t\t\t\t\t\t\t\t\t\t\t\t<\/a>\n\t\t\t\t\t\t\t<a href=\"https:\/\/oceaneering.com\/wp-content\/uploads\/2023\/10\/UniMover-O-600-220317_Unimover_apollo_02-1.png\" data-fancybox=\"photo-carousel-\">\n\t\t\t\t\t\t\t\t\t\t\t\t\t\t\t\t\t<img decoding=\"async\" src=\"https:\/\/oceaneering.com\/wp-content\/uploads\/2023\/10\/UniMover-O-600-220317_Unimover_apollo_02-1.png\" alt=\"\"\/>\n\t\t\t\t\t\t\t\t\t\t\t\t\t\t\t<\/a>\n\t\t\t\t\t\t\t<a href=\"https:\/\/oceaneering.com\/wp-content\/uploads\/2023\/10\/UniMover-O-600-220317_Unimover_apollo_01-1.png\" data-fancybox=\"photo-carousel-\">\n\t\t\t\t\t\t\t\t\t\t\t\t\t\t\t\t\t<img decoding=\"async\" src=\"https:\/\/oceaneering.com\/wp-content\/uploads\/2023\/10\/UniMover-O-600-220317_Unimover_apollo_01-1.png\" alt=\"\"\/>\n\t\t\t\t\t\t\t\t\t\t\t\t\t\t\t<\/a>\n\t\t\t<button>\n\t\t\t\tAnterior\n\t\t\t<\/button>\n\t\t\t<button>\n\t\t\t\tSiguiente\n\t\t\t<\/button>\n<h2>\n\t\tUnimover\u2122 O 600 Robot de empotramiento\n\t<\/h2>\n\t\t\t<img decoding=\"async\" src=\"https:\/\/www.oceaneering.com\/wp-content\/uploads\/2023\/10\/Unmover-thumbnail-1.jpg\" title=\"Desmover-thumbnail-1\" alt=\"UniMover video thumbnail\" \/>\t\t\t\t\t\t\t\n\t\t\t\t\tReproducir v\u00eddeo\n\t\tContacte con nosotros\n<h3>\n\t\tP\u00f3ngase en contacto con nuestros expertos \n\t<\/h3>\n\t<p>\u00bfTiene alguna pregunta o necesita m\u00e1s informaci\u00f3n sobre nuestros robots m\u00f3viles? Introduzca sus datos de contacto y describa su consulta, y nos pondremos en contacto con usted lo antes posible. Muchas gracias.<\/p>","protected":false},"excerpt":{"rendered":"<p>Discutir un proyecto UniMover\u2122 O 600 Dise\u00f1ado para trabajar donde el espacio es limitado, el UniMover\u2122 O 600 cumple los requisitos de transporte de art\u00edculos a granel en todos los sectores. UniMover\u2122 O 600 El UniMover\u2122 O 600 es un miembro de la familia de robots m\u00f3viles Underride de Oceaneering. Desarrollado para aplicaciones industriales ligeras y sanitarias en las que el espacio es extremadamente limitado, el ... <a title=\"Desplazamiento por debajo: UniMover\u2122 O 600\" class=\"read-more\" href=\"https:\/\/www.oceaneering.com\/es\/oceaneering-mobile-robotics-omr\/unimover-o-600\/\" aria-label=\"Leer m\u00e1s sobre Empuje inferior: UniMover\u2122 O 600\">Seguir leyendo<\/a><\/p>","protected":false},"author":19,"featured_media":0,"parent":1718,"menu_order":2,"comment_status":"closed","ping_status":"closed","template":"","meta":{"_acf_changed":false,"footnotes":"","_links_to":"","_links_to_target":""},"product_category":[1237],"search_tags":[1138,1725],"class_list":["post-1953","page","type-page","status-publish","product_category-mobile-robotics","search_tags-mobile-robotics","search_tags-underrides"],"acf":[],"aioseo_notices":[],"_links":{"self":[{"href":"https:\/\/www.oceaneering.com\/es\/wp-json\/wp\/v2\/pages\/1953","targetHints":{"allow":["GET"]}}],"collection":[{"href":"https:\/\/www.oceaneering.com\/es\/wp-json\/wp\/v2\/pages"}],"about":[{"href":"https:\/\/www.oceaneering.com\/es\/wp-json\/wp\/v2\/types\/page"}],"author":[{"embeddable":true,"href":"https:\/\/www.oceaneering.com\/es\/wp-json\/wp\/v2\/users\/19"}],"replies":[{"embeddable":true,"href":"https:\/\/www.oceaneering.com\/es\/wp-json\/wp\/v2\/comments?post=1953"}],"version-history":[{"count":3,"href":"https:\/\/www.oceaneering.com\/es\/wp-json\/wp\/v2\/pages\/1953\/revisions"}],"predecessor-version":[{"id":82031,"href":"https:\/\/www.oceaneering.com\/es\/wp-json\/wp\/v2\/pages\/1953\/revisions\/82031"}],"up":[{"embeddable":true,"href":"https:\/\/www.oceaneering.com\/es\/wp-json\/wp\/v2\/pages\/1718"}],"wp:attachment":[{"href":"https:\/\/www.oceaneering.com\/es\/wp-json\/wp\/v2\/media?parent=1953"}],"wp:term":[{"taxonomy":"product_category","embeddable":true,"href":"https:\/\/www.oceaneering.com\/es\/wp-json\/wp\/v2\/product_category?post=1953"},{"taxonomy":"search_tags","embeddable":true,"href":"https:\/\/www.oceaneering.com\/es\/wp-json\/wp\/v2\/search_tags?post=1953"}],"curies":[{"name":"wp","href":"https:\/\/api.w.org\/{rel}","templated":true}]}}