{"id":1824,"date":"2023-10-04T17:14:20","date_gmt":"2023-10-04T21:14:20","guid":{"rendered":"https:\/\/oceaneering.com\/?page_id=1824"},"modified":"2025-11-18T04:04:27","modified_gmt":"2025-11-18T10:04:27","slug":"compactmover-1200-forklift","status":"publish","type":"page","link":"https:\/\/www.oceaneering.com\/es\/oceaneering-mobile-robotics-omr\/compactmover-1200-forklift\/","title":{"rendered":"CompactMover\u2122 1200 Carretilla elevadora"},"content":{"rendered":"<a href=\"https:\/\/www.oceaneering.com\/es\/oceaneering-mobile-robotics-omr\/#contact\" target=\"_self\">\n\t\t\t\t\t\t\tDebatir un proyecto\n\t\t\t\t\t<\/a>\n\t\tHorquilla sobre la pierna\n<h1>\n\t\tCompactMover\u2122 FOL U 1200\n\t<\/h1>\n\t<p>La potente CompactMover\u2122 FOL U 1200 integra funciones de seguridad avanzadas para garantizar la correcta manipulaci\u00f3n de diversos tipos de carga.<\/p>\n\t\t\t\t<img loading=\"lazy\" decoding=\"async\" src=\"https:\/\/www.oceaneering.com\/wp-content\/uploads\/2024\/03\/CompactMover-FOL-U-1200-m.png\" alt=\"CompactMover\u2122 FOL U 1200\" itemprop=\"image\" height=\"888\" width=\"888\" title=\"CompactMover-FOL-U-1200-m\" onerror=\"this.style.display='none'\"  \/>\n<h3>\n\t\tCompactMover\u2122 FOL U 1200\n\t<\/h3>\n\t<p>El CompactMover\u2122 FOL U 1200 es un miembro de la familia de robots m\u00f3viles para carretillas elevadoras de Oceaneering. Dise\u00f1ado para sustituir a los apiladores de pal\u00e9s el\u00e9ctricos convencionales, ofrece una soluci\u00f3n totalmente el\u00e9ctrica sin sistema hidr\u00e1ulico para facilitar el mantenimiento. Con patas de apoyo bajo las horquillas, ofrece un sofisticado sistema de seguridad que evita el vuelco del robot, el empuje accidental y el arrastre de cargas. Tambi\u00e9n cuenta con seguimiento autom\u00e1tico de palets para encontrar y alinear cargas mal colocadas. Al igual que todos nuestros robots m\u00f3viles, el CompactMover\u2122 FOL U 1200 puede funcionar en flotas mixtas.<\/p>\n<h5>\n\t\tAdmite una gran variedad de tipos de carga:\n\t<\/h5>\n\t<ul>\n\t\t\t\t\t<li>\n\t\t\t\tEuropal\u00e9s\n\t\t\t<\/li>\n\t\t\t\t\t<li>\n\t\t\t\tBastidores\n\t\t\t<\/li>\n\t\t\t\t\t<li>\n\t\t\t\tCarros\n\t\t\t<\/li>\n\t\t\t\t\t<li>\n\t\t\t\tCajas\n\t\t\t<\/li>\n\t\t\t<\/ul>\n<h5>\n\t\tFolletos\n\t<\/h5>\n\t\t\t<a href=\"https:\/\/oceaneering.canto.com\/download\/document\/2gouvs8ggd06f4idgjhr66es22\/original.pdf\" target=\"_blank\" rel=\"noopener\">\n\t\t\t\t\t\t\tCompactMover\u2122 FOL U 1200 Carta | Espa\u00f1ol\n\t\t\t<\/a>\n\t\t\t<a href=\"https:\/\/oceaneering.canto.com\/download\/document\/pggd10hdkl2r52amafo141pe0e\/original.pdf\" target=\"_blank\" rel=\"noopener\">\n\t\t\t\t\t\t\tCompactMover\u2122 FOL U 1200 | Espa\u00f1ol A4\n\t\t\t<\/a>\n\t\t\t\t<img decoding=\"async\" src=\"https:\/\/oceaneering.com\/wp-content\/uploads\/2023\/10\/AGV-Vehicle-Features-Icons_Set-01_Drive-small.png\" alt=\"AGV-Vehicle-Features-Icons_Set-01_Drive-small\" itemprop=\"image\" title=\"AGV-Vehicle-Features-Iconsets_Set-01_Drive-small\" onerror=\"this.style.display='none'\"  \/>\n<h3>\n\t\tConducir\n\t<\/h3>\n\t<p>Unidireccional<\/p>\n\t\t\t\t<img decoding=\"async\" src=\"https:\/\/oceaneering.com\/wp-content\/uploads\/2023\/10\/AGV-Vehicle-Features-Icons_Set-01_Drive-speed-small.png\" alt=\"AGV-Vehicle-Features-Icons_Set-01_Drive-speed-small\" itemprop=\"image\" title=\"AGV-Veh\u00edculo-Caracter\u00edsticas-Iconos_Set-01_Velocidad_de_conducci\u00f3n-peque\u00f1a\" onerror=\"this.style.display='none'\"  \/>\n<h3>\n\t\tVelocidad\n\t<\/h3>\n\t<p>Hasta 6,6 pies\/s | 1,9 m\/s<\/p>\n\t\t\t\t<img decoding=\"async\" src=\"https:\/\/oceaneering.com\/wp-content\/uploads\/2023\/10\/AGV-Vehicle-Features-Icons_Set-01_Navigation-small.png\" alt=\"AGV-Vehicle-Features-Icons_Set-01_Navigation-small\" itemprop=\"image\" title=\"AGV-Vehicle-Features-Iconsets_Set-01_Navigation-small\" onerror=\"this.style.display='none'\"  \/>\n<h3>\n\t\tNavegaci\u00f3n\n\t<\/h3>\n\t<p>Elemento natural<\/p>\n\t\t\t\t<img decoding=\"async\" src=\"https:\/\/oceaneering.com\/wp-content\/uploads\/2023\/10\/AGV-Vehicle-Features-Icons_Set-01_Handling-height-small.png\" alt=\"AGV-Vehicle-Features-Icons_Set-01_Handling-height-small\" itemprop=\"image\" title=\"AGV-Vehicle-Features-Iconset-01_Handling-height-small\" onerror=\"this.style.display='none'\"  \/>\n<h3>\n\t\tAltura de manipulaci\u00f3n\n\t<\/h3>\n\t<p>Hasta 43,3 pulgadas \/ 1100 mm<\/p>\n\t\t\t\t<img decoding=\"async\" src=\"https:\/\/oceaneering.com\/wp-content\/uploads\/2023\/10\/AGV-Vehicle-Features-Icons_Set-01_Max-payload-small.png\" alt=\"AGV-Vehicle-Features-Icons_Set-01_Max-payload-small\" itemprop=\"image\" title=\"AGV-Vehicle-Features-Iconset-01_Max-payload-small\" onerror=\"this.style.display='none'\"  \/>\n<h3>\n\t\tCarga \u00fatil m\u00e1xima\n\t<\/h3>\n\t1.200 kg<br \/>\n(centro de carga de 500 mm)\n\t\t\t\t\t\t\t<a href=\"https:\/\/oceaneering.com\/wp-content\/uploads\/2023\/10\/CompactMover-FOL-U-1200-220321_CM_FOL_01-edited-position2-1.png\" data-fancybox=\"photo-carousel-\">\n\t\t\t\t\t\t\t\t\t\t\t\t\t\t\t\t\t<img decoding=\"async\" src=\"https:\/\/oceaneering.com\/wp-content\/uploads\/2023\/10\/CompactMover-FOL-U-1200-220321_CM_FOL_01-edited-position2-1.png\" alt=\"\"\/>\n\t\t\t\t\t\t\t\t\t\t\t\t\t\t\t<\/a>\n\t\t\t\t\t\t\t<a href=\"https:\/\/oceaneering.com\/wp-content\/uploads\/2023\/10\/CompactMover-FOL-U-1200-220317_CM_FOL_02-1.png\" data-fancybox=\"photo-carousel-\">\n\t\t\t\t\t\t\t\t\t\t\t\t\t\t\t\t\t<img decoding=\"async\" src=\"https:\/\/oceaneering.com\/wp-content\/uploads\/2023\/10\/CompactMover-FOL-U-1200-220317_CM_FOL_02-1.png\" alt=\"\"\/>\n\t\t\t\t\t\t\t\t\t\t\t\t\t\t\t<\/a>\n\t\t\t\t\t\t\t<a href=\"https:\/\/oceaneering.com\/wp-content\/uploads\/2023\/10\/CompactMover-FOL-U-1200-220317_CM_FOL_03-1.png\" data-fancybox=\"photo-carousel-\">\n\t\t\t\t\t\t\t\t\t\t\t\t\t\t\t\t\t<img decoding=\"async\" src=\"https:\/\/oceaneering.com\/wp-content\/uploads\/2023\/10\/CompactMover-FOL-U-1200-220317_CM_FOL_03-1.png\" alt=\"\"\/>\n\t\t\t\t\t\t\t\t\t\t\t\t\t\t\t<\/a>\n\t\t\t<button>\n\t\t\t\tAnterior\n\t\t\t<\/button>\n\t\t\t<button>\n\t\t\t\tSiguiente\n\t\t\t<\/button>\n\t\tContacte con nosotros\n<h3>\n\t\tP\u00f3ngase en contacto con nuestros expertos \n\t<\/h3>\n\t<p>\u00bfTiene alguna pregunta o necesita m\u00e1s informaci\u00f3n sobre nuestros robots m\u00f3viles? Introduzca sus datos de contacto y describa su consulta, y nos pondremos en contacto con usted lo antes posible. Muchas gracias.<\/p>","protected":false},"excerpt":{"rendered":"<p>Discutir un proyecto Horquilla sobre pata CompactMover\u2122 FOL U 1200 El potente CompactMover\u2122 FOL U 1200 integra funciones de seguridad avanzadas para garantizar una manipulaci\u00f3n adecuada de tipos de carga variados. CompactMover\u2122 FOL U 1200 El CompactMover\u2122 FOL U 1200 es un miembro de la familia de robots m\u00f3viles con carretilla elevadora de Oceaneering. Dise\u00f1ado para sustituir a los apiladores de pal\u00e9s el\u00e9ctricos convencionales, ... <a title=\"CompactMover\u2122 1200 Carretilla elevadora\" class=\"read-more\" href=\"https:\/\/www.oceaneering.com\/es\/oceaneering-mobile-robotics-omr\/compactmover-1200-forklift\/\" aria-label=\"Leer m\u00e1s sobre CompactMover\u2122 1200 Forklift\">Seguir leyendo<\/a><\/p>","protected":false},"author":19,"featured_media":68554,"parent":1718,"menu_order":2,"comment_status":"closed","ping_status":"closed","template":"","meta":{"_acf_changed":false,"footnotes":"","_links_to":"","_links_to_target":""},"product_category":[1237],"search_tags":[1726,1138],"class_list":["post-1824","page","type-page","status-publish","has-post-thumbnail","product_category-mobile-robotics","search_tags-forklifts","search_tags-mobile-robotics"],"acf":[],"aioseo_notices":[],"_links":{"self":[{"href":"https:\/\/www.oceaneering.com\/es\/wp-json\/wp\/v2\/pages\/1824","targetHints":{"allow":["GET"]}}],"collection":[{"href":"https:\/\/www.oceaneering.com\/es\/wp-json\/wp\/v2\/pages"}],"about":[{"href":"https:\/\/www.oceaneering.com\/es\/wp-json\/wp\/v2\/types\/page"}],"author":[{"embeddable":true,"href":"https:\/\/www.oceaneering.com\/es\/wp-json\/wp\/v2\/users\/19"}],"replies":[{"embeddable":true,"href":"https:\/\/www.oceaneering.com\/es\/wp-json\/wp\/v2\/comments?post=1824"}],"version-history":[{"count":3,"href":"https:\/\/www.oceaneering.com\/es\/wp-json\/wp\/v2\/pages\/1824\/revisions"}],"predecessor-version":[{"id":79985,"href":"https:\/\/www.oceaneering.com\/es\/wp-json\/wp\/v2\/pages\/1824\/revisions\/79985"}],"up":[{"embeddable":true,"href":"https:\/\/www.oceaneering.com\/es\/wp-json\/wp\/v2\/pages\/1718"}],"wp:featuredmedia":[{"embeddable":true,"href":"https:\/\/www.oceaneering.com\/es\/wp-json\/wp\/v2\/media\/68554"}],"wp:attachment":[{"href":"https:\/\/www.oceaneering.com\/es\/wp-json\/wp\/v2\/media?parent=1824"}],"wp:term":[{"taxonomy":"product_category","embeddable":true,"href":"https:\/\/www.oceaneering.com\/es\/wp-json\/wp\/v2\/product_category?post=1824"},{"taxonomy":"search_tags","embeddable":true,"href":"https:\/\/www.oceaneering.com\/es\/wp-json\/wp\/v2\/search_tags?post=1824"}],"curies":[{"name":"wp","href":"https:\/\/api.w.org\/{rel}","templated":true}]}}