{"id":1798,"date":"2023-10-04T16:05:44","date_gmt":"2023-10-04T20:05:44","guid":{"rendered":"https:\/\/oceaneering.com\/?page_id=1798"},"modified":"2025-11-18T03:31:27","modified_gmt":"2025-11-18T09:31:27","slug":"maxmover-cb-d-2000","status":"publish","type":"page","link":"https:\/\/www.oceaneering.com\/es\/oceaneering-mobile-robotics-omr\/maxmover-cb-d-2000\/","title":{"rendered":"Carretilla elevadora contrapesada: MaxMover\u2122 CB D 2000"},"content":{"rendered":"<a href=\"https:\/\/www.oceaneering.com\/es\/oceaneering-mobile-robotics-omr\/#contact\" target=\"_self\">\n\t\t\t\t\t\t\tDebatir un proyecto\n\t\t\t\t\t<\/a>\n\t\tCarretilla elevadora contrapesada\n<h1>\n\t\tMaxMover\u2122 CB D 2000\n\t<\/h1>\n\t<p>La vers\u00e1til MaxMover\u2122 CB D 2000 admite una gran variedad de tipos de carga de distintos tama\u00f1os y pesos.<\/p>\n\t\t\t\t<img loading=\"lazy\" decoding=\"async\" src=\"https:\/\/www.oceaneering.com\/wp-content\/uploads\/2025\/08\/240823_Maxmover_Perspective-view-header-b.webp\" alt=\"The Oceaneering Mobile Robotics MaxMover\u2122 CB D 2000 Counterbalance Forklift from side view.\" itemprop=\"image\" height=\"930\" width=\"882\" title=\"240823_Maxmover_Cabecera de vista en perspectiva b\" onerror=\"this.style.display='none'\"  \/>\n<h3>\n\t\tMaxMover\u2122 CB D 2000\n\t<\/h3>\n\t<p>Resuelva los retos operativos y supere la escasez de mano de obra con innovadoras soluciones rob\u00f3ticas m\u00f3viles basadas en tecnolog\u00eda aut\u00f3noma. Dise\u00f1ado espec\u00edficamente para su uso en log\u00edstica de almacenes, operaciones de fabricaci\u00f3n, centros de distribuci\u00f3n y l\u00edneas de montaje, el MaxMoverTM CB D 2000 ofrece un verdadero sustituto de las carretillas elevadoras de contrapeso convencionales.<\/p>\n<h5>\n\t\tTipos de carga\n\t<\/h5>\n\t<ul>\n\t\t\t\t\t<li>\n\t\t\t\tPal\u00e9s convencionales (GMA, EUR)\n\t\t\t<\/li>\n\t\t\t\t\t<li>\n\t\t\t\tPalets especializados en automoci\u00f3n\n\t\t\t<\/li>\n\t\t\t\t\t<li>\n\t\t\t\tBastidores\n\t\t\t<\/li>\n\t\t\t\t\t<li>\n\t\t\t\tCarros\n\t\t\t<\/li>\n\t\t\t<\/ul>\n<h5>\n\t\tFolletos\n\t<\/h5>\n\t\t\t<a href=\"https:\/\/oceaneering.canto.com\/download\/document\/pjmmen9qq1719cvisj0epn4f6n\/original.pdf\" target=\"_blank\" rel=\"noopener\">\n\t\t\t\t\t\t\tMaxMover\u2122 CB D 2000 | Espa\u00f1ol\n\t\t\t<\/a>\n\t\t\t\t<img decoding=\"async\" src=\"https:\/\/oceaneering.com\/wp-content\/uploads\/2023\/10\/AGV-Vehicle-Features-Icons_Set-01_Drive-small.png\" alt=\"AGV-Vehicle-Features-Icons_Set-01_Drive-small\" itemprop=\"image\" title=\"AGV-Vehicle-Features-Iconsets_Set-01_Drive-small\" onerror=\"this.style.display='none'\"  \/>\n<h3>\n\t\tConducir\n\t<\/h3>\n\t<p>Diferencial<\/p>\n\t\t\t\t<img decoding=\"async\" src=\"https:\/\/oceaneering.com\/wp-content\/uploads\/2023\/10\/AGV-Vehicle-Features-Icons_Set-01_Drive-speed-small.png\" alt=\"AGV-Vehicle-Features-Icons_Set-01_Drive-speed-small\" itemprop=\"image\" title=\"AGV-Veh\u00edculo-Caracter\u00edsticas-Iconos_Set-01_Velocidad_de_conducci\u00f3n-peque\u00f1a\" onerror=\"this.style.display='none'\"  \/>\n<h3>\n\t\tVelocidad de accionamiento\n\t<\/h3>\n\t<p>Hasta 6,6 pies\/s | 2 m\/s<\/p>\n\t\t\t\t<img decoding=\"async\" src=\"https:\/\/oceaneering.com\/wp-content\/uploads\/2023\/10\/AGV-Vehicle-Features-Icons_Set-01_Navigation-small.png\" alt=\"AGV-Vehicle-Features-Icons_Set-01_Navigation-small\" itemprop=\"image\" title=\"AGV-Vehicle-Features-Iconsets_Set-01_Navigation-small\" onerror=\"this.style.display='none'\"  \/>\n<h3>\n\t\tSistema de navegaci\u00f3n\n\t<\/h3>\n\t<p>Rasgo natural<\/p>\n\t\t\t\t<img decoding=\"async\" src=\"https:\/\/oceaneering.com\/wp-content\/uploads\/2023\/10\/AGV-Vehicle-Features-Icons_Set-01_Handling-height-small.png\" alt=\"AGV-Vehicle-Features-Icons_Set-01_Handling-height-small\" itemprop=\"image\" title=\"AGV-Vehicle-Features-Iconset-01_Handling-height-small\" onerror=\"this.style.display='none'\"  \/>\n<h3>\n\t\tAltura de elevaci\u00f3n\n\t<\/h3>\n\tHasta 500 cm<br \/>\n(Depende de las opciones de m\u00e1stil)\n\t\t\t\t<img decoding=\"async\" src=\"https:\/\/oceaneering.com\/wp-content\/uploads\/2023\/10\/AGV-Vehicle-Features-Icons_Set-01_Max-payload-small.png\" alt=\"AGV-Vehicle-Features-Icons_Set-01_Max-payload-small\" itemprop=\"image\" title=\"AGV-Vehicle-Features-Iconset-01_Max-payload-small\" onerror=\"this.style.display='none'\"  \/>\n<h3>\n\t\tCarga \u00fatil m\u00e1xima\n\t<\/h3>\n\tHasta 4.400 lb \/<br \/>\n2000 kg (20 in \/<br \/>\n500 mm centro de carga)\n\t\t\t\t\t\t\t<a href=\"https:\/\/www.oceaneering.com\/wp-content\/uploads\/2025\/08\/241122_Maxmover_side-view-copy.webp\" data-fancybox=\"photo-carousel-\">\n\t\t\t\t\t\t\t\t\t\t\t\t\t\t\t\t\t<img decoding=\"async\" src=\"https:\/\/www.oceaneering.com\/wp-content\/uploads\/2025\/08\/241122_Maxmover_side-view-copy.webp\" alt=\"\"\/>\n\t\t\t\t\t\t\t\t\t\t\t\t\t\t\t<\/a>\n\t\t\t\t\t\t\t<a href=\"https:\/\/www.oceaneering.com\/wp-content\/uploads\/2025\/08\/240823_Maxmover_Perspective-view.webp\" data-fancybox=\"photo-carousel-\">\n\t\t\t\t\t\t\t\t\t\t\t\t\t\t\t\t\t<img decoding=\"async\" src=\"https:\/\/www.oceaneering.com\/wp-content\/uploads\/2025\/08\/240823_Maxmover_Perspective-view.webp\" alt=\"\"\/>\n\t\t\t\t\t\t\t\t\t\t\t\t\t\t\t<\/a>\n\t\t\t\t\t\t\t<a href=\"https:\/\/www.oceaneering.com\/wp-content\/uploads\/2025\/08\/241122_Maxmover_5meter-mast.webp\" data-fancybox=\"photo-carousel-\">\n\t\t\t\t\t\t\t\t\t\t\t\t\t\t\t\t\t<img decoding=\"async\" src=\"https:\/\/www.oceaneering.com\/wp-content\/uploads\/2025\/08\/241122_Maxmover_5meter-mast.webp\" alt=\"\"\/>\n\t\t\t\t\t\t\t\t\t\t\t\t\t\t\t<\/a>\n\t\t\t\t\t\t\t<a href=\"https:\/\/www.oceaneering.com\/wp-content\/uploads\/2025\/08\/241122_Maxmover_3meter-mast.webp\" data-fancybox=\"photo-carousel-\">\n\t\t\t\t\t\t\t\t\t\t\t\t\t\t\t\t\t<img decoding=\"async\" src=\"https:\/\/www.oceaneering.com\/wp-content\/uploads\/2025\/08\/241122_Maxmover_3meter-mast.webp\" alt=\"\"\/>\n\t\t\t\t\t\t\t\t\t\t\t\t\t\t\t<\/a>\n\t\t\t\t\t\t\t<a href=\"https:\/\/www.oceaneering.com\/wp-content\/uploads\/2025\/08\/241122_Maxmover_2meter-mast.webp\" data-fancybox=\"photo-carousel-\">\n\t\t\t\t\t\t\t\t\t\t\t\t\t\t\t\t\t<img decoding=\"async\" src=\"https:\/\/www.oceaneering.com\/wp-content\/uploads\/2025\/08\/241122_Maxmover_2meter-mast.webp\" alt=\"\"\/>\n\t\t\t\t\t\t\t\t\t\t\t\t\t\t\t<\/a>\n\t\t\t\t\t\t\t<a href=\"https:\/\/www.oceaneering.com\/wp-content\/uploads\/2025\/08\/241122_All-Maxmover-with-different-Mast.webp\" data-fancybox=\"photo-carousel-\">\n\t\t\t\t\t\t\t\t\t\t\t\t\t\t\t\t\t<img decoding=\"async\" src=\"https:\/\/www.oceaneering.com\/wp-content\/uploads\/2025\/08\/241122_All-Maxmover-with-different-Mast.webp\" alt=\"\"\/>\n\t\t\t\t\t\t\t\t\t\t\t\t\t\t\t<\/a>\n\t\t\t<button>\n\t\t\t\tAnterior\n\t\t\t<\/button>\n\t\t\t<button>\n\t\t\t\tSiguiente\n\t\t\t<\/button>\n<h2>\n\t\tMaxMover\u2122 CB D 2000 - Robot de contrapeso\n\t<\/h2>\n\t\t\t<img decoding=\"async\" src=\"https:\/\/www.oceaneering.com\/wp-content\/uploads\/2024\/03\/maxmover.jpg\" title=\"maxmover\" alt=\"MaxMover\" \/>\t\t\t\t\t\t\t\n\t\t\t\t\tReproducir v\u00eddeo\n<h2>\n\t\tVea el MaxMover en acci\u00f3n \n\t<\/h2>\n\t\t\t<img decoding=\"async\" src=\"https:\/\/www.oceaneering.com\/wp-content\/uploads\/2025\/03\/EOD_MaxMover_forklift-obstacle-1.png\" title=\"Carretilla Elevadora Contrapesada EOD MaxMover\" alt=\"The MaxMover\u2122 Counterbalance Forklift is equipped with Empty Drop-off Detection (EDD) capabilities, which actively scans drop-off zones to ensure they are clear before payload release.\" \/>\t\t\t\t\t\t\t\n\t\t\t\t\tReproducir v\u00eddeo\n<h3>\n\t\tDetecci\u00f3n de obst\u00e1culos en altura (EOD)\n\t<\/h3>\n\t<p>Detecta obst\u00e1culos por encima del nivel del suelo que los sensores de seguridad est\u00e1ndar pasan por alto.<\/p>\n\t\t\t<img decoding=\"async\" src=\"https:\/\/www.oceaneering.com\/wp-content\/uploads\/2025\/03\/EDD_MaxMover_Blue-Scanning.jpg\" title=\"EDD_MaxMover_Blue Escaneo\" alt=\"\" \/>\t\t\t\t\t\t\t\n\t\t\t\t\tReproducir v\u00eddeo\n<h3>\n\t\tDetecci\u00f3n de dep\u00f3sito vac\u00edo (EDD)\n\t<\/h3>\n\t<p>Escanea en busca de obst\u00e1culos antes de la descarga, evitando el doble apilamiento, las colisiones y los extrav\u00edos.<\/p>\n\t\t\t<img decoding=\"async\" src=\"https:\/\/www.oceaneering.com\/wp-content\/uploads\/2025\/03\/FPA_MaxMover_adjust-forks-2.png\" title=\"FPA_MaxMover_ajustar horquillas 2\" alt=\"\" \/>\t\t\t\t\t\t\t\n\t\t\t\t\tReproducir v\u00eddeo\n<h3>\n\t\tAjuste del paso de horquilla (FPA)\n\t<\/h3>\n\t<p>Ajuste autom\u00e1tico de la anchura de las horquillas para distintos tama\u00f1os de carga.<\/p>\n\t\t\t<img decoding=\"async\" src=\"https:\/\/www.oceaneering.com\/wp-content\/uploads\/2025\/03\/250224_Destacking_Screenshot_03.png\" title=\"250224_Destacking_Screenshot_03\" alt=\"\" \/>\t\t\t\t\t\t\t\n\t\t\t\t\tReproducir v\u00eddeo\n<h3>\n\t\tDestacking\n\t<\/h3>\n\t<p>Identifica y gestiona la carga superior de una pila.<\/p>\n\t\tContacte con nosotros\n<h3>\n\t\tP\u00f3ngase en contacto con nuestros expertos \n\t<\/h3>\n\t<p>\u00bfTiene alguna pregunta o necesita m\u00e1s informaci\u00f3n sobre nuestros robots m\u00f3viles? Introduzca sus datos de contacto y describa su consulta, y nos pondremos en contacto con usted lo antes posible. Muchas gracias.<\/p>","protected":false},"excerpt":{"rendered":"<p>Discuta un proyecto Carretilla elevadora contrapesada MaxMover\u2122 CB D 2000 La vers\u00e1til MaxMover\u2122 CB D 2000 admite una gran variedad de tipos de carga de distintos tama\u00f1os y pesos. MaxMover\u2122 CB D 2000 Resuelva los retos operativos y supere la escasez de mano de obra con innovadoras soluciones rob\u00f3ticas m\u00f3viles basadas en tecnolog\u00eda aut\u00f3noma. Espec\u00edficamente dise\u00f1ado para su uso a trav\u00e9s de la log\u00edstica de almac\u00e9n, operaciones de fabricaci\u00f3n, ... <a title=\"Carretilla elevadora contrapesada: MaxMover\u2122 CB D 2000\" class=\"read-more\" href=\"https:\/\/www.oceaneering.com\/es\/oceaneering-mobile-robotics-omr\/maxmover-cb-d-2000\/\" aria-label=\"Leer m\u00e1s sobre Carretilla elevadora contrapesada: MaxMover\u2122 CB D 2000\">Seguir leyendo<\/a><\/p>","protected":false},"author":19,"featured_media":68557,"parent":1718,"menu_order":2,"comment_status":"closed","ping_status":"closed","template":"","meta":{"_acf_changed":false,"footnotes":"","_links_to":"","_links_to_target":""},"product_category":[1237],"search_tags":[1726,1138],"class_list":["post-1798","page","type-page","status-publish","has-post-thumbnail","product_category-mobile-robotics","search_tags-forklifts","search_tags-mobile-robotics"],"acf":[],"aioseo_notices":[],"_links":{"self":[{"href":"https:\/\/www.oceaneering.com\/es\/wp-json\/wp\/v2\/pages\/1798","targetHints":{"allow":["GET"]}}],"collection":[{"href":"https:\/\/www.oceaneering.com\/es\/wp-json\/wp\/v2\/pages"}],"about":[{"href":"https:\/\/www.oceaneering.com\/es\/wp-json\/wp\/v2\/types\/page"}],"author":[{"embeddable":true,"href":"https:\/\/www.oceaneering.com\/es\/wp-json\/wp\/v2\/users\/19"}],"replies":[{"embeddable":true,"href":"https:\/\/www.oceaneering.com\/es\/wp-json\/wp\/v2\/comments?post=1798"}],"version-history":[{"count":5,"href":"https:\/\/www.oceaneering.com\/es\/wp-json\/wp\/v2\/pages\/1798\/revisions"}],"predecessor-version":[{"id":79983,"href":"https:\/\/www.oceaneering.com\/es\/wp-json\/wp\/v2\/pages\/1798\/revisions\/79983"}],"up":[{"embeddable":true,"href":"https:\/\/www.oceaneering.com\/es\/wp-json\/wp\/v2\/pages\/1718"}],"wp:featuredmedia":[{"embeddable":true,"href":"https:\/\/www.oceaneering.com\/es\/wp-json\/wp\/v2\/media\/68557"}],"wp:attachment":[{"href":"https:\/\/www.oceaneering.com\/es\/wp-json\/wp\/v2\/media?parent=1798"}],"wp:term":[{"taxonomy":"product_category","embeddable":true,"href":"https:\/\/www.oceaneering.com\/es\/wp-json\/wp\/v2\/product_category?post=1798"},{"taxonomy":"search_tags","embeddable":true,"href":"https:\/\/www.oceaneering.com\/es\/wp-json\/wp\/v2\/search_tags?post=1798"}],"curies":[{"name":"wp","href":"https:\/\/api.w.org\/{rel}","templated":true}]}}