{"id":1718,"date":"2023-10-03T09:22:20","date_gmt":"2023-10-03T13:22:20","guid":{"rendered":"https:\/\/oceaneering.com\/?page_id=1718"},"modified":"2025-12-09T03:07:05","modified_gmt":"2025-12-09T09:07:05","slug":"oceaneering-mobile-robotics-omr","status":"publish","type":"page","link":"https:\/\/www.oceaneering.com\/es\/oceaneering-mobile-robotics-omr\/","title":{"rendered":"Rob\u00f3tica m\u00f3vil de Oceaneering (OMR)"},"content":{"rendered":"<a href=\"https:\/\/www.oceaneering.com\/es\/oceaneering-mobile-robotics-omr\/#contact\" target=\"_self\">\n\t\t\t\t\t\t\tDebatir un proyecto\n\t\t\t\t\t<\/a>\n<h1>\n\t\tRob\u00f3tica m\u00f3vil de Oceaneering (OMR)\n\t<\/h1>\n\n\t\tResuelva sus retos operativos y optimice eficazmente la manipulaci\u00f3n de materiales y la log\u00edstica con innovadores robots m\u00f3viles que integran tecnolog\u00eda aut\u00f3noma.\n\t\n<h2>\n\t\tConozca a nuestros robots\n\t<\/h2>\n\t<p>Suministramos robots m\u00f3viles estandarizados con navegaci\u00f3n sin infraestructuras que garantizan el menor coste total de propiedad por veh\u00edculo. Cada robot m\u00f3vil aut\u00f3nomo (AMR) est\u00e1 equipado con las \u00faltimas tecnolog\u00edas de seguridad que crean el mejor entorno de trabajo para robots m\u00f3viles y humanos.<\/p>\n\t\t\t\t<a href=\"https:\/\/www.oceaneering.com\/es\/maxmover-cb-d-2000\/\"  target=\"_self\" itemprop=\"url\">\n\t\t\t\t<img loading=\"lazy\" decoding=\"async\" src=\"https:\/\/www.oceaneering.com\/wp-content\/uploads\/2024\/03\/240301_Maxmover_01-edited.png\" alt=\"MaxMover Counterbalance Forklift\" itemprop=\"image\" height=\"1227\" width=\"1300\" title=\"240301_Maxmover_01-edited\" onerror=\"this.style.display='none'\"  \/>\n\t\t\t\t<\/a>\n<h3>\n\t\tMaxMover<sup>TM<\/sup> CB D 2000\n\t<\/h3>\n\n\t\tCarretilla elevadora contrapesada\n\t\n\t\t\t<a href=\"https:\/\/www.oceaneering.com\/es\/maxmover-cb-d-2000\/\" target=\"_self\">\n\t\t\t\t\t\t\tExplorar el robot\n\t\t\t<\/a>\n\t\t\t\t<a href=\"https:\/\/www.oceaneering.com\/es\/unimover-o-600\/\"  target=\"_self\" itemprop=\"url\">\n\t\t\t\t<img loading=\"lazy\" decoding=\"async\" src=\"https:\/\/www.oceaneering.com\/wp-content\/uploads\/2023\/10\/UniMover-O-600-220317_Unimover_apollo_03-1.png\" alt=\"UniMover Underride Robot\" itemprop=\"image\" height=\"1080\" width=\"1920\" title=\"UniMoverTM O 600\" onerror=\"this.style.display='none'\"  \/>\n\t\t\t\t<\/a>\n<h3>\n\t\tUniMover<sup>TM<\/sup> O 600\n\t<\/h3>\n\n\t\tEmpuje por debajo\n\t\n\t\t\t<a href=\"https:\/\/www.oceaneering.com\/es\/unimover-o-600\/\" target=\"_self\">\n\t\t\t\t\t\t\tExplorar el robot\n\t\t\t<\/a>\n\t\t\t\t<a href=\"https:\/\/www.oceaneering.com\/es\/compactmover-fol-u-1200\/\"  target=\"_self\" itemprop=\"url\">\n\t\t\t\t<img loading=\"lazy\" decoding=\"async\" src=\"https:\/\/www.oceaneering.com\/wp-content\/uploads\/2023\/12\/CompactMover-FOL-U-1200-220321_CM_FOL_01-edited-position2-1-700x394-landscape-landscape-51aea4ec2832f234b10cff85ab3bfa02-.png\" alt=\"CompactMover Fork over leg\" itemprop=\"image\" height=\"394\" width=\"563\" title=\"CompactMover-FOL-U-1200-220321_CM_FOL_01-edited-position2-1-700x394-landscape-landscape-51aea4ec2832f234b10cff85ab3bfa02-\" onerror=\"this.style.display='none'\"  \/>\n\t\t\t\t<\/a>\n<h3>\n\t\tCompactMover<sup>TM<\/sup> FOL U 1200\n\t<\/h3>\n\n\t\tHorquilla sobre la pierna\n\t\n\t\t\t<a href=\"https:\/\/www.oceaneering.com\/es\/oceaneering-mobile-robotics-omr\/compactmover-1200-forklift\/\" target=\"_self\">\n\t\t\t\t\t\t\tExplorar el robot\n\t\t\t<\/a>\n<h2>\n\t\tSe avecina algo COMPACTO\n\t<\/h2>\n\n\t\tRevelaci\u00f3n 8 de octubre de 2025\n\t\n\t\t\t<a href=\"\/es\/oceaneering-mobile-robotics-omr\/compactmover-800-forklift\/\" target=\"_self\">\n\t\t\t\t\t\t\tUn vistazo\n\t\t\t<\/a>\n\t\t1,700+\n\n\t\trobots m\u00f3viles desplegados en todo el mundo\n\t\n\t\t30+\n\n\t\ta\u00f1os de experiencia en desarrollo, integraci\u00f3n y mantenimiento de robots m\u00f3viles industriales\n\t\n\t\t100+\n\n\t\trobots en la mayor flota activa\n\t\n<h2>\n\t\tAutomatice sus operaciones de fabricaci\u00f3n y log\u00edstica\n\t<\/h2>\n\t<p>Adaptables a una amplia gama de sectores, nuestros innovadores sistemas de rob\u00f3tica m\u00f3vil revolucionan la eficiencia operativa. Explore las diversas aplicaciones y casos de uso en los que nuestra tecnolog\u00eda de rob\u00f3tica m\u00f3vil aut\u00f3noma (AMR) ha allanado el camino para unas operaciones fluidas y seguras.<\/p>\n<h2>\n\t\tResolver los retos de la manipulaci\u00f3n de materiales\n\t<\/h2>\n\t<p>Los retos asociados a las operaciones de manipulaci\u00f3n de materiales y log\u00edstica exigen nuevos enfoques. La automatizaci\u00f3n es el catalizador del \u00e9xito en el mercado actual. Nuestros sistemas rob\u00f3ticos m\u00f3viles se integran a la perfecci\u00f3n en los flujos de trabajo intralog\u00edsticos, optimizando los procesos, reduciendo los errores y mejorando la agilidad operativa general.<\/p>\n\t\t\t\t<img loading=\"lazy\" decoding=\"async\" src=\"https:\/\/www.oceaneering.com\/wp-content\/uploads\/2024\/03\/OMR-Labor-shortage-Icon-3.png\" alt=\"OMR Labor shortage Icon\" itemprop=\"image\" height=\"500\" width=\"766\" title=\"OMR-Escasez de mano de obra-Icono-3\" onerror=\"this.style.display='none'\"  \/>\n<h3>\n\t\tSuperar la escasez de mano de obra \n\t<\/h3>\n\t\t\t\t<img loading=\"lazy\" decoding=\"async\" src=\"https:\/\/www.oceaneering.com\/wp-content\/uploads\/2024\/03\/OMR-reduce-costs-icon-2.png\" alt=\"OMR reduce costs icon\" itemprop=\"image\" height=\"500\" width=\"569\" title=\"OMR-reduce-costs-icon-2\" onerror=\"this.style.display='none'\"  \/>\n<h3>\n\t\tReducir costes en todas las operaciones \n\t<\/h3>\n\t\t\t\t<img loading=\"lazy\" decoding=\"async\" src=\"https:\/\/www.oceaneering.com\/wp-content\/uploads\/2024\/03\/OMR-lower-emissions-icon-slimmer.png\" alt=\"OMR-lower-emissions-icon-2\" itemprop=\"image\" height=\"500\" width=\"503\" title=\"OMR-m\u00e1s-bajo-emisiones-icono-m\u00e1s-delgado\" onerror=\"this.style.display='none'\"  \/>\n<h3>\n\t\tMenos emisiones\n\t<\/h3>\n\t\t\t\t<img loading=\"lazy\" decoding=\"async\" src=\"https:\/\/www.oceaneering.com\/wp-content\/uploads\/2024\/03\/OMR-improve-efficiency-icon-2.png\" alt=\"OMR improve efficiency icon\" itemprop=\"image\" height=\"500\" width=\"527\" title=\"OMR-improve-efficiency-icon-2\" onerror=\"this.style.display='none'\"  \/>\n<h3>\n\t\tMejorar la eficacia, el rendimiento y la seguridad\n\t<\/h3>\n\t\t\t\t<img loading=\"lazy\" decoding=\"async\" src=\"https:\/\/www.oceaneering.com\/wp-content\/uploads\/2023\/11\/OMR_warehouse_MaxMover_02-1-1536x864-1.jpeg\" alt=\"Warehouse illustration showing Oceaneering Mobile Robots at work\" itemprop=\"image\" height=\"864\" width=\"1536\" title=\"OMR_warehouse_MaxMover_02-1-1536x864\" onerror=\"this.style.display='none'\"  \/>\n<h3>\n\t\tWhat&#8217;s Moving Your Operations Forward?\n\t<\/h3>\n\t<p>Visi\u00f3n general de los veh\u00edculos de guiado autom\u00e1tico (AGV) y los robots m\u00f3viles aut\u00f3nomos (AMR).<\/p>\n\t\t\t<a href=\"https:\/\/www.oceaneering.com\/es\/white-papers\/the-differences-between-automated-guided-vehicles-and-autonomous-mobile-robots\/\" target=\"_self\">\n\t\t\t\t\t\t\tLeer el Libro Blanco\n\t\t\t<\/a>\n\t\t\t\t<img loading=\"lazy\" decoding=\"async\" src=\"https:\/\/www.oceaneering.com\/wp-content\/uploads\/2023\/11\/ecc9e93ad27c4b64ac005da5b19c763e.800.jpg\" alt=\"Digital blue dots on dark background\" itemprop=\"image\" height=\"450\" width=\"800\" title=\"Software de supervisi\u00f3n OMR\" onerror=\"this.style.display='none'\"  \/>\n<h3>\n\t\tSoftware de supervisi\u00f3n OMR\n\t<\/h3>\n\t<p>Eleve sus operaciones a nuevas cotas con el software de supervisi\u00f3n de Oceaneering. Estamos impulsando la evoluci\u00f3n de las m\u00e1quinas inteligentes con un software que incorpora la computaci\u00f3n en la nube, la IIoT, el aprendizaje autom\u00e1tico y las tecnolog\u00edas de big data para presentar una visi\u00f3n optimizada de los datos que permita una mejor toma de decisiones.<\/p>\n\t\t\t<a href=\"https:\/\/oceaneering.canto.com\/download\/document\/gpdmgvd24l45rbamai98vbqa2i\/original.pdf\" target=\"_blank\" rel=\"noopener\">\n\t\t\t\t\t\t\tSoftware de supervisi\u00f3n Oceaneering\n\t\t\t<\/a>\n\t\t\t\t<img loading=\"lazy\" decoding=\"async\" src=\"https:\/\/www.oceaneering.com\/wp-content\/uploads\/2023\/11\/DSC2917s-edited-1-1024x1536-1.jpeg\" alt=\"Oceaneering technician doing repair work on a mobile robot\" itemprop=\"image\" height=\"1536\" width=\"1024\" title=\"DSC2917s-edited-1-1024x1536\" onerror=\"this.style.display='none'\"  \/>\n<h3>\n\t\tServicios del ciclo de vida de OMR \n\t<\/h3>\n\t<p>Nuestros servicios de ciclo de vida OMR garantizan la continuidad y el rendimiento de nuestros robots m\u00f3viles, incluidas las plataformas heredadas, y del software. Ofrecemos asistencia r\u00e1pida y profesional en cualquier lugar del mundo, 24 horas al d\u00eda, 7 d\u00edas a la semana.<\/p>\n\t\t\t<a href=\"https:\/\/www.oceaneering.com\/es\/oceaneering-mobile-robotics-omr\/customer-care-program\/\" target=\"_self\">\n\t\t\t\t\t\t\tM\u00e1s informaci\u00f3n\n\t\t\t<\/a>\n<h2>\n\t\tFerias, seminarios web y eventos\n\t<\/h2>\n\n\t\tObtenga m\u00e1s informaci\u00f3n sobre nuestros robots l\u00edderes del sector e interact\u00fae con los expertos en la materia de Oceaneeing Mobile Robotics en nuestros pr\u00f3ximos eventos.  \n\t\n\t\t\t<a href=\"https:\/\/www.oceaneering.com\/es\/news-media\/events\/\" target=\"_self\">\n\t\t\t\t\t\t\tVer todos\n\t\t\t<\/a>\n<h2>\n\t\t\u00daltimas noticias\n\t<\/h2>\n\t\t\t<a href='https:\/\/www.oceaneering.com\/es\/oceaneering-mobile-robotics-unveils-new-autonomous-features-for-smarter-safer-and-more-efficient-material-handling\/' title='Oceaneering Mobile Robotics presenta nuevas funciones aut\u00f3nomas para una manipulaci\u00f3n de materiales m\u00e1s inteligente, segura y eficiente'><img width=\"1024\" height=\"576\" src=\"https:\/\/www.oceaneering.com\/wp-content\/uploads\/2025\/03\/EOD_MaxMover_forklift-obstacle-1-1024x576.png\" alt=\"The MaxMover\u2122 Counterbalance Forklift is equipped with Empty Drop off Detection EDD capabilities which actively scans drop off zones to ensure they are clear before payload release\" itemprop=\"image\" decoding=\"async\" loading=\"lazy\" srcset=\"https:\/\/www.oceaneering.com\/wp-content\/uploads\/2025\/03\/EOD_MaxMover_forklift-obstacle-1-1024x576.png 1024w, https:\/\/www.oceaneering.com\/wp-content\/uploads\/2025\/03\/EOD_MaxMover_forklift-obstacle-1-300x169.png 300w, https:\/\/www.oceaneering.com\/wp-content\/uploads\/2025\/03\/EOD_MaxMover_forklift-obstacle-1-768x432.png 768w, https:\/\/www.oceaneering.com\/wp-content\/uploads\/2025\/03\/EOD_MaxMover_forklift-obstacle-1-1536x864.png 1536w, https:\/\/www.oceaneering.com\/wp-content\/uploads\/2025\/03\/EOD_MaxMover_forklift-obstacle-1-18x10.png 18w, https:\/\/www.oceaneering.com\/wp-content\/uploads\/2025\/03\/EOD_MaxMover_forklift-obstacle-1-1280x720.png 1280w, https:\/\/www.oceaneering.com\/wp-content\/uploads\/2025\/03\/EOD_MaxMover_forklift-obstacle-1-960x540.png 960w, https:\/\/www.oceaneering.com\/wp-content\/uploads\/2025\/03\/EOD_MaxMover_forklift-obstacle-1-640x360.png 640w, https:\/\/www.oceaneering.com\/wp-content\/uploads\/2025\/03\/EOD_MaxMover_forklift-obstacle-1-320x180.png 320w, https:\/\/www.oceaneering.com\/wp-content\/uploads\/2025\/03\/EOD_MaxMover_forklift-obstacle-1.png 1920w\" sizes=\"auto, (max-width: 1024px) 100vw, 1024px\" title=\"Carretilla Elevadora Contrapesada EOD MaxMover | Oceaneering\" \/><\/a>\n\t\t8\/8\/2025\n\t<h3><a href='https:\/\/www.oceaneering.com\/es\/oceaneering-mobile-robotics-unveils-new-autonomous-features-for-smarter-safer-and-more-efficient-material-handling\/' title='Oceaneering Mobile Robotics presenta nuevas funciones aut\u00f3nomas para una manipulaci\u00f3n de materiales m\u00e1s inteligente, segura y eficiente'>Oceaneering Mobile Robotics presenta nuevas funciones aut\u00f3nomas para una manipulaci\u00f3n de materiales m\u00e1s inteligente, segura y eficiente<\/a><\/h3>\n\t\t\t<a href='https:\/\/www.oceaneering.com\/es\/oceaneering-mobile-robotics-completes-successful-pilot-project-with-zeiss-group\/' title='Oceaneering Mobile Robotics completa con \u00e9xito un proyecto piloto con el Grupo ZEISS'><img width=\"1024\" height=\"683\" src=\"https:\/\/www.oceaneering.com\/wp-content\/uploads\/2023\/11\/OMR-UniMover-at-Zeiss-4U7A9136-scaled-1-1024x683.jpg\" alt=\"Oceaneering Mobile Robotics UniMover AMR operating on the shop floor of a warehouse\" itemprop=\"image\" decoding=\"async\" loading=\"lazy\" srcset=\"https:\/\/www.oceaneering.com\/wp-content\/uploads\/2023\/11\/OMR-UniMover-at-Zeiss-4U7A9136-scaled-1-1024x683.jpg 1024w, https:\/\/www.oceaneering.com\/wp-content\/uploads\/2023\/11\/OMR-UniMover-at-Zeiss-4U7A9136-scaled-1-300x200.jpg 300w, https:\/\/www.oceaneering.com\/wp-content\/uploads\/2023\/11\/OMR-UniMover-at-Zeiss-4U7A9136-scaled-1-768x512.jpg 768w, https:\/\/www.oceaneering.com\/wp-content\/uploads\/2023\/11\/OMR-UniMover-at-Zeiss-4U7A9136-scaled-1-1536x1024.jpg 1536w, https:\/\/www.oceaneering.com\/wp-content\/uploads\/2023\/11\/OMR-UniMover-at-Zeiss-4U7A9136-scaled-1-2048x1366.jpg 2048w, https:\/\/www.oceaneering.com\/wp-content\/uploads\/2023\/11\/OMR-UniMover-at-Zeiss-4U7A9136-scaled-1-18x12.jpg 18w\" sizes=\"auto, (max-width: 1024px) 100vw, 1024px\" title=\"OMRUniMoveratZeiss4U7A9136scaled | Oceaneering\" \/><\/a>\n\t\t10\/4\/2023\n\t<h3><a href='https:\/\/www.oceaneering.com\/es\/oceaneering-mobile-robotics-completes-successful-pilot-project-with-zeiss-group\/' title='Oceaneering Mobile Robotics completa con \u00e9xito un proyecto piloto con el Grupo ZEISS'>Oceaneering Mobile Robotics completa con \u00e9xito un proyecto piloto con el Grupo ZEISS<\/a><\/h3>\n\t\t\t<a href='https:\/\/www.oceaneering.com\/es\/oceaneering-mobile-robotics-announces-new-german-office-location\/' title='Oceaneering Mobile Robotics anuncia la apertura de una nueva oficina en Alemania'><img width=\"1024\" height=\"683\" src=\"https:\/\/www.oceaneering.com\/wp-content\/uploads\/2023\/11\/CB-D2000-132-edited-1-1024x683.jpg\" alt=\"Oceaneering Mobile Robotics MaxMover CB D2000 autonomous forklift positioned in a warehouse with forks lifted\" itemprop=\"image\" decoding=\"async\" loading=\"lazy\" srcset=\"https:\/\/www.oceaneering.com\/wp-content\/uploads\/2023\/11\/CB-D2000-132-edited-1-1024x683.jpg 1024w, https:\/\/www.oceaneering.com\/wp-content\/uploads\/2023\/11\/CB-D2000-132-edited-1-300x200.jpg 300w, https:\/\/www.oceaneering.com\/wp-content\/uploads\/2023\/11\/CB-D2000-132-edited-1-768x512.jpg 768w, https:\/\/www.oceaneering.com\/wp-content\/uploads\/2023\/11\/CB-D2000-132-edited-1-1536x1024.jpg 1536w, https:\/\/www.oceaneering.com\/wp-content\/uploads\/2023\/11\/CB-D2000-132-edited-1-18x12.jpg 18w, https:\/\/www.oceaneering.com\/wp-content\/uploads\/2023\/11\/CB-D2000-132-edited-1.jpg 1920w\" sizes=\"auto, (max-width: 1024px) 100vw, 1024px\" title=\"CBD2000132edited1 | Oceaneering\" \/><\/a>\n\t\t9\/25\/2023\n\t<h3><a href='https:\/\/www.oceaneering.com\/es\/oceaneering-mobile-robotics-announces-new-german-office-location\/' title='Oceaneering Mobile Robotics anuncia la apertura de una nueva oficina en Alemania'>Oceaneering Mobile Robotics anuncia la apertura de una nueva oficina en Alemania<\/a><\/h3>\n\t\t<!-- .pp-content-posts -->\n\t\t\t<a href=\"https:\/\/www.oceaneering.com\/es\/tag\/mobile-robotics\/\" target=\"_self\">\n\t\t\t\t\t\t\tVer todas las noticias\n\t\t\t\t\t<\/a>\n\t\tContacte con nosotros\n<h3>\n\t\tP\u00f3ngase en contacto con nuestros expertos \n\t<\/h3>\n\t<p>\u00bfTiene alguna pregunta o necesita m\u00e1s informaci\u00f3n sobre nuestros robots m\u00f3viles? Introduzca sus datos de contacto y describa su consulta, y nos pondremos en contacto con usted lo antes posible. Muchas gracias.<\/p>","protected":false},"excerpt":{"rendered":"<p>Analizar un proyecto Oceaneering Mobile Robotics (OMR) Resuelva sus retos operativos y optimice eficazmente la manipulaci\u00f3n de materiales y la log\u00edstica con innovadores robots m\u00f3viles que integran tecnolog\u00eda aut\u00f3noma. Conozca nuestros robots Suministramos robots m\u00f3viles estandarizados con navegaci\u00f3n sin infraestructuras que garantizan el menor coste total de propiedad por veh\u00edculo. Cada Robot M\u00f3vil Aut\u00f3nomo (OMR) est\u00e1 equipado con ... <a title=\"Rob\u00f3tica m\u00f3vil de Oceaneering (OMR)\" class=\"read-more\" href=\"https:\/\/www.oceaneering.com\/es\/oceaneering-mobile-robotics-omr\/\" aria-label=\"Leer m\u00e1s sobre Oceaneering Mobile Robotics (OMR)\">Seguir leyendo<\/a><\/p>","protected":false},"author":20,"featured_media":0,"parent":0,"menu_order":2,"comment_status":"closed","ping_status":"closed","template":"","meta":{"_acf_changed":false,"footnotes":"","_links_to":"","_links_to_target":""},"product_category":[1237],"search_tags":[1138],"class_list":["post-1718","page","type-page","status-publish","product_category-mobile-robotics","search_tags-mobile-robotics"],"acf":[],"aioseo_notices":[],"_links":{"self":[{"href":"https:\/\/www.oceaneering.com\/es\/wp-json\/wp\/v2\/pages\/1718","targetHints":{"allow":["GET"]}}],"collection":[{"href":"https:\/\/www.oceaneering.com\/es\/wp-json\/wp\/v2\/pages"}],"about":[{"href":"https:\/\/www.oceaneering.com\/es\/wp-json\/wp\/v2\/types\/page"}],"author":[{"embeddable":true,"href":"https:\/\/www.oceaneering.com\/es\/wp-json\/wp\/v2\/users\/20"}],"replies":[{"embeddable":true,"href":"https:\/\/www.oceaneering.com\/es\/wp-json\/wp\/v2\/comments?post=1718"}],"version-history":[{"count":9,"href":"https:\/\/www.oceaneering.com\/es\/wp-json\/wp\/v2\/pages\/1718\/revisions"}],"predecessor-version":[{"id":80193,"href":"https:\/\/www.oceaneering.com\/es\/wp-json\/wp\/v2\/pages\/1718\/revisions\/80193"}],"wp:attachment":[{"href":"https:\/\/www.oceaneering.com\/es\/wp-json\/wp\/v2\/media?parent=1718"}],"wp:term":[{"taxonomy":"product_category","embeddable":true,"href":"https:\/\/www.oceaneering.com\/es\/wp-json\/wp\/v2\/product_category?post=1718"},{"taxonomy":"search_tags","embeddable":true,"href":"https:\/\/www.oceaneering.com\/es\/wp-json\/wp\/v2\/search_tags?post=1718"}],"curies":[{"name":"wp","href":"https:\/\/api.w.org\/{rel}","templated":true}]}}