{"id":1712,"date":"2023-10-02T13:32:44","date_gmt":"2023-10-02T17:32:44","guid":{"rendered":"https:\/\/oceaneering.com\/?page_id=1712"},"modified":"2024-09-11T04:12:01","modified_gmt":"2024-09-11T09:12:01","slug":"topside-chemical-throttle-valves","status":"publish","type":"page","link":"https:\/\/www.oceaneering.com\/es\/rotator-technologies\/topside-chemical-throttle-valves\/","title":{"rendered":"V\u00e1lvulas de mariposa qu\u00edmicas de la parte superior (T-CTV)"},"content":{"rendered":"<a href=\"https:\/\/www.oceaneering.com\/es\/rotator-technologies\/#contact\" target=\"_self\" rel=\"noopener\">\n\t\t\t\t\t\t\tDebatir un proyecto\n\t\t\t\t\t<\/a>\n<h1>\n\t\tV\u00e1lvula de mariposa qu\u00edmica superior (T-CTV)\n\t<\/h1>\n\t<p>Nuestro T-CTV es un paquete de dosificaci\u00f3n de productos qu\u00edmicos totalmente automatizado y sin filtros que combina la medici\u00f3n continua y precisa del caudal en un dise\u00f1o modular plug-and-play.<\/p>\n\t\t\t<a href=\"https:\/\/oceaneering.canto.com\/download\/document\/q724qeep9105l989bvem5t0a5g\/original.pdf\" target=\"_blank\" rel=\"noopener\">\n\t\t\t\t\t\t\tV\u00e1lvula de mariposa qu\u00edmica superior (T-CTV)\n\t\t\t<\/a>\n\n\t\tLa T-CTV proporciona un caudal medido con precisi\u00f3n, independientemente del tipo de fluido, la viscosidad y la presi\u00f3n del sistema. La tecnolog\u00eda de medici\u00f3n de caudal Coriolis de la v\u00e1lvula garantiza una precisi\u00f3n de dosificaci\u00f3n de productos qu\u00edmicos superior, continua y la mejor de su clase.\n\t\n\t\t\t\t<img decoding=\"async\" src=\"https:\/\/oceaneering.com\/wp-content\/uploads\/2023\/11\/Best-in-class-accuracy-1.png\" alt=\"Best-in-class-accuracy-1\" itemprop=\"image\" title=\"M\u00e1xima precisi\u00f3n-1\" onerror=\"this.style.display='none'\"  \/>\n<h3>\n\t\tLa mejor precisi\u00f3n de su clase\n\t<\/h3>\n\t<p>+\/- 0,2% de lectura<\/p>\n\t\t\t\t<img decoding=\"async\" src=\"https:\/\/oceaneering.com\/wp-content\/uploads\/2023\/11\/Contamination-tolerant-1.png\" alt=\"Contamination-tolerant-1\" itemprop=\"image\" title=\"Tolerante a la contaminaci\u00f3n-1\" onerror=\"this.style.display='none'\"  \/>\n<h3>\n\t\tTolerancia a la contaminaci\u00f3n\n\t<\/h3>\n\t<p>Dise\u00f1o sin filtros<\/p>\n\t\t\t\t<img decoding=\"async\" src=\"https:\/\/oceaneering.com\/wp-content\/uploads\/2023\/11\/Remote-connectivity-capability-1.png\" alt=\"Remote-connectivity-capability-1\" itemprop=\"image\" title=\"Capacidad de conectividad remota-1\" onerror=\"this.style.display='none'\"  \/>\n<h3>\n\t\tCapacidad de conexi\u00f3n remota\n\t<\/h3>\n\t<p>Preparado para el futuro<\/p>\n\t\t\t\t<img decoding=\"async\" src=\"https:\/\/oceaneering.com\/wp-content\/uploads\/2023\/11\/Easy-system-integration-1.png\" alt=\"Easy-system-integration-1\" itemprop=\"image\" title=\"Sistema de f\u00e1cil integraci\u00f3n-1\" onerror=\"this.style.display='none'\"  \/>\n<h3>\n\t\tF\u00e1cil integraci\u00f3n del sistema\n\t<\/h3>\n\t<p>Plug-and-play<\/p>\n\t\t\t<img decoding=\"async\" src=\"https:\/\/www.oceaneering.com\/wp-content\/uploads\/2023\/11\/CTV-Video-thumbnail.jpeg\" title=\"T-CTV-Video-thumbnail\" alt=\"\" \/>\t\t\t\t\t\t\t\n\t\t\t\t\tReproducir v\u00eddeo\n<h2>\n\t\tDise\u00f1o vers\u00e1til y robusto\n\t<\/h2>\n\n\t\tOfrecemos el T-CTV m\u00e1s vers\u00e1til, preciso y robusto del sector. Su dise\u00f1o modular plug-and-play garantiza su f\u00e1cil integraci\u00f3n tanto en sistemas nuevos como en los ya existentes.\n\t\n\t\t\t<img decoding=\"async\" src=\"https:\/\/www.oceaneering.com\/wp-content\/uploads\/2024\/02\/201230_T-CTV_05-cropped.png\" alt=\"\"\/>\n\t\t\t\t\t\t\t\t\t\tRestrictor variable\n\t\t\t\t\t\t\t\t\t\t\t\t\t\t<h6><strong>Restrictor variable<\/strong><\/h6>\t\t\t\t\t\t\t\t\t\t\t\t\t\n\t\t\t\t\t\t\t\t\t\tCuerpo de v\u00e1lvula\n\t\t\t\t\t\t\t\t\t\t\t\t\t\t<h6><strong>Cuerpo de v\u00e1lvula<\/strong><\/h6>\t\t\t\t\t\t\t\t\t\t\t\t\t\n\t\t\t\t\t\t\t\t\t\tCarcasa del controlador Ex d\n\t\t\t\t\t\t\t\t\t\t\t\t\t\t<h6><strong>Carcasa del controlador Ex d<\/strong><\/h6>\t\t\t\t\t\t\t\t\t\t\t\t\t\n\t\t\t\t\t\t\t\t\t\tCaja de conexiones Ex e\n\t\t\t\t\t\t\t\t\t\t\t\t\t\t<h6><strong>Caja de conexiones Ex e<\/strong><\/h6>\t\t\t\t\t\t\t\t\t\t\t\t\t\n\t\t\t\t\t\t\t\t\t\tM\u00f3dulo de caudal\u00edmetro Coriolis\n\t\t\t\t\t\t\t\t\t\t\t\t\t\t<h6><strong>M\u00f3dulo de caudal\u00edmetro Coriolis<\/strong><\/h6>\t\t\t\t\t\t\t\t\t\t\t\t\t\n<h2>\n\t\tDise\u00f1o autolimpiante y sin filtro\n\t<\/h2>\n\n\t\tNuestra T-CTV es el \u00fanico dise\u00f1o del sector que integra una posici\u00f3n combinada de lavado completo con un rascador mec\u00e1nico integrado. Esta caracter\u00edstica garantiza una tolerancia superior a la contaminaci\u00f3n y ofrece un rendimiento inigualable, preciso y duradero sin necesidad de filtros.\n\t\n\t\t\t\t\t\t\t\t\t<img decoding=\"async\" src=\"https:\/\/oceaneering.canto.com\/direct\/image\/9630de4erd2d53dgteu616n536\/AEkesfiGbbQkZaYGZTg4Ft5Loog\/original?content-type=image%2Fgif&#038;name=Shot_11_720p.gif\" alt=\"original?content-type=image%2Fgif&amp;name=Shot_11_720p.gif\" itemprop=\"image\" title=\"original?content-type=image%2Fgif&amp;name=Shot_11_720p.gif\" onerror=\"this.style.display='none'\"  \/>\n<h2>\n\t\tAcelere su transici\u00f3n digital\n\t<\/h2>\n\n\t\tNuestro T-CTV, preparado para el futuro, est\u00e1 dise\u00f1ado para acelerar su transici\u00f3n digital. El T-CTV es ideal para aplicaciones no tripuladas y operadas a distancia en todos los sectores y puede configurarse con funciones Wi-Fi opcionales.\n\t\n\t\t\t\t\t\t\t\t\t\t\t\t<h3>Petr\u00f3leo y gas<\/h3>\n\t\t\t\t\t\t\t\t\t\t\t\t<h3>Procesado qu\u00edmico <\/h3>\n\t\t\t\t\t\t\t\t\t\t\t\t<h3>Tratamiento de aguas residuales <\/h3>\n\t\t\t\t\t\t\t\t\t\t\t\t<h3>Medicina y farmacia<\/h3>\n<h2>\n\t\tGaler\u00eda de im\u00e1genes de T-CTV\n\t<\/h2>\n\t\t\t\t\t\t\t<a href=\"https:\/\/oceaneering.com\/wp-content\/uploads\/2023\/11\/201230_T-CTV_01-1-1.png\" data-fancybox=\"photo-carousel-\">\n\t\t\t\t\t\t\t\t\t\t\t\t\t\t\t\t\t<img decoding=\"async\" src=\"https:\/\/oceaneering.com\/wp-content\/uploads\/2023\/11\/201230_T-CTV_01-1-1.png\" alt=\"\"\/>\n\t\t\t\t\t\t\t\t\t\t\t\t\t\t\t<\/a>\n\t\t\t\t\t\t\t<a href=\"https:\/\/oceaneering.com\/wp-content\/uploads\/2023\/11\/Back-View-Tiny.jpeg\" data-fancybox=\"photo-carousel-\">\n\t\t\t\t\t\t\t\t\t\t\t\t\t\t\t\t\t<img decoding=\"async\" src=\"https:\/\/oceaneering.com\/wp-content\/uploads\/2023\/11\/Back-View-Tiny.jpeg\" alt=\"\"\/>\n\t\t\t\t\t\t\t\t\t\t\t\t\t\t\t<\/a>\n\t\t\t\t\t\t\t<a href=\"https:\/\/oceaneering.com\/wp-content\/uploads\/2023\/11\/Rotator-Display-Layout-2.jpeg\" data-fancybox=\"photo-carousel-\">\n\t\t\t\t\t\t\t\t\t\t\t\t\t\t\t\t\t<img decoding=\"async\" src=\"https:\/\/oceaneering.com\/wp-content\/uploads\/2023\/11\/Rotator-Display-Layout-2.jpeg\" alt=\"\"\/>\n\t\t\t\t\t\t\t\t\t\t\t\t\t\t\t<\/a>\n\t\t\t\t\t\t\t<a href=\"https:\/\/oceaneering.com\/wp-content\/uploads\/2023\/11\/Front-View-Tiny.jpeg\" data-fancybox=\"photo-carousel-\">\n\t\t\t\t\t\t\t\t\t\t\t\t\t\t\t\t\t<img decoding=\"async\" src=\"https:\/\/oceaneering.com\/wp-content\/uploads\/2023\/11\/Front-View-Tiny.jpeg\" alt=\"\"\/>\n\t\t\t\t\t\t\t\t\t\t\t\t\t\t\t<\/a>\n\t\t\t\t\t\t\t<a href=\"https:\/\/oceaneering.com\/wp-content\/uploads\/2023\/11\/201230_T-CTV_05-1.jpeg\" data-fancybox=\"photo-carousel-\">\n\t\t\t\t\t\t\t\t\t\t\t\t\t\t\t\t\t<img decoding=\"async\" src=\"https:\/\/oceaneering.com\/wp-content\/uploads\/2023\/11\/201230_T-CTV_05-1.jpeg\" alt=\"\"\/>\n\t\t\t\t\t\t\t\t\t\t\t\t\t\t\t<\/a>\n\t\t\t\t\t\t\t<a href=\"https:\/\/oceaneering.com\/wp-content\/uploads\/2023\/11\/201230_T-CTV_03-1.jpeg\" data-fancybox=\"photo-carousel-\">\n\t\t\t\t\t\t\t\t\t\t\t\t\t\t\t\t\t<img decoding=\"async\" src=\"https:\/\/oceaneering.com\/wp-content\/uploads\/2023\/11\/201230_T-CTV_03-1.jpeg\" alt=\"\"\/>\n\t\t\t\t\t\t\t\t\t\t\t\t\t\t\t<\/a>\n\t\t\t\t\t\t\t<a href=\"https:\/\/oceaneering.com\/wp-content\/uploads\/2023\/11\/201230_T-CTV_06-1.jpeg\" data-fancybox=\"photo-carousel-\">\n\t\t\t\t\t\t\t\t\t\t\t\t\t\t\t\t\t<img decoding=\"async\" src=\"https:\/\/oceaneering.com\/wp-content\/uploads\/2023\/11\/201230_T-CTV_06-1.jpeg\" alt=\"\"\/>\n\t\t\t\t\t\t\t\t\t\t\t\t\t\t\t<\/a>\n\t\t\t\t\t\t\t<a href=\"https:\/\/oceaneering.com\/wp-content\/uploads\/2023\/11\/201230_T-CTV_04-1.jpeg\" data-fancybox=\"photo-carousel-\">\n\t\t\t\t\t\t\t\t\t\t\t\t\t\t\t\t\t<img decoding=\"async\" src=\"https:\/\/oceaneering.com\/wp-content\/uploads\/2023\/11\/201230_T-CTV_04-1.jpeg\" alt=\"\"\/>\n\t\t\t\t\t\t\t\t\t\t\t\t\t\t\t<\/a>\n\t\t\t\t\t\t\t<a href=\"https:\/\/oceaneering.com\/wp-content\/uploads\/2023\/11\/Shot_13_Transparent_BG-Tiny.png\" data-fancybox=\"photo-carousel-\">\n\t\t\t\t\t\t\t\t\t\t\t\t\t\t\t\t\t<img decoding=\"async\" src=\"https:\/\/oceaneering.com\/wp-content\/uploads\/2023\/11\/Shot_13_Transparent_BG-Tiny.png\" alt=\"\"\/>\n\t\t\t\t\t\t\t\t\t\t\t\t\t\t\t<\/a>\n\t\t\t\t\t\t\t<a href=\"https:\/\/oceaneering.com\/wp-content\/uploads\/2023\/11\/201117_Shot_10_Transparent_BG_V2.jpeg\" data-fancybox=\"photo-carousel-\">\n\t\t\t\t\t\t\t\t\t\t\t\t\t\t\t\t\t<img decoding=\"async\" src=\"https:\/\/oceaneering.com\/wp-content\/uploads\/2023\/11\/201117_Shot_10_Transparent_BG_V2.jpeg\" alt=\"\"\/>\n\t\t\t\t\t\t\t\t\t\t\t\t\t\t\t<\/a>\n\t\t\t<button>\n\t\t\t\tAnterior\n\t\t\t<\/button>\n\t\t\t<button>\n\t\t\t\tSiguiente\n\t\t\t<\/button>\n<h2>\n\t\tWebinar a la carta\n\t<\/h2>\n\n\t\tEche un vistazo a nuestro seminario web sobre la v\u00e1lvula de mariposa qu\u00edmica Rotator\u00ae Topside.\n\t\n\t\t\t<a href=\"https:\/\/www.oceaneering.com\/es\/webinars\/accelerate-your-digital-transition-with-the-rotator-topside-chemical-throttle-valve\/\" target=\"_self\" rel=\"noopener\">\n\t\t\t\t\t\t\tVer a la carta\n\t\t\t<\/a>\n\t\t\t\t<img decoding=\"async\" src=\"https:\/\/oceaneering.com\/wp-content\/uploads\/2023\/12\/T-CTV-thumb-1-667x540.jpg\" alt=\"T-CTV-thumb-1\" itemprop=\"image\" title=\"T-CTV-pulgar-1\" onerror=\"this.style.display='none'\"  \/>\n<h1>\n\t\tContacte con nosotros\n\t<\/h1>\n<h2>\n\t\tNuestro equipo de expertos est\u00e1 listo para ayudarle a empezar.\n\t<\/h2>\n\t<p>Oceaneering ofrece los mejores productos y soluciones de su clase, respaldados por una calidad, fiabilidad y asistencia global inigualables. Rellene el formulario de consulta para iniciar una conversaci\u00f3n hoy mismo.<\/p>","protected":false},"excerpt":{"rendered":"<p>Nuestro T-CTV es un paquete de dosificaci\u00f3n de productos qu\u00edmicos totalmente automatizado y sin filtros que combina la medici\u00f3n continua y precisa del caudal en un dise\u00f1o modular y plug-and-play. V\u00e1lvula reguladora de productos qu\u00edmicos en superficie (T-CTV) La T-CTV proporciona un caudal medido con precisi\u00f3n, independientemente del tipo de fluido, la viscosidad y la presi\u00f3n del sistema. La tecnolog\u00eda de medici\u00f3n de caudal Coriolis de la v\u00e1lvula garantiza ... <a title=\"V\u00e1lvulas de mariposa qu\u00edmicas de la parte superior (T-CTV)\" class=\"read-more\" href=\"https:\/\/www.oceaneering.com\/es\/rotator-technologies\/topside-chemical-throttle-valves\/\" aria-label=\"Leer m\u00e1s sobre V\u00e1lvulas de mariposa qu\u00edmicas de superficie (T-CTV)\">Seguir leyendo<\/a><\/p>","protected":false},"author":20,"featured_media":0,"parent":1550,"menu_order":2,"comment_status":"closed","ping_status":"closed","template":"","meta":{"_acf_changed":false,"footnotes":"","_links_to":"","_links_to_target":""},"product_category":[1495],"search_tags":[1806,1807],"class_list":["post-1712","page","type-page","status-publish","product_category-valves-rotator-technologies","search_tags-rotator-technologies","search_tags-subsea-valves"],"acf":[],"aioseo_notices":[],"_links":{"self":[{"href":"https:\/\/www.oceaneering.com\/es\/wp-json\/wp\/v2\/pages\/1712","targetHints":{"allow":["GET"]}}],"collection":[{"href":"https:\/\/www.oceaneering.com\/es\/wp-json\/wp\/v2\/pages"}],"about":[{"href":"https:\/\/www.oceaneering.com\/es\/wp-json\/wp\/v2\/types\/page"}],"author":[{"embeddable":true,"href":"https:\/\/www.oceaneering.com\/es\/wp-json\/wp\/v2\/users\/20"}],"replies":[{"embeddable":true,"href":"https:\/\/www.oceaneering.com\/es\/wp-json\/wp\/v2\/comments?post=1712"}],"version-history":[{"count":0,"href":"https:\/\/www.oceaneering.com\/es\/wp-json\/wp\/v2\/pages\/1712\/revisions"}],"up":[{"embeddable":true,"href":"https:\/\/www.oceaneering.com\/es\/wp-json\/wp\/v2\/pages\/1550"}],"wp:attachment":[{"href":"https:\/\/www.oceaneering.com\/es\/wp-json\/wp\/v2\/media?parent=1712"}],"wp:term":[{"taxonomy":"product_category","embeddable":true,"href":"https:\/\/www.oceaneering.com\/es\/wp-json\/wp\/v2\/product_category?post=1712"},{"taxonomy":"search_tags","embeddable":true,"href":"https:\/\/www.oceaneering.com\/es\/wp-json\/wp\/v2\/search_tags?post=1712"}],"curies":[{"name":"wp","href":"https:\/\/api.w.org\/{rel}","templated":true}]}}