{"id":1703,"date":"2023-10-02T12:57:25","date_gmt":"2023-10-02T16:57:25","guid":{"rendered":"https:\/\/oceaneering.com\/?page_id=1703"},"modified":"2024-09-11T04:14:31","modified_gmt":"2024-09-11T09:14:31","slug":"rotator-test-and-qualification-center","status":"publish","type":"page","link":"https:\/\/www.oceaneering.com\/es\/rotator-technologies\/rotator-test-and-qualification-center\/","title":{"rendered":"Centro de pruebas y cualificaci\u00f3n de rotadores"},"content":{"rendered":"<a href=\"https:\/\/www.oceaneering.com\/es\/rotator-technologies\/#contact\" target=\"_self\" rel=\"noopener\">\n\t\t\t\t\t\t\tDebatir un proyecto\n\t\t\t\t\t<\/a>\n<h1>\n\t\tCentro de pruebas y cualificaci\u00f3n de rotadores\n\t<\/h1>\n\t<p>Ofrecemos un servicio integral de pruebas de productos para satisfacer las diversas necesidades de sus proyectos.<\/p>\n\n\t\tNuestras vanguardistas instalaciones de Kristiansand (Noruega) disponen de un sistema totalmente integrado para garantizar que nuestros productos cumplen sus rigurosos requisitos.\n\t\n\t\t\t\t<img decoding=\"async\" src=\"https:\/\/oceaneering.com\/wp-content\/uploads\/2023\/11\/Screen-Shot-2023-11-10-at-3.18.23-PM.png\" alt=\"Screen Shot 2023-11-10 at 3.18.23 PM\" itemprop=\"image\" title=\"Captura de pantalla 2023-11-10 a las 3.18.23 PM\" onerror=\"this.style.display='none'\"  \/>\n<h3>\n\t\tVentanilla \u00fanica\n\t<\/h3>\n\t<p>Diversas capacidades de ensayo, cualificaci\u00f3n y documentaci\u00f3n en un \u00fanico lugar.<\/p>\n\t\t\t\t<img decoding=\"async\" src=\"https:\/\/oceaneering.com\/wp-content\/uploads\/2023\/11\/Screen-Shot-2023-11-10-at-3.18.47-PM.png\" alt=\"Screen Shot 2023-11-10 at 3.18.47 PM\" itemprop=\"image\" title=\"Captura de pantalla 2023-11-10 a las 3.18.47 PM\" onerror=\"this.style.display='none'\"  \/>\n<h3>\n\t\tApoyo a las pruebas\n\t<\/h3>\n\t<p>Soporte de reingenier\u00eda, fabricaci\u00f3n y repetici\u00f3n completa de pruebas.<\/p>\n\t\t\t\t<img decoding=\"async\" src=\"https:\/\/oceaneering.com\/wp-content\/uploads\/2023\/11\/Screen-Shot-2023-11-10-at-3.19.03-PM.png\" alt=\"Screen Shot 2023-11-10 at 3.19.03 PM\" itemprop=\"image\" title=\"Captura de pantalla 2023-11-10 a las 3.19.03 PM\" onerror=\"this.style.display='none'\"  \/>\n<h3>\n\t\tExperiencia\n\t<\/h3>\n\t<p>D\u00e9cadas de experiencia en el sector mar\u00edtimo y submarino.<\/p>\n<h2>\n\t\tCapacidades de pruebas normalizadas\n\t<\/h2>\n\n\t\tPara satisfacer las diversas necesidades de sus proyectos, nuestro equipo altamente experimentado le ofrecer\u00e1 pruebas continuas a largo plazo e informes transparentes y simplificados durante todo el proceso de desarrollo y cualificaci\u00f3n del producto. Tambi\u00e9n ofrecemos reingenier\u00eda y fabricaci\u00f3n, seg\u00fan sea necesario.\n\t\n\t<ul>\n\t\t\t\t\t<li>\n\t\t\t\tPruebas hiperb\u00e1ricas\n\t\t\t<\/li>\n\t\t\t\t\t<li>\n\t\t\t\tPruebas en c\u00e1mara clim\u00e1tica\n\t\t\t<\/li>\n\t\t\t\t\t<li>\n\t\t\t\tPruebas de choque y vibraci\u00f3n\n\t\t\t<\/li>\n\t\t\t\t\t<li>\n\t\t\t\tPruebas de fugas de helio\n\t\t\t<\/li>\n\t\t\t\t\t<li>\n\t\t\t\tPruebas de presi\u00f3n, caudal y funcionamiento\n\t\t\t<\/li>\n\t\t\t\t\t<li>\n\t\t\t\tPruebas de contaminaci\u00f3n y erosi\u00f3n\n\t\t\t<\/li>\n\t\t\t<\/ul>\n<h2>\n\t\tIndustrias a las que servimos\n\t<\/h2>\n\n\t\tNuestros programas de pruebas a medida cumplen una amplia gama de especificaciones y requisitos internacionales.\n\t\n\t\t\t\t\t\t\t\t\t\t\t\t<h3>Petr\u00f3leo y gas<\/h3>\n\t\t\t\t\t\t\t\t\t\t\t\t<h3>Automoci\u00f3n<\/h3>\n\t\t\t\t\t\t\t\t\t\t\t\t<h3>Aviaci\u00f3n<\/h3>\n\t\t\t\t\t\t\t\t\t\t\t\t<h3>Mar\u00edtimo<\/h3>\n\t\t\t\t\t\t\t\t\t\t\t\t<h3>Defensa<\/h3>\n<h1>\n\t\tContacte con nosotros\n\t<\/h1>\n<h2>\n\t\tNuestro equipo de expertos est\u00e1 listo para ayudarle a empezar.\n\t<\/h2>\n\t<p>Oceaneering ofrece los mejores productos y soluciones de su clase, respaldados por una calidad, fiabilidad y asistencia global inigualables. Rellene el formulario de consulta para iniciar una conversaci\u00f3n hoy mismo.<\/p>","protected":false},"excerpt":{"rendered":"<p>Discuta un proyecto Centro de pruebas y cualificaci\u00f3n de rotadores Ofrecemos un servicio integral de pruebas de productos para satisfacer las diversas necesidades de sus proyectos. Nuestras modernas instalaciones de Kristiansand (Noruega) ofrecen una instalaci\u00f3n totalmente integrada para garantizar que nuestros productos cumplen sus rigurosos requisitos. Ventanilla \u00fanica Diversas capacidades de ensayo, cualificaci\u00f3n y documentaci\u00f3n en una \u00fanica ubicaci\u00f3n. Soporte de pruebas Soporte de reingenier\u00eda, ... <a title=\"Centro de pruebas y cualificaci\u00f3n de rotadores\" class=\"read-more\" href=\"https:\/\/www.oceaneering.com\/es\/rotator-technologies\/rotator-test-and-qualification-center\/\" aria-label=\"Leer m\u00e1s sobre Centro de Pruebas y Cualificaci\u00f3n de Rotadores\">Seguir leyendo<\/a><\/p>","protected":false},"author":20,"featured_media":0,"parent":1550,"menu_order":2,"comment_status":"closed","ping_status":"closed","template":"","meta":{"_acf_changed":false,"footnotes":"","_links_to":"","_links_to_target":""},"product_category":[1495],"search_tags":[1806,1807],"class_list":["post-1703","page","type-page","status-publish","product_category-valves-rotator-technologies","search_tags-rotator-technologies","search_tags-subsea-valves"],"acf":[],"aioseo_notices":[],"_links":{"self":[{"href":"https:\/\/www.oceaneering.com\/es\/wp-json\/wp\/v2\/pages\/1703","targetHints":{"allow":["GET"]}}],"collection":[{"href":"https:\/\/www.oceaneering.com\/es\/wp-json\/wp\/v2\/pages"}],"about":[{"href":"https:\/\/www.oceaneering.com\/es\/wp-json\/wp\/v2\/types\/page"}],"author":[{"embeddable":true,"href":"https:\/\/www.oceaneering.com\/es\/wp-json\/wp\/v2\/users\/20"}],"replies":[{"embeddable":true,"href":"https:\/\/www.oceaneering.com\/es\/wp-json\/wp\/v2\/comments?post=1703"}],"version-history":[{"count":0,"href":"https:\/\/www.oceaneering.com\/es\/wp-json\/wp\/v2\/pages\/1703\/revisions"}],"up":[{"embeddable":true,"href":"https:\/\/www.oceaneering.com\/es\/wp-json\/wp\/v2\/pages\/1550"}],"wp:attachment":[{"href":"https:\/\/www.oceaneering.com\/es\/wp-json\/wp\/v2\/media?parent=1703"}],"wp:term":[{"taxonomy":"product_category","embeddable":true,"href":"https:\/\/www.oceaneering.com\/es\/wp-json\/wp\/v2\/product_category?post=1703"},{"taxonomy":"search_tags","embeddable":true,"href":"https:\/\/www.oceaneering.com\/es\/wp-json\/wp\/v2\/search_tags?post=1703"}],"curies":[{"name":"wp","href":"https:\/\/api.w.org\/{rel}","templated":true}]}}