{"id":1698,"date":"2023-10-02T12:44:25","date_gmt":"2023-10-02T16:44:25","guid":{"rendered":"https:\/\/oceaneering.com\/?page_id=1698"},"modified":"2024-09-11T04:13:32","modified_gmt":"2024-09-11T09:13:32","slug":"rotary-control-valves","status":"publish","type":"page","link":"https:\/\/www.oceaneering.com\/es\/rotator-technologies\/rotary-control-valves\/","title":{"rendered":"V\u00e1lvulas de control rotativo (RCV)"},"content":{"rendered":"<a href=\"https:\/\/www.oceaneering.com\/es\/rotator-technologies\/#contact\" target=\"_self\" rel=\"noopener\">\n\t\t\t\t\t\t\tDebatir un proyecto\n\t\t\t\t\t<\/a>\n<h1>\n\t\tV\u00e1lvulas de control rotativo (RCV)\n\t<\/h1>\n\t<p>Nuestras RCV de alta presi\u00f3n y sin fugas est\u00e1n a la altura de los retos m\u00e1s exigentes, desde la superficie hasta el fondo del mar.<\/p>\n\t\t\t<a href=\"https:\/\/oceaneering.canto.com\/download\/document\/coakr817pl47tcvhd19dthg15n\/original.pdf\" target=\"_blank\" rel=\"noopener\">\n\t\t\t\t\t\t\tV\u00e1lvulas de control rotativo\n\t\t\t<\/a>\n\n\t\tNuestra gama de v\u00e1lvulas RCV submarinas y de superficie es adecuada para entornos dif\u00edciles y para presiones de hasta 690 bares (10.000 psi). Con capacidad de alta presi\u00f3n y rendimiento sin fugas, nuestra cartera est\u00e1 dise\u00f1ada y fabricada para satisfacer sus requisitos con una amplia gama de opciones de actuaci\u00f3n y caudal.\n\t\n\t\t\t<img decoding=\"async\" src=\"https:\/\/oceaneering.com\/wp-content\/uploads\/2023\/11\/RCV-video-overlay.jpeg\" title=\"RCV-video-overlay\" alt=\"\" \/>\t\t\t\t\t\t\t\n\t\t\t\t\tReproducir v\u00eddeo\n<h2>\n\t\tTecnolog\u00eda de sellado metal-metal\n\t<\/h2>\n\t<p>La verdadera ventaja de nuestros RCV es el probado principio de sellado metal-metal que tambi\u00e9n se utiliza en nuestros <a href=\"https:\/\/www.oceaneering.com\/es\/rotator-technologies\/hydraulic-directional-control-valves\/\">v\u00e1lvula hidr\u00e1ulica direccional<\/a> l\u00ednea de productos.<\/p>\n\t<ul>\n\t\t\t\t\t<li>\n\t\t\t\tDise\u00f1ado para su uso en la mayor\u00eda de los circuitos hidr\u00e1ulicos y compatible con la mayor\u00eda de los fluidos hidr\u00e1ulicos\n\t\t\t<\/li>\n\t\t\t\t\t<li>\n\t\t\t\tFugas internas insignificantes en comparaci\u00f3n con las v\u00e1lvulas convencionales\n\t\t\t<\/li>\n\t\t\t\t\t<li>\n\t\t\t\tOpciones de materiales para los componentes internos\n\t\t\t<\/li>\n\t\t\t\t\t<li>\n\t\t\t\tGran resistencia al desgaste\n\t\t\t<\/li>\n\t\t\t\t\t<li>\n\t\t\t\tVida \u00fatil de al menos 30 a\u00f1os\n\t\t\t<\/li>\n\t\t\t<\/ul>\n<h2>\n\t\tGaler\u00eda de im\u00e1genes RCV\n\t<\/h2>\n\t\t\t\t\t\t\t<a href=\"https:\/\/oceaneering.com\/wp-content\/uploads\/2023\/11\/200526_RCV_Render_01-1.jpeg\" data-fancybox=\"photo-carousel-\">\n\t\t\t\t\t\t\t\t\t\t\t\t\t\t\t\t\t<img decoding=\"async\" src=\"https:\/\/oceaneering.com\/wp-content\/uploads\/2023\/11\/200526_RCV_Render_01-1.jpeg\" alt=\"\"\/>\n\t\t\t\t\t\t\t\t\t\t\t\t\t\t\t<\/a>\n\t\t\t\t\t\t\t<a href=\"https:\/\/oceaneering.com\/wp-content\/uploads\/2023\/11\/200526_RCV_Render_02-1-1.jpeg\" data-fancybox=\"photo-carousel-\">\n\t\t\t\t\t\t\t\t\t\t\t\t\t\t\t\t\t<img decoding=\"async\" src=\"https:\/\/oceaneering.com\/wp-content\/uploads\/2023\/11\/200526_RCV_Render_02-1-1.jpeg\" alt=\"\"\/>\n\t\t\t\t\t\t\t\t\t\t\t\t\t\t\t<\/a>\n\t\t\t\t\t\t\t<a href=\"https:\/\/oceaneering.com\/wp-content\/uploads\/2023\/11\/200526_RCV_Render_03_Optional-1.jpeg\" data-fancybox=\"photo-carousel-\">\n\t\t\t\t\t\t\t\t\t\t\t\t\t\t\t\t\t<img decoding=\"async\" src=\"https:\/\/oceaneering.com\/wp-content\/uploads\/2023\/11\/200526_RCV_Render_03_Optional-1.jpeg\" alt=\"\"\/>\n\t\t\t\t\t\t\t\t\t\t\t\t\t\t\t<\/a>\n\t\t\t\t\t\t\t<a href=\"https:\/\/oceaneering.com\/wp-content\/uploads\/2023\/11\/200526_RCV_Render_03-1-1.jpeg\" data-fancybox=\"photo-carousel-\">\n\t\t\t\t\t\t\t\t\t\t\t\t\t\t\t\t\t<img decoding=\"async\" src=\"https:\/\/oceaneering.com\/wp-content\/uploads\/2023\/11\/200526_RCV_Render_03-1-1.jpeg\" alt=\"\"\/>\n\t\t\t\t\t\t\t\t\t\t\t\t\t\t\t<\/a>\n\t\t\t\t\t\t\t<a href=\"https:\/\/oceaneering.com\/wp-content\/uploads\/2023\/11\/200522_RCV_Render_04-1-1.jpeg\" data-fancybox=\"photo-carousel-\">\n\t\t\t\t\t\t\t\t\t\t\t\t\t\t\t\t\t<img decoding=\"async\" src=\"https:\/\/oceaneering.com\/wp-content\/uploads\/2023\/11\/200522_RCV_Render_04-1-1.jpeg\" alt=\"\"\/>\n\t\t\t\t\t\t\t\t\t\t\t\t\t\t\t<\/a>\n\t\t\t<button>\n\t\t\t\tAnterior\n\t\t\t<\/button>\n\t\t\t<button>\n\t\t\t\tSiguiente\n\t\t\t<\/button>\n<h1>\n\t\tContacte con nosotros\n\t<\/h1>\n<h2>\n\t\tNuestro equipo de expertos est\u00e1 listo para ayudarle a empezar.\n\t<\/h2>\n\t<p>Oceaneering ofrece los mejores productos y soluciones de su clase, respaldados por una calidad, fiabilidad y asistencia global inigualables. Rellene el formulario de consulta para iniciar una conversaci\u00f3n hoy mismo.<\/p>","protected":false},"excerpt":{"rendered":"<p>Discutir un proyecto V\u00e1lvulas de control rotativo (RCV) Nuestras RCV de alta presi\u00f3n y cero fugas satisfacen sus retos m\u00e1s exigentes, desde la parte superior hasta la submarina. V\u00e1lvulas de control rotativo Nuestra gama de v\u00e1lvulas de control rotativo para aplicaciones de superficie y submarinas es adecuada para entornos dif\u00edciles y para presiones de hasta 690 bar. Con capacidad de alta presi\u00f3n y rendimiento sin fugas, nuestra gama est\u00e1 dise\u00f1ada ... <a title=\"V\u00e1lvulas de control rotativo (RCV)\" class=\"read-more\" href=\"https:\/\/www.oceaneering.com\/es\/rotator-technologies\/rotary-control-valves\/\" aria-label=\"Leer m\u00e1s sobre V\u00e1lvulas de control rotativo (RCV)\">Seguir leyendo<\/a><\/p>","protected":false},"author":20,"featured_media":0,"parent":1550,"menu_order":2,"comment_status":"closed","ping_status":"closed","template":"","meta":{"_acf_changed":false,"footnotes":"","_links_to":"","_links_to_target":""},"product_category":[1495],"search_tags":[1525,1806],"class_list":["post-1698","page","type-page","status-publish","product_category-valves-rotator-technologies","search_tags-rotator","search_tags-rotator-technologies"],"acf":[],"aioseo_notices":[],"_links":{"self":[{"href":"https:\/\/www.oceaneering.com\/es\/wp-json\/wp\/v2\/pages\/1698","targetHints":{"allow":["GET"]}}],"collection":[{"href":"https:\/\/www.oceaneering.com\/es\/wp-json\/wp\/v2\/pages"}],"about":[{"href":"https:\/\/www.oceaneering.com\/es\/wp-json\/wp\/v2\/types\/page"}],"author":[{"embeddable":true,"href":"https:\/\/www.oceaneering.com\/es\/wp-json\/wp\/v2\/users\/20"}],"replies":[{"embeddable":true,"href":"https:\/\/www.oceaneering.com\/es\/wp-json\/wp\/v2\/comments?post=1698"}],"version-history":[{"count":0,"href":"https:\/\/www.oceaneering.com\/es\/wp-json\/wp\/v2\/pages\/1698\/revisions"}],"up":[{"embeddable":true,"href":"https:\/\/www.oceaneering.com\/es\/wp-json\/wp\/v2\/pages\/1550"}],"wp:attachment":[{"href":"https:\/\/www.oceaneering.com\/es\/wp-json\/wp\/v2\/media?parent=1698"}],"wp:term":[{"taxonomy":"product_category","embeddable":true,"href":"https:\/\/www.oceaneering.com\/es\/wp-json\/wp\/v2\/product_category?post=1698"},{"taxonomy":"search_tags","embeddable":true,"href":"https:\/\/www.oceaneering.com\/es\/wp-json\/wp\/v2\/search_tags?post=1698"}],"curies":[{"name":"wp","href":"https:\/\/api.w.org\/{rel}","templated":true}]}}