{"id":1694,"date":"2023-10-02T12:20:11","date_gmt":"2023-10-02T16:20:11","guid":{"rendered":"https:\/\/oceaneering.com\/?page_id=1694"},"modified":"2024-09-11T04:13:00","modified_gmt":"2024-09-11T09:13:00","slug":"hydraulic-directional-control-valves","status":"publish","type":"page","link":"https:\/\/www.oceaneering.com\/es\/rotator-technologies\/hydraulic-directional-control-valves\/","title":{"rendered":"V\u00e1lvulas de control direccional hidr\u00e1ulicas (HCV)"},"content":{"rendered":"<a href=\"https:\/\/www.oceaneering.com\/es\/rotator-technologies\/#contact\" target=\"_self\" rel=\"noopener\">\n\t\t\t\t\t\t\tDebatir un proyecto\n\t\t\t\t\t<\/a>\n<h1>\n\t\tV\u00e1lvula de control direccional hidr\u00e1ulica (HCV)\n\t<\/h1>\n\t<p>Nuestros HCV controlan funciones cr\u00edticas en el 40% de los pozos submarinos del mundo.<\/p>\n\n\t\tLos AVC controlan las funciones cr\u00edticas del \u00e1rbol de Navidad submarino (XMT) y las herramientas de acceso al pozo dentro de los colectores submarinos y los sistemas de control.\n\t\n\t\t\t<img decoding=\"async\" src=\"https:\/\/oceaneering.com\/wp-content\/uploads\/2023\/11\/Minipod-4-HCV.jpeg\" title=\"Minipodio-4-HCV\" alt=\"\" \/>\t\t\t\t\t\t\t\n\t\t\t\t\tReproducir v\u00eddeo\n\t\t\t\t<img decoding=\"async\" src=\"https:\/\/oceaneering.com\/wp-content\/uploads\/2023\/11\/200409_Hydraulic-Control-Valves_shot_5-120x365-1.png\" alt=\"200409_Hydraulic-Control-Valves_shot_5-120x365\" itemprop=\"image\" title=\"200409_Hydraulic-Control-Valves_shot_5-120x365\" onerror=\"this.style.display='none'\"  \/>\n<h2>\n\t\tSoluciones fiables\n\t<\/h2>\n\t<p>Nuestros HCV son adecuados para su uso en entornos submarinos dif\u00edciles y est\u00e1n dise\u00f1ados para cumplir requisitos de presi\u00f3n de hasta 20.000 psi (1.380 bar) y profundidades de trabajo de 13.120 pies (4.000 m). Nuestro dise\u00f1o metal-metal mejora el rendimiento, la fiabilidad y la robustez.<\/p>\n\t<ul>\n\t\t\t\t\t<li>\n\t\t\t\tAltas presiones nominales\n\t\t\t<\/li>\n\t\t\t\t\t<li>\n\t\t\t\tDise\u00f1o robusto y tolerante a la contaminaci\u00f3n\n\t\t\t<\/li>\n\t\t\t\t\t<li>\n\t\t\t\tEtapa principal accionada mediante piloto electrohidr\u00e1ulico o hidr\u00e1ulica directa\n\t\t\t<\/li>\n\t\t\t\t\t<li>\n\t\t\t\tAccionamiento por solenoide o hidr\u00e1ulico directo\n\t\t\t<\/li>\n\t\t\t\t\t<li>\n\t\t\t\tCertificado para su uso en sistemas de nivel de integridad de seguridad (SIL)\n\t\t\t<\/li>\n\t\t\t\t\t<li>\n\t\t\t\tAmplia gama de productos para m\u00faltiples aplicaciones submarinas\n\t\t\t<\/li>\n\t\t\t<\/ul>\n<h2>\n\t\tAVC para cualquier aplicaci\u00f3n\n\t<\/h2>\n\n\t\tSean cuales sean sus necesidades, hay un AVC que se adapta a su proyecto. Nuestra cartera de productos ofrece 900 tipos de AVC. Nuestros tipos de serie m\u00e1s comunes incluyen:\n\t\n\t<h5>Serie HCV 15<\/h5>\n<ul>\n<li>Nuestros productos m\u00e1s populares<\/li>\n<li>Hasta 20.000 psi (1380 bar) y profundidades de 13.120 pies (4000 m)<\/li>\n<\/ul>\n<h5>Serie HCV 16<\/h5>\n<ul>\n<li>Para aplicaciones cr\u00edticas de gran caudal<\/li>\n<li>Hasta 5.000 psi (345 bar) y profundidades de 13.120 pies (4000 m)<\/li>\n<\/ul>\n<h5>Serie HCV 18<\/h5>\n<ul>\n<li>Dise\u00f1o compacto con opci\u00f3n para transmisor de presi\u00f3n<\/li>\n<li>Hasta 20.000 psi (1380 bar) y profundidades de 13.120 pies (4000 m)<\/li>\n<\/ul>\n\t<h5>V\u00e1lvula de lanzadera HCV<\/h5>\n<ul>\n<li>Selecciona autom\u00e1ticamente entre dos l\u00edneas de alimentaci\u00f3n hidr\u00e1ulica<\/li>\n<li>Hasta 690 bar (10.000 psi) y profundidades de 4.000 m (13.120 pies)<\/li>\n<\/ul>\n<h5>V\u00e1lvula de inversi\u00f3n HCV<\/h5>\n<ul>\n<li>Permite al usuario seleccionar entre dos l\u00edneas de alimentaci\u00f3n hidr\u00e1ulica<\/li>\n<li>Hasta 20.000 psi (1380 bar) y profundidades de 13.120 pies (4000 m)<\/li>\n<\/ul>\n<h5>V\u00e1lvula de alta presi\u00f3n superior<\/h5>\n<ul>\n<li>Una gama completa de v\u00e1lvulas de tapa<\/li>\n<\/ul>\n<h2>\n\t\tUnidad de control submarino MiniPod\n\t<\/h2>\n\n\t\tA\u00f1ada l\u00edneas de control adicionales a su sistema\n\t\n\n\t\tLa unidad de control submarino MiniPod combina v\u00e1lvulas de control hidr\u00e1ulico de primera calidad con la interfaz de los conectores el\u00e9ctricos submarinos m\u00e1s habituales.\n\t\n\t<ul>\n\t\t\t\t\t<li>\n\t\t\t\tCarcasas con compensaci\u00f3n de presi\u00f3n y rellenas de silicona para profundidades de hasta 9.850 pies (3.000 m)\n\t\t\t<\/li>\n\t\t\t\t\t<li>\n\t\t\t\tSoluciones fijas o recuperables\n\t\t\t<\/li>\n\t\t\t\t\t<li>\n\t\t\t\tCarcasa para conectores el\u00e9ctricos y AVC\n\t\t\t<\/li>\n\t\t\t<\/ul>\n\t\t\t\t<img decoding=\"async\" src=\"https:\/\/oceaneering.com\/wp-content\/uploads\/2023\/11\/200409_Hydraulic-Control-Valves_shot_15.png\" alt=\"200409_Hydraulic-Control-Valves_shot_15\" itemprop=\"image\" title=\"200409_Hydraulic-Control-Valves_shot_15\" onerror=\"this.style.display='none'\"  \/>\n<h3>\n\t\tFolletos\n\t<\/h3>\n\t\t\t<a href=\"https:\/\/oceaneering.canto.com\/download\/document\/h2tf4p2ajd60teqobg5ls0f95j\/original.pdf\" target=\"_blank\" rel=\"noopener\">\n\t\t\t\t\t\t\tV\u00e1lvula de control direccional hidr\u00e1ulica (Serie 15 - HCV 151.11.50.00-3.2)\n\t\t\t\t\t<\/a>\n\t\t\t<a href=\"https:\/\/oceaneering.canto.com\/download\/document\/a0a6l0tfv92kramj18i7i4b573\/original.pdf\" target=\"_blank\" rel=\"noopener\">\n\t\t\t\t\t\t\tV\u00e1lvula de control direccional hidr\u00e1ulica (Serie 15 - HCV 151.11.51.00-3.2)\n\t\t\t\t\t<\/a>\n\t\t\t<a href=\"https:\/\/oceaneering.canto.com\/download\/document\/sa876fdojp1ibb2lmn8daccg7t\/original.pdf\" target=\"_blank\" rel=\"noopener\">\n\t\t\t\t\t\t\tUnidad de control submarino MiniPod\n\t\t\t\t\t<\/a>\n<h1>\n\t\tContacte con nosotros\n\t<\/h1>\n<h2>\n\t\tNuestro equipo de expertos est\u00e1 listo para ayudarle a empezar.\n\t<\/h2>\n\t<p>Oceaneering ofrece los mejores productos y soluciones de su clase, respaldados por una calidad, fiabilidad y asistencia global inigualables. Rellene el formulario de consulta para iniciar una conversaci\u00f3n hoy mismo.<\/p>","protected":false},"excerpt":{"rendered":"<p>Discutir un proyecto V\u00e1lvula de control direccional hidr\u00e1ulica (VDC) Nuestras VDC controlan funciones cr\u00edticas en el 40 por ciento de los pozos submarinos del mundo. Las VHC controlan las funciones cr\u00edticas del \u00e1rbol de Navidad submarino (XMT) y las herramientas de acceso al pozo dentro de los colectores y sistemas de control submarinos. Reproducir v\u00eddeo Soluciones fiables Nuestros HCV son adecuados para su uso en entornos submarinos dif\u00edciles y ... <a title=\"V\u00e1lvulas de control direccional hidr\u00e1ulicas (HCV)\" class=\"read-more\" href=\"https:\/\/www.oceaneering.com\/es\/rotator-technologies\/hydraulic-directional-control-valves\/\" aria-label=\"Leer m\u00e1s sobre V\u00e1lvulas de control direccional hidr\u00e1ulicas (VDC)\">Seguir leyendo<\/a><\/p>","protected":false},"author":20,"featured_media":0,"parent":1550,"menu_order":2,"comment_status":"closed","ping_status":"closed","template":"","meta":{"_acf_changed":false,"footnotes":"","_links_to":"","_links_to_target":""},"product_category":[1495],"search_tags":[1525,1806],"class_list":["post-1694","page","type-page","status-publish","product_category-valves-rotator-technologies","search_tags-rotator","search_tags-rotator-technologies"],"acf":[],"aioseo_notices":[],"_links":{"self":[{"href":"https:\/\/www.oceaneering.com\/es\/wp-json\/wp\/v2\/pages\/1694","targetHints":{"allow":["GET"]}}],"collection":[{"href":"https:\/\/www.oceaneering.com\/es\/wp-json\/wp\/v2\/pages"}],"about":[{"href":"https:\/\/www.oceaneering.com\/es\/wp-json\/wp\/v2\/types\/page"}],"author":[{"embeddable":true,"href":"https:\/\/www.oceaneering.com\/es\/wp-json\/wp\/v2\/users\/20"}],"replies":[{"embeddable":true,"href":"https:\/\/www.oceaneering.com\/es\/wp-json\/wp\/v2\/comments?post=1694"}],"version-history":[{"count":0,"href":"https:\/\/www.oceaneering.com\/es\/wp-json\/wp\/v2\/pages\/1694\/revisions"}],"up":[{"embeddable":true,"href":"https:\/\/www.oceaneering.com\/es\/wp-json\/wp\/v2\/pages\/1550"}],"wp:attachment":[{"href":"https:\/\/www.oceaneering.com\/es\/wp-json\/wp\/v2\/media?parent=1694"}],"wp:term":[{"taxonomy":"product_category","embeddable":true,"href":"https:\/\/www.oceaneering.com\/es\/wp-json\/wp\/v2\/product_category?post=1694"},{"taxonomy":"search_tags","embeddable":true,"href":"https:\/\/www.oceaneering.com\/es\/wp-json\/wp\/v2\/search_tags?post=1694"}],"curies":[{"name":"wp","href":"https:\/\/api.w.org\/{rel}","templated":true}]}}