{"id":1688,"date":"2023-10-02T11:46:06","date_gmt":"2023-10-02T15:46:06","guid":{"rendered":"https:\/\/oceaneering.com\/?page_id=1688"},"modified":"2024-09-11T04:10:02","modified_gmt":"2024-09-11T09:10:02","slug":"chemical-throttle-valves","status":"publish","type":"page","link":"https:\/\/www.oceaneering.com\/es\/rotator-technologies\/chemical-throttle-valves\/","title":{"rendered":"V\u00e1lvulas de mariposa qu\u00edmicas (CTV)"},"content":{"rendered":"<a href=\"https:\/\/www.oceaneering.com\/es\/rotator-technologies\/#contact\" target=\"_self\" rel=\"noopener\">\n\t\t\t\t\t\t\tDebatir un proyecto\n\t\t\t\t\t<\/a>\n<h1>\n\t\tV\u00e1lvula de mariposa qu\u00edmica (CTV)\n\t<\/h1>\n\t<p>Nuestros CTV se instalan en \u00e1rboles y colectores submarinos para proporcionar una inyecci\u00f3n submarina continua y precisa de productos qu\u00edmicos en sus sistemas de producci\u00f3n.<\/p>\n\n\t\tLos CTV eliminan eficazmente la necesidad de inyecci\u00f3n en la superficie y de l\u00edneas umbilicales espec\u00edficas, lo que permite el dise\u00f1o y despliegue de umbilicales simplificados y m\u00e1s eficientes. Suministramos una l\u00ednea completa de productos que pueden operarse a distancia y recuperarse mediante ROV para satisfacer todos los requisitos de inyecci\u00f3n qu\u00edmica submarina. Llevamos desde 1995 ofreciendo al mercado un dise\u00f1o superior, autolimpiable y resistente a los atascos.\n\t\n\t\t\t\t<img decoding=\"async\" src=\"https:\/\/oceaneering.com\/wp-content\/uploads\/2023\/11\/Lightest-CTV-landscape.jpeg\" alt=\"Lightest-CTV-landscape\" itemprop=\"image\" title=\"El m\u00e1s ligero-CTV-paisaje\" onerror=\"this.style.display='none'\"  \/>\n<h3>\n\t\tEl m\u00e1s peque\u00f1o y ligero\n\t<\/h3>\n\t\t\t\t<img decoding=\"async\" src=\"https:\/\/oceaneering.com\/wp-content\/uploads\/2023\/11\/Contamination-Tolerant-landscape-landscape.jpeg\" alt=\"Contamination-Tolerant-landscape-landscape\" itemprop=\"image\" title=\"Paisaje tolerante a la contaminaci\u00f3n\" onerror=\"this.style.display='none'\"  \/>\n<h3>\n\t\tTolerancia a la contaminaci\u00f3n\n\t<\/h3>\n\t\t\t\t<img decoding=\"async\" src=\"https:\/\/oceaneering.com\/wp-content\/uploads\/2023\/11\/Versatile-Installation-landscape-landscape.jpeg\" alt=\"Versatile-Installation-landscape-landscape\" itemprop=\"image\" title=\"Versatile-Installation-landscape-paisaje\" onerror=\"this.style.display='none'\"  \/>\n<h3>\n\t\tInstalaci\u00f3n horizontal y vertical\n\t<\/h3>\n\t\t\t\t<img decoding=\"async\" src=\"https:\/\/oceaneering.com\/wp-content\/uploads\/2023\/11\/Tested-landscape-landscape.jpeg\" alt=\"Tested-landscape-landscape\" itemprop=\"image\" title=\"Paisaje-paisaje-probado\" onerror=\"this.style.display='none'\"  \/>\n<h3>\n\t\t30 a\u00f1os de vida \u00fatil\n\t<\/h3>\n<h2>\n\t\tGaler\u00eda de v\u00eddeos de CTV\n\t<\/h2>\n\t\t\t\t\t\t\t<a href=\"https:\/\/oceaneering.canto.com\/direct\/video\/a744jt74a93rd40j7k7oef3u63\/LXVO-saQtQMnCDYUxNwbGqBTp-Q\/original?content-type=video%2Fmp4&#038;name=CTV-Ultra+Flow.mp4\" data-fancybox=\"video-carousel-\">\n\t\t\t\t\t\t\t\t<img decoding=\"async\" src=\"https:\/\/oceaneering.com\/wp-content\/uploads\/2023\/11\/CTV-Ultra-Flow.jpeg\" alt=\"\"\/>\n\t\t\t\t\t\t\t\t\tReproducir v\u00eddeo\n\t\t\t\t\t\t\t<\/a>\n\t\t\t\t\t\t\t<a href=\"https:\/\/oceaneering.canto.com\/direct\/video\/sfcsn82o394fj1llr2057o4c29\/Jb512SduPckfCGJfaDEQHcvTiIU\/original?content-type=video%2Fmp4&#038;name=CTV-LF_720p.mp4\" data-fancybox=\"video-carousel-\">\n\t\t\t\t\t\t\t\t<img decoding=\"async\" src=\"https:\/\/oceaneering.com\/wp-content\/uploads\/2023\/11\/200424_CTV-LF-Subsea-Shot_2.jpeg\" alt=\"\"\/>\n\t\t\t\t\t\t\t\t\tReproducir v\u00eddeo\n\t\t\t\t\t\t\t<\/a>\n\t\t\t\t\t\t\t<a href=\"https:\/\/oceaneering.canto.com\/direct\/video\/tnvb17r2j96pf171c3bd34pm2b\/iKr8GmZ_-1BizCMsTEQTTwGfgLc\/original?content-type=video%2Fmp4&#038;name=CTV-Torque_Tool_TorKey.mp4\" data-fancybox=\"video-carousel-\">\n\t\t\t\t\t\t\t\t<img decoding=\"async\" src=\"https:\/\/oceaneering.com\/wp-content\/uploads\/2023\/11\/19LW023.jpeg\" alt=\"\"\/>\n\t\t\t\t\t\t\t\t\tReproducir v\u00eddeo\n\t\t\t\t\t\t\t<\/a>\n\t\t\t<button>\n\t\t\t\tAnterior\n\t\t\t<\/button>\n\t\t\t<button>\n\t\t\t\tSiguiente\n\t\t\t<\/button>\n<h2>\n\t\tOrientaci\u00f3n Dise\u00f1o independiente\n\t<\/h2>\n\n\t\tAdecuado para instalaciones horizontales y verticales\n\t\n\t\t\t\t<img decoding=\"async\" src=\"https:\/\/oceaneering.com\/wp-content\/uploads\/2023\/11\/200421_CTV-LF-PPT-Shot_5-700x394-1.png\" alt=\"200421_CTV-LF-PPT-Shot_5-700x394\" itemprop=\"image\" title=\"200421_CTV-LF-PPT-Shot_5-700x394\" onerror=\"this.style.display='none'\"  \/>\n\t<p>CTV-LF-15K<\/p>\n\t\t\t\t<img decoding=\"async\" src=\"https:\/\/oceaneering.com\/wp-content\/uploads\/2023\/11\/200421_CTV-LF-PPT-Shot_4-700x394-1.png\" alt=\"200421_CTV-LF-PPT-Shot_4-700x394\" itemprop=\"image\" title=\"200421_CTV-LF-PPT-Shot_4-700x394\" onerror=\"this.style.display='none'\"  \/>\n\t<p>RCH-LF-15K<\/p>\n\t\t\t\t<img decoding=\"async\" src=\"https:\/\/oceaneering.com\/wp-content\/uploads\/2023\/11\/200421_CTV-LF-PPT-Shot_3-700x394-1.png\" alt=\"200421_CTV-LF-PPT-Shot_3-700x394\" itemprop=\"image\" title=\"200421_CTV-LF-PPT-Shot_3-700x394\" onerror=\"this.style.display='none'\"  \/>\n\t<p>Recept\u00e1culo con CTV-LF-15K instalado<\/p>\n\t\t\t\t<img decoding=\"async\" src=\"https:\/\/oceaneering.com\/wp-content\/uploads\/2023\/11\/200421_CTV-LF-PPT-Shot_11-700x394-1.png\" alt=\"200421_CTV-LF-PPT-Shot_11-700x394\" itemprop=\"image\" title=\"200421_CTV-LF-PPT-Shot_11-700x394\" onerror=\"this.style.display='none'\"  \/>\n\t<p>RCH-LF-15K (vista frontal)<\/p>\n\t\t\t\t<img decoding=\"async\" src=\"https:\/\/oceaneering.com\/wp-content\/uploads\/2023\/11\/200421_CTV-LF-PPT-Shot_10-700x394-1.png\" alt=\"200421_CTV-LF-PPT-Shot_10-700x394\" itemprop=\"image\" title=\"200421_CTV-LF-PPT-Shot_10-700x394\" onerror=\"this.style.display='none'\"  \/>\n\t<p>RCH-LF-15K (vista trasera)<\/p>\n\t\t\t\t<img decoding=\"async\" src=\"https:\/\/oceaneering.com\/wp-content\/uploads\/2023\/11\/200421_CTV-LF-PPT-Shot_9-700x394-1.png\" alt=\"200421_CTV-LF-PPT-Shot_9-700x394\" itemprop=\"image\" title=\"200421_CTV-LF-PPT-Shot_9-700x394\" onerror=\"this.style.display='none'\"  \/>\n\t<p>Recept\u00e1culo con CTV-LF-15K instalado (vista frontal)<\/p>\n<h2>\n\t\tDise\u00f1ado para entornos dif\u00edciles\n\t<\/h2>\n\n\t\tNuestros CTV est\u00e1n dise\u00f1ados para su uso en entornos submarinos dif\u00edciles. Est\u00e1n dise\u00f1ados para cumplir requisitos de presi\u00f3n de hasta 1035 bar (15.000 psi) y profundidades de trabajo de hasta 4.000 m (13.123 pies).\n\t\n\t\t\t<img decoding=\"async\" src=\"https:\/\/www.oceaneering.com\/wp-content\/uploads\/2024\/02\/201016_CTV-LF-SHOT-1-e1602848221605.png\" alt=\"\"\/>\n\t\t\t\t\t\t\t\t\t\tMango en D sin soldadura\n\t\t\t\t\t\t\t\t\t\t\t\t\t\t<h6><strong>Mango en D sin soldadura<\/strong><\/h6>\t\t\t\t\t\t\t\t\t\t\t\t\t\n\t\t\t\t\t\t\t\t\t\tControlador electr\u00f3nico\n\t\t\t\t\t\t\t\t\t\t\t\t\t\t<h6><strong>Controlador electr\u00f3nico<\/strong><\/h6>\t\t\t\t\t\t\t\t\t\t\t\t\t\n\t\t\t\t\t\t\t\t\t\tFlow Trim\n\t\t\t\t\t\t\t\t\t\t\t\t\t\t<h6><strong>Flow Trim<\/strong><\/h6>\t\t\t\t\t\t\t\t\t\t\t\t\t\n\t\t\t\t\t\t\t\t\t\tConector el\u00e9ctrico\n\t\t\t\t\t\t\t\t\t\t\t\t\t\t<h6><strong>Conector el\u00e9ctrico<\/strong><\/h6>\t\t\t\t\t\t\t\t\t\t\t\t\t\n\t\t\t\t\t\t\t\t\t\tAcopladores hidr\u00e1ulicos\n\t\t\t\t\t\t\t\t\t\t\t\t\t\t<h6><strong>Acopladores hidr\u00e1ulicos<\/strong><\/h6>\t\t\t\t\t\t\t\t\t\t\t\t\t\n\t\t\t\t\t\t\t\t\t\tTransmisi\u00f3n\n\t\t\t\t\t\t\t\t\t\t\t\t\t\t<h6><strong>Transmisi\u00f3n<\/strong><\/h6>\t\t\t\t\t\t\t\t\t\t\t\t\t\n\t\t\t\t\t\t\t\t\t\tManguera compensadora\n\t\t\t\t\t\t\t\t\t\t\t\t\t\t<h6><strong>Manguera compensadora<\/strong><\/h6>\t\t\t\t\t\t\t\t\t\t\t\t\t\n\t\t\t\t\t\t\t\t\t\tSensores de presi\u00f3n\n\t\t\t\t\t\t\t\t\t\t\t\t\t\t<h6><strong>Sensor de presi\u00f3n<\/strong><\/h6>\t\t\t\t\t\t\t\t\t\t\t\t\t\n\t\t\t\t\t\t\t\t\t\tMecanismo de bloqueo\n\t\t\t\t\t\t\t\t\t\t\t\t\t\t<h6><strong>Mecanismo de bloqueo<\/strong><\/h6>\t\t\t\t\t\t\t\t\t\t\t\t\t\n<h2>\n\t\tDise\u00f1o autolimpiante y sin filtro\n\t<\/h2>\n\n\t\tNuestro CTV es el \u00fanico dise\u00f1o del sector que combina una posici\u00f3n de lavado total con un rascador mec\u00e1nico integrado. Esta caracter\u00edstica garantiza una tolerancia superior a la contaminaci\u00f3n y ofrece un rendimiento inigualable, preciso y a largo plazo sin necesidad de filtros submarinos.\n\t\n\t\t\t\t<img decoding=\"async\" src=\"https:\/\/oceaneering.com\/wp-content\/uploads\/2023\/11\/200227_GIF-M-Scrapper-Fluid.gif\" alt=\"200227_GIF-M-Scrapper-Fluid\" itemprop=\"image\" title=\"200227_GIF-M-Scrapper-Fluid\" onerror=\"this.style.display='none'\"  \/>\n\t\t\t\t<img decoding=\"async\" src=\"https:\/\/oceaneering.com\/wp-content\/uploads\/2023\/11\/200421_CTV-LF-PPT-Shot_7-e1603106078530.png\" alt=\"200421_CTV-LF-PPT-Shot_7-e1603106078530\" itemprop=\"image\" title=\"200421_CTV-LF-PPT-Shot_7-e1603106078530\" onerror=\"this.style.display='none'\"  \/>\n<h2>\n\t\tProductos y caudales\n\t<\/h2>\n\t\t\t<h3>CTV de bajo caudal (CTV-LF-15K)<\/h3>\t\t\t\n\t\t\t\t<p>Gama de caudales: 0,038 a 2.282 gal\/d\u00eda (0,001 a 6 l\/min). Disponible en variantes optimizadas para partes espec\u00edficas del rango de caudal.<\/p>\n\t\t\t<h3>CTV Flujo medio (CTV-MF-15K)<\/h3>\t\t\t\n\t\t\t\t<p>Gama de caudales: 190 a 6.847 gal\/d\u00eda (0,5 a 18 l\/min)<\/p>\n\t\t\t<h3>CTV de alto flujo (CTV-HF)<\/h3>\t\t\t\n\t\t\t\t<p>Gama de caudales: 760 a 76.081 gal\/d\u00eda (2 a 200 l\/min)<\/p>\n\t\t\t<h3>CTV Ultra-Flow (CTV-UF-10K)<\/h3>\t\t\t\n\t\t\t\t<p>Gama de caudales: 760 a 380.407 gal\/d\u00eda (2 a 1000+ l\/min)<\/p>\n\t\t\t<h3>Simulador CTV<\/h3>\t\t\t\n\t\t\t\t<p>Compatible con toda la gama de productos<\/p>\n\t<p>Los rangos de caudal dependen de la viscosidad y de la presi\u00f3n diferencial.<\/p>\n<h3>\n\t\tFolletos\n\t<\/h3>\n\t\t\t<a href=\"https:\/\/oceaneering.canto.com\/download\/document\/jd05u167nd2dla4vljhh9rqc02\/original.pdf\" target=\"_blank\" rel=\"noopener\">\n\t\t\t\t\t\t\tV\u00e1lvula de mariposa de inyecci\u00f3n qu\u00edmica (CTV)\n\t\t\t\t\t<\/a>\n\t\t\t<a href=\"https:\/\/oceaneering.canto.com\/download\/document\/5dclkvcfg161f3iub7nvcdrj72\/original.pdf\" target=\"_blank\" rel=\"noopener\">\n\t\t\t\t\t\t\tV\u00e1lvula de mariposa qu\u00edmica (CTV-LF-15K)\n\t\t\t\t\t<\/a>\n\t\t\t<a href=\"https:\/\/oceaneering.canto.com\/download\/document\/ncppk1csmp6d1fmcvpg9md0s04\/original.pdf\" target=\"_blank\" rel=\"noopener\">\n\t\t\t\t\t\t\tV\u00e1lvula de mariposa qu\u00edmica (CTV-MF-15K)\n\t\t\t\t\t<\/a>\n\t\t\t<a href=\"https:\/\/oceaneering.canto.com\/download\/document\/n84pcps4ht5u50mt1d6tbmcn5b\/original.pdf\" target=\"_blank\" rel=\"noopener\">\n\t\t\t\t\t\t\tHerramienta de par TorKey CTV\n\t\t\t\t\t<\/a>\n\t\t\t<a href=\"https:\/\/oceaneering.canto.com\/download\/document\/pn431n5lqd12b1ukspua181b0i\/original.pdf\" target=\"_blank\" rel=\"noopener\">\n\t\t\t\t\t\t\tSimulador de v\u00e1lvulas de mariposa de inyecci\u00f3n qu\u00edmica\n\t\t\t\t\t<\/a>\n<h1>\n\t\tContacte con nosotros\n\t<\/h1>\n<h2>\n\t\tNuestro equipo de expertos est\u00e1 listo para ayudarle a empezar.\n\t<\/h2>\n\t<p>Oceaneering ofrece los mejores productos y soluciones de su clase, respaldados por una calidad, fiabilidad y asistencia global inigualables. Rellene el formulario de consulta para iniciar una conversaci\u00f3n hoy mismo.<\/p>","protected":false},"excerpt":{"rendered":"<p>Nuestros CTV se instalan en \u00e1rboles y colectores submarinos para proporcionar una inyecci\u00f3n submarina continua y precisa de productos qu\u00edmicos en sus sistemas de producci\u00f3n. Las CTV eliminan eficazmente la necesidad de inyecci\u00f3n en superficie y de l\u00edneas umbilicales espec\u00edficas, lo que permite el dise\u00f1o y despliegue de l\u00edneas umbilicales simplificadas y m\u00e1s eficientes. Suministramos ... <a title=\"V\u00e1lvulas de mariposa qu\u00edmicas (CTV)\" class=\"read-more\" href=\"https:\/\/www.oceaneering.com\/es\/rotator-technologies\/chemical-throttle-valves\/\" aria-label=\"Leer m\u00e1s sobre V\u00e1lvulas de mariposa qu\u00edmicas (CTV)\">Seguir leyendo<\/a><\/p>","protected":false},"author":20,"featured_media":0,"parent":1550,"menu_order":2,"comment_status":"closed","ping_status":"closed","template":"","meta":{"_acf_changed":false,"footnotes":"","_links_to":"","_links_to_target":""},"product_category":[1495],"search_tags":[1525,1806],"class_list":["post-1688","page","type-page","status-publish","product_category-valves-rotator-technologies","search_tags-rotator","search_tags-rotator-technologies"],"acf":[],"aioseo_notices":[],"_links":{"self":[{"href":"https:\/\/www.oceaneering.com\/es\/wp-json\/wp\/v2\/pages\/1688","targetHints":{"allow":["GET"]}}],"collection":[{"href":"https:\/\/www.oceaneering.com\/es\/wp-json\/wp\/v2\/pages"}],"about":[{"href":"https:\/\/www.oceaneering.com\/es\/wp-json\/wp\/v2\/types\/page"}],"author":[{"embeddable":true,"href":"https:\/\/www.oceaneering.com\/es\/wp-json\/wp\/v2\/users\/20"}],"replies":[{"embeddable":true,"href":"https:\/\/www.oceaneering.com\/es\/wp-json\/wp\/v2\/comments?post=1688"}],"version-history":[{"count":0,"href":"https:\/\/www.oceaneering.com\/es\/wp-json\/wp\/v2\/pages\/1688\/revisions"}],"up":[{"embeddable":true,"href":"https:\/\/www.oceaneering.com\/es\/wp-json\/wp\/v2\/pages\/1550"}],"wp:attachment":[{"href":"https:\/\/www.oceaneering.com\/es\/wp-json\/wp\/v2\/media?parent=1688"}],"wp:term":[{"taxonomy":"product_category","embeddable":true,"href":"https:\/\/www.oceaneering.com\/es\/wp-json\/wp\/v2\/product_category?post=1688"},{"taxonomy":"search_tags","embeddable":true,"href":"https:\/\/www.oceaneering.com\/es\/wp-json\/wp\/v2\/search_tags?post=1688"}],"curies":[{"name":"wp","href":"https:\/\/api.w.org\/{rel}","templated":true}]}}