{"id":1550,"date":"2023-09-29T10:35:46","date_gmt":"2023-09-29T14:35:46","guid":{"rendered":"https:\/\/oceaneering.com\/?page_id=1550"},"modified":"2026-03-02T08:40:50","modified_gmt":"2026-03-02T14:40:50","slug":"rotator-technologies","status":"publish","type":"page","link":"https:\/\/www.oceaneering.com\/es\/rotator-technologies\/","title":{"rendered":"Tecnolog\u00edas Rotator"},"content":{"rendered":"<p><a href=\"https:\/\/www.oceaneering.com\/es\/rotator-technologies\/#contact\" target=\"_self\" rel=\"noopener\"> Debatir un proyecto <\/a><\/p>\r\n<h1>Tecnolog\u00edas Rotator<\/h1>\r\n<p>Dise\u00f1amos y fabricamos las mejores v\u00e1lvulas del sector para operaciones cr\u00edticas de petr\u00f3leo y gas.<\/p>\r\n<p><img decoding=\"async\" title=\"OII-Rotator-white-2020-Tm-Logo\" src=\"https:\/\/oceaneering.com\/wp-content\/uploads\/2023\/11\/OII-Rotator-white-2020-Tm-Logo.png\" alt=\"OII-Rotator-white-2020-Tm-Logo\" \/> Aprovechamos m\u00e1s de 60 a\u00f1os de experiencia para ofrecer v\u00e1lvulas submarinas y de superficie l\u00edderes en el sector y probadas en campo. Nuestros productos est\u00e1n respaldados por una calidad, fiabilidad y asistencia t\u00e9cnica mundial sin precedentes.<\/p>\r\n<h2>Productos submarinos y de superficie<\/h2>\r\n<p><a href=\"https:\/\/www.oceaneering.com\/es\/rotator-technologies\/chemical-throttle-valves\/\" target=\"_self\" rel=\"noopener\"> <img decoding=\"async\" title=\"200309_CTV-UF-Subsea-Shot-3\" src=\"https:\/\/oceaneering.com\/wp-content\/uploads\/2023\/11\/200309_CTV-UF-Subsea-Shot-3.jpeg\" alt=\"200309_CTV-UF-Subsea-Shot-3\" \/> <\/a><\/p>\r\n<h3>V\u00e1lvula de mariposa qu\u00edmica (CTV)<\/h3>\r\n<p>Continuous subsea chemical injection via the industry&#8217;s smallest, lightest, and most contamination-tolerant designs.<\/p>\r\n<p><a href=\"https:\/\/www.oceaneering.com\/es\/rotator-technologies\/chemical-throttle-valves\/\" target=\"_self\" rel=\"noopener\"> M\u00e1s informaci\u00f3n <\/a> <a href=\"https:\/\/www.oceaneering.com\/es\/rotator-technologies\/hydraulic-directional-control-valves\/\" target=\"_self\" rel=\"noopener\"> <img decoding=\"async\" title=\"VHC\" src=\"https:\/\/oceaneering.com\/wp-content\/uploads\/2023\/11\/HCV.jpeg\" alt=\"HCV\" \/> <\/a><\/p>\r\n<h3>V\u00e1lvula de control direccional hidr\u00e1ulica (HCV)<\/h3>\r\n<p>Controle las funciones submarinas cr\u00edticas con m\u00e1s de 900 dise\u00f1os de VHC robustos y tolerantes a la contaminaci\u00f3n.<\/p>\r\n<p><a href=\"https:\/\/www.oceaneering.com\/es\/rotator-technologies\/hydraulic-directional-control-valves\/\" target=\"_self\" rel=\"noopener\"> M\u00e1s informaci\u00f3n <\/a> <a href=\"https:\/\/www.oceaneering.com\/es\/rotator-technologies\/rotary-control-valves\/\" target=\"_self\" rel=\"noopener\"> <img decoding=\"async\" title=\"200526_RCV_render_10\" src=\"https:\/\/oceaneering.com\/wp-content\/uploads\/2023\/11\/200526_RCV_render_10.png\" alt=\"200526_RCV_render_10\" \/> <\/a><\/p>\r\n<h3>V\u00e1lvula de control rotativo (RCV)<\/h3>\r\n<p>Garantice sus funciones cr\u00edticas en superficie y submarinas con nuestros robustos dise\u00f1os de alta presi\u00f3n.<\/p>\r\n<p><a href=\"https:\/\/www.oceaneering.com\/es\/rotator-technologies\/rotary-control-valves\/\" target=\"_self\" rel=\"noopener\"> M\u00e1s informaci\u00f3n <\/a> <a href=\"https:\/\/www.oceaneering.com\/es\/rotator-technologies\/topside-chemical-throttle-valves\/\" target=\"_self\" rel=\"noopener\"> <img decoding=\"async\" title=\"T-CTV-700\" src=\"https:\/\/oceaneering.com\/wp-content\/uploads\/2023\/11\/T-CTV-700.jpeg\" alt=\"T-CTV-700\" \/> <\/a><\/p>\r\n<h3>V\u00e1lvula de mariposa qu\u00edmica superior (T-CTV)<\/h3>\r\n<p>Dosificaci\u00f3n precisa y continua mediante una v\u00e1lvula dosificadora de productos qu\u00edmicos sin filtro, autolimpiable y totalmente automatizada.<\/p>\r\n<p><a href=\"https:\/\/www.oceaneering.com\/es\/rotator-technologies\/topside-chemical-throttle-valves\/\" target=\"_self\" rel=\"noopener\"> M\u00e1s informaci\u00f3n <\/a> <a href=\"https:\/\/www.oceaneering.com\/es\/rotator-technologies\/subsea-hydraulic-cat-d-couplings\/\" target=\"_self\" rel=\"noopener\"> <img decoding=\"async\" title=\"Acoplamientos hidr\u00e1ulicos:\" src=\"https:\/\/oceaneering.com\/wp-content\/uploads\/2023\/11\/Hydraulic-Couplings-Featured.jpeg\" alt=\"Hydraulic-Couplings-Featured\" \/> <\/a><\/p>\r\n<h3>Acoplamientos hidr\u00e1ulicos submarinos CAT-D<\/h3>\r\n<p>Apoye el dise\u00f1o optimizado del sistema a la vez que reduce los costes y riesgos asociados a la soldadura, las inspecciones, etc.<\/p>\r\n<p><a href=\"https:\/\/www.oceaneering.com\/es\/rotator-technologies\/subsea-hydraulic-cat-d-couplings\/\" target=\"_self\" rel=\"noopener\"> M\u00e1s informaci\u00f3n <\/a><\/p>\r\n<h2>Centro de ensayos y cualificaci\u00f3n<\/h2>\r\n<p>Nuestras modernas instalaciones de Kristiansand (Noruega) ofrecen un servicio integral para satisfacer las necesidades espec\u00edficas de cada proyecto.<\/p>\r\n<ul>\r\n<li>Pruebas, cualificaci\u00f3n y documentaci\u00f3n<\/li>\r\n<li>Soporte de reingenier\u00eda, fabricaci\u00f3n y repetici\u00f3n de pruebas<\/li>\r\n<li>D\u00e9cadas de experiencia en el sector<\/li>\r\n<\/ul>\r\n<p><a href=\"https:\/\/www.oceaneering.com\/es\/rotator-technologies\/rotator-test-and-qualification-center\/\" target=\"_self\" rel=\"noopener\"> M\u00e1s informaci\u00f3n <\/a><\/p>\r\n<h1>Contacte con nosotros<\/h1>\r\n<h2>Nuestro equipo de expertos est\u00e1 listo para ayudarle a empezar.<\/h2>\r\n<p>Oceaneering ofrece los mejores productos y soluciones de su clase, respaldados por una calidad, fiabilidad y asistencia global inigualables. Rellene el formulario de consulta para iniciar una conversaci\u00f3n hoy mismo.<\/p>","protected":false},"excerpt":{"rendered":"<p>Discuss a Project Rotator Technologies We design and manufacture the industry&#8217;s premier valves for critical oil and gas operations. We leverage over 60 years&#8217; experience to deliver industry-leading, field-proven subsea and topside valves. Our products are backed by unparalleled quality, reliability, and global support. Subsea and Topside Products Chemical Throttle Valve (CTV) Continuous subsea chemical &#8230; <a title=\"Tecnolog\u00edas Rotator\" class=\"read-more\" href=\"https:\/\/www.oceaneering.com\/es\/rotator-technologies\/\" aria-label=\"Leer m\u00e1s sobre Rotator Technologies\">Seguir leyendo<\/a><\/p>","protected":false},"author":20,"featured_media":0,"parent":0,"menu_order":2,"comment_status":"closed","ping_status":"closed","template":"","meta":{"_acf_changed":false,"footnotes":"","_links_to":"","_links_to_target":""},"product_category":[1495],"search_tags":[1525,1806],"class_list":["post-1550","page","type-page","status-publish","product_category-valves-rotator-technologies","search_tags-rotator","search_tags-rotator-technologies"],"acf":[],"aioseo_notices":[],"_links":{"self":[{"href":"https:\/\/www.oceaneering.com\/es\/wp-json\/wp\/v2\/pages\/1550","targetHints":{"allow":["GET"]}}],"collection":[{"href":"https:\/\/www.oceaneering.com\/es\/wp-json\/wp\/v2\/pages"}],"about":[{"href":"https:\/\/www.oceaneering.com\/es\/wp-json\/wp\/v2\/types\/page"}],"author":[{"embeddable":true,"href":"https:\/\/www.oceaneering.com\/es\/wp-json\/wp\/v2\/users\/20"}],"replies":[{"embeddable":true,"href":"https:\/\/www.oceaneering.com\/es\/wp-json\/wp\/v2\/comments?post=1550"}],"version-history":[{"count":1,"href":"https:\/\/www.oceaneering.com\/es\/wp-json\/wp\/v2\/pages\/1550\/revisions"}],"predecessor-version":[{"id":81252,"href":"https:\/\/www.oceaneering.com\/es\/wp-json\/wp\/v2\/pages\/1550\/revisions\/81252"}],"wp:attachment":[{"href":"https:\/\/www.oceaneering.com\/es\/wp-json\/wp\/v2\/media?parent=1550"}],"wp:term":[{"taxonomy":"product_category","embeddable":true,"href":"https:\/\/www.oceaneering.com\/es\/wp-json\/wp\/v2\/product_category?post=1550"},{"taxonomy":"search_tags","embeddable":true,"href":"https:\/\/www.oceaneering.com\/es\/wp-json\/wp\/v2\/search_tags?post=1550"}],"curies":[{"name":"wp","href":"https:\/\/api.w.org\/{rel}","templated":true}]}}