{"id":1540,"date":"2023-09-22T21:08:43","date_gmt":"2023-09-23T01:08:43","guid":{"rendered":"https:\/\/oceaneering.com\/?page_id=1540"},"modified":"2026-04-10T08:48:58","modified_gmt":"2026-04-10T13:48:58","slug":"resources","status":"publish","type":"page","link":"https:\/\/www.oceaneering.com\/es\/resources\/","title":{"rendered":"Recursos"},"content":{"rendered":"<p>Centro de aprendizaje<\/p>\r\n<h2>Biblioteca de recursos<\/h2>\r\n<p>Explore recursos e informaci\u00f3n de productos por industria, tipo y tema. <button aria-expanded=\"true\" aria-controls=\"section1\">Tipos de contenido<\/button> <button aria-expanded=\"false\" aria-controls=\"section2\">Categor\u00edas<\/button> <button aria-expanded=\"false\" aria-controls=\"section3\">Industria<\/button> <a href=\"https:\/\/oceaneering.canto.com\/download\/document\/nkbbmg090p59lcodi3hl7t3f5e\/original.pdf\" target=\"_blank\" rel=\"noopener\"> <img decoding=\"async\" src=\"https:\/\/oceaneering.canto.com\/preview\/document\/nkbbmg090p59lcodi3hl7t3f5e\/600.jpg\" alt=\"\" \/> Folleto<\/a><\/p>\r\n<h3>Soluciones para proyectos de hidr\u00f3geno<\/h3>\r\n<p><a href=\"https:\/\/oceaneering.canto.com\/download\/document\/nkbbmg090p59lcodi3hl7t3f5e\/original.pdf\" target=\"_blank\" rel=\"noopener\"><!-- \r\n\t\t\t\t\t\t\t\t --> <\/a> <a href=\"https:\/\/www.oceaneering.com\/es\/case-studies\/reliability-study-uncovers-root-causes-of-mechanical-seal-failures-2\/\"> <img decoding=\"async\" src=\"https:\/\/oceaneering.canto.com\/preview\/document\/pb490oo97l3rtdbde6ajnv2k00\/600.jpg\" alt=\"\" \/> Estudio de caso<\/a><\/p>\r\n<h3>Privado: Un estudio de fiabilidad descubre las causas de los fallos de los cierres mec\u00e1nicos<\/h3>\r\n<p><a href=\"https:\/\/www.oceaneering.com\/es\/case-studies\/reliability-study-uncovers-root-causes-of-mechanical-seal-failures-2\/\"><!-- \r\n\t\t\t\t\t\t\t\t --> <\/a> <a href=\"https:\/\/www.oceaneering.com\/es\/case-studies\/delivering-maintenance-program-for-newbuild-fpso\/\"> <img decoding=\"async\" src=\"https:\/\/www.oceaneering.com\/wp-content\/uploads\/2024\/11\/FPSO-outside-Angola.jpg\" alt=\"\" \/> Estudio de caso<\/a><\/p>\r\n<h3>Programa de mantenimiento de FPSO de nueva construcci\u00f3n<\/h3>\r\n<p><a href=\"https:\/\/www.oceaneering.com\/es\/case-studies\/delivering-maintenance-program-for-newbuild-fpso\/\"><!-- \r\n\t\t\t\t\t\t\t\t --> <\/a> <a href=\"https:\/\/www.oceaneering.com\/wp-content\/uploads\/2024\/11\/Security-Moment-Before-You-Travel.pdf\" target=\"_blank\" rel=\"noopener\"> <img decoding=\"async\" src=\"https:\/\/www.oceaneering.com\/wp-content\/uploads\/2024\/11\/Security-Moment-Before-You-Travel.jpeg\" alt=\"\" \/> Momento de seguridad<\/a><\/p>\r\n<h3>Antes de viajar<\/h3>\r\n<p><a href=\"https:\/\/www.oceaneering.com\/wp-content\/uploads\/2024\/11\/Security-Moment-Before-You-Travel.pdf\" target=\"_blank\" rel=\"noopener\"><!-- \r\n\t\t\t\t\t\t\t\t --> <\/a> <a href=\"https:\/\/www.oceaneering.com\/wp-content\/uploads\/2024\/11\/Safety-Moment-Shipping-Dangerous-Goods.pdf\" target=\"_blank\" rel=\"noopener\"> <img decoding=\"async\" src=\"https:\/\/www.oceaneering.com\/wp-content\/uploads\/2024\/11\/Safety-Moment-Shipping-Dangerous-Goods.jpeg\" alt=\"\" \/> Momento de seguridad<\/a><\/p>\r\n<h3>Mercanc\u00edas peligrosas<\/h3>\r\n<p><a href=\"https:\/\/www.oceaneering.com\/wp-content\/uploads\/2024\/11\/Safety-Moment-Shipping-Dangerous-Goods.pdf\" target=\"_blank\" rel=\"noopener\"><!-- \r\n\t\t\t\t\t\t\t\t --> <\/a> <a href=\"https:\/\/www.oceaneering.com\/wp-content\/uploads\/2024\/11\/Safety-Moment-Identifying-Hazards.pdf\" target=\"_blank\" rel=\"noopener\"> <img decoding=\"async\" src=\"https:\/\/www.oceaneering.com\/wp-content\/uploads\/2024\/11\/Safety-Moment-Identifying-Hazards.jpeg\" alt=\"\" \/> Momento de seguridad<\/a><\/p>\r\n<h3>Identificaci\u00f3n de riesgos<\/h3>\r\n<p><a href=\"https:\/\/www.oceaneering.com\/wp-content\/uploads\/2024\/11\/Safety-Moment-Identifying-Hazards.pdf\" target=\"_blank\" rel=\"noopener\"><!-- \r\n\t\t\t\t\t\t\t\t --> <\/a> <a href=\"https:\/\/www.oceaneering.com\/wp-content\/uploads\/2024\/11\/Safety-Moment-Forklifts-and-Pedestrians.pdf\" target=\"_blank\" rel=\"noopener\"> <img decoding=\"async\" src=\"https:\/\/www.oceaneering.com\/wp-content\/uploads\/2024\/11\/Slide1.jpeg\" alt=\"\" \/> Momento de seguridad<\/a><\/p>\r\n<h3>Carretillas elevadoras y peatones<\/h3>\r\n<p><a href=\"https:\/\/www.oceaneering.com\/wp-content\/uploads\/2024\/11\/Safety-Moment-Forklifts-and-Pedestrians.pdf\" target=\"_blank\" rel=\"noopener\"><!-- \r\n\t\t\t\t\t\t\t\t --> <\/a> <a href=\"https:\/\/www.oceaneering.com\/es\/case-studies\/innovative-approach-expedites-complex-pipeline-inspection\/\"> <img decoding=\"async\" src=\"https:\/\/oceaneering.canto.com\/preview\/document\/hv957u6mbh7mj4u2f3899g1v1u\/600.jpg\" alt=\"\" \/> Estudio de caso<\/a><\/p>\r\n<h3>Private: Innovative Approach Expedites Complex Pipeline Inspection<\/h3>\r\n<p><a href=\"https:\/\/www.oceaneering.com\/es\/case-studies\/innovative-approach-expedites-complex-pipeline-inspection\/\"><!-- \r\n\t\t\t\t\t\t\t\t --> <\/a> <a href=\"https:\/\/www.oceaneering.com\/es\/case-studies\/emergency-dock-assessment-uses-sonar-mapping-to-confirm-damage\/\"> <img decoding=\"async\" src=\"https:\/\/www.oceaneering.com\/wp-content\/uploads\/2024\/11\/Sonar-Dock-Assessment.png\" alt=\"\" \/> Estudio de caso<\/a><\/p>\r\n<h3>La evaluaci\u00f3n de emergencia de muelles utiliza el sonar para confirmar los da\u00f1os<\/h3>\r\n<p><a href=\"https:\/\/www.oceaneering.com\/es\/case-studies\/emergency-dock-assessment-uses-sonar-mapping-to-confirm-damage\/\"><!-- \r\n\t\t\t\t\t\t\t\t --> <\/a> <a href=\"https:\/\/www.oceaneering.com\/es\/case-studies\/optimized-fspo-ballast-tank-inspection-scope-eliminates-confined-space-entry\/\"> <img decoding=\"async\" src=\"https:\/\/oceaneering.canto.com\/preview\/document\/po89njfpsp1151uvutbbn82j01\/600.jpg\" alt=\"\" \/> Estudio de caso<\/a><\/p>\r\n<h3>Private: Optimized FSPO Ballast Tank Inspection Scope Eliminates Confined Space Entry<\/h3>\r\n<p><a href=\"https:\/\/www.oceaneering.com\/es\/case-studies\/optimized-fspo-ballast-tank-inspection-scope-eliminates-confined-space-entry\/\"><!-- \r\n\t\t\t\t\t\t\t\t --> <\/a> <a href=\"https:\/\/www.oceaneering.com\/es\/case-studies\/updating-maintenance-plans-for-uk-regulatory-compliance\/\"> <img decoding=\"async\" src=\"https:\/\/www.oceaneering.com\/wp-content\/uploads\/2024\/06\/Updating-Maintenance-Plans-for-UK-Regulatory-Compliance.jpg\" alt=\"\" \/> Estudio de caso<\/a><\/p>\r\n<h3>Actualizaci\u00f3n de los planes de mantenimiento para cumplir la normativa brit\u00e1nica<\/h3>\r\n<p><a href=\"https:\/\/www.oceaneering.com\/es\/case-studies\/updating-maintenance-plans-for-uk-regulatory-compliance\/\"><!-- \r\n\t\t\t\t\t\t\t\t --> <\/a> <a href=\"https:\/\/oceaneering.canto.com\/download\/document\/920efidofh3tld82cunecmo33e\/original.pdf\" target=\"_blank\" rel=\"noopener\"> <img decoding=\"async\" src=\"https:\/\/oceaneering.canto.com\/preview\/document\/920efidofh3tld82cunecmo33e\/600.jpg\" alt=\"\" \/> Folleto<\/a><\/p>\r\n<h3>Ocean Perception\u2122 - Operaciones de vigilancia mar\u00edtima<\/h3>\r\n<p><a href=\"https:\/\/oceaneering.canto.com\/download\/document\/920efidofh3tld82cunecmo33e\/original.pdf\" target=\"_blank\" rel=\"noopener\"><!-- \r\n\t\t\t\t\t\t\t\t --> <\/a> <a href=\"https:\/\/www.oceaneering.com\/es\/case-studies\/using-process-data-to-evaluate-pump-operating-performance\/\"> <img decoding=\"async\" src=\"https:\/\/www.oceaneering.com\/wp-content\/uploads\/2024\/09\/Using-Process-Data-to-Evaluate-Pump-Operating-Performance-banner-image.jpg\" alt=\"\" \/> Estudio de caso<\/a><\/p>\r\n<h3>Uso de datos de proceso para evaluar el rendimiento operativo de las bombas<\/h3>\r\n<p><a href=\"https:\/\/www.oceaneering.com\/es\/case-studies\/using-process-data-to-evaluate-pump-operating-performance\/\"><!-- \r\n\t\t\t\t\t\t\t\t --> <\/a> <a href=\"https:\/\/www.oceaneering.com\/es\/case-studies\/supporting-client-with-long-term-fpso-maintenance-plan\/\"> <img decoding=\"async\" src=\"https:\/\/www.oceaneering.com\/wp-content\/uploads\/2023\/11\/551ebf15-1a6f-442b-8a64-3e3baceffc71.jpg\" alt=\"\" \/> Estudio de caso<\/a><\/p>\r\n<h3>Apoyo al cliente con un plan de mantenimiento FPSO a largo plazo<\/h3>\r\n<p><a href=\"https:\/\/www.oceaneering.com\/es\/case-studies\/supporting-client-with-long-term-fpso-maintenance-plan\/\"><!-- \r\n\t\t\t\t\t\t\t\t --> <\/a> <a href=\"https:\/\/www.oceaneering.com\/es\/white-papers\/the-differences-between-automated-guided-vehicles-and-autonomous-mobile-robots\/\"> <img decoding=\"async\" src=\"https:\/\/www.oceaneering.com\/wp-content\/uploads\/2024\/03\/maxmover.jpg\" alt=\"\" \/> Libro Blanco<\/a><\/p>\r\n<h3>Explore las diferencias entre los veh\u00edculos de guiado autom\u00e1tico (AGV) y los robots m\u00f3viles aut\u00f3nomos (AMR)<\/h3>\r\n<p><a href=\"https:\/\/www.oceaneering.com\/es\/white-papers\/the-differences-between-automated-guided-vehicles-and-autonomous-mobile-robots\/\"><!-- \r\n\t\t\t\t\t\t\t\t --> <\/a> <a href=\"https:\/\/oceaneering.canto.com\/download\/document\/kpc7l2s3e93ld3ginh3ps8ot5v\/original.pdf\" target=\"_blank\" rel=\"noopener\"> <img decoding=\"async\" src=\"https:\/\/oceaneering.canto.com\/preview\/document\/kpc7l2s3e93ld3ginh3ps8ot5v\/600.jpg\" alt=\"\" \/> Folleto<\/a><\/p>\r\n<h3>Oruga magn\u00e9tica NDT<\/h3>\r\n<p><a href=\"https:\/\/oceaneering.canto.com\/download\/document\/kpc7l2s3e93ld3ginh3ps8ot5v\/original.pdf\" target=\"_blank\" rel=\"noopener\"><!-- \r\n\t\t\t\t\t\t\t\t --> <\/a> <a href=\"https:\/\/www.oceaneering.com\/es\/case-studies\/embedded-engineers-improve-operational-reliability-for-global-operator\/\"> <img decoding=\"async\" src=\"https:\/\/www.oceaneering.com\/wp-content\/uploads\/2024\/06\/Embedded-Engineers-Improves-Operational-Efficiency-for-Major-Operator.jpg\" alt=\"\" \/> Estudio de caso<\/a><\/p>\r\n<h3>Los ingenieros integrados mejoran la fiabilidad operativa de un operador mundial<\/h3>\r\n<p><a href=\"https:\/\/www.oceaneering.com\/es\/case-studies\/embedded-engineers-improve-operational-reliability-for-global-operator\/\"><!-- \r\n\t\t\t\t\t\t\t\t --> <\/a> <a href=\"https:\/\/oceaneering.canto.com\/download\/document\/5gbdffa5it5nrd7mevcqeso13t\/original.pdf\" target=\"_blank\" rel=\"noopener\"> <img decoding=\"async\" src=\"https:\/\/oceaneering.canto.com\/preview\/document\/5gbdffa5it5nrd7mevcqeso13t\/600.jpg\" alt=\"\" \/> Folleto<\/a><\/p>\r\n<h3>Recipiente para muestras de cemento<\/h3>\r\n<p><a href=\"https:\/\/oceaneering.canto.com\/download\/document\/5gbdffa5it5nrd7mevcqeso13t\/original.pdf\" target=\"_blank\" rel=\"noopener\"><!-- \r\n\t\t\t\t\t\t\t\t --> <\/a><\/p>","protected":false},"excerpt":{"rendered":"<p>Learning Center Resource Library Explore resources and product information by industry, type and topic. Content Types Categories Industry Brochure Delivering Solutions for Hydrogen Projects Case Study Private: Reliability Study Uncovers Root Causes of Mechanical Seal Failures Case Study Delivering Maintenance Program for Newbuild FPSO Safety Moment Before You Travel Safety Moment Dangerous Goods Safety Moment &#8230; <a title=\"Recursos\" class=\"read-more\" href=\"https:\/\/www.oceaneering.com\/es\/resources\/\" aria-label=\"Leer m\u00e1s sobre Recursos\">Seguir leyendo<\/a><\/p>","protected":false},"author":7,"featured_media":0,"parent":0,"menu_order":0,"comment_status":"closed","ping_status":"closed","template":"","meta":{"_acf_changed":false,"footnotes":"","_links_to":"","_links_to_target":""},"product_category":[],"search_tags":[1821,1823,1813,1838,1837,1866],"class_list":["post-1540","page","type-page","status-publish","search_tags-brochures","search_tags-case-studies","search_tags-news-and-media","search_tags-quality-moments","search_tags-safety-moments","search_tags-videos"],"acf":[],"aioseo_notices":[],"_links":{"self":[{"href":"https:\/\/www.oceaneering.com\/es\/wp-json\/wp\/v2\/pages\/1540","targetHints":{"allow":["GET"]}}],"collection":[{"href":"https:\/\/www.oceaneering.com\/es\/wp-json\/wp\/v2\/pages"}],"about":[{"href":"https:\/\/www.oceaneering.com\/es\/wp-json\/wp\/v2\/types\/page"}],"author":[{"embeddable":true,"href":"https:\/\/www.oceaneering.com\/es\/wp-json\/wp\/v2\/users\/7"}],"replies":[{"embeddable":true,"href":"https:\/\/www.oceaneering.com\/es\/wp-json\/wp\/v2\/comments?post=1540"}],"version-history":[{"count":1,"href":"https:\/\/www.oceaneering.com\/es\/wp-json\/wp\/v2\/pages\/1540\/revisions"}],"predecessor-version":[{"id":78814,"href":"https:\/\/www.oceaneering.com\/es\/wp-json\/wp\/v2\/pages\/1540\/revisions\/78814"}],"wp:attachment":[{"href":"https:\/\/www.oceaneering.com\/es\/wp-json\/wp\/v2\/media?parent=1540"}],"wp:term":[{"taxonomy":"product_category","embeddable":true,"href":"https:\/\/www.oceaneering.com\/es\/wp-json\/wp\/v2\/product_category?post=1540"},{"taxonomy":"search_tags","embeddable":true,"href":"https:\/\/www.oceaneering.com\/es\/wp-json\/wp\/v2\/search_tags?post=1540"}],"curies":[{"name":"wp","href":"https:\/\/api.w.org\/{rel}","templated":true}]}}