{"id":80879,"date":"2026-01-27T08:35:58","date_gmt":"2026-01-27T14:35:58","guid":{"rendered":"https:\/\/www.oceaneering.com\/?page_id=80879"},"modified":"2026-04-24T02:45:41","modified_gmt":"2026-04-24T07:45:41","slug":"momentum-electric-rov","status":"publish","type":"page","link":"https:\/\/www.oceaneering.com\/de\/rov-services\/rov-systems\/momentum-electric-rov\/","title":{"rendered":"Momentum\u2122 Elektrisches ROV"},"content":{"rendered":"<a href=\"https:\/\/www.oceaneering.com\/de\/rov-services\/#contact\" target=\"_self\">\n\t\t\t\t\t\t\tEin Projekt besprechen\n\t\t\t\t\t<\/a>\n\t\tROV-SYSTEME\n<h1>\n\t\tMomentum\u2122 Elektrisches ROV\n\t<\/h1>\n\t<p>Erm\u00f6glichen Sie kontinuierliche Unterwassereins\u00e4tze mit einem ROV der n\u00e4chsten Generation mit Elektroantrieb, das f\u00fcr langfristige Zuverl\u00e4ssigkeit ausgelegt ist.<\/p>\n\t\t\t<a href=\"https:\/\/oceaneering.canto.com\/direct\/video\/utvmas1i9h1uh9kb9v8e0eko74\/cCkQqrLU-pZ8buI8tpjGSyquyEY\/original?content-type=video%2Fmp4\" target=\"_self\">\n\t\t\t\t\t\t\tVideo ansehen\n\t\t\t<\/a>\n\t<meta itemprop=\"name\" content=\"Explore the Momentum\u2122 Electric ROV in Action\" \/><meta itemprop=\"description\" content=\"Take a 360\u2011degree look at the Momentum\u2122 Electric ROV, highlighting its advanced camera and sensor suite, plug\u2011and\u2011play architecture, and resident\u2011ready design enabling up to 30 days of maintenance\u2011free subsea operations.\" \/><meta itemprop=\"uploadDate\" content=\"2026-03-04\" \/><meta itemprop=\"thumbnailUrl\" content=\"https:\/\/www.oceaneering.com\/wp-content\/uploads\/2026\/03\/Momentum_ROV_Thumbnail_Sans-text-copy.webp\" \/><meta itemprop=\"contentUrl\" content=\"https:\/\/oceaneering.canto.com\/direct\/video\/utvmas1i9h1uh9kb9v8e0eko74\/cCkQqrLU-pZ8buI8tpjGSyquyEY\/original?content-type=video%2Fmp4\" \/><meta itemprop=\"embedUrl\" content=\"https:\/\/oceaneering.canto.com\/direct\/video\/utvmas1i9h1uh9kb9v8e0eko74\/cCkQqrLU-pZ8buI8tpjGSyquyEY\/original?content-type=video%2Fmp4\" \/>\t\n<h2>\n\t\tDie Zukunft bewegt sich elektrisch \n\t<\/h2>\n\t<p>The next-generation work class Momentum\u2122 Electric ROV is a major leap forward in underwater performance and the future of ROV technology. Developed using insights drawn from millions of operational hours across our global ROV fleet, the system delivers the power, control, and flexibility required to operate in the world&#8217;s most demanding subsea environments.<\/p>\n<h2>\n\t\tLeistung f\u00fcr den kontinuierlichen Unterwasserbetrieb\n\t<\/h2>\n<h3>\n\t\t30-t\u00e4giger wartungsfreier Unterwasseraufenthalt\n\t<\/h3>\n\t<p>Betrieb unter Wasser bis zu 30 Tage lang ohne Wartung oder Bergung.<\/p>\n<h3>\n\t\t45% Geringerer Stromverbrauch\n\t<\/h3>\n\t<p>Senkung des Gesamtenergiebedarfs um bis zu 45% durch elektrischen Antrieb.<\/p>\n<h3>\n\t\t1-Stunden-Plug-and-Play-iPEM-Austausch\n\t<\/h3>\n\t<p>Erm\u00f6glicht einen schnellen, einst\u00fcndigen Plug-and-Play-Wechsel von Sensoren, Werkzeugen und Teilsystemen.<\/p>\n<h3>\n\t\t100% Arbeitsklassenf\u00e4higkeit \n\t<\/h3>\n\t<p>Volle Schub-, Auftriebs- und Nutzlastleistung der Arbeitsklasse.<\/p>\n<h2>\n\t\tSmart Power treibt die betriebliche Effizienz voran\n\t<\/h2>\n\t<p>Das Momentum\u2122 Electric ROV wurde f\u00fcr die Zukunft des Unterwassereinsatzes entwickelt. Es integriert ein intelligentes Energiesystem, das auf einer vereinfachten elektrischen Antriebsarchitektur basiert und die Hydraulik auf der Fahrzeugebene eliminiert, um die Betriebszeit zu erh\u00f6hen und einen langfristigen Unterwassereinsatz zu erm\u00f6glichen.<\/p>\n<h3>\n\t\tDownload der Brosch\u00fcre\n\t<\/h3>\n\t\t\t<a href=\"https:\/\/oceaneering.canto.com\/download\/document\/vmls7l76317m7cf6i678ri7j03\/original.pdf\" target=\"_blank\" rel=\"noopener\">\n\t\t\t\t\t\t\tMomentum\u2122 Elektrisches ROV\n\t\t\t\t\t<\/a>\n<h2>\n\t\tKernkompetenzen  \n\t<\/h2>\n\t<p>Das Momentum\u2122 Electric ROV kombiniert eine verl\u00e4ngerte Unterwasseraufenthaltsdauer, elektrische Arbeitsleistung und eine vereinfachte Architektur zur Unterst\u00fctzung l\u00e4ngerer, besser vorhersehbarer Offshore-Kampagnen.<\/p>\n\t\t\t<h3>Abw\u00e4rtskompatibilit\u00e4t<\/h3>\n\t\t\t<ul><li>Bewahrt die Kompatibilit\u00e4t mit Millennium\u00ae Plus ROV-Systemen<\/li><li>Nutzung vorhandener Anbindungsseile, Leinenmanagementsysteme, Versorgungskabel und Start- und Bergungssysteme (LARS)<\/li><li>Erm\u00f6glicht einen schnellen \u00dcbergang zum elektrischen Betrieb mit minimaler Ausfallzeit<\/li><\/ul>\n\t\t\t<h3>Leistung der Arbeitsklasse <\/h3>\n\t\t\t<ul><li>Durchf\u00fchrung von IMR, Vermessung, Bau und Bohrunterst\u00fctzung<\/li><li>Bietet \u00fcberragende Schubkraft, Auftrieb und Nutzlastkapazit\u00e4t<\/li><li>Bietet Leistung und Kontrolle f\u00fcr anspruchsvolle Offshore-Eins\u00e4tze<\/li><\/ul>\n\t\t\t<h3>Vorteile f\u00fcr die Umwelt <\/h3>\n\t\t\t<ul><li>Geringere Belastung durch undichte Hydraulikkomponenten<\/li><li>Supports environmental\u00a0and Petroleum Operations Notice 1 (PON1) requirements<\/li><\/ul>\n\t\t\t<h3>Modulare Architektur  <\/h3>\n\t\t\t<ul><li>Plug-and-Play-Integration von Sensoren und Werkzeugen<\/li><li>Konzipiert f\u00fcr 24\/7-Fernbetrieb und skalierbare Bereitstellung<\/li><\/ul>\n\t<h2>\n\t\tAutomatisierungsf\u00e4hige Visualisierungs- und Steuerungssysteme\n\t<\/h2>\n\t<p>Verbessern Sie das Situationsbewusstsein und die Automatisierung durch integrierte HD-Kamerasysteme, Navigations- und Steuerungstechnologien f\u00fcr pr\u00e4zise Unterwassersteuerung und fortschrittliche ROV-Steuerung.<\/p>\n<ul>\n<li>Erweiterte 360-Grad-Sicht<\/li>\n<li>Sensorunabh\u00e4ngige dynamische Unterwasser-Positionierung<\/li>\n<li>Nach vorne gerichtete Stereo-HD-Kameras f\u00fcr erweiterte Visualisierung und Automatisierung<\/li>\n<li>Automatische Steuerung mit stabilisiertem Kurs, Tiefe, Neigung und Transitkontrolle<\/li>\n<\/ul>\n\t\t\t\t<img loading=\"lazy\" decoding=\"async\" src=\"https:\/\/www.oceaneering.com\/wp-content\/uploads\/2026\/02\/Momemtum_artwork-copy2.webp\" alt=\"Oceaneering Momentum Electric ROV with four callouts and zoomed images displaying its camera and sensor systems\" itemprop=\"image\" height=\"1062\" width=\"1806\" title=\"Momemtum_artwork copy2\" onerror=\"this.style.display='none'\"  \/>\n<h2>\n\t\tEntdecken Sie das Momentum\u2122 Electric ROV in Aktion\n\t<\/h2>\n\t<p>Werfen Sie einen 360-Grad-Blick auf das Momentum\u2122 Electric ROV, der die fortschrittliche Kamera- und Sensorausstattung, die Plug-and-Play-Architektur und das wohnraumtaugliche Design hervorhebt, das bis zu 30 Tage wartungsfreien Unterwasserbetrieb erm\u00f6glicht.<\/p>\n\t<meta itemprop=\"name\" content=\"Explore the Momentum\u2122 Electric ROV in Action\" \/><meta itemprop=\"description\" content=\"  Take a 360\u2011degree look at the Momentum\u2122 Electric ROV, highlighting its advanced camera and sensor suite, plug\u2011and\u2011play architecture, and resident\u2011ready design enabling up to 30 days of maintenance\u2011free subsea operations.\" \/><meta itemprop=\"uploadDate\" content=\"2026-03-04\" \/><meta itemprop=\"thumbnailUrl\" content=\"https:\/\/www.oceaneering.com\/wp-content\/uploads\/2026\/03\/Momentum-Rov-Thumbnail-1-v2.jpg\" \/><meta itemprop=\"contentUrl\" content=\"https:\/\/oceaneering.canto.com\/direct\/video\/utvmas1i9h1uh9kb9v8e0eko74\/cCkQqrLU-pZ8buI8tpjGSyquyEY\/original?content-type=video%2Fmp4\" \/><meta itemprop=\"embedUrl\" content=\"https:\/\/oceaneering.canto.com\/direct\/video\/utvmas1i9h1uh9kb9v8e0eko74\/cCkQqrLU-pZ8buI8tpjGSyquyEY\/original?content-type=video%2Fmp4\" \/>\t\n\t\t\t<img decoding=\"async\" src=\"https:\/\/www.oceaneering.com\/wp-content\/uploads\/2026\/03\/Momentum_ROV_Thumbnail_Sans-text-copy.webp\" title=\"Momentum_ROV_Thumbnail_Sans text copy\" alt=\"Momentum\u2122 Electric Work Class ROV video poster.\" \/>\t\t\t\t\t\t\t\n\t\t\t\t\tVideo abspielen\n<h2>\n\t\tH\u00e4ufig gestellte Fragen\n\t<\/h2>\n\t<p>Hier finden Sie h\u00e4ufig gestellte Fragen zum Momentum\u2122 Electric ROV, einem elektrischen ROV der gro\u00dfen Arbeitsklasse, das f\u00fcr Unterwassereins\u00e4tze mit hoher Schubkraft, Plug-and-Play-Integration, geringere Umweltrisiken und den nahtlosen Einsatz mit der bestehenden Millennium\u00ae Plus ROV-Infrastruktur entwickelt wurde.<\/p>\n\t\t\t\t\t\t<h5>Wie unterscheidet sich das Momentum\u2122 ROV von herk\u00f6mmlichen ROVs?<\/h5>\n\t\t\t<p>The\u202fMomentum\u2122 Electric ROV is a work class ROV (WROV) that\u202fuses electric propulsion and plug-and-play architecture to deliver high thrust, long dive times, and fewer failure points than\u202fwith traditional hydraulic components.\u202f<\/p>\n\t\t\t\t\t\t<h5>Muss ich in eine neue Oberseite und ein Start- und Bergungssystem investieren? <\/h5>\n\t\t\t<p>Nein. Das Momentum\u2122 Electric ROV ist so konstruiert, dass es mit bestehenden Millennium\u00ae ROV-Installationen kompatibel ist, so dass nur eine Neukonfektionierung der ROV-Leine erforderlich ist, um zwischen den beiden zu wechseln. <a href=\"https:\/\/www.oceaneering.com\/de\/rov-services\/rov-systems\/\">ROV-Systeme<\/a>.<\/p>\n\t\t\t\t\t\t<h5>Kann es mit unseren bestehenden Oberfl\u00e4chensystemen zusammenarbeiten?<\/h5>\n\t\t\t<p>Ja. Das Momentum\u2122 Electric ROV ist f\u00fcr ein schnelles Upgrade auf bestehende <a href=\"https:\/\/www.oceaneering.com\/de\/products\/millennium-plus-rov\/\">Millennium\u00ae ROV-Systeme<\/a> durch die Verwendung der bestehenden Leine, des K\u00e4figs, der Nabelschnur und des Start- und Bergungssystems (LARS). Auch die Kontrollr\u00e4ume werden modernisiert, um den Piloten ein besseres Erlebnis zu bieten.<\/p>\n\t\t\t\t\t\t<h5>Was bedeutet Plug-and-Play-Integration?<\/h5>\n\t\t\t<p>Unsere iPEMs erm\u00f6glichen einen einst\u00fcndigen Austausch von Komponenten und die Installation neuer Sensoren und Werkzeuge ohne zeitaufw\u00e4ndige Neuverkabelung oder Neukonfiguration.<\/p>\n\t\t\t\t\t\t<h5>F\u00fcr welche Eins\u00e4tze ist es am besten geeignet?<\/h5>\n\t\t\t<p>The vehicle&#8217;s greater thrust, stability, and situational awareness support operations in challenging conditions such as high current, low visibility, and congested subsea environments. Plug-and-play electrical interfaces and rapid skid exchange increase availability and efficiency for multi-task campaigns. Designed for customers accustomed to Millennium\u00ae ROV power, it is well suited for extended-duration dives, environmentally regulated regions, and demanding intervention and IMR work requiring stable station-keeping and precise control for valve operations, hot-stab work, torque tooling, and close-proximity interaction.<\/p>\n\t\t\t\t\t\t<h5>Wann ist es im Handel erh\u00e4ltlich?<\/h5>\n\t\t\t<p>Das Momentum\u2122 Electric ROV wird sowohl in einem Testtank als auch bei Offshore-Versuchen von 2024 bis 2026 einem kontinuierlichen Dauertest unterzogen. Das ROV wird 2026 auf einem OII-Schiff im Golf von Mexiko kommerziell verf\u00fcgbar sein.<\/p>\n\t\t\t\t\t\t<h5>Wie reduziert das Momentum\u2122 Electric ROV das Umweltrisiko?<\/h5>\n\t\t\t<p>By minimizing hydraulic components, using electric propulsion, and drawing 45% less power than traditional systems, the\u202fMomentum\u2122 Electric ROV\u202freduces vessel emissions, lowers the risk of fluid leaks, and supports compliance with offshore environmental regulations.\u202f<\/p>\n\t\t\t\t\t\t<h5>Kann das Momentum\u2122 Electric ROV die API 53 Anforderungen f\u00fcr das Schlie\u00dfen von Blowout Preventer (BOP) erf\u00fcllen?<\/h5>\n\t\t\t<p>Ja. Es wird ein spezielles BOP-Pumpenskid erh\u00e4ltlich sein, das speziell zum Schlie\u00dfen von BOP-Rammen in voller \u00dcbereinstimmung mit den Anforderungen der API 53 (American Petroleum Institute Standard 53) entwickelt wurde.<\/p>\n\t\t\t\t\t\t<h5>Verwendet das Momentum\u2122 Electric ROV einen elektrischen K\u00e4fig?<\/h5>\n\t\t\t<p>Das Momentum\u2122 Electric ROV ist vollst\u00e4ndig kompatibel mit bestehenden hydraulischen K\u00e4figen und TMS-Systemen (Tether Management Systems) im Tophat-Stil. Kunden, die eine vollelektrische L\u00f6sung w\u00fcnschen, k\u00f6nnen jedoch eine Integration mit einem vollelektrischen K\u00e4fig beantragen, um spezifische Betriebs- oder Umweltanforderungen zu erf\u00fcllen.<\/p>\n\t\t\t\t\t\t<h5>Ist der Omnio\u2122 System Tool Changer im Lieferumfang des Momentum\u2122 Electric ROV enthalten?<\/h5>\n\t\t\t<p>Das Momentum\u2122 Electric ROV ist f\u00fcr die Integration mit dem Omnio\u2122 System Tool Changer konzipiert. Dieser Werkzeugwechsler ist jedoch auch mit bestehenden hydraulischen ROVs kompatibel und bietet somit eine gr\u00f6\u00dfere betriebliche Flexibilit\u00e4t.<\/p>\n\t\t\t\t\t\t<h5>Verf\u00fcgt das Momentum\u2122 Electric ROV \u00fcber hydraulische Komponenten?<\/h5>\n\t\t\t<p>Ja. Ein Hydraulikaggregat (HPU) ist im Lieferumfang enthalten, um die Manipulatoren zu betreiben und die vom Kunden gelieferten hydraulischen Werkzeuge zu unterst\u00fctzen. In zuk\u00fcnftigen Konfigurationen,<a href=\"https:\/\/www.oceaneering.com\/de\/omnio-system\/\">Omnio\u2122-Werkzeuge<\/a> und elektrische Manipulatoren werden den Bedarf an Hydraulik vollst\u00e4ndig beseitigen.<\/p>\n\t\t\t\t\t\t<h5>Kann das Momentum\u2122 Electric ROV von einem TMS (Tether Management System) aus eingesetzt werden, das wie ein Tophat aussieht?<\/h5>\n\t\t\t<p>Ja. Das Fahrzeug ist f\u00fcr den Einsatz mit einem TMS im Tophat-Stil konfigurierbar, was eine flexible Nutzung je nach Kundeninfrastruktur und betrieblichen Anforderungen erm\u00f6glicht.<\/p>\n\t\t\t<a href=\"#contact\" target=\"_self\">\n\t\t\t\t\t\t\tHaben Sie weitere Fragen? Kontaktieren Sie uns.\n\t\t\t<\/a>\n<h2>\n\t\tKontakt\n\t<\/h2>\n<h3>\n\t\tUnser Expertenteam ist bereit, Ihnen den Einstieg zu erleichtern.\n\t<\/h3>\n\t<p>Oceaneering bietet erstklassige Produkte und L\u00f6sungen, die sich durch unvergleichliche Qualit\u00e4t, Zuverl\u00e4ssigkeit und globalen Support auszeichnen. F\u00fcllen Sie das Anfrageformular aus, um noch heute ein Gespr\u00e4ch zu beginnen.<\/p>","protected":false},"excerpt":{"rendered":"<p>Discuss a Project ROV SYSTEMS Momentum\u2122 Electric ROV Enable continuous subsea operations with a next-generation electric propulsion work class ROV engineered for long-term reliability. Watch Video The Future Moves Electric The next-generation work class Momentum\u2122 Electric ROV is a major leap forward in underwater performance and the future of ROV technology. Developed using insights drawn &#8230; <a title=\"Momentum\u2122 Elektrisches ROV\" class=\"read-more\" href=\"https:\/\/www.oceaneering.com\/de\/rov-services\/rov-systems\/momentum-electric-rov\/\" aria-label=\"Mehr Informationen \u00fcber Momentum\u2122 Electric ROV\">Weiterlesen ...<\/a><\/p>","protected":false},"author":25,"featured_media":0,"parent":61151,"menu_order":0,"comment_status":"closed","ping_status":"closed","template":"","meta":{"_acf_changed":false,"footnotes":"","_links_to":"","_links_to_target":""},"product_category":[1181],"search_tags":[1363],"class_list":["post-80879","page","type-page","status-publish","product_category-remotely-operated-vehicles-rovs","search_tags-rov"],"acf":[],"aioseo_notices":[],"_links":{"self":[{"href":"https:\/\/www.oceaneering.com\/de\/wp-json\/wp\/v2\/pages\/80879","targetHints":{"allow":["GET"]}}],"collection":[{"href":"https:\/\/www.oceaneering.com\/de\/wp-json\/wp\/v2\/pages"}],"about":[{"href":"https:\/\/www.oceaneering.com\/de\/wp-json\/wp\/v2\/types\/page"}],"author":[{"embeddable":true,"href":"https:\/\/www.oceaneering.com\/de\/wp-json\/wp\/v2\/users\/25"}],"replies":[{"embeddable":true,"href":"https:\/\/www.oceaneering.com\/de\/wp-json\/wp\/v2\/comments?post=80879"}],"version-history":[{"count":86,"href":"https:\/\/www.oceaneering.com\/de\/wp-json\/wp\/v2\/pages\/80879\/revisions"}],"predecessor-version":[{"id":82708,"href":"https:\/\/www.oceaneering.com\/de\/wp-json\/wp\/v2\/pages\/80879\/revisions\/82708"}],"up":[{"embeddable":true,"href":"https:\/\/www.oceaneering.com\/de\/wp-json\/wp\/v2\/pages\/61151"}],"wp:attachment":[{"href":"https:\/\/www.oceaneering.com\/de\/wp-json\/wp\/v2\/media?parent=80879"}],"wp:term":[{"taxonomy":"product_category","embeddable":true,"href":"https:\/\/www.oceaneering.com\/de\/wp-json\/wp\/v2\/product_category?post=80879"},{"taxonomy":"search_tags","embeddable":true,"href":"https:\/\/www.oceaneering.com\/de\/wp-json\/wp\/v2\/search_tags?post=80879"}],"curies":[{"name":"wp","href":"https:\/\/api.w.org\/{rel}","templated":true}]}}