{"id":80322,"date":"2025-12-16T02:10:27","date_gmt":"2025-12-16T08:10:27","guid":{"rendered":"https:\/\/www.oceaneering.com\/?page_id=80322"},"modified":"2025-12-17T07:28:41","modified_gmt":"2025-12-17T13:28:41","slug":"subsea-xmas-tree-repair-in-situ","status":"publish","type":"page","link":"https:\/\/www.oceaneering.com\/de\/subsea-xmas-tree-repair-in-situ\/","title":{"rendered":"Unterwasser-Weihnachtsbaum-Reparatur vor Ort. Keine Bergung erforderlich."},"content":{"rendered":"Unterwassertechnische L\u00f6sungen\n<h1>\n\t\tUnterwasser-Weihnachtsbaum-Reparatur vor Ort. Keine Bergung erforderlich. \n\t<\/h1>\n\t<p>Wenn ein Unterwasser-Weihnachtsbaum repariert werden muss, ist es nicht die einzige Option, ihn an Land zu ziehen. Unsere Experten liefern ma\u00dfgeschneiderte technische L\u00f6sungen, die Probleme direkt am Ort des Geschehens beheben oder umgehen, so dass die Ausr\u00fcstung nicht geborgen werden muss.<\/p>\n\t\t\t<a href=\"#contact\" target=\"_self\">\n\t\t\t\t\t\t\tKontakt\n\t\t\t\t\t<\/a>\n<h2>\n\t\tWir bringen Ihre Anlagen wieder zum Laufen. Schnell.\n\t<\/h2>\n\t<p>Our teams deliver proven engineered solutions wherever you operate. Unparalleled expertise enables us to solve your most complex subsea repair challenges, from subsea trees and manifolds to control lines and distribution systems. We get you back online faster and safely, helping you avoid costly downtime. With a proven global track record, we&#8217;ve tackled more than 800 subsea repair scopes.<\/p>\n<h3>\n\t\tVerk\u00fcrzung der Wiederherstellungszeit\n\t<\/h3>\n\t<p>Vermeiden Sie Produktionsverluste, die mit der R\u00fcckholung ganzer B\u00e4ume und der Reparatur von Weihnachtsb\u00e4umen an Land verbunden sind.<\/p>\n<h3>\n\t\tUmfassende, schl\u00fcsselfertige Unterwasserl\u00f6sungen \n\t<\/h3>\n\t<p>Unterst\u00fctzung w\u00e4hrend des gesamten Projektlebenszyklus, von der Diagnose und Konstruktion bis zur Fertigung, Pr\u00fcfung und Offshore-Ausf\u00fchrung.<\/p>\n<h3>\n\t\tGlobaler Fu\u00dfabdruck mit lokaler Pr\u00e4senz \n\t<\/h3>\n\t<p>Unsere Teams sind bereit, mit branchenf\u00fchrendem Support zu reagieren, wo auch immer Ihre Weihnachtsb\u00e4ume aufgestellt werden.<\/p>\n<h3>\n\t\tSicherheit geht vor \n\t<\/h3>\n\t<p>ROV-gesteuerte Eingriffe verringern das Betriebsrisiko und machen den Einsatz von Tauchern \u00fcberfl\u00fcssig.<\/p>\n<h2>\n\t\tSind Sie bereit, Ihren Weihnachtsbaum vom Strand fernzuhalten?\n\t<\/h2>\n\n\t\tSetzen Sie sich mit unserem Team f\u00fcr technische L\u00f6sungen in Verbindung, um Ihre Reparatur oder Umgehung zu pr\u00fcfen und einen Plan in die Wege zu leiten. \n\t\n\t\t\t<a href=\"#contact\" target=\"_self\">\n\t\t\t\t\t\t\tHeute abonnieren\n\t\t\t<\/a>\n<h2>\n\t\tH\u00e4ufig gestellte Fragen\n\t<\/h2>\n\t<p>Probleme mit Ihrem Unterwasserbaum? Im Folgenden finden Sie Antworten auf h\u00e4ufig gestellte Fragen (FAQs), um klare, praktische Antworten auf die Herausforderungen zu geben, denen wir uns stellen, wie wir sie l\u00f6sen und welche Standards unsere Arbeit leiten.<\/p>\n\t\t\t\t\t\t<h5>Welche Arten von Unterwasser-Weihnachtsbaum-Problemen werden von Ihnen in Angriff genommen? Welche Komponenten k\u00f6nnen Sie reparieren oder ersetzen?<\/h5>\n\t\t\t<p>Wir beheben eine Vielzahl von Problemen, darunter undichte Steuerleitungen, ausgefallene Aktuatoren, besch\u00e4digte Ventile, Verbindungsprobleme und die Entfernung oder den Austausch von Baumkappen. Unser Team liefert auch technische Bypass-L\u00f6sungen f\u00fcr komplexe Fehler, damit Ihre Unterwasseranlagen produktiv bleiben.<\/p>\n\t\t\t\t\t\t<h5>Wie k\u00f6nnen Sie sicherstellen, dass die entwickelte L\u00f6sung auch im Ausland funktioniert?<\/h5>\n\t\t\t<p>We focus on minimizing risk through onshore proving. Ninety percent of the work happens before going offshore-diagnosis, engineering, simulation, and testing ensure smooth, issue-free offshore execution.<\/p>\n\t\t\t\t\t\t<h5>Wie minimiert Ihr Verfahren zur Reparatur von Unterwasserb\u00e4umen die Ausfallzeiten und Kosten?<\/h5>\n\t\t\t<p>Our in-situ, diverless approach means repairs are performed offshore using ROV-compatible tooling-no need to retrieve equipment to shore. This reduces schedule risk, vessel days, and overall costs, getting your production back online faster.<\/p>\n\t\t\t\t\t\t<h5>K\u00f6nnen Sie die volle Hydraulik- und Steuerungsfunktion meines Unterwasserbaums wiederherstellen?<\/h5>\n\t\t\t<p>Ja. Unsere L\u00f6sungen sind so konzipiert, dass alle erforderlichen Hydraulik- und Steuerfunktionen wiederhergestellt werden, sei es durch direkte Reparatur, Austausch von Komponenten oder technische Umgehung. Wir arbeiten mit Ihnen zusammen, um die Funktionen zu priorisieren, die f\u00fcr Ihren Betrieb am wichtigsten sind.<\/p>\n\t\t\t\t\t\t<h5>K\u00f6nnen Sie Ihre Werkzeuge f\u00fcr verschiedene Baumgr\u00f6\u00dfen und Konfigurationen anpassen?<\/h5>\n\t\t\t<p>Ja. Unser umfassendes Angebot an Unterwasser-Reparaturwerkzeugen kann schnell an verschiedene Baumgr\u00f6\u00dfen und Aktuatortypen angepasst werden, was eine schnelle Abwicklung und minimale Ausfallzeiten f\u00fcr Ihren Betrieb gew\u00e4hrleistet.<\/p>\n\t\t\t\t\t\t<h5>Bieten Sie schl\u00fcsselfertige Reparaturdienste f\u00fcr Unterwasserb\u00e4ume an?<\/h5>\n\t\t\t<p>Absolutely. We manage every step-from diagnosis and engineering to fabrication, testing, and offshore installation. Our global fleet and local teams ensure rapid mobilization and seamless project delivery.<\/p>\n\t\t\t<a href=\"#contact\" target=\"_self\">\n\t\t\t\t\t\t\tHaben Sie weitere Fragen? Kontaktieren Sie uns.\n\t\t\t<\/a>\n\t\t\t\t\t\t\t\t\t<h3>Erfolgsgeschichten aus der Praxis der Unterwasserbaumreparatur<\/h3>\n\t\t\t\t\t\t\t\t\t<p>Explore how we have successfully solved our customers&#8217; most challenging subsea tree issues.   <\/p>\n\t\t\t\t\t\t<a href=\"https:\/\/www.oceaneering.com\/de\/resources\/?_content_types=case-study\" target=\"_self\">\n\t\t\t\t\t\t\t\tAlle Fallstudien anzeigen\t\t\t\t\t\t\t\n\t\t\t\t\t\t\t\t\t\t\t\t\t<\/a>\n\t\t\t\t\t\t<button>\n\t\t\t\t\t\t\tVorherige\n\t\t\t\t\t\t<\/button>\n\t\t\t\t\t\t<button>\n\t\t\t\t\t\t\tWeiter\n\t\t\t\t\t\t<\/button>\n\t\t\t\t\t\t\t<a href=\"https:\/\/www.oceaneering.com\/de\/case-studies\/delivering-intervention-solutions-for-water-injection-trees-offshore-west-africa\/\">\n\t\t\t\t\t\t\t\t\t\t<img decoding=\"async\" src=\"https:\/\/www.oceaneering.com\/wp-content\/uploads\/2024\/12\/Oceaneering-equipment-being-deployed.png\" alt=\"\"\/>\n\t\t\t\t\t\t\t\t\t\t<h3>Interventionsl\u00f6sungen f\u00fcr Wasserinjektionsb\u00e4ume vor der K\u00fcste Westafrikas<\/h3>\n\t\t\t\t\t\t\t\t\t\t<h3>Interventionsl\u00f6sungen f\u00fcr Wasserinjektionsb\u00e4ume vor der K\u00fcste Westafrikas<\/h3>\n\t\t\t\t\t\t\t\t\t\t\t\t\t\t\t\t\t\t\t\t\t<p>In late 2021, a major operator identified a failure of the diverter block blind flange on two&#8230;<\/p>\n\t\t\t\t\t\t\t\t\t\t\tMehr erfahren\n\t\t\t\t\t\t\t<\/a>\n\t\t\t\t\t\t\t<a href=\"https:\/\/www.oceaneering.com\/de\/case-studies\/bespoke-plem-repair-tooling-suite-enables-intervention-to-restore-production\/\">\n\t\t\t\t\t\t\t\t\t\t<img decoding=\"async\" src=\"https:\/\/www.oceaneering.com\/wp-content\/uploads\/2024\/02\/Cutting-Guide-on-PLEM.png\" alt=\"Cutting Guide on PLEM\"\/>\n\t\t\t\t\t\t\t\t\t\t<h3>Ma\u00dfgeschneidertes PLEM-Reparaturwerkzeugset erm\u00f6glicht Wiederherstellung der Produktion durch Intervention<\/h3>\n\t\t\t\t\t\t\t\t\t\t<h3>Ma\u00dfgeschneidertes PLEM-Reparaturwerkzeugset erm\u00f6glicht Wiederherstellung der Produktion durch Intervention<\/h3>\n\t\t\t\t\t\t\t\t\t\t\t\t\t\t\t\t\t\t\t\t\t<p>In early 2023, Oceaneering was contracted by a major Gulf of Mexico operator to provide a fast-track&#8230;<\/p>\n\t\t\t\t\t\t\t\t\t\t\tMehr erfahren\n\t\t\t\t\t\t\t<\/a>\n\t\t\t\t\t\t\t<a href=\"https:\/\/www.oceaneering.com\/de\/case-studies\/oceaneering-addresses-stuck-valves-and-restores-production-for-okea\/\">\n\t\t\t\t\t\t\t\t\t\t<img decoding=\"async\" src=\"https:\/\/www.oceaneering.com\/wp-content\/uploads\/2023\/11\/OKEA-featured-1.jpeg\" alt=\"\"\/>\n\t\t\t\t\t\t\t\t\t\t<h3>Oceaneering behebt festsitzende Ventile und stellt die Produktion f\u00fcr OKEA wieder her<\/h3>\n\t\t\t\t\t\t\t\t\t\t<h3>Oceaneering behebt festsitzende Ventile und stellt die Produktion f\u00fcr OKEA wieder her<\/h3>\n\t\t\t\t\t\t\t\t\t\t\t\t\t\t\t\t\t\t\t\t\t<p>In October 2020, Norwegian operator OKEA approached Oceaneering seeking a solution to address four stuck actuators located&#8230;<\/p>\n\t\t\t\t\t\t\t\t\t\t\tMehr erfahren\n\t\t\t\t\t\t\t<\/a>\n\n\t\tKontakt\n\t\n<h2>\n\t\tUnser Expertenteam ist bereit, Ihnen den Einstieg zu erleichtern.\n\t<\/h2>\n\t<p>Oceaneering bietet erstklassige Produkte und L\u00f6sungen, die sich durch unvergleichliche Qualit\u00e4t, Zuverl\u00e4ssigkeit und globalen Support auszeichnen. F\u00fcllen Sie das Anfrageformular aus, um noch heute ein Gespr\u00e4ch zu beginnen.<\/p>","protected":false},"excerpt":{"rendered":"<p>Subsea Engineered Solutions Subsea Xmas Tree Repair In-Situ. No Retrieval Required. When a subsea Xmas tree needs repair, pulling it to shore is not your only option. Our experts deliver tailored engineered solutions, repairing or bypassing issues right where they happen, eliminating the need to recover equipment. Contact us We Get Your Assets Producing Again. &#8230; <a title=\"Unterwasser-Weihnachtsbaum-Reparatur vor Ort. Keine Bergung erforderlich.\" class=\"read-more\" href=\"https:\/\/www.oceaneering.com\/de\/subsea-xmas-tree-repair-in-situ\/\" aria-label=\"Mehr Informationen \u00fcber Subsea Xmas Tree Repair In-Situ. No Retrieval Required.\">Weiterlesen ...<\/a><\/p>","protected":false},"author":25,"featured_media":0,"parent":0,"menu_order":0,"comment_status":"closed","ping_status":"closed","template":"","meta":{"_acf_changed":false,"footnotes":"","_links_to":"","_links_to_target":""},"product_category":[],"search_tags":[],"class_list":["post-80322","page","type-page","status-publish"],"acf":[],"aioseo_notices":[],"_links":{"self":[{"href":"https:\/\/www.oceaneering.com\/de\/wp-json\/wp\/v2\/pages\/80322","targetHints":{"allow":["GET"]}}],"collection":[{"href":"https:\/\/www.oceaneering.com\/de\/wp-json\/wp\/v2\/pages"}],"about":[{"href":"https:\/\/www.oceaneering.com\/de\/wp-json\/wp\/v2\/types\/page"}],"author":[{"embeddable":true,"href":"https:\/\/www.oceaneering.com\/de\/wp-json\/wp\/v2\/users\/25"}],"replies":[{"embeddable":true,"href":"https:\/\/www.oceaneering.com\/de\/wp-json\/wp\/v2\/comments?post=80322"}],"version-history":[{"count":30,"href":"https:\/\/www.oceaneering.com\/de\/wp-json\/wp\/v2\/pages\/80322\/revisions"}],"predecessor-version":[{"id":80442,"href":"https:\/\/www.oceaneering.com\/de\/wp-json\/wp\/v2\/pages\/80322\/revisions\/80442"}],"wp:attachment":[{"href":"https:\/\/www.oceaneering.com\/de\/wp-json\/wp\/v2\/media?parent=80322"}],"wp:term":[{"taxonomy":"product_category","embeddable":true,"href":"https:\/\/www.oceaneering.com\/de\/wp-json\/wp\/v2\/product_category?post=80322"},{"taxonomy":"search_tags","embeddable":true,"href":"https:\/\/www.oceaneering.com\/de\/wp-json\/wp\/v2\/search_tags?post=80322"}],"curies":[{"name":"wp","href":"https:\/\/api.w.org\/{rel}","templated":true}]}}