{"id":79504,"date":"2025-10-30T07:20:37","date_gmt":"2025-10-30T12:20:37","guid":{"rendered":"https:\/\/www.oceaneering.com\/?page_id=79504"},"modified":"2025-11-03T04:00:03","modified_gmt":"2025-11-03T10:00:03","slug":"centralizing-your-integrity-workflow","status":"publish","type":"page","link":"https:\/\/www.oceaneering.com\/de\/asset-integrity-management\/combining-engineering-data-and-visualization\/centralizing-your-integrity-workflow\/","title":{"rendered":"Zentralisierung Ihres Integrit\u00e4ts-Workflows"},"content":{"rendered":"<p><a href=\"\/de\/asset-integrity\/#contact\" target=\"_self\"> Ein Projekt besprechen <\/a> INFORM\u2122 Asset Integrity Management Software<\/p>\r\n<h1>Zentralisierung Ihres Integrit\u00e4ts-Workflows<\/h1>\r\n<p>Vereinfachen Sie die Verwaltung der Anlagenintegrit\u00e4t mit einem einheitlichen System, das f\u00fcr R\u00fcckverfolgbarkeit und Kontrolle ausgelegt ist.<\/p>\r\n<h2>Die Grundlage f\u00fcr kl\u00fcgere Entscheidungen<\/h2>\r\n<p>Integrit\u00e4t ist keine Option. Sie ist unerl\u00e4sslich. Verstreute Daten und unzusammenh\u00e4ngende Systeme verlangsamen weiterhin wichtige Entscheidungen. Aus diesem Grund verlassen sich Unternehmen auf Inform\u2122, eine konfigurierbare modulare Integrit\u00e4tssoftware, die digitale Inspektionsworkflows, die Verfolgung von Anomalien und die risikobasierte Planung in einer einzigen verwalteten Wahrheitsquelle zentralisiert.<\/p>\r\n<p>Als Teil unserer Digital Asset Management-Plattform st\u00e4rkt Inform\u2122 Ihre Integrit\u00e4tsmanagementprogramme.<\/p>\r\n<p><img loading=\"lazy\" decoding=\"async\" title=\"INFORM-RBI-Software_1st-pg copy\" src=\"https:\/\/www.oceaneering.com\/wp-content\/uploads\/2025\/10\/INFORM-RBI-Software_1st-pg-copy.webp\" alt=\"INFORM-RBI-Software_1st-pg copy\" width=\"1920\" height=\"1080\" \/><\/p>\r\n<h3>Verbesserung von Effizienz und Aufsicht<\/h3>\r\n<p>Beseitigen Sie Silos, beschleunigen Sie Entscheidungsprozesse und digitalisieren Sie die Datenerfassung und Berichterstattung.<\/p>\r\n<!-- CTA -->\r\n<h3>Erreichen von Audit-Readiness und vollst\u00e4ndiger R\u00fcckverfolgbarkeit<\/h3>\r\n<p>Stellen Sie sicher, dass jede Inspektion und jede Entscheidung dokumentiert wird, um eine l\u00fcckenlose Pr\u00fcfung zu gew\u00e4hrleisten.<\/p>\r\n<!-- CTA -->\r\n<h3>Beseitigung von Arbeitskr\u00e4ftemangel und Wartungsr\u00fcckst\u00e4nden<\/h3>\r\n<p>Nutzen Sie die Automatisierung, um das verf\u00fcgbare Personal optimal einzusetzen und Wartungsr\u00fcckst\u00e4nde zu beseitigen.<\/p>\r\n<!-- CTA -->\r\n<h3>Steigern Sie Betriebszeit und Produktivit\u00e4t<\/h3>\r\n<p>Verbessern Sie die Anlagenauslastung und -verf\u00fcgbarkeit, reduzieren Sie Ausfallzeiten und senken Sie die Kosten f\u00fcr Inspektionen.<\/p>\r\n<!-- CTA -->\r\n<h2>Gebaut f\u00fcr Pr\u00e4zision. Entwickelt f\u00fcr Leistung.<\/h2>\r\n<p>Inform\u2122 bietet messbare Kontrolle und vertrauensw\u00fcrdige Rechenschaftspflicht. Daten bleiben erhalten und Entscheidungen bleiben nachvollziehbar. Inform\u2122 wird in den Bereichen Offshore-Energie, LNG, Raffinerie, Petrochemie, Midstream, Versorgungsunternehmen und Schwerindustrie zuverl\u00e4ssig eingesetzt und ist Ihre Grundlage f\u00fcr Integrit\u00e4t, Compliance und betriebliche Spitzenleistungen.<\/p>\r\n<p>Konfigurieren und Skalieren mit Zweck<\/p>\r\n<h2>Inform\u2122 Software zur Verwaltung der Anlagenintegrit\u00e4t<\/h2>\r\n<p>Die Integrit\u00e4t von Verm\u00f6genswerten entwickelt sich weiter. Ihre Technologie sollte sich mit ihr entwickeln. Inform\u2122 bietet Ihnen die Flexibilit\u00e4t, mit den Integrit\u00e4tsfunktionen zu beginnen, die Sie heute ben\u00f6tigen, und sie zu erweitern, wenn Sie bereit sind. Skalieren Sie Modul f\u00fcr Modul oder sch\u00f6pfen Sie die volle Leistung einer kombinierten L\u00f6sung aus.<\/p>\r\n<h5>Inform\u2122 Digitales Inspektionssystem<\/h5>\r\n<p>Transformieren Sie die Erfassung und Verwaltung von Inspektionsdaten mithilfe einer sicheren, auf mobilen Ger\u00e4ten basierenden Plattform.<\/p>\r\n<h5>Inform\u2122 Software f\u00fcr risikobasierte Inspektion (RBI)<\/h5>\r\n<p>Setzen Sie Priorit\u00e4ten auf der Grundlage von Wahrscheinlichkeit und Folgen, nicht auf der Grundlage von Routine, und verwenden Sie eine konfigurierbare Logik.<\/p>\r\n<h5>Inform\u2122 Software zur Verwaltung von Anomalien<\/h5>\r\n<p>Nutzen Sie die 3D-Visualisierung zur Erfassung und Verfolgung von Anomalien im geplanten Arbeitsablauf.<\/p>\r\n<h5>Inform\u2122 Software f\u00fcr pr\u00e4diktive Analysen<\/h5>\r\n<p>Beurteilen und prognostizieren Sie fr\u00fchzeitig Verschlechterungstendenzen, um Abschaltungen zu vermeiden, und stellen Sie eine Verbindung zum Asset Data Register her, um eine vollst\u00e4ndige Transparenz der Hierarchie zu gew\u00e4hrleisten.<\/p>\r\n<p><img decoding=\"async\" src=\"https:\/\/www.oceaneering.com\/wp-content\/plugins\/bb-ultimate-addon\/modules\/uabb-devices\/includes\/svg\/desktop.svg\" alt=\"uabb-device-desktop\" \/> <img decoding=\"async\" src=\"https:\/\/www.oceaneering.com\/wp-content\/plugins\/bb-ultimate-addon\/modules\/uabb-devices\/includes\/svg\/window.svg\" alt=\"uabb-device-window\" \/> Vision\u2122 3D-Datenvisualisierungssoftware<\/p>\r\n<h2>Erweitern Sie Ihre Einsicht<\/h2>\r\n<p>Beginnen Sie mit Inform\u2122 als Kernst\u00fcck und erweitern Sie es mit Vision\u2122 f\u00fcr die 3D-Datenvisualisierung Ihrer Anlagen. Vision\u2122 und InformTM lassen sich nahtlos integrieren, um Ihren Betrieb mit visuellem Kontext zu st\u00e4rken und messbare Klarheit zu schaffen, die die Planung verbessert und die Entscheidungsfindung ver\u00e4ndert.<\/p>\r\n<h5>Vision\u2122 Oberseite<\/h5>\r\n<p>Lasergest\u00fctztes Scannen f\u00fcr messbare 3D-Klarheit \u00fcber der Oberfl\u00e4che, um die Pr\u00fcfplanung zu verbessern.<\/p>\r\n<h5>Vision\u2122 Unterwasser<\/h5>\r\n<p>Erfassen Sie die Unterwasser-Infrastruktur mit ROV- und Photogrammetrie-Scans f\u00fcr eine genaue Visualisierung der Integrit\u00e4t.<\/p>\r\n<p><a href=\"https:\/\/www.oceaneering.com\/de\/visualizing-3d-data-for-asset-integrity\/\" target=\"_self\"> Mehr erfahren <\/a><\/p>\r\n<h2>H\u00e4ufig gestellte Fragen<\/h2>\r\n<p>Whether you&#8217;re starting to digitize asset integrity or upgrading from a different solution, we&#8217;re here to support you. Explore frequently asked questions about the Inform\u2122 AIM Software.<\/p>\r\n<h5>Was ist Inform\u2122?<\/h5>\r\n<p>Inform\u2122 ist eine Softwareplattform f\u00fcr die Verwaltung der Anlagenintegrit\u00e4t, die alles in einem kontrollierten Aufzeichnungssystem zusammenfasst. Ihre Module zentralisieren die Anlagenhierarchie, die risikobasierte Bewertung, das Anomaliemanagement und die vorausschauende Analyse. Sie standardisiert die Integrit\u00e4tsausf\u00fchrung, verfolgt Beweise und erzwingt die Rechenschaftspflicht, so dass jede Aktion \u00fcberpr\u00fcft und jede Entscheidung verteidigt werden kann.<\/p>\r\n<h5>Ist Inform\u2122 ein Ersatz f\u00fcr Tabellenkalkulationen und manuelle Berichte?<\/h5>\r\n<p>Ja. Inform\u2122 macht Schluss mit unkontrollierten Tabellen und isolierten Berichten, indem es die digitale Inspektion standardisiert und ein geregeltes Protokoll der Integrit\u00e4tsaktivit\u00e4ten erstellt.<\/p>\r\n<h5>Unterst\u00fctzt Inform\u2122 die risikobasierte Inspektion?<\/h5>\r\n<p>Inform\u2122 enth\u00e4lt ein modulares, risikobasiertes Inspektionssystem, das die Wahrscheinlichkeit und die Folgen von Risiken berechnet, um eine intelligentere Inspektionsplanung zu erm\u00f6glichen.<\/p>\r\n<h5>Umfasst Inform\u2122 pr\u00e4diktive Analysen?<\/h5>\r\n<p>Ja. Inform\u2122 liefert vorausschauende Analysen durch ein spezielles Modul. Das Modul erkennt fr\u00fchzeitig Degradationstrends, um Abschaltungen zu vermeiden, und stellt eine Verbindung zum Asset Data Register her, um eine vollst\u00e4ndige Transparenz der Hierarchie zu gew\u00e4hrleisten. Es wendet au\u00dferdem Modelle des maschinellen Lernens auf historische Daten an, um Inspektionsintervalle zu optimieren und Kosten zu senken.<\/p>\r\n<h5>Kann Inform\u2122 mit Vision\u2122 integriert werden?<\/h5>\r\n<p>Ja. Vision\u2122 kann in Inform\u2122 integriert werden, um eine 3D-Visualisierung und einen messbaren Integrit\u00e4tskontext f\u00fcr Inspektionen und Anomalien bei Anlagen \u00fcber und unter der Wasserlinie und an Land zu liefern.<\/p>\r\n<h5>Kann Vision\u2122 ohne Inform\u2122 verwendet werden?<\/h5>\r\n<p>Ja. Beide sind eigenst\u00e4ndig. Vision\u2122 kann als eigenst\u00e4ndige Visualisierungsl\u00f6sung implementiert und sp\u00e4ter in Inform\u2122 integriert werden, wenn Integrit\u00e4tsmanagement erforderlich ist.<\/p>\r\n<h5>Kann ich Inform\u2122-Module separat verwenden?<\/h5>\r\n<p>Ja. Inform\u2122 ist modular aufgebaut, sodass Sie nur die Module verwenden k\u00f6nnen, die Sie ben\u00f6tigen, und sp\u00e4ter weitere hinzuf\u00fcgen k\u00f6nnen. Sie k\u00f6nnen mit digitaler Inspektion, Anomaliemanagement, risikobasierter Inspektion oder pr\u00e4diktiver Analytik beginnen und jederzeit erweitern.<\/p>\r\n<h5>Ist Inform\u2122 in der Cloud verf\u00fcgbar?<\/h5>\r\n<p>Ja, Inform\u2122 ist als sichere Cloud-Bereitstellung verf\u00fcgbar, um Ihre Anforderungen an die Informationssicherheit und den Zugriff zu erf\u00fcllen.<\/p>\r\n<h5>Welche Branchen nutzen Inform\u2122?<\/h5>\r\n<p>Inform\u2122 wird in den Bereichen Offshore-Energie, LNG, Raffinerie, Petrochemie, Midstream, Versorgungsunternehmen, Fertigung und anderen anlagenintensiven Branchen eingesetzt.<\/p>\r\n<h5>Wie verbessert Inform\u2122 die Audit-Bereitschaft?<\/h5>\r\n<p>Inform\u2122 sorgt f\u00fcr eine vollst\u00e4ndige R\u00fcckverfolgbarkeit jedes Datensatzes, einschlie\u00dflich des Eigentumsstatus, stempelt Entscheidungen mit einem Zeitstempel und liefert Belege f\u00fcr eine vollst\u00e4ndige Audit-Verteidigung.<\/p>\r\n<p><a href=\"#contact\" target=\"_self\"> Haben Sie weitere Fragen? Kontaktieren Sie uns. <\/a> Kontakt<\/p>\r\n<h2>Unser Expertenteam ist bereit, Ihnen den Einstieg zu erleichtern.<\/h2>\r\n<p>Oceaneering bietet erstklassige Produkte und L\u00f6sungen, die sich durch unvergleichliche Qualit\u00e4t, Zuverl\u00e4ssigkeit und globalen Support auszeichnen. F\u00fcllen Sie das Anfrageformular aus, um noch heute ein Gespr\u00e4ch zu beginnen.<\/p>","protected":false},"excerpt":{"rendered":"<p>Discuss a Project INFORM\u2122 Asset Integrity Management Software Centralizing Your Integrity Workflow Simplify asset integrity management with a unified system built for traceability and control. The Foundation For Smarter Decisions Integrity is not optional. It is essential. Scattered data and disconnected systems continue to slow critical decisions. That is why organizations rely on Inform\u2122, a &#8230; <a title=\"Zentralisierung Ihres Integrit\u00e4ts-Workflows\" class=\"read-more\" href=\"https:\/\/www.oceaneering.com\/de\/asset-integrity-management\/combining-engineering-data-and-visualization\/centralizing-your-integrity-workflow\/\" aria-label=\"Mehr Informationen \u00fcber Centralizing Your Integrity Workflow\">Weiterlesen ...<\/a><\/p>","protected":false},"author":25,"featured_media":0,"parent":79333,"menu_order":0,"comment_status":"closed","ping_status":"closed","template":"","meta":{"_acf_changed":false,"footnotes":"","_links_to":"","_links_to_target":""},"product_category":[1205],"search_tags":[],"class_list":["post-79504","page","type-page","status-publish","product_category-asset-integrity-management"],"acf":[],"aioseo_notices":[],"_links":{"self":[{"href":"https:\/\/www.oceaneering.com\/de\/wp-json\/wp\/v2\/pages\/79504","targetHints":{"allow":["GET"]}}],"collection":[{"href":"https:\/\/www.oceaneering.com\/de\/wp-json\/wp\/v2\/pages"}],"about":[{"href":"https:\/\/www.oceaneering.com\/de\/wp-json\/wp\/v2\/types\/page"}],"author":[{"embeddable":true,"href":"https:\/\/www.oceaneering.com\/de\/wp-json\/wp\/v2\/users\/25"}],"replies":[{"embeddable":true,"href":"https:\/\/www.oceaneering.com\/de\/wp-json\/wp\/v2\/comments?post=79504"}],"version-history":[{"count":55,"href":"https:\/\/www.oceaneering.com\/de\/wp-json\/wp\/v2\/pages\/79504\/revisions"}],"predecessor-version":[{"id":81529,"href":"https:\/\/www.oceaneering.com\/de\/wp-json\/wp\/v2\/pages\/79504\/revisions\/81529"}],"up":[{"embeddable":true,"href":"https:\/\/www.oceaneering.com\/de\/wp-json\/wp\/v2\/pages\/79333"}],"wp:attachment":[{"href":"https:\/\/www.oceaneering.com\/de\/wp-json\/wp\/v2\/media?parent=79504"}],"wp:term":[{"taxonomy":"product_category","embeddable":true,"href":"https:\/\/www.oceaneering.com\/de\/wp-json\/wp\/v2\/product_category?post=79504"},{"taxonomy":"search_tags","embeddable":true,"href":"https:\/\/www.oceaneering.com\/de\/wp-json\/wp\/v2\/search_tags?post=79504"}],"curies":[{"name":"wp","href":"https:\/\/api.w.org\/{rel}","templated":true}]}}