{"id":79372,"date":"2025-10-28T07:35:09","date_gmt":"2025-10-28T12:35:09","guid":{"rendered":"https:\/\/www.oceaneering.com\/?page_id=79372"},"modified":"2026-02-18T09:22:41","modified_gmt":"2026-02-18T15:22:41","slug":"visualizing-3d-data-for-asset-integrity","status":"publish","type":"page","link":"https:\/\/www.oceaneering.com\/de\/asset-integrity-management\/combining-engineering-data-and-visualization\/visualizing-3d-data-for-asset-integrity\/","title":{"rendered":"Visualisierung von 3D-Daten f\u00fcr Asset-Integrit\u00e4t"},"content":{"rendered":"<a href=\"\/de\/asset-integrity\/#contact\" target=\"_self\">\n\t\t\t\t\t\t\tEin Projekt besprechen\n\t\t\t\t\t<\/a>\n\t\tVision\u2122 3D-Datenvisualisierungssoftware\n<h1>\n\t\tVisualisierung von 3D-Daten f\u00fcr Asset-Integrit\u00e4t\n\t<\/h1>\n\t<p>Verwandeln Sie Daten in Entscheidungen mit 3D-Visualisierungsl\u00f6sungen, die Ihren Ober- und Unterwasserbetrieb zu einem vernetzten digitalen Zwilling verbinden.<\/p>\n<h2>\n\t\tBringen Sie Klarheit in die Komplexit\u00e4t\n\t<\/h2>\n\t<p>Vision\u2122 verbindet Oberseiten- und Unterwasserdaten zu einer klaren, ganzheitlichen Asset-Ansicht und hilft Teams, Probleme fr\u00fcher zu erkennen und schneller zu handeln. Als Teil unserer Asset-Integrity-Management-Plattform bietet Vision\u2122 Transparenz, die Zeit spart, Kosten senkt und das Vertrauen in Ihr Integrit\u00e4tsprogramm st\u00e4rkt.<\/p>\n<h3>\n\t\tGemessene Integrit\u00e4t \n\t<\/h3>\n\t<p>Technische Genauigkeit, die die Entscheidungsfindung unterst\u00fctzt.<\/p>\n<h3>\n\t\tGepr\u00fcfte Einsicht \n\t<\/h3>\n\t<p>Daten, die anerkannten Branchenstandards entsprechen.<\/p>\n<h3>\n\t\tZertifizierte Sicherheit \n\t<\/h3>\n\t<p>Akkreditierung, der Sie bei digitalen Inspektionen vertrauen k\u00f6nnen.<\/p>\n<h2>\n\t\tVertrauen in jede Entscheidung schaffen \n\t<\/h2>\n\t<p>Treffen Sie sichere Entscheidungen, unterst\u00fctzt von branchenf\u00fchrenden <a href=\"https:\/\/www.ukas.com\/resources\/resources\/soas-17020\/\" target=\"_blank\" rel=\"noopener\">UKAS ISO 17020<\/a> Akkreditierung f\u00fcr die Topside-Inspektion. Die Vision\u2122-Software unterst\u00fctzt Ihr Bestreben, Inspektionsr\u00fcckst\u00e4nde zu beseitigen, mit einer L\u00f6sung, der Sie und die Branche vertrauen k\u00f6nnen.<\/p>\n\t\t\t\t<img loading=\"lazy\" decoding=\"async\" src=\"https:\/\/www.oceaneering.com\/wp-content\/uploads\/2025\/10\/Vision-on-desktop.webp\" alt=\"Vision interface showing pint cloud view of an asset.\" itemprop=\"image\" height=\"1535\" width=\"1920\" title=\"Vision auf dem Desktop\" onerror=\"this.style.display='none'\"  \/>\n\t\t\t\t\t\t<h3>Vollst\u00e4ndige Abdeckung der Verm\u00f6genswerte <\/h3>\n\t\t\t\t\t\t<p>Vom Plattformdeck bis zur Unterwasserinfrastruktur.<\/p>\n\t\t\t\t\t\t<!-- CTA -->\n\t\t\t\t\t\t<h3>Cloud-basierte Bereitstellung<\/h3>\n\t\t\t\t\t\t<p>Sicher und skalierbar f\u00fcr die globale Zusammenarbeit.<\/p>\n\t\t\t\t\t\t<!-- CTA -->\n\t\t\t\t\t\t<h3>Audit bereit<\/h3>\n\t\t\t\t\t\t<p>Nachweis der Einhaltung von nachvollziehbaren Entscheidungen.<\/p>\n\t\t\t\t\t\t<!-- CTA -->\n\t\t\t\t\t\t<h3>Risikoprofile<\/h3>\n\t\t\t\t\t\t<p>Wandelt Inspektionsdaten in verwertbare 3D-Einblicke um.<\/p>\n\t\t\t\t\t\t<!-- CTA -->\n\t\t\t\t\t\t<h3>Geografische Referenzierung<\/h3>\n\t\t\t\t\t\t<p>Genaue Positionsdaten f\u00fcr jede Anlage und jeden Anomalieort.<\/p>\n\t\t\t\t\t\t<!-- CTA -->\n<h2>\n\t\tSpeziell f\u00fcr das Asset Integrity Management entwickelt\n\t<\/h2>\n\t<p>Vision\u2122 wurde f\u00fcr die vollst\u00e4ndige Anlagenintegrit\u00e4t entwickelt und verbindet Ihre Daten an Land, auf See und unter Wasser. Es erm\u00f6glicht passive Inspektionen bei gleichzeitigem Betrieb (SIMOPS), so dass die Integrit\u00e4t ohne Unterbrechung laufender Kampagnen bewertet werden kann.<\/p>\n<h2>\n\t\tVon der Vision zur Verifizierung\n\t<\/h2>\n\t<p>Sehen Sie Ihr Verm\u00f6gen. Kennen Sie Ihr Risiko. \u00dcbernehmen Sie die Verantwortung f\u00fcr jede Entscheidung.<\/p>\n<h3>\n\t\tAuf Pr\u00e4zision bauen \n\t<\/h3>\n\t<p>Laser scan data &#8211; the foundation for every reliable digital asset.<\/p>\n<h3>\n\t\tIntegrit\u00e4t Datenintelligenz \n\t<\/h3>\n\t<p>Klarheit schaffen, indem jede Ebene der Integrit\u00e4t in den Mittelpunkt ger\u00fcckt wird.<\/p>\n\t\t<img decoding=\"async\" src=\"https:\/\/www.oceaneering.com\/wp-content\/uploads\/2025\/10\/Lazer-scan-data.webp\" alt=\"Vision interface showing scan station view.\"\/>\n\t\t<img decoding=\"async\" src=\"https:\/\/www.oceaneering.com\/wp-content\/uploads\/2025\/10\/image-3-copy.webp\" alt=\"Vision interface showing 3D view with anomaly, equipment and test points tags displayed.\"\/>\n<h2>\n\t\tExplore Vision\u2122 f\u00fcr Ober- und Unterwasser\n\t<\/h2>\n\t<p>Verschaffen Sie sich vollst\u00e4ndige Transparenz und Vertrauen in Ihre Anlagen.<\/p>\n\t\t\t\t\t<img decoding=\"async\" src=\"https:\/\/www.oceaneering.com\/wp-content\/plugins\/bb-ultimate-addon\/modules\/uabb-devices\/includes\/svg\/desktop.svg\" alt=\"uabb-device-desktop\" \/>\n<h3>\n\t\tVision\u2122 Oberseite\n\t<\/h3>\n\t<p>Vision\u2122 Topside gibt Ihnen die M\u00f6glichkeit, Ihre Anlage mit Hilfe von fortschrittlichem Laserscanning in messbaren 3D-Details zu sehen. Entscheidungstr\u00e4ger, die Vision\u2122 Topside einsetzen, erhalten tiefere Einblicke, bessere Planungsm\u00f6glichkeiten und messbare Effizienzsteigerungen bei Inspektions- und Modernisierungskampagnen.<\/p>\n\t\t\t\t\t\t<h5>Was k\u00f6nnen Sie mit Vision\u2122 Topside tun?<\/h5>\n\t\t\t<ul>\n<li>Messen Sie zuverl\u00e4ssig und erfassen Sie Geometrien, die bei visuellen Inspektionen \u00fcbersehen werden.<\/li>\n<li>Durchf\u00fchrung visueller Ferninspektionen und externer Zustandsbewertungen.<\/li>\n<li>Registrieren Sie Ger\u00e4te und greifen Sie sofort auf technische Daten zu.<\/li>\n<li>Planen Sie die Modernisierung, Pr\u00fcfung und Nachr\u00fcstung von Brachfl\u00e4chen genau.<\/li>\n<li>F\u00f6rderung von Entwicklungen sowohl auf der gr\u00fcnen als auch auf der braunen Wiese.<\/li>\n<li>Zusammenarbeit aus der Ferne und gemeinsame Nutzung von Modellen in verschiedenen Teams.<\/li>\n<li>Verringern Sie Nacharbeit und Ausfallzeiten, indem Sie Entw\u00fcrfe vor der Ausf\u00fchrung validieren.<\/li>\n<li>Erstellen Sie eine \u00fcberpr\u00fcfbare digitale Aufzeichnung, die einer Pr\u00fcfung standh\u00e4lt.<\/li>\n<\/ul>\n\t\t\t\t\t<img decoding=\"async\" src=\"https:\/\/www.oceaneering.com\/wp-content\/plugins\/bb-ultimate-addon\/modules\/uabb-devices\/includes\/svg\/desktop.svg\" alt=\"uabb-device-desktop\" \/>\n<h3>\n\t\tVision\u2122 Unterwasser\n\t<\/h3>\n\t<p>Vision\u2122 Subsea verwandelt ROV-erfasste Punktwolkendaten in eine messbare, kontextbezogene Ansicht der Integrit\u00e4t von Unterwasseranlagen. Verringern Sie das Risiko, verk\u00fcrzen Sie Inspektionen und sparen Sie Kosten durch eine intelligentere Kampagnenplanung.<\/p>\n<p>Siehe unser <a href=\"https:\/\/www.oceaneering.com\/de\/oceaneering-expands-vision-platform-with-subsea-module-for-engineering%e2%80%91grade-integrity-visualization\/\" target=\"_blank\" rel=\"noopener\">neueste Nachrichten<\/a>.<\/p>\n\t\t\t\t\t\t<h5>Was k\u00f6nnen Sie mit Vision\u2122 Subsea tun?<\/h5>\n\t\t\t<ul>\n<li>Reduzieren Sie Offshore-Mobilisierungen, indem Sie Korrosion, Anomalien und Reparaturen aus der Ferne \u00fcberwachen und verfolgen.<\/li>\n<li>Durchf\u00fchrung einer passiven Inspektion im laufenden Betrieb.<\/li>\n<li>\u00dcberpr\u00fcfen Sie Ver\u00e4nderungen im Laufe der Zeit, indem Sie die Daten verschiedener Kampagnen vergleichen, um fr\u00fche Anzeichen einer Verschlechterung zu erkennen.<\/li>\n<li>Einhaltung der Vorschriften und Aufrechterhaltung des Vertrauens.<\/li>\n<li>Erfassen Sie Bestandsdaten, um eine solide Entscheidungsfindung zu unterst\u00fctzen und die Zahl der Eingriffe zu verringern.<\/li>\n<\/ul>\n<h2>\n\t\tH\u00e4ufig gestellte Fragen\n\t<\/h2>\n\t<p>Whether you&#8217;re starting to digitize asset integrity or upgrading from a different solution, we&#8217;re here to support you. Explore frequently asked questions about Vision\u2122.<\/p>\n\t\t\t\t\t\t<h5>Wie unterscheidet sich Vision\u2122 von einem herk\u00f6mmlichen digitalen Zwilling? <\/h5>\n\t\t\t<p>Herk\u00f6mmliche digitale Zwillinge bilden Anlagen in statischer Form ab. Vision\u2122 geht noch weiter, indem es Automatisierung und 3D-Visualisierung kombiniert, um ingenieurm\u00e4\u00dfige Daten aus Ihrem Betrieb zu erfassen. So entsteht ein kontextbezogener visueller Datensatz, der Ver\u00e4nderungen aufzeigt, Integrit\u00e4tsprogramme st\u00e4rkt und eine schnellere und zuverl\u00e4ssigere Entscheidungsfindung erm\u00f6glicht.<\/p>\n\t\t\t\t\t\t<h5>Welche Arten von Pr\u00fcfdaten werden von Vision\u2122 unterst\u00fctzt?<\/h5>\n\t\t\t<p>Vision\u2122 unterst\u00fctzt eine breite Palette von Inspektionsdaten, einschlie\u00dflich ROV-erfasster Bilder, stereoskopischer Videos, photogrammetriebasierter Punktwolken und technischer 3D-Modelle. Durch die Integration all dieser Daten bietet Vision\u2122 eine vollst\u00e4ndige digitale Zwillingsansicht von Ober- und Unterwasseranlagen f\u00fcr eine schnellere, datengesteuerte Entscheidungsfindung.<\/p>\n\t\t\t\t\t\t<h5>Wie gew\u00e4hrleistet Vision\u2122 die Einhaltung der Vorschriften und die Pr\u00fcfungsbereitschaft?<\/h5>\n\t\t\t<p>Vision\u2122 zeichnet automatisch jede Datensatz\u00e4nderung auf und erstellt einen transparenten und nachvollziehbaren Pr\u00fcfpfad. Diese integrierte Dokumentation vereinfacht die beh\u00f6rdliche Berichterstattung, st\u00e4rkt die Qualit\u00e4tssicherung und gew\u00e4hrleistet die vollst\u00e4ndige Einhaltung der Offshore-Integrit\u00e4tsstandards.<\/p>\n\t\t\t\t\t\t<h5>Ist Vision\u2122 in der Cloud verf\u00fcgbar?<\/h5>\n\t\t\t<p>Ja. Vision\u2122 kann sicher in der Cloud bereitgestellt werden. Die Cloud-Bereitstellung erm\u00f6glicht globalen Zugriff, Zusammenarbeit in Echtzeit und rollenbasierte Sicherheitskontrollen f\u00fcr Teams, die Offshore- und Unterwasseranlagen verwalten.<\/p>\n\t\t\t\t\t\t<h5>Wer profitiert am meisten von Vision\u2122?<\/h5>\n\t\t\t<p>Vision\u2122 is designed for energy operators, integrity engineers, inspection coordinators, and digital transformation leaders managing topside and subsea assets. It supports projects from brownfield upgrades to greenfield developments, helping reduce exposure, improve safety, and simplify asset integrity management.<\/p>\n\t\t\t\t\t\t<h5>Wie unterscheidet sich Vision\u2122 von der herk\u00f6mmlichen Inspektionsberichterstattung?<\/h5>\n\t\t\t<p>Im Gegensatz zu statischen Inspektionsberichten bietet Vision\u2122 einen interaktiven 2D- und 3D-Arbeitsbereich, in dem die Benutzer in Echtzeit zusammenarbeiten, Anomalien markieren und den Zustand der Anlage \u00fcber den gesamten Lebenszyklus hinweg verfolgen k\u00f6nnen. Dieser Ansatz des digitalen Zwillings verwandelt Inspektionsdaten in umsetzbare Erkenntnisse f\u00fcr das Offshore-Integrit\u00e4tsmanagement.<\/p>\n\t\t\t\t\t\t<h5>Kann Vision\u2122 \u00fcber mehrere Offshore-Anlagen hinweg skaliert werden?<\/h5>\n\t\t\t<p>Ja. Vision\u2122 l\u00e4sst sich von einer einzigen Plattform auf ein globales Portfolio skalieren und sorgt f\u00fcr Konsistenz, Sichtbarkeit und Georeferenz bei jeder Operation. Vision\u2122 kann sogar zur Verbesserung des Asset-Integrity-Managements von Onshore-Anlagen eingesetzt werden.<\/p>\n\t\t\t\t\t\t<h5>Wie l\u00e4sst sich Vision\u2122 mit Inform\u2122 integrieren?<\/h5>\n\t\t\t<p>Vision\u2122 verbindet r\u00e4umliche Inspektionsdaten mit unserer Inform\u2122-Software f\u00fcr das Asset-Integrity-Management. Zusammen kombinieren sie Visualisierungs- und Analyseplattformen, um vollst\u00e4ndige Transparenz, umsetzbare Erkenntnisse und risikobasierte Wartungsplanung f\u00fcr alle Anlagen zu liefern.<\/p>\n\t\t\t\t\t\t<h5>Welche Branchen nutzen Vision?<\/h5>\n\t\t\t<p>Vision\u2122 wird haupts\u00e4chlich in den Bereichen Offshore-Energie, \u00d6l und Gas sowie erneuerbare Energien eingesetzt. Die vereinheitlichten Funktionen des digitalen Zwillings k\u00f6nnen jedoch jeder Branche zugutekommen, die komplexe Infrastrukturen verwaltet, die ein sicheres, effizientes Integrit\u00e4tsmanagement erfordern.<\/p>\n\t\t\t<a href=\"#contact\" target=\"_self\">\n\t\t\t\t\t\t\tHaben Sie weitere Fragen? Kontaktieren Sie uns.\n\t\t\t<\/a>\n\n\t\tKontakt\n\t\n<h2>\n\t\tUnser Expertenteam ist bereit, Ihnen den Einstieg zu erleichtern.\n\t<\/h2>\n\t<p>Oceaneering bietet erstklassige Produkte und L\u00f6sungen, die sich durch unvergleichliche Qualit\u00e4t, Zuverl\u00e4ssigkeit und globalen Support auszeichnen. F\u00fcllen Sie das Anfrageformular aus, um noch heute ein Gespr\u00e4ch zu beginnen.<\/p>","protected":false},"excerpt":{"rendered":"<p>Discuss a Project Vision\u2122 3D Data Visualization Software Visualizing 3D Data for Asset Integrity Turn data into decisions with 3D visualization solutions that combine your topside and subsea operations into one connected digital twin. Bring Clarity to Complexity Vision\u2122 connects topside and subsea data into one clear holistic asset view, helping teams see issues sooner &#8230; <a title=\"Visualisierung von 3D-Daten f\u00fcr Asset-Integrit\u00e4t\" class=\"read-more\" href=\"https:\/\/www.oceaneering.com\/de\/asset-integrity-management\/combining-engineering-data-and-visualization\/visualizing-3d-data-for-asset-integrity\/\" aria-label=\"Mehr Informationen \u00fcber Visualizing 3D Data for Asset Integrity\">Weiterlesen ...<\/a><\/p>","protected":false},"author":25,"featured_media":0,"parent":79333,"menu_order":0,"comment_status":"closed","ping_status":"closed","template":"","meta":{"_acf_changed":false,"footnotes":"","_links_to":"","_links_to_target":""},"product_category":[1205],"search_tags":[],"class_list":["post-79372","page","type-page","status-publish","product_category-asset-integrity-management"],"acf":[],"aioseo_notices":[],"_links":{"self":[{"href":"https:\/\/www.oceaneering.com\/de\/wp-json\/wp\/v2\/pages\/79372","targetHints":{"allow":["GET"]}}],"collection":[{"href":"https:\/\/www.oceaneering.com\/de\/wp-json\/wp\/v2\/pages"}],"about":[{"href":"https:\/\/www.oceaneering.com\/de\/wp-json\/wp\/v2\/types\/page"}],"author":[{"embeddable":true,"href":"https:\/\/www.oceaneering.com\/de\/wp-json\/wp\/v2\/users\/25"}],"replies":[{"embeddable":true,"href":"https:\/\/www.oceaneering.com\/de\/wp-json\/wp\/v2\/comments?post=79372"}],"version-history":[{"count":117,"href":"https:\/\/www.oceaneering.com\/de\/wp-json\/wp\/v2\/pages\/79372\/revisions"}],"predecessor-version":[{"id":81089,"href":"https:\/\/www.oceaneering.com\/de\/wp-json\/wp\/v2\/pages\/79372\/revisions\/81089"}],"up":[{"embeddable":true,"href":"https:\/\/www.oceaneering.com\/de\/wp-json\/wp\/v2\/pages\/79333"}],"wp:attachment":[{"href":"https:\/\/www.oceaneering.com\/de\/wp-json\/wp\/v2\/media?parent=79372"}],"wp:term":[{"taxonomy":"product_category","embeddable":true,"href":"https:\/\/www.oceaneering.com\/de\/wp-json\/wp\/v2\/product_category?post=79372"},{"taxonomy":"search_tags","embeddable":true,"href":"https:\/\/www.oceaneering.com\/de\/wp-json\/wp\/v2\/search_tags?post=79372"}],"curies":[{"name":"wp","href":"https:\/\/api.w.org\/{rel}","templated":true}]}}