{"id":79333,"date":"2025-10-27T06:12:06","date_gmt":"2025-10-27T11:12:06","guid":{"rendered":"https:\/\/www.oceaneering.com\/?page_id=79333"},"modified":"2026-02-26T06:09:58","modified_gmt":"2026-02-26T12:09:58","slug":"combining-engineering-data-and-visualization","status":"publish","type":"page","link":"https:\/\/www.oceaneering.com\/de\/asset-integrity-management\/combining-engineering-data-and-visualization\/","title":{"rendered":"Kombination von technischen Daten und Visualisierung"},"content":{"rendered":"<a href=\"\/de\/asset-integrity\/#contact\" target=\"_self\">\n\t\t\t\t\t\t\tEin Projekt besprechen\n\t\t\t\t\t<\/a>\n<h1>\n\t\tIntegrit\u00e4tsmanagement von digitalen Assets\n\t<\/h1>\n<h2>\n\t\tKombination von technischen Daten und Visualisierung\n\t<\/h2>\n\t<p>Bring\u00a0integrity to life in one connected view of your assets, from topside to subsea.<\/p>\n<h2>\n\t\tEine Welt. Zwei Ansichten. Vollst\u00e4ndige Integrit\u00e4t.\n\t<\/h2>\n\t<p>Unsere Asset Integrity Management-Plattform vereint Inform\u2122 und Vision\u2122, um Komplexit\u00e4t in Klarheit zu verwandeln. Kombinieren Sie Ihre technische Intelligenz mit 3D-Datenvisualisierung, um einen digitalen Zwilling zu schaffen, der Ihnen hilft, schnellere, sicherere und intelligentere Entscheidungen zu treffen - von der Oberseite bis zur Unterwasserwelt.<\/p>\n<h2>\n\t\tFlexibel durch Design. Gemeinsam stark.\n\t<\/h2>\n\t<p>Beginnen Sie dort, wo Sie sind. Schalten Sie die gesamte Plattform f\u00fcr einen kontextbezogenen digitalen Zwilling frei, der den Entscheidungstr\u00e4gern einen genauen \u00dcberblick \u00fcber den Zustand der Anlagen, die Voraussicht zum Handeln und die M\u00f6glichkeit bietet, Integrit\u00e4t zum Leben zu erwecken. Verwenden Sie Inform\u2122-Module einzeln oder zusammen, um Ihre Integrit\u00e4tsanforderungen zu erf\u00fcllen. F\u00fcgen Sie Vision\u2122 f\u00fcr eine beeindruckende Visualisierung von Anlagen auf der Ober- oder Unterwasserseite hinzu.<\/p>\n\t\t\t\t\t Informieren\u2122. <ul role=\"list\"><li role=\"listitem\">Inform\u2122, ein modulares Integrity Data Management System (IDMS), das Inspektionsdaten, die Verfolgung von Anomalien und die Risikomodellierung in einer einzigen, \u00fcberpr\u00fcfbaren Wahrheitsquelle zentralisiert. Es strafft die Arbeitsabl\u00e4ufe und gibt Unternehmen die M\u00f6glichkeit, mit Daten, die Vertrauen schaffen, schneller zu handeln.<\/li><\/ul>\n\t\t\t<a href=\"https:\/\/www.oceaneering.com\/de\/asset-integrity-management\/combining-engineering-data-and-visualization\/centralizing-your-integrity-workflow\/\" target=\"_self\">\n\t\t\t\t\t\t\tInform\u2122 entdecken\n\t\t\t\t\t<\/a>\n\t\t\t\t\t Vision\u2122. <ul role=\"list\"><li role=\"listitem\">Vision\u2122, eine Softwareanwendung zur 3D-Datenvisualisierung, die Daten in immersive, ingenieurm\u00e4\u00dfige Modelle der Ober- und Unterwasserinfrastruktur umwandelt. Vision\u2122 wird sicher \u00fcber die Cloud bereitgestellt und erm\u00f6glicht eine globale Zusammenarbeit und ein umfassendes Situationsbewusstsein.<\/li><\/ul>\n\t\t\t<a href=\"https:\/\/www.oceaneering.com\/de\/asset-integrity-management\/combining-engineering-data-and-visualization\/visualizing-3d-data-for-asset-integrity\/\" target=\"_self\">\n\t\t\t\t\t\t\tVision\u2122 erleben\n\t\t\t\t\t<\/a>\n\t\t\t\t\t Inform\u2122 + Vision\u2122 <ul role=\"list\"><li role=\"listitem\">Kombinieren Sie Inform\u2122 und Vision\u2122 f\u00fcr eine vernetzte Asset Integrity Management (AIM)-L\u00f6sung, die Inspektionsaufzeichnungen, Anomalien und 3D-Modelle mit der betrieblichen Realit\u00e4t verkn\u00fcpft und so schnellere Befund-zu-Beseitigung-Zyklen und evidenzbasierte Entscheidungen erm\u00f6glicht.<\/li><\/ul>\n\t\t\t<a href=\"#contact\" target=\"_self\">\n\t\t\t\t\t\t\tVerbindung mit einem Spezialisten\n\t\t\t\t\t<\/a>\n<h2>\n\t\tVon Daten zu Entscheidungen \n\t<\/h2>\n\t<p>Kombinieren Sie tiefe Datenintelligenz mit immersivem 3D-Einblick, um den Zustand von Anlagen besser zu verstehen, schnellere Entscheidungen zu treffen und die R\u00fcckverfolgbarkeit zu verbessern.<\/p>\n\t\t\t\t<table>\n\t\t\t\t\t<thead>\n\t\t\t\t\t\t\t\t\t\t\t\t\t\t<tr>\n\t\t\t\t\t\t\t\t\t\t\t\t\t\t\t<th rowspan=\"\" colspan=\"\">\n\t\t\t\t\t\t\t\t\t\t\t\t\t\t\t\t\t<label>\n\t\t\t\t\t\t\t\t\t\t<\/label><label> Nutzen\/Ertrag <\/label>\n\t\t\t\t\t\t\t\t\t\n\t\t\t\t\t\t\t\t\t\t\t\t\t\t\t\t\t<\/th>\n\t\t\t\t\t\t\t\t\t\t\t\t\t\t<th rowspan=\"\" colspan=\"\">\n\t\t\t\t\t\t\t\t\t\t\t\t\t\t\t\t\t<label>\n\t\t\t\t\t\t\t\t\t\t<\/label><label> Informieren\u2122. <\/label>\n\t\t\t\t\t\t\t\t\t\n\t\t\t\t\t\t\t\t\t\t\t\t\t\t\t\t\t<\/th>\n\t\t\t\t\t\t\t\t\t\t\t\t\t\t<th rowspan=\"\" colspan=\"\">\n\t\t\t\t\t\t\t\t\t\t\t\t\t\t\t\t\t<label>\n\t\t\t\t\t\t\t\t\t\t<\/label><label> Vision\u2122. <\/label>\n\t\t\t\t\t\t\t\t\t\n\t\t\t\t\t\t\t\t\t\t\t\t\t\t\t\t\t<\/th>\n\t\t\t\t\t\t\t\t\t\t\t\t\t\t<th rowspan=\"\" colspan=\"\">\n\t\t\t\t\t\t\t\t\t\t\t\t\t\t\t\t\t<label>\n\t\t\t\t\t\t\t\t\t\t<\/label><label> Inform\u2122 + Vision\u2122 <\/label>\n\t\t\t\t\t\t\t\t\t\n\t\t\t\t\t\t\t\t\t\t\t\t\t\t\t\t\t<\/th>\n\t\t\t\t\t\t\t\t\t\t\t<\/tr><\/thead>\n\t\t\t\t\t<tbody>\n\t\t\t\t\t\t\t\t\t\t\t\t\t\t\t<tr>\n\t\t\t\t\t\t\t\t\t\t\t\t\t\t\t\t\t\t\t\t<td colspan=\"\" rowspan=\"\">\n\t\t\t\t\t\t\t\t\t\t\t\t\t\t\t\t\t\t\t\t\t\t\t Zentralisierte Integrit\u00e4tsdaten (Inspektionen und Anomalien) \n\t\t\t\t\t\t\t\t\t\t\t\t\t\t\t\t\t\t\t\t\t\t\t<\/td>\n\t\t\t\t\t\t\t\t\t\t\t\t\t\t\t\t<td colspan=\"\" rowspan=\"\">\n\t\t\t\t\t\t\t\t\t\t\t\t\t\t\t\t\t\t\t\t\t\t\t\t<\/td>\n\t\t\t\t\t\t\t\t\t\t\t\t\t\t\t\t<td colspan=\"\" rowspan=\"\">\n\t\t\t\t\t\t\t\t\t\t\t\t\t\t\t\t\t\t\t\t\t\t\t<\/td>\n\t\t\t\t\t\t\t\t\t\t\t\t\t\t\t\t<td colspan=\"\" rowspan=\"\">\n\t\t\t\t\t\t\t\t\t\t\t\t\t\t\t\t\t\t\t\t\t\t\t\t<\/td>\n\t\t\t\t\t\t\t\t\t\t\t\t\t\t\t<\/tr><tr>\n\t\t\t\t\t\t\t\t\t\t\t\t\t\t\t\t\t\t\t\t<td colspan=\"\" rowspan=\"\">\n\t\t\t\t\t\t\t\t\t\t\t\t\t\t\t\t\t\t\t\t\t\t\t Niedrigere Gesamtkosten der Integrit\u00e4t  \n\t\t\t\t\t\t\t\t\t\t\t\t\t\t\t\t\t\t\t\t\t\t\t<\/td>\n\t\t\t\t\t\t\t\t\t\t\t\t\t\t\t\t<td colspan=\"\" rowspan=\"\">\n\t\t\t\t\t\t\t\t\t\t\t\t\t\t\t\t\t\t\t\t\t\t\t\t<\/td>\n\t\t\t\t\t\t\t\t\t\t\t\t\t\t\t\t<td colspan=\"\" rowspan=\"\">\n\t\t\t\t\t\t\t\t\t\t\t\t\t\t\t\t\t\t\t\t\t\t\t\t<\/td>\n\t\t\t\t\t\t\t\t\t\t\t\t\t\t\t\t<td colspan=\"\" rowspan=\"\">\n\t\t\t\t\t\t\t\t\t\t\t\t\t\t\t\t\t\t\t\t\t\t\t\t<\/td>\n\t\t\t\t\t\t\t\t\t\t\t\t\t\t\t<\/tr><tr>\n\t\t\t\t\t\t\t\t\t\t\t\t\t\t\t\t\t\t\t\t<td colspan=\"\" rowspan=\"\">\n\t\t\t\t\t\t\t\t\t\t\t\t\t\t\t\t\t\t\t\t\t\t\t Konfigurierbare Workflows f\u00fcr den gesamten Lebenszyklus der Asset-Integrit\u00e4t \n\t\t\t\t\t\t\t\t\t\t\t\t\t\t\t\t\t\t\t\t\t\t\t<\/td>\n\t\t\t\t\t\t\t\t\t\t\t\t\t\t\t\t<td colspan=\"\" rowspan=\"\">\n\t\t\t\t\t\t\t\t\t\t\t\t\t\t\t\t\t\t\t\t\t\t\t\t<\/td>\n\t\t\t\t\t\t\t\t\t\t\t\t\t\t\t\t<td colspan=\"\" rowspan=\"\">\n\t\t\t\t\t\t\t\t\t\t\t\t\t\t\t\t\t\t\t\t\t\t\t<\/td>\n\t\t\t\t\t\t\t\t\t\t\t\t\t\t\t\t<td colspan=\"\" rowspan=\"\">\n\t\t\t\t\t\t\t\t\t\t\t\t\t\t\t\t\t\t\t\t\t\t\t\t<\/td>\n\t\t\t\t\t\t\t\t\t\t\t\t\t\t\t<\/tr><tr>\n\t\t\t\t\t\t\t\t\t\t\t\t\t\t\t\t\t\t\t\t<td colspan=\"\" rowspan=\"\">\n\t\t\t\t\t\t\t\t\t\t\t\t\t\t\t\t\t\t\t\t\t\t\t Risikomodelle und Entscheidungshilfen \n\t\t\t\t\t\t\t\t\t\t\t\t\t\t\t\t\t\t\t\t\t\t\t<\/td>\n\t\t\t\t\t\t\t\t\t\t\t\t\t\t\t\t<td colspan=\"\" rowspan=\"\">\n\t\t\t\t\t\t\t\t\t\t\t\t\t\t\t\t\t\t\t\t\t\t\t\t<\/td>\n\t\t\t\t\t\t\t\t\t\t\t\t\t\t\t\t<td colspan=\"\" rowspan=\"\">\n\t\t\t\t\t\t\t\t\t\t\t\t\t\t\t\t\t\t\t\t\t\t\t<\/td>\n\t\t\t\t\t\t\t\t\t\t\t\t\t\t\t\t<td colspan=\"\" rowspan=\"\">\n\t\t\t\t\t\t\t\t\t\t\t\t\t\t\t\t\t\t\t\t\t\t\t\t<\/td>\n\t\t\t\t\t\t\t\t\t\t\t\t\t\t\t<\/tr><tr>\n\t\t\t\t\t\t\t\t\t\t\t\t\t\t\t\t\t\t\t\t<td colspan=\"\" rowspan=\"\">\n\t\t\t\t\t\t\t\t\t\t\t\t\t\t\t\t\t\t\t\t\t\t\t Immersiver 3D-Kontext \u00fcber und unter Wasser \n\t\t\t\t\t\t\t\t\t\t\t\t\t\t\t\t\t\t\t\t\t\t\t<\/td>\n\t\t\t\t\t\t\t\t\t\t\t\t\t\t\t\t<td colspan=\"\" rowspan=\"\">\n\t\t\t\t\t\t\t\t\t\t\t\t\t\t\t\t\t\t\t\t\t\t\t<\/td>\n\t\t\t\t\t\t\t\t\t\t\t\t\t\t\t\t<td colspan=\"\" rowspan=\"\">\n\t\t\t\t\t\t\t\t\t\t\t\t\t\t\t\t\t\t\t\t\t\t\t\t<\/td>\n\t\t\t\t\t\t\t\t\t\t\t\t\t\t\t\t<td colspan=\"\" rowspan=\"\">\n\t\t\t\t\t\t\t\t\t\t\t\t\t\t\t\t\t\t\t\t\t\t\t\t<\/td>\n\t\t\t\t\t\t\t\t\t\t\t\t\t\t\t<\/tr><tr>\n\t\t\t\t\t\t\t\t\t\t\t\t\t\t\t\t\t\t\t\t<td colspan=\"\" rowspan=\"\">\n\t\t\t\t\t\t\t\t\t\t\t\t\t\t\t\t\t\t\t\t\t\t\t Schnellere Planung und weniger Besuche vor Ort \n\t\t\t\t\t\t\t\t\t\t\t\t\t\t\t\t\t\t\t\t\t\t\t<\/td>\n\t\t\t\t\t\t\t\t\t\t\t\t\t\t\t\t<td colspan=\"\" rowspan=\"\">\n\t\t\t\t\t\t\t\t\t\t\t\t\t\t\t\t\t\t\t\t\t\t\t\t<\/td>\n\t\t\t\t\t\t\t\t\t\t\t\t\t\t\t\t<td colspan=\"\" rowspan=\"\">\n\t\t\t\t\t\t\t\t\t\t\t\t\t\t\t\t\t\t\t\t\t\t\t\t<\/td>\n\t\t\t\t\t\t\t\t\t\t\t\t\t\t\t\t<td colspan=\"\" rowspan=\"\">\n\t\t\t\t\t\t\t\t\t\t\t\t\t\t\t\t\t\t\t\t\t\t\t\t<\/td>\n\t\t\t\t\t\t\t\t\t\t\t\t\t\t\t<\/tr><tr>\n\t\t\t\t\t\t\t\t\t\t\t\t\t\t\t\t\t\t\t\t<td colspan=\"\" rowspan=\"\">\n\t\t\t\t\t\t\t\t\t\t\t\t\t\t\t\t\t\t\t\t\t\t\t Revisionssichere Aufzeichnungen und R\u00fcckverfolgbarkeit \n\t\t\t\t\t\t\t\t\t\t\t\t\t\t\t\t\t\t\t\t\t\t\t<\/td>\n\t\t\t\t\t\t\t\t\t\t\t\t\t\t\t\t<td colspan=\"\" rowspan=\"\">\n\t\t\t\t\t\t\t\t\t\t\t\t\t\t\t\t\t\t\t\t\t\t\t\t<\/td>\n\t\t\t\t\t\t\t\t\t\t\t\t\t\t\t\t<td colspan=\"\" rowspan=\"\">\n\t\t\t\t\t\t\t\t\t\t\t\t\t\t\t\t\t\t\t\t\t\t\t<\/td>\n\t\t\t\t\t\t\t\t\t\t\t\t\t\t\t\t<td colspan=\"\" rowspan=\"\">\n\t\t\t\t\t\t\t\t\t\t\t\t\t\t\t\t\t\t\t\t\t\t\t\t<\/td>\n\t\t\t\t\t\t\t\t\t\t\t\t\t\t\t<\/tr><tr>\n\t\t\t\t\t\t\t\t\t\t\t\t\t\t\t\t\t\t\t\t<td colspan=\"\" rowspan=\"\">\n\t\t\t\t\t\t\t\t\t\t\t\t\t\t\t\t\t\t\t\t\t\t\t Geringere Ausfallzeiten durch proaktiven Einblick \n\t\t\t\t\t\t\t\t\t\t\t\t\t\t\t\t\t\t\t\t\t\t\t<\/td>\n\t\t\t\t\t\t\t\t\t\t\t\t\t\t\t\t<td colspan=\"\" rowspan=\"\">\n\t\t\t\t\t\t\t\t\t\t\t\t\t\t\t\t\t\t\t\t\t\t\t\t<\/td>\n\t\t\t\t\t\t\t\t\t\t\t\t\t\t\t\t<td colspan=\"\" rowspan=\"\">\n\t\t\t\t\t\t\t\t\t\t\t\t\t\t\t\t\t\t\t\t\t\t\t\t<\/td>\n\t\t\t\t\t\t\t\t\t\t\t\t\t\t\t\t<td colspan=\"\" rowspan=\"\">\n\t\t\t\t\t\t\t\t\t\t\t\t\t\t\t\t\t\t\t\t\t\t\t\t<\/td>\n\t\t\t\t\t\t\t\t\t\t\t\t\t\t\t<\/tr><tr>\n\t\t\t\t\t\t\t\t\t\t\t\t\t\t\t\t\t\t\t\t<td colspan=\"\" rowspan=\"\">\n\t\t\t\t\t\t\t\t\t\t\t\t\t\t\t\t\t\t\t\t\t\t\t Team\u00fcbergreifende Zusammenarbeit und Abstimmung \n\t\t\t\t\t\t\t\t\t\t\t\t\t\t\t\t\t\t\t\t\t\t\t<\/td>\n\t\t\t\t\t\t\t\t\t\t\t\t\t\t\t\t<td colspan=\"\" rowspan=\"\">\n\t\t\t\t\t\t\t\t\t\t\t\t\t\t\t\t\t\t\t\t\t\t\t\t<\/td>\n\t\t\t\t\t\t\t\t\t\t\t\t\t\t\t\t<td colspan=\"\" rowspan=\"\">\n\t\t\t\t\t\t\t\t\t\t\t\t\t\t\t\t\t\t\t\t\t\t\t\t<\/td>\n\t\t\t\t\t\t\t\t\t\t\t\t\t\t\t\t<td colspan=\"\" rowspan=\"\">\n\t\t\t\t\t\t\t\t\t\t\t\t\t\t\t\t\t\t\t\t\t\t\t\t<\/td>\n\t\t\t\t\t\t\t\t\t\t\t<\/tr><\/tbody>\n\t\t\t\t<\/table>\n\t\t\t\t<img loading=\"lazy\" decoding=\"async\" src=\"https:\/\/www.oceaneering.com\/wp-content\/uploads\/2025\/02\/Pipeline-graphic.jpg\" alt=\"Wireframe computer cad design of pipelines for an industrial power plant.\" itemprop=\"image\" height=\"1616\" width=\"2873\" title=\"Pipeline-graphic\" onerror=\"this.style.display='none'\"  \/>\n<h2>\n\t\tEffizienz, Einsicht und Kostenkontrolle \n\t<\/h2>\n\t<p>Gehen Sie von der Reaktion zur Pr\u00e4vention \u00fcber und verbessern Sie gleichzeitig Effizienz, Einblick und Kontrolle. Entscheidungstr\u00e4ger entscheiden sich f\u00fcr unsere digitale Asset-Management-Plattform, weil sie Annahmen durch Beweise ersetzt und messbare Ergebnisse liefert.<\/p>\n\t\t\t\t\t\t<h5>Effizienzgewinne <\/h5>\n\t\t\t<ul>\n<li>Optimierung der Ausgaben durch verbesserte Planung und Zuweisung von Ressourcen<\/li>\n<li>Rationalisierung von Berichterstattung und Inspektionsabl\u00e4ufen<\/li>\n<li>Beschleunigung der Zyklen zwischen Befund und Behebung<\/li>\n<\/ul>\n<p>\u00a0<\/p>\n\t\t\t\t\t\t<h5>Integrit\u00e4t Vertrauen <\/h5>\n\t\t\t<ul>\n<li>Klare Sicht auf den Zustand der Anlagen<\/li>\n<li>St\u00e4rkung der Governance und Angleichung der Entscheidungen<\/li>\n<li>Verbesserung der Betriebszeit durch proaktive Wartung<\/li>\n<\/ul>\n<h2>\n\t\tUnsere S\u00e4ulen des Vertrauens \n\t<\/h2>\n<h3>\n\t\tFachwissen\n\t<\/h3>\n\t<p>Von Ingenieuren f\u00fcr Ingenieure gebaut.<\/p>\n<h3>\n\t\tBew\u00e4hrter Ansatz\n\t<\/h3>\n\t<p>Standardisierte Arbeitsabl\u00e4ufe und Modelle, die \u00fcber verschiedene Umgebungen hinweg skalierbar sind.<\/p>\n<h3>\n\t\tTransparenz und R\u00fcckverfolgbarkeit \n\t<\/h3>\n\t<p>Entscheidungen werden durch Datenreihen, Modellkontext und visuelle Beweise gest\u00fctzt.<\/p>\n<h3>\n\t\tSicherheit und Governance \n\t<\/h3>\n\t<p>Rollenbasierter Zugriff und Auditierbarkeit f\u00fcr die Unternehmens-IT.<\/p>\n<h3>\n\t\tKonfigurierbare Plattform\n\t<\/h3>\n\t<p>Wir holen Sie dort ab, wo Sie stehen: modulare Anpassung oder vollst\u00e4ndige Plattform.<\/p>\n<h2>\n\t\tH\u00e4ufig gestellte Fragen\n\t<\/h2>\n\t<p>Whether you&#8217;re starting to digitize asset integrity or upgrading from a different solution, we&#8217;re here to support you. Explore frequently asked questions about how we can support your Digital Asset Management programs.<\/p>\n\t\t\t\t\t\t<h5>Was ist Digital Asset Management?<\/h5>\n\t\t\t<p>Digital Asset Management kombiniert technische Intelligenz und 3D-Visualisierung, um die Integrit\u00e4t von Anlagen zu erhalten, Risiken zu verringern und die Entscheidungsfindung zu verbessern.<\/p>\n\t\t\t\t\t\t<h5>Was ist Inform\u2122?<\/h5>\n\t\t\t<p>Inform\u2122 ist eine modulare Integrity Data Management System (IDMS)-Plattform, die Inspektionsabl\u00e4ufe digitalisiert, Anomalie- und Risikodaten zentralisiert und in verwertbare Erkenntnisse umwandelt.<\/p>\n\t\t\t\t\t\t<h5>Was ist Vision\u2122?<\/h5>\n\t\t\t<p>Vision\u2122 ist eine 3D-Visualisierungsplattform, die ingenieurm\u00e4\u00dfige Modelle von Ober- und Unterwasseranlagen f\u00fcr zuverl\u00e4ssige Vergleiche, die Verfolgung von Anomalien und die Zustandsbewertung im Laufe der Zeit erstellt. Vision\u2122 wird als reine Cloud-Anwendung bereitgestellt.<\/p>\n\t\t\t\t\t\t<h5>Was ist der Unterschied zwischen Vision\u2122 Subsea und Vision\u2122 Topside? <\/h5>\n\t\t\t<p>Vision\u2122 Subsea verwendet Unterwasserscanning f\u00fcr Unterwasseranlagen, w\u00e4hrend Vision\u2122 Topside Laserscanning f\u00fcr Oberfl\u00e4chenanlagen verwendet. Beide erstellen ingenieurm\u00e4\u00dfige Modelle f\u00fcr eine sichere Entscheidungsfindung.<\/p>\n\t\t\t\t\t\t<h5>Wie arbeiten Inform\u2122 und Vision\u2122 zusammen?<\/h5>\n\t\t\t<p>Inform\u2122 liefert technische Intelligenz und Workflow-\/Lebenszyklusmanagement; Vision\u2122 f\u00fcgt immersiven visuellen 3D-Kontext hinzu. Zusammen bilden sie einen lebendigen digitalen Zwilling, eine vernetzte Plattform, die alle Datens\u00e4tze und Modelle f\u00fcr das Integrit\u00e4tsmanagement vereint.<\/p>\n\t\t\t\t\t\t<h5>Wie kann Digital Asset Management Ausfallzeiten reduzieren?<\/h5>\n\t\t\t<p>Durch die Zentralisierung von Inspektionsdaten und die 3D-Visualisierung k\u00f6nnen Betreiber Anomalien fr\u00fcher erkennen, Wartungsarbeiten proaktiv planen und ungeplante Ausfallzeiten durch bessere Planung und Ressourcennutzung reduzieren.<\/p>\n\t\t\t\t\t\t<h5>Kann Inform\u2122 in bestehende Inspektionssysteme integriert werden?<\/h5>\n\t\t\t<p>Ja. Inform\u2122 l\u00e4sst sich mit den aktuellen Pr\u00fcfabl\u00e4ufen und Datenquellen verbinden und gew\u00e4hrleistet so einen reibungslosen \u00dcbergang ohne Unterbrechung des Betriebs.<\/p>\n\t\t\t\t\t\t<h5>Welchen ROI k\u00f6nnen Betreiber vom gemeinsamen Einsatz von Inform\u2122 und Vision\u2122 erwarten?<\/h5>\n\t\t\t<p>Die meisten Betreiber berichten von schnelleren Feststellungs- und Behebungszyklen, weniger Vor-Ort-Besuchen und einer erheblichen Reduzierung der Berichtszeit und des Inspektionsaufwands. Die Ergebnisse variieren je nach Anlagenmix und Programmreife.<\/p>\n\t\t\t<a href=\"#contact\" target=\"_self\">\n\t\t\t\t\t\t\tHaben Sie weitere Fragen? Kontaktieren Sie uns.\n\t\t\t<\/a>\n\t\t\t\t\t\t\t\t\t<h3>Praxiserprobt. Branchenf\u00fchrend.<\/h3>\n\t\t\t\t\t\t\t\t\t<p>Lesen Sie unsere Fallstudien zum Thema Digital Asset Management.<\/p>\n\t\t\t\t\t\t<a href=\"https:\/\/www.oceaneering.com\/de\/resources\/?_content_types=case-study\" target=\"_self\">\n\t\t\t\t\t\t\t\tAlle Fallstudien anzeigen\t\t\t\t\t\t\t\n\t\t\t\t\t\t\t\t\t\t\t\t\t<\/a>\n\t\t\t\t\t\t<button>\n\t\t\t\t\t\t\tVorherige\n\t\t\t\t\t\t<\/button>\n\t\t\t\t\t\t<button>\n\t\t\t\t\t\t\tWeiter\n\t\t\t\t\t\t<\/button>\n\t\t\t\t\t\t\t<a href=\"https:\/\/www.oceaneering.com\/de\/case-studies\/oceaneering-energy-intelligence-uses-inform-predict-to-safely-reduce-inspection-scope-by-more-than-50-percent\/\">\n\t\t\t\t\t\t\t\t\t\t<img decoding=\"async\" src=\"https:\/\/www.oceaneering.com\/wp-content\/uploads\/2023\/11\/shutterstock_164419370-1.jpg\" alt=\"Offshore oil and gas platform.\"\/>\n\t\t\t\t\t\t\t\t\t\t<h3>Inform Predict\u2122 reduziert den Umfang von Kundeninspektionen sicher um mehr als 50 Prozent<\/h3>\n\t\t\t\t\t\t\t\t\t\t<h3>Inform Predict\u2122 reduziert den Umfang von Kundeninspektionen sicher um mehr als 50 Prozent<\/h3>\n\t\t\t\t\t\t\t\t\t\t\t\t\t\t\t\t\t\t\t\t\t<p>In March 2023, a major operator contracted Oceaneering to use our Inform Predict Analytics Software to improve&#8230;<\/p>\n\t\t\t\t\t\t\t\t\t\t\tMehr erfahren\n\t\t\t\t\t\t\t<\/a>\n\t\t\t\t\t\t\t<a href=\"https:\/\/www.oceaneering.com\/de\/case-studies\/oceaneering-uses-inform-predict-to-improve-inspection-programs-for-north-sea-assets\/\">\n\t\t\t\t\t\t\t\t\t\t<img decoding=\"async\" src=\"https:\/\/www.oceaneering.com\/wp-content\/uploads\/2023\/10\/shutterstock_1056389054-1.jpg\" alt=\"\"\/>\n\t\t\t\t\t\t\t\t\t\t<h3>Inform Predict\u2122 verbessert Inspektionsprogramme f\u00fcr Nordseeanlagen<\/h3>\n\t\t\t\t\t\t\t\t\t\t<h3>Inform Predict\u2122 verbessert Inspektionsprogramme f\u00fcr Nordseeanlagen<\/h3>\n\t\t\t\t\t\t\t\t\t\t\t\t\t\t\t\t\t\t\t\t\t<p>In Q2 2023, a major operator contracted Oceaneering&#8217;s Energy Intelligence group to use our Inform Predict Analytics&#8230;<\/p>\n\t\t\t\t\t\t\t\t\t\t\tMehr erfahren\n\t\t\t\t\t\t\t<\/a>\n\t\t\t\t\t\t\t<a href=\"https:\/\/www.oceaneering.com\/de\/case-studies\/inform-predict-software-optimizes-nocs-inspection-intervals\/\">\n\t\t\t\t\t\t\t\t\t\t<img decoding=\"async\" src=\"https:\/\/www.oceaneering.com\/wp-content\/uploads\/2022\/01\/global-monitoring-asset-integrity.jpeg\" alt=\"\"\/>\n\t\t\t\t\t\t\t\t\t\t<h3>KI-gest\u00fctzte Inform Predict\u2122-Software optimiert Inspektionsintervalle f\u00fcr NOC<\/h3>\n\t\t\t\t\t\t\t\t\t\t<h3>KI-gest\u00fctzte Inform Predict\u2122-Software optimiert Inspektionsintervalle f\u00fcr NOC<\/h3>\n\t\t\t\t\t\t\t\t\t\t\t\t\t\t\t\t\t\t\t\t\t<p>In this pre-pilot project, Oceaneering employed Inform Predict\u2122 digital predictive analytics software to determine the appropriate inspection&#8230;<\/p>\n\t\t\t\t\t\t\t\t\t\t\tMehr erfahren\n\t\t\t\t\t\t\t<\/a>\n\n\t\tKontakt\n\t\n<h2>\n\t\tUnser Expertenteam ist bereit, Ihnen den Einstieg zu erleichtern.\n\t<\/h2>\n\t<p>Oceaneering bietet erstklassige Produkte und L\u00f6sungen, die sich durch unvergleichliche Qualit\u00e4t, Zuverl\u00e4ssigkeit und globalen Support auszeichnen. F\u00fcllen Sie das Anfrageformular aus, um noch heute ein Gespr\u00e4ch zu beginnen.<\/p>","protected":false},"excerpt":{"rendered":"<p>Erwecken Sie Integrit\u00e4t in einer vernetzten Ansicht Ihrer Anlagen zum Leben, von der Oberseite bis zum Unterwasserbereich.<\/p>","protected":false},"author":25,"featured_media":79426,"parent":59710,"menu_order":0,"comment_status":"closed","ping_status":"closed","template":"","meta":{"_acf_changed":false,"footnotes":"","_links_to":"","_links_to_target":""},"product_category":[1205],"search_tags":[],"class_list":["post-79333","page","type-page","status-publish","has-post-thumbnail","product_category-asset-integrity-management"],"acf":[],"aioseo_notices":[],"_links":{"self":[{"href":"https:\/\/www.oceaneering.com\/de\/wp-json\/wp\/v2\/pages\/79333","targetHints":{"allow":["GET"]}}],"collection":[{"href":"https:\/\/www.oceaneering.com\/de\/wp-json\/wp\/v2\/pages"}],"about":[{"href":"https:\/\/www.oceaneering.com\/de\/wp-json\/wp\/v2\/types\/page"}],"author":[{"embeddable":true,"href":"https:\/\/www.oceaneering.com\/de\/wp-json\/wp\/v2\/users\/25"}],"replies":[{"embeddable":true,"href":"https:\/\/www.oceaneering.com\/de\/wp-json\/wp\/v2\/comments?post=79333"}],"version-history":[{"count":72,"href":"https:\/\/www.oceaneering.com\/de\/wp-json\/wp\/v2\/pages\/79333\/revisions"}],"predecessor-version":[{"id":81164,"href":"https:\/\/www.oceaneering.com\/de\/wp-json\/wp\/v2\/pages\/79333\/revisions\/81164"}],"up":[{"embeddable":true,"href":"https:\/\/www.oceaneering.com\/de\/wp-json\/wp\/v2\/pages\/59710"}],"wp:featuredmedia":[{"embeddable":true,"href":"https:\/\/www.oceaneering.com\/de\/wp-json\/wp\/v2\/media\/79426"}],"wp:attachment":[{"href":"https:\/\/www.oceaneering.com\/de\/wp-json\/wp\/v2\/media?parent=79333"}],"wp:term":[{"taxonomy":"product_category","embeddable":true,"href":"https:\/\/www.oceaneering.com\/de\/wp-json\/wp\/v2\/product_category?post=79333"},{"taxonomy":"search_tags","embeddable":true,"href":"https:\/\/www.oceaneering.com\/de\/wp-json\/wp\/v2\/search_tags?post=79333"}],"curies":[{"name":"wp","href":"https:\/\/api.w.org\/{rel}","templated":true}]}}