{"id":77884,"date":"2025-08-11T07:09:40","date_gmt":"2025-08-11T12:09:40","guid":{"rendered":"https:\/\/www.oceaneering.com\/?page_id=77884"},"modified":"2025-11-12T09:48:59","modified_gmt":"2025-11-12T15:48:59","slug":"spaceflight-solutions","status":"publish","type":"page","link":"https:\/\/www.oceaneering.com\/de\/spaceflight-solutions\/","title":{"rendered":"Raumfahrtl\u00f6sungen vom Start bis zum Wiedereintritt"},"content":{"rendered":"<a href=\"https:\/\/www.oceaneering.com\/de\/space-systems\/#contact\" target=\"_self\">\n\t\t\t\t\t\t\tEin Projekt besprechen\n\t\t\t\t\t<\/a>\n\t\tRAUMSYSTEME\n<h1>\n\t\tRaumfahrtl\u00f6sungen vom Start bis zum Wiedereintritt\n\t<\/h1>\n\t<p>Seit mehr als vier Jahrzehnten beliefern wir die Raumfahrtgemeinschaft mit Raumfahrtl\u00f6sungen vom Start \u00fcber die Umlaufbahn bis zum Wiedereintritt.<\/p>\n\t\t\t<a href=\"https:\/\/oceaneering.canto.com\/download\/video\/dvasivjqa55nd3ic1uq1gids1a\/original\" target=\"_self\">\n\t\t\t\t\t\t\tVideo ansehen\n\t\t\t<\/a>\n\t<meta itemprop=\"name\" content=\"Oceaneering Space Systems\" \/><meta itemprop=\"description\" content=\"An overview of how Oceaneering Space Systems has served the space community for over four decades with spaceflight solutions from launch, on-orbit to reentry. We've partnered with NASA, the U.S. Department of War, and leading commercial launch providers to advance space exploration. Our legacy includes iconic missions from the Space Shuttle and International Space Station to the Space Launch System, and the Orion program Artemis I mission.\" \/><meta itemprop=\"uploadDate\" content=\"2025-10-31\" \/><meta itemprop=\"thumbnailUrl\" content=\"https:\/\/www.oceaneering.com\/wp-content\/uploads\/2025\/08\/30508253d92443809a3446459e9fcdd5800.jpg\" \/><meta itemprop=\"contentUrl\" content=\"https:\/\/oceaneering.canto.com\/direct\/video\/61884kup4h1o16hk8p2pt7ud6l\/5Xqti870OMg00hW-Z9kFxCS5bTc\/original?content-type=video%2Fmp4&#038;name=OSS_2025_Long_Version_V2.mp4\" \/><meta itemprop=\"embedUrl\" content=\"https:\/\/oceaneering.canto.com\/direct\/video\/61884kup4h1o16hk8p2pt7ud6l\/5Xqti870OMg00hW-Z9kFxCS5bTc\/original?content-type=video%2Fmp4&#038;name=OSS_2025_Long_Version_V2.mp4\" \/>\t\n<h2>\n\t\tEnd-to-End-Raumfahrtsystemtechnik vom Konzept bis zur Umlaufbahn\n\t<\/h2>\n\t<p>Rooted in a legacy of space systems engineering excellence, we deliver comprehensive spaceflight solutions that span the full lifecycle-from initial concept development through flight certification, manufacturing, testing, and sustaining engineering. Our expertise includes <a href=\"https:\/\/www.oceaneering.com\/de\/thermal-protection-systems\/\">W\u00e4rmeschutzl\u00f6sungen<\/a>, <a href=\"https:\/\/www.oceaneering.com\/de\/flight-certified-hardware-and-softgoods\/\">flugzugelassene Hardware und Softgoods<\/a>, <a href=\"https:\/\/www.oceaneering.com\/de\/space-mission-design-and-astronaut-training\/\">Entwurf von Weltraummissionen<\/a>,\u00a0<a href=\"https:\/\/www.oceaneering.com\/de\/life-support-and-eva-systems\/\">Lebenserhaltungssysteme und EVA-Technologien <\/a>designed for the rigors of human spaceflight and robotic missions. Whether you&#8217;re advancing launch vehicles, supporting ISS operations, or developing reentry systems, our integrated approach ensures mission success at every stage.<\/p>\n\t\t\t<a href='https:\/\/www.oceaneering.com\/de\/spaceflight-solutions\/thermal-protection-systems\/' title='Thermische Schutzsysteme (TPS)'><img width=\"1024\" height=\"576\" src=\"https:\/\/www.oceaneering.com\/wp-content\/uploads\/2025\/08\/Fallback-image-1024x576.jpg\" alt=\"Close up shot of rocket engine Space Exploration Launch\" itemprop=\"image\" decoding=\"async\" loading=\"lazy\" srcset=\"https:\/\/www.oceaneering.com\/wp-content\/uploads\/2025\/08\/Fallback-image-1024x576.jpg 1024w, https:\/\/www.oceaneering.com\/wp-content\/uploads\/2025\/08\/Fallback-image-300x169.jpg 300w, https:\/\/www.oceaneering.com\/wp-content\/uploads\/2025\/08\/Fallback-image-768x432.jpg 768w, https:\/\/www.oceaneering.com\/wp-content\/uploads\/2025\/08\/Fallback-image-1536x864.jpg 1536w, https:\/\/www.oceaneering.com\/wp-content\/uploads\/2025\/08\/Fallback-image-2048x1152.jpg 2048w, https:\/\/www.oceaneering.com\/wp-content\/uploads\/2025\/08\/Fallback-image-18x10.jpg 18w, https:\/\/www.oceaneering.com\/wp-content\/uploads\/2025\/08\/Fallback-image-1280x720.jpg 1280w, https:\/\/www.oceaneering.com\/wp-content\/uploads\/2025\/08\/Fallback-image-960x540.jpg 960w, https:\/\/www.oceaneering.com\/wp-content\/uploads\/2025\/08\/Fallback-image-640x360.jpg 640w, https:\/\/www.oceaneering.com\/wp-content\/uploads\/2025\/08\/Fallback-image-320x180.jpg 320w\" sizes=\"auto, (max-width: 1024px) 100vw, 1024px\" title=\"W\u00e4rmeschutzsysteme Fallback Bild | Oceaneering\" \/><\/a>\n\t<h3><a href='https:\/\/www.oceaneering.com\/de\/spaceflight-solutions\/thermal-protection-systems\/' title='Thermische Schutzsysteme (TPS)'>Thermische Schutzsysteme (TPS)<\/a><\/h3>\n    \t<p>Sch\u00fctzen Sie Ihre Raumfahrzeuge und Tr\u00e4gerraketen mit bew\u00e4hrten TPS-L\u00f6sungen vor extremer Hitze und Druck. Unsere W\u00e4rmeschutzsysteme, die sich bei NASA- und DoW-Programmen bew\u00e4hrt haben, sind so konzipiert, dass sie anspruchsvolle Missionsprofile vom ersten Entwurf \u00fcber die Zertifizierung bis hin zur Produktion erf\u00fcllen und zuverl\u00e4ssige Leistung gew\u00e4hrleisten, wenn es darauf ankommt. <\/p>\n\t\t<a href=\"https:\/\/www.oceaneering.com\/de\/spaceflight-solutions\/thermal-protection-systems\/\">Mehr lesen<\/a>\n\t\t\t<a href='https:\/\/www.oceaneering.com\/de\/spaceflight-solutions\/flight-certified-hardware-and-softgoods\/' title='Flugzugelassene Hardware und Softgoods'><img width=\"1024\" height=\"576\" src=\"https:\/\/www.oceaneering.com\/wp-content\/uploads\/2025\/09\/shutterstock_2198932591-1024x576.jpg\" alt=\"Satellite flying by Planet Earth as seen from space\" itemprop=\"image\" decoding=\"async\" loading=\"lazy\" srcset=\"https:\/\/www.oceaneering.com\/wp-content\/uploads\/2025\/09\/shutterstock_2198932591-1024x576.jpg 1024w, https:\/\/www.oceaneering.com\/wp-content\/uploads\/2025\/09\/shutterstock_2198932591-300x169.jpg 300w, https:\/\/www.oceaneering.com\/wp-content\/uploads\/2025\/09\/shutterstock_2198932591-768x432.jpg 768w, https:\/\/www.oceaneering.com\/wp-content\/uploads\/2025\/09\/shutterstock_2198932591-1536x864.jpg 1536w, https:\/\/www.oceaneering.com\/wp-content\/uploads\/2025\/09\/shutterstock_2198932591-2048x1152.jpg 2048w, https:\/\/www.oceaneering.com\/wp-content\/uploads\/2025\/09\/shutterstock_2198932591-18x10.jpg 18w, https:\/\/www.oceaneering.com\/wp-content\/uploads\/2025\/09\/shutterstock_2198932591-1280x720.jpg 1280w, https:\/\/www.oceaneering.com\/wp-content\/uploads\/2025\/09\/shutterstock_2198932591-960x540.jpg 960w, https:\/\/www.oceaneering.com\/wp-content\/uploads\/2025\/09\/shutterstock_2198932591-640x360.jpg 640w, https:\/\/www.oceaneering.com\/wp-content\/uploads\/2025\/09\/shutterstock_2198932591-320x180.jpg 320w\" sizes=\"auto, (max-width: 1024px) 100vw, 1024px\" title=\"AtemberaubenderBlickaufdenSatelliten,dervomPlanetenErdevorbeifliegt | Oceaneering\" \/><\/a>\n\t<h3><a href='https:\/\/www.oceaneering.com\/de\/spaceflight-solutions\/flight-certified-hardware-and-softgoods\/' title='Flugzugelassene Hardware und Softgoods'>Flugzugelassene Hardware und Softgoods<\/a><\/h3>\n    \t<p>Wir helfen Ihnen, im Weltraum mit gr\u00f6\u00dferer Pr\u00e4zision und Effizienz zu arbeiten. Unsere flugzertifizierte Hardware und Software erweitert Ihre M\u00f6glichkeiten von Manipulatoren und externen Nutzlastanschl\u00fcssen bis hin zu Steuerungsarchitekturen und unterst\u00fctzt den Missionserfolg bei bemannten, unbemannten und ISAM-Operationen (In-Space Servicing and Manufacturing). <\/p>\n\t\t<a href=\"https:\/\/www.oceaneering.com\/de\/spaceflight-solutions\/flight-certified-hardware-and-softgoods\/\">Mehr lesen<\/a>\n\t\t\t<a href='https:\/\/www.oceaneering.com\/de\/spaceflight-solutions\/space-mission-design-and-astronaut-training\/' title='Entwurf von Weltraummissionen und Astronautentraining'><img width=\"1024\" height=\"768\" src=\"https:\/\/www.oceaneering.com\/wp-content\/uploads\/2025\/10\/540830main_mod_nbl1_35-Copy-1-1024x768.jpg\" alt=\"\" itemprop=\"image\" decoding=\"async\" loading=\"lazy\" srcset=\"https:\/\/www.oceaneering.com\/wp-content\/uploads\/2025\/10\/540830main_mod_nbl1_35-Copy-1-1024x768.jpg 1024w, https:\/\/www.oceaneering.com\/wp-content\/uploads\/2025\/10\/540830main_mod_nbl1_35-Copy-1-300x225.jpg 300w, https:\/\/www.oceaneering.com\/wp-content\/uploads\/2025\/10\/540830main_mod_nbl1_35-Copy-1-768x576.jpg 768w, https:\/\/www.oceaneering.com\/wp-content\/uploads\/2025\/10\/540830main_mod_nbl1_35-Copy-1-1536x1152.jpg 1536w, https:\/\/www.oceaneering.com\/wp-content\/uploads\/2025\/10\/540830main_mod_nbl1_35-Copy-1-2048x1536.jpg 2048w, https:\/\/www.oceaneering.com\/wp-content\/uploads\/2025\/10\/540830main_mod_nbl1_35-Copy-1-16x12.jpg 16w\" sizes=\"auto, (max-width: 1024px) 100vw, 1024px\" title=\"540830mainmodnbl135 Kopie 1 | Oceaneering\" \/><\/a>\n\t<h3><a href='https:\/\/www.oceaneering.com\/de\/spaceflight-solutions\/space-mission-design-and-astronaut-training\/' title='Entwurf von Weltraummissionen und Astronautentraining'>Entwurf von Weltraummissionen und Astronautentraining<\/a><\/h3>\n    \t<p>Ihr Missionserfolg in terrestrischen, orbitalen und planetaren Umgebungen beginnt mit L\u00f6sungen, die auf Ihre Bed\u00fcrfnisse zugeschnitten sind. Mit unserem Fachwissen in den Bereichen Systemtechnik, Design und Analyse, Pr\u00e4zisionsfertigung und Astronautentraining k\u00f6nnen wir alle F\u00e4higkeiten auf Ihre spezifischen betrieblichen und technischen Ziele abstimmen. <\/p>\n\t\t<a href=\"https:\/\/www.oceaneering.com\/de\/spaceflight-solutions\/space-mission-design-and-astronaut-training\/\">Mehr lesen<\/a>\n\t\t\t<a href='https:\/\/www.oceaneering.com\/de\/spaceflight-solutions\/life-support-and-eva-systems\/' title='Lebenserhaltungssysteme und Systeme f\u00fcr au\u00dferexpeditorische Aktivit\u00e4ten (EVA)'><img width=\"1024\" height=\"376\" src=\"https:\/\/www.oceaneering.com\/wp-content\/uploads\/2025\/08\/Oceaneering_EVA_Spacesuit_A5-1024x376.jpg\" alt=\"Astronaut extravehicular activity EVA spacesuit in space\" itemprop=\"image\" decoding=\"async\" loading=\"lazy\" srcset=\"https:\/\/www.oceaneering.com\/wp-content\/uploads\/2025\/08\/Oceaneering_EVA_Spacesuit_A5-1024x376.jpg 1024w, https:\/\/www.oceaneering.com\/wp-content\/uploads\/2025\/08\/Oceaneering_EVA_Spacesuit_A5-300x110.jpg 300w, https:\/\/www.oceaneering.com\/wp-content\/uploads\/2025\/08\/Oceaneering_EVA_Spacesuit_A5-768x282.jpg 768w, https:\/\/www.oceaneering.com\/wp-content\/uploads\/2025\/08\/Oceaneering_EVA_Spacesuit_A5-1536x564.jpg 1536w, https:\/\/www.oceaneering.com\/wp-content\/uploads\/2025\/08\/Oceaneering_EVA_Spacesuit_A5-18x7.jpg 18w, https:\/\/www.oceaneering.com\/wp-content\/uploads\/2025\/08\/Oceaneering_EVA_Spacesuit_A5.jpg 1920w\" sizes=\"auto, (max-width: 1024px) 100vw, 1024px\" title=\"OceaneeringEVASpacesuitA5 | Oceaneering\" \/><\/a>\n\t<h3><a href='https:\/\/www.oceaneering.com\/de\/spaceflight-solutions\/life-support-and-eva-systems\/' title='Lebenserhaltungssysteme und Systeme f\u00fcr au\u00dferexpeditorische Aktivit\u00e4ten (EVA)'>Lebenserhaltungssysteme und Systeme f\u00fcr au\u00dferexpeditorische Aktivit\u00e4ten (EVA)<\/a><\/h3>\n    \t<p>Wir liefern Lebenserhaltungs- und EVA-Technologien, bei denen die Sicherheit der Astronauten und der Erfolg der Missionen an erster Stelle stehen. Von der Entwicklung und Erprobung bis hin zur Zertifizierung und Wartung sind unsere L\u00f6sungen f\u00fcr die h\u00e4rtesten Weltraumumgebungen ausgelegt und helfen Ihnen, in jeder Phase der bemannten Raumfahrt mit Zuversicht zu arbeiten. <\/p>\n\t\t<a href=\"https:\/\/www.oceaneering.com\/de\/spaceflight-solutions\/life-support-and-eva-systems\/\">Mehr lesen<\/a>\n\t\t<!-- .pp-content-posts -->\n<h2>\n\t\t40+ Years of Proven Spaceflight Solutions for NASA &#038; DoW\n\t<\/h2>\n\t<p>For more than four decades, we&#8217;ve partnered with <a href=\"https:\/\/www.nasa.gov\/\" target=\"_blank\" rel=\"noopener\">NASA<\/a>, <a href=\"https:\/\/www.war.gov\/\" target=\"_blank\" rel=\"noopener\">das Kriegsministerium der Vereinigten Staaten (DoW)<\/a>, and leading commercial launch providers to provide innovative spaceflight solutions and advance space exploration. Our legacy includes iconic missions &#8211; from <a href=\"https:\/\/www.nasa.gov\/space-shuttle\/\" target=\"_blank\" rel=\"noopener\">das Space Shuttle<\/a> und <a href=\"https:\/\/www.nasa.gov\/international-space-station\/\" target=\"_blank\" rel=\"noopener\">ISS<\/a> zum <a href=\"https:\/\/www.nasa.gov\/humans-in-space\/space-launch-system\/\" target=\"_blank\" rel=\"noopener\">Weltraum-Startsystem (SLS)<\/a>und die <a href=\"https:\/\/www.nasa.gov\/humans-in-space\/orion-spacecraft\/\" target=\"_blank\" rel=\"noopener\">Orion-Programm Artemis I-Mission<\/a>.<\/p>\n\t\t\t\t\t\t\t\t\t<h3>Echte, wirksame L\u00f6sungen.<\/h3>\n\t\t\t\t\t\t\t\t\t<p>Entdecken Sie, wie unsere kreativen Innovationen Herausforderungen in Chancen verwandeln und greifbare Ergebnisse liefern, auf die Sie sich verlassen k\u00f6nnen.<\/p>\n\t\t\t\t\t\t<a href=\"https:\/\/www.oceaneering.com\/de\/resources\/?_content_types=case-study\" target=\"_self\">\n\t\t\t\t\t\t\t\tAlle Fallstudien anzeigen\t\t\t\t\t\t\t\n\t\t\t\t\t\t\t\t\t\t\t\t\t<\/a>\n\t\t\t\t\t\t<button>\n\t\t\t\t\t\t\tVorherige\n\t\t\t\t\t\t<\/button>\n\t\t\t\t\t\t<button>\n\t\t\t\t\t\t\tWeiter\n\t\t\t\t\t\t<\/button>\n\t\t\t\t\t\t\t<a href=\"https:\/\/www.oceaneering.com\/de\/case-studies\/ensuring-the-safety-of-astronauts-with-the-crew-module-uprighting-system-cmus\/\">\n\t\t\t\t\t\t\t\t\t\t<img decoding=\"async\" src=\"https:\/\/www.oceaneering.com\/wp-content\/uploads\/2025\/08\/52557646109_f6b77b230a_5k-copy-scaled.webp\" alt=\"Oceaneering's Crew Module Uprighting System (CMUS) bags deployed on NASA's Orion spacecraft for the Artemis I mission kept the capsule upright and stable for splash-down recovery on December 11, 2022.\"\/>\n\t\t\t\t\t\t\t\t\t\t<h3>Gew\u00e4hrleistung der Sicherheit von Astronauten mit dem Crew Module Uprighting System (CMUS)<\/h3>\n\t\t\t\t\t\t\t\t\t\t<h3>Gew\u00e4hrleistung der Sicherheit von Astronauten mit dem Crew Module Uprighting System (CMUS)<\/h3>\n\t\t\t\t\t\t\t\t\t\t\t\t\t\t\t\t\t\t\t\t\t<p>Die bemannte Raumfahrt ist aufgrund der hohen Geschwindigkeiten und der extremen Umgebungsbedingungen w\u00e4hrend des Starts, der Umlaufbahn, des Flugs und der...<\/p>\n\t\t\t\t\t\t\t\t\t\t\tMehr erfahren\n\t\t\t\t\t\t\t<\/a>\n\n\t\tKontakt\n\t\n<h2>\n\t\tUnser Expertenteam ist bereit, Ihnen den Einstieg zu erleichtern.\n\t<\/h2>\n\t<p>Oceaneering bietet erstklassige Produkte und L\u00f6sungen, die sich durch unvergleichliche Qualit\u00e4t, Zuverl\u00e4ssigkeit und globalen Support auszeichnen. F\u00fcllen Sie das Anfrageformular aus, um noch heute ein Gespr\u00e4ch zu beginnen.<\/p>","protected":false},"excerpt":{"rendered":"<p>Discuss a Project SPACE SYSTEMS Spaceflight Solutions from Launch to Reentry Serving the space community with spaceflight solutions for over four decades from launch, on-orbit to reentry. Watch Video End-to-End Spaceflight Systems Engineering from Concept to Orbit Rooted in a legacy of space systems engineering excellence, we deliver comprehensive spaceflight solutions that span the full &#8230; <a title=\"Raumfahrtl\u00f6sungen vom Start bis zum Wiedereintritt\" class=\"read-more\" href=\"https:\/\/www.oceaneering.com\/de\/spaceflight-solutions\/\" aria-label=\"Mehr Informationen \u00fcber Spaceflight Solutions from Launch to Reentry\">Weiterlesen ...<\/a><\/p>","protected":false},"author":25,"featured_media":0,"parent":0,"menu_order":2,"comment_status":"closed","ping_status":"closed","template":"","meta":{"_acf_changed":false,"footnotes":"","_links_to":"","_links_to_target":""},"product_category":[],"search_tags":[1787],"class_list":["post-77884","page","type-page","status-publish","search_tags-space-systems"],"acf":[],"aioseo_notices":[],"_links":{"self":[{"href":"https:\/\/www.oceaneering.com\/de\/wp-json\/wp\/v2\/pages\/77884","targetHints":{"allow":["GET"]}}],"collection":[{"href":"https:\/\/www.oceaneering.com\/de\/wp-json\/wp\/v2\/pages"}],"about":[{"href":"https:\/\/www.oceaneering.com\/de\/wp-json\/wp\/v2\/types\/page"}],"author":[{"embeddable":true,"href":"https:\/\/www.oceaneering.com\/de\/wp-json\/wp\/v2\/users\/25"}],"replies":[{"embeddable":true,"href":"https:\/\/www.oceaneering.com\/de\/wp-json\/wp\/v2\/comments?post=77884"}],"version-history":[{"count":62,"href":"https:\/\/www.oceaneering.com\/de\/wp-json\/wp\/v2\/pages\/77884\/revisions"}],"predecessor-version":[{"id":79939,"href":"https:\/\/www.oceaneering.com\/de\/wp-json\/wp\/v2\/pages\/77884\/revisions\/79939"}],"wp:attachment":[{"href":"https:\/\/www.oceaneering.com\/de\/wp-json\/wp\/v2\/media?parent=77884"}],"wp:term":[{"taxonomy":"product_category","embeddable":true,"href":"https:\/\/www.oceaneering.com\/de\/wp-json\/wp\/v2\/product_category?post=77884"},{"taxonomy":"search_tags","embeddable":true,"href":"https:\/\/www.oceaneering.com\/de\/wp-json\/wp\/v2\/search_tags?post=77884"}],"curies":[{"name":"wp","href":"https:\/\/api.w.org\/{rel}","templated":true}]}}