{"id":77871,"date":"2025-10-06T04:09:50","date_gmt":"2025-10-06T09:09:50","guid":{"rendered":"https:\/\/www.oceaneering.com\/?page_id=77871"},"modified":"2025-11-04T00:28:12","modified_gmt":"2025-11-04T06:28:12","slug":"flight-certified-hardware-and-softgoods","status":"publish","type":"page","link":"https:\/\/www.oceaneering.com\/de\/spaceflight-solutions\/flight-certified-hardware-and-softgoods\/","title":{"rendered":"Flugzugelassene Hardware und Softgoods"},"content":{"rendered":"<p><a href=\"https:\/\/www.oceaneering.com\/de\/space-systems\/#contact\" target=\"_self\"> Ein Projekt besprechen <\/a> Raumfahrtsysteme<\/p>\r\n<h1>Flugzugelassene Hardware und Softgoods<\/h1>\r\n<p>Pr\u00e4zisionsgefertigte, flugtaugliche Hardware und Softgoods f\u00fcr bemannte und unbemannte Missionen, externe Nutzlasten und Wartung, Montage und Fertigung im Weltraum (ISAM).<\/p>\r\n<h2>Bew\u00e4hrt unter Druck, zuverl\u00e4ssig im Weltraum<\/h2>\r\n<p>When your mission demands precision in the harshest environments, whether deep underwater or in the vacuum of space, you need technology that will not\u00a0fail. Our space solutions are built on decades of subsea engineering expertise, adapted to meet the extreme challenges of space. You benefit from field-proven, modular systems designed for durability, adaptability, and mission readiness. Whether you&#8217;re operating below the surface or beyond Earth&#8217;s atmosphere, our robotic interface systems and end effectors help you achieve your goals with confidence.<\/p>\r\n<h2>Verbindung von Nutzlasten, Werkzeugen und M\u00f6glichkeiten mit flugtauglicher Hardware und Softgoods<\/h2>\r\n<p><img loading=\"lazy\" decoding=\"async\" title=\"52557646109_f6b77b230a_5k\" src=\"https:\/\/www.oceaneering.com\/wp-content\/uploads\/2025\/08\/52557646109_f6b77b230a_5k.jpg\" alt=\"Oceaneering's Crew Module Uprighting System (CMUS) bags deployed on NASA's Orion spacecraft for the Artemis I mission kept the capsule upright and stable for splash-down recovery on December 11, 2022.\" width=\"1920\" height=\"1280\" \/><\/p>\r\n<h3>Aufrichtungssystem f\u00fcr das Besatzungsmodul (CMUS)<\/h3>\r\n<p>Entwickelt f\u00fcr <a href=\"https:\/\/www.nasa.gov\/humans-in-space\/orion-spacecraft\/\" target=\"_blank\" rel=\"noopener\">NASA&#8217;s Orion program<\/a> Das CMUS, das bei der Artemis I-Mission erfolgreich eingesetzt wurde, spielt eine entscheidende Rolle bei der Bergung nach dem Aufprall. Beim Aufprall auf das Wasser blasen sich f\u00fcnf unabh\u00e4ngig voneinander arbeitende Schwimms\u00e4cke unter Verwendung von Helium auf, um die Besatzungskapsel schnell aufzurichten und sicherzustellen, dass sie aufrecht und stabil bleibt. Dieses System ist f\u00fcr einen sicheren und effizienten Ausstieg der Astronauten nach einer Ozeanlandung unerl\u00e4sslich.<\/p>\r\n<p><img loading=\"lazy\" decoding=\"async\" title=\"iss062e113107\" src=\"https:\/\/www.oceaneering.com\/wp-content\/uploads\/2025\/08\/iss062e113107.jpg\" alt=\"The European Space Agency (ESA) Bartolomeo external commercial facility on the International Space Station (ISS) with Oceaneering GOLD-2 devices attached.\" width=\"1920\" height=\"1280\" \/><\/p>\r\n<h3>Allzweck-Oceaneering-Verriegelungsvorrichtung (GOLD-2)<\/h3>\r\n<p>Flugerprobt und im Einsatz bei <a href=\"https:\/\/www.nasa.gov\/directorates\/somd\/space-communications-navigation-program\/technology-readiness-levels\/\" target=\"_blank\" rel=\"noopener\">Technologische Bereitschaftsstufe (TRL) 9<\/a>, GOLD-2 is the standard interface for external payloads on the <a href=\"https:\/\/www.nasa.gov\/international-space-station\/\" target=\"_blank\" rel=\"noopener\">Internationale Raumstation (ISS)<\/a>, including NanoRacks Airlock Bartolomeo. With over 20 units in orbit, this scalable latching system delivers reliable mechanical, electrical, and data connectivity and is ready for deployment in Low Earth Orbit (LEO), Geostationary Earth Orbit (GEO), and Cislunar missions.<\/p>\r\n<p><a href=\"https:\/\/oceaneering.canto.com\/download\/document\/6actd5evqt6kpecianobbhkp2a\/original.pdf\" target=\"_blank\" rel=\"noopener\"> GOLD-2 Stecker Brosch\u00fcre <\/a> <img loading=\"lazy\" decoding=\"async\" title=\"210223-N-UI176-1091-copy\" src=\"https:\/\/www.oceaneering.com\/wp-content\/uploads\/2025\/08\/210223-N-UI176-1091-copy.jpg\" alt=\"Close-up of the Tool Changer and Common Receptacle Subassembly developed by Oceaneering for DARPA's RSGS program.\" width=\"1920\" height=\"1277\" \/><\/p>\r\n<h3>Unterbaugruppe Werkzeugwechsler und gemeinsame Steckdose<\/h3>\r\n<p>Urspr\u00fcnglich entwickelt f\u00fcr das <a href=\"https:\/\/www.darpa.mil\/\" target=\"_blank\" rel=\"noopener\">Defense Advanced Research Projects Agency&#8217;s (DARPA)<\/a> <a href=\"https:\/\/etd.gsfc.nasa.gov\/our-work\/rsgs\/\" target=\"_blank\" rel=\"noopener\">Robotische Wartung von geosynchronen Satelliten (RSGS)<\/a> Programm erm\u00f6glicht die Tool Changer and Common Receptacle Subassembly eine zuverl\u00e4ssige, wiederholbare Befestigung von Werkzeugen und Sensoren in der Umlaufbahn. Die f\u00fcr Robotersysteme konzipierte Baugruppe gew\u00e4hrleistet dauerhafte elektrische und mechanische Verbindungen und ist ideal f\u00fcr Wartung, Montage und Inspektion im geosynchronen Orbit und dar\u00fcber hinaus.<\/p>\r\n<p><img loading=\"lazy\" decoding=\"async\" title=\"Gold2_ISS_V2\" src=\"https:\/\/www.oceaneering.com\/wp-content\/uploads\/2025\/10\/Gold2_ISS_V2.png\" alt=\"GOLD-2 devices on the Bartolomeo on the International Space Station (ISS) with curvature of Earth in background.\" width=\"960\" height=\"640\" \/><\/p>\r\n<h2>Unterst\u00fctzung der ISAM-Operationen<\/h2>\r\n<p>Unsere flugerprobte Hardware unterst\u00fctzt die Zukunft der Wartung, Montage und Fertigung im Weltraum (ISAM), indem sie pr\u00e4zise, wiederholbare Operationen im Orbit erm\u00f6glicht. Unsere flugerprobten Systeme, darunter Werkzeugwechsler, Verriegelungsvorrichtungen und modulare Endeffektoren, sind auf Langlebigkeit und Anpassungsf\u00e4higkeit bei Wartungs-, Inspektions- und Montageaufgaben ausgelegt.<\/p>\r\n<h2>Bereitstellung mechanischer, elektrischer und datenbezogener Konnektivit\u00e4t<\/h2>\r\n<p>Ob bei der Wartung von Satelliten in der geosynchronen Umlaufbahn oder bei der autonomen Integration von Nutzlasten im zislunaren Raum - unsere Technologien sorgen f\u00fcr zuverl\u00e4ssige mechanische, elektrische und Datenverbindungen. Mit unseren Wurzeln in der Unterwasserrobotik und der Raumfahrt tragen wir dazu bei, ISAM-F\u00e4higkeiten voranzutreiben, die die Lebensdauer von Missionen verl\u00e4ngern, Risiken reduzieren und neue M\u00f6glichkeiten f\u00fcr orbitale Infrastrukturen erschlie\u00dfen.<\/p>\r\n<p><img loading=\"lazy\" decoding=\"async\" title=\"shutterstock_2291065933 kopieren\" src=\"https:\/\/www.oceaneering.com\/wp-content\/uploads\/2025\/10\/shutterstock_2291065933-copy.png\" alt=\"A space satellite above the Earth's surface.\" width=\"960\" height=\"640\" \/><\/p>\r\n<h3>Echte, wirksame L\u00f6sungen.<\/h3>\r\n<p>Entdecken Sie, wie unsere kreativen Innovationen Herausforderungen in Chancen verwandeln und greifbare Ergebnisse liefern, auf die Sie sich verlassen k\u00f6nnen.<\/p>\r\n<p><a href=\"https:\/\/www.oceaneering.com\/de\/resources\/?_content_types=case-study\" target=\"_self\"> Alle Fallstudien anzeigen <\/a> <button> Vorherige <\/button> <button> Weiter <\/button> <a href=\"https:\/\/www.oceaneering.com\/de\/case-studies\/ensuring-the-safety-of-astronauts-with-the-crew-module-uprighting-system-cmus\/\"> <img decoding=\"async\" src=\"https:\/\/www.oceaneering.com\/wp-content\/uploads\/2025\/08\/52557646109_f6b77b230a_5k-copy-scaled.webp\" alt=\"Oceaneering's Crew Module Uprighting System (CMUS) bags deployed on NASA's Orion spacecraft for the Artemis I mission kept the capsule upright and stable for splash-down recovery on December 11, 2022.\" \/><\/a><\/p>\r\n<h3>Gew\u00e4hrleistung der Sicherheit von Astronauten mit dem Crew Module Uprighting System (CMUS)<\/h3>\r\n<h3>Gew\u00e4hrleistung der Sicherheit von Astronauten mit dem Crew Module Uprighting System (CMUS)<\/h3>\r\n<p>Die bemannte Raumfahrt ist aufgrund der hohen Geschwindigkeiten und der extremen Umgebungsbedingungen w\u00e4hrend des Starts, der Umlaufbahn, des Flugs und der...<\/p>\r\n<p><a href=\"https:\/\/www.oceaneering.com\/de\/case-studies\/ensuring-the-safety-of-astronauts-with-the-crew-module-uprighting-system-cmus\/\">Mehr erfahren <\/a><\/p>\r\n<h1>Kontakt<\/h1>\r\n<h2>Unser Expertenteam ist bereit, Ihnen den Einstieg zu erleichtern.<\/h2>\r\n<p>Oceaneering bietet erstklassige Produkte und L\u00f6sungen, die sich durch unvergleichliche Qualit\u00e4t, Zuverl\u00e4ssigkeit und globalen Support auszeichnen. F\u00fcllen Sie das Anfrageformular aus, um noch heute ein Gespr\u00e4ch zu beginnen.<\/p>","protected":false},"excerpt":{"rendered":"<p>Wir helfen Ihnen, im Weltraum mit gr\u00f6\u00dferer Pr\u00e4zision und Effizienz zu arbeiten. Unsere flugzertifizierte Hardware und Software erweitert Ihre M\u00f6glichkeiten von Manipulatoren und externen Nutzlastanschl\u00fcssen bis hin zu Steuerungsarchitekturen und unterst\u00fctzt den Missionserfolg bei bemannten, unbemannten und ISAM-Operationen (In-Space Servicing and Manufacturing). <\/p>","protected":false},"author":25,"featured_media":78831,"parent":77884,"menu_order":0,"comment_status":"closed","ping_status":"closed","template":"","meta":{"_acf_changed":false,"footnotes":"","_links_to":"","_links_to_target":""},"product_category":[1475],"search_tags":[],"class_list":["post-77871","page","type-page","status-publish","has-post-thumbnail","product_category-space-systems"],"acf":[],"aioseo_notices":[],"_links":{"self":[{"href":"https:\/\/www.oceaneering.com\/de\/wp-json\/wp\/v2\/pages\/77871","targetHints":{"allow":["GET"]}}],"collection":[{"href":"https:\/\/www.oceaneering.com\/de\/wp-json\/wp\/v2\/pages"}],"about":[{"href":"https:\/\/www.oceaneering.com\/de\/wp-json\/wp\/v2\/types\/page"}],"author":[{"embeddable":true,"href":"https:\/\/www.oceaneering.com\/de\/wp-json\/wp\/v2\/users\/25"}],"replies":[{"embeddable":true,"href":"https:\/\/www.oceaneering.com\/de\/wp-json\/wp\/v2\/comments?post=77871"}],"version-history":[{"count":65,"href":"https:\/\/www.oceaneering.com\/de\/wp-json\/wp\/v2\/pages\/77871\/revisions"}],"predecessor-version":[{"id":79589,"href":"https:\/\/www.oceaneering.com\/de\/wp-json\/wp\/v2\/pages\/77871\/revisions\/79589"}],"up":[{"embeddable":true,"href":"https:\/\/www.oceaneering.com\/de\/wp-json\/wp\/v2\/pages\/77884"}],"wp:featuredmedia":[{"embeddable":true,"href":"https:\/\/www.oceaneering.com\/de\/wp-json\/wp\/v2\/media\/78831"}],"wp:attachment":[{"href":"https:\/\/www.oceaneering.com\/de\/wp-json\/wp\/v2\/media?parent=77871"}],"wp:term":[{"taxonomy":"product_category","embeddable":true,"href":"https:\/\/www.oceaneering.com\/de\/wp-json\/wp\/v2\/product_category?post=77871"},{"taxonomy":"search_tags","embeddable":true,"href":"https:\/\/www.oceaneering.com\/de\/wp-json\/wp\/v2\/search_tags?post=77871"}],"curies":[{"name":"wp","href":"https:\/\/api.w.org\/{rel}","templated":true}]}}