{"id":77822,"date":"2025-08-26T02:00:12","date_gmt":"2025-08-26T07:00:12","guid":{"rendered":"https:\/\/www.oceaneering.com\/?page_id=77822"},"modified":"2025-11-04T01:54:05","modified_gmt":"2025-11-04T07:54:05","slug":"life-support-and-eva-systems","status":"publish","type":"page","link":"https:\/\/www.oceaneering.com\/de\/spaceflight-solutions\/life-support-and-eva-systems\/","title":{"rendered":"Lebenserhaltungssysteme und Systeme f\u00fcr au\u00dferexpeditorische Aktivit\u00e4ten (EVA)"},"content":{"rendered":"<p><a href=\"https:\/\/www.oceaneering.com\/de\/space-systems\/#contact\" target=\"_self\"> Ein Projekt besprechen <\/a> Raumfahrtsysteme<\/p>\r\n<h1>Lebenserhaltungssysteme und Systeme f\u00fcr au\u00dferexpeditorische Aktivit\u00e4ten (EVA)<\/h1>\r\n<p>Moderne Lebenserhaltungs- und EVA-Systeme f\u00fcr die bemannte Raumfahrt, Weltraumspazierg\u00e4nge und Habitateins\u00e4tze.<\/p>\r\n<h2>Bew\u00e4hrtes Fachwissen und verl\u00e4ssliche Ergebnisse<\/h2>\r\n<p>Seit \u00fcber vier Jahrzehnten sind wir ein zuverl\u00e4ssiger Partner bei der Entwicklung, Lieferung und Wartung von Lebenserhaltungs- und EVA-Systemen, die den Betrieb der bemannten Raumfahrt innerhalb und au\u00dferhalb des Raumfahrzeugs unterst\u00fctzen. Unsere L\u00f6sungen umfassen die Zertifizierung, Pr\u00fcfung, Herstellung und Wartung einer breiten Palette von EVA-Werkzeugen und -Systemen, die f\u00fcr Sicherheit, Effizienz und Langlebigkeit ausgelegt sind.<\/p>\r\n<h2>Lebenserhaltungskapazit\u00e4ten<\/h2>\r\n<h3>Sauerstoffversorgung<\/h3>\r\n<ul>\r\n<li>Geregelter gasf\u00f6rmiger Sauerstoff oder Luft unter hohem Druck<\/li>\r\n<li>Verdampfte kryogene Luft\/Sauerstoff, druckgeregelt<\/li>\r\n<li>Sauerstofferzeugung durch Fl\u00fcssigwasserelektrolyse<\/li>\r\n<li>Sauerstofferzeugung durch Wasserdampfelektrolyse<\/li>\r\n<\/ul>\r\n<h3>Kohlendioxid-Entfernung<\/h3>\r\n<ul>\r\n<li>Lithiumhydroxid (Granulat oder Kunststoff)<\/li>\r\n<li>Elektrochemischer Kohlendioxidabscheider<\/li>\r\n<li>Festes Amin-Schwenkbett<\/li>\r\n<li>Molekularsieb-Schwenkbett<\/li>\r\n<li>Ausfrieren von kryogenem Kohlendioxid<\/li>\r\n<\/ul>\r\n<h3>Beseitigung von Spurenverunreinigungen<\/h3>\r\n<ul>\r\n<li>Aktivkohle (allgemeine Zwecke)<\/li>\r\n<li>S\u00e4ure-impr\u00e4gnierte Aktivkohle (f\u00fcr basische Gase)<\/li>\r\n<li>Basen-impr\u00e4gnierte Aktivkohle (f\u00fcr saure Gase)<\/li>\r\n<li>Potassium permanganate-impregnated alumina (oxidizing agent)<\/li>\r\n<\/ul>\r\n<h3>Kontrolle von Temperatur und Luftfeuchtigkeit<\/h3>\r\n<ul>\r\n<li>Kondensationsw\u00e4rmetauscher (Entfeuchtung)<\/li>\r\n<li>Nafion-Membran (Befeuchtung und Entfeuchtung)<\/li>\r\n<li>Gas-Fl\u00fcssigkeits-Kontaktor (Befeuchtung)<\/li>\r\n<li>Verdampfer<\/li>\r\n<li>Sublimator<\/li>\r\n<\/ul>\r\n<h3>Atmosph\u00e4rische Kontrolle<\/h3>\r\n<ul>\r\n<li>Druckminderer<\/li>\r\n<li>Stromregelventile<\/li>\r\n<\/ul>\r\n<h3>Wasserr\u00fcckgewinnung und Abfallwirtschaft<\/h3>\r\n<ul>\r\n<li>Integrierte Systeme f\u00fcr Wasserrecycling und Abfallbehandlung<\/li>\r\n<\/ul>\r\n<h2>Werkzeuge f\u00fcr die Aufgabe, Systeme f\u00fcr das \u00dcberleben<\/h2>\r\n<p><img loading=\"lazy\" decoding=\"async\" title=\"Crew-using-Waist-Tether-Kopie\" src=\"https:\/\/www.oceaneering.com\/wp-content\/uploads\/2025\/08\/Crew-using-Waist-Tether-copy.jpg\" alt=\"Astronaut using a waist tether to perform work outside of the International Space Station (ISS).\" width=\"1920\" height=\"1274\" \/><\/p>\r\n<h3>EVA Werkzeuge und Ausr\u00fcstung<\/h3>\r\n<p>Wir haben \u00fcber 5.000 EVA-Artikel entwickelt und geliefert, darunter mehr als 400 einzigartige Hardware-L\u00f6sungen f\u00fcr die <a href=\"https:\/\/www.nasa.gov\/space-shuttle\/\" target=\"_blank\" rel=\"noopener\">Space Shuttle<\/a> und die <a href=\"https:\/\/www.nasa.gov\/international-space-station\/\" target=\"_blank\" rel=\"noopener\">Internationale Raumstation (ISS)<\/a>. Unser Portfolio umfasst eine breite Palette von Hilfsmitteln wie Mini-Workstations, Sicherheitsseile, \u00dcbersetzungsgriffe, An- und Ausstiegshilfen, Tr\u00fcmmerstaubsauger und Anzugtr\u00e4gersysteme. Dar\u00fcber hinaus bieten wir technische Unterst\u00fctzung und Lagerhaltung f\u00fcr alle operativen EVA-Hilfsmittel und sind f\u00fchrend bei der Entwicklung und Bereitstellung von einsatzkritischen Hilfsmitteln f\u00fcr die Besatzung.<\/p>\r\n<p><img loading=\"lazy\" decoding=\"async\" title=\"EVA_STEM\" src=\"https:\/\/www.oceaneering.com\/wp-content\/uploads\/2025\/08\/EVA_STEM.jpg\" alt=\"Astronaut working outside of the International Space Station (ISS).\" width=\"1280\" height=\"651\" \/><\/p>\r\n<h3>Raumanzugsysteme<\/h3>\r\n<p>Unsere fortschrittlichen Technologien zur Lebenserhaltung und f\u00fcr Raumanz\u00fcge tragen dazu bei, dass Astronauten sicher und einsatzbereit sind. Seit 1989 haben wir Partnerschaften mit <a href=\"https:\/\/www.nasa.gov\/\" target=\"_blank\" rel=\"noopener\">NASA<\/a> Wir entwickeln Hochleistungssysteme zur Unterst\u00fctzung von Weltraumspazierg\u00e4ngen und unterst\u00fctzen aktiv zuk\u00fcnftige Forschungsmissionen zum Mond, Mars und dar\u00fcber hinaus. Zu unseren F\u00e4higkeiten geh\u00f6ren Anzugschnittstellen und Versorgungskabel, thermische Abdeckungen und Fl\u00fcssigkeitssysteme sowie Zusatzger\u00e4te f\u00fcr EVA-Anz\u00fcge der n\u00e4chsten Generation.<\/p>\r\n<p><img loading=\"lazy\" decoding=\"async\" title=\"jsc2015e077521\" src=\"https:\/\/www.oceaneering.com\/wp-content\/uploads\/2025\/08\/jsc2015e077521.jpg\" alt=\"Oceaneering engineers testing the astronaut life support equipment.\" width=\"1920\" height=\"1278\" \/><\/p>\r\n<h3>Technologien zur Lebenserhaltung<\/h3>\r\n<p>Von der Sauerstofferzeugung bis zur Wasserr\u00fcckgewinnung sind unsere lebenserhaltenden Technologien so konzipiert, dass sie Astronauten auch in den anspruchsvollsten Umgebungen sch\u00fctzen. Wir integrieren fortschrittliche Modellierungstechniken, digitale Zwillingstechnologie und Human-in-the-Loop-Tests (HITL) in jede Phase der Entwicklung, um reale Bedingungen zu simulieren, das Systemverhalten zu validieren und die Entw\u00fcrfe in Zusammenarbeit mit den Endnutzern zu verfeinern.<\/p>\r\n<h2>Besatzungshilfen f\u00fcr Luftschleusen und Lebensr\u00e4ume<\/h2>\r\n<p>Wir entwickeln Systeme f\u00fcr die Besatzung und Ausr\u00fcstungen, die die Betriebseffizienz und das Wohlbefinden der Besatzung in Weltraumhabitaten und -fahrzeugen verbessern.<\/p>\r\n<h3>Crew Hygiene L\u00f6sungen<\/h3>\r\n<p>We&#8217;re ready to support your hygiene needs from waste systems, cooling water containment, and general crew health considerations in space habitats.<\/p>\r\n<h3>EVA-Unterst\u00fctzung<\/h3>\r\n<p>Unsere Schnittstellen umfassen Luftschleusenausr\u00fcstungen, Fl\u00fcssigkeitspumpen, thermische Abdeckungen, Softgoods und Anzugteile, um den Betrieb vor und nach dem Weltraumspaziergang zu optimieren.<\/p>\r\n<h3>Wohnsysteme f\u00fcr die Besatzung<\/h3>\r\n<p>Wir bieten Staur\u00e4ume, Aufbewahrungsm\u00f6glichkeiten f\u00fcr Lebensmittel und Getr\u00e4nke, Trinkwassersysteme und integrierte Sitzgelegenheiten, um den Komfort und die Organisation in den R\u00e4umen der Besatzung zu verbessern.<\/p>\r\n<h1>Kontakt<\/h1>\r\n<h2>Unser Expertenteam ist bereit, Ihnen den Einstieg zu erleichtern.<\/h2>\r\n<p>Oceaneering bietet erstklassige Produkte und L\u00f6sungen, die sich durch unvergleichliche Qualit\u00e4t, Zuverl\u00e4ssigkeit und globalen Support auszeichnen. F\u00fcllen Sie das Anfrageformular aus, um noch heute ein Gespr\u00e4ch zu beginnen.<\/p>","protected":false},"excerpt":{"rendered":"<p>Wir liefern Lebenserhaltungs- und EVA-Technologien, bei denen die Sicherheit der Astronauten und der Erfolg der Missionen an erster Stelle stehen. Von der Entwicklung und Erprobung bis hin zur Zertifizierung und Wartung sind unsere L\u00f6sungen f\u00fcr die h\u00e4rtesten Weltraumumgebungen ausgelegt und helfen Ihnen, in jeder Phase der bemannten Raumfahrt mit Zuversicht zu arbeiten. <\/p>","protected":false},"author":25,"featured_media":77826,"parent":77884,"menu_order":0,"comment_status":"closed","ping_status":"closed","template":"","meta":{"_acf_changed":false,"footnotes":"","_links_to":"","_links_to_target":""},"product_category":[1475],"search_tags":[1787],"class_list":["post-77822","page","type-page","status-publish","has-post-thumbnail","product_category-space-systems","search_tags-space-systems"],"acf":[],"aioseo_notices":[],"_links":{"self":[{"href":"https:\/\/www.oceaneering.com\/de\/wp-json\/wp\/v2\/pages\/77822","targetHints":{"allow":["GET"]}}],"collection":[{"href":"https:\/\/www.oceaneering.com\/de\/wp-json\/wp\/v2\/pages"}],"about":[{"href":"https:\/\/www.oceaneering.com\/de\/wp-json\/wp\/v2\/types\/page"}],"author":[{"embeddable":true,"href":"https:\/\/www.oceaneering.com\/de\/wp-json\/wp\/v2\/users\/25"}],"replies":[{"embeddable":true,"href":"https:\/\/www.oceaneering.com\/de\/wp-json\/wp\/v2\/comments?post=77822"}],"version-history":[{"count":32,"href":"https:\/\/www.oceaneering.com\/de\/wp-json\/wp\/v2\/pages\/77822\/revisions"}],"predecessor-version":[{"id":79587,"href":"https:\/\/www.oceaneering.com\/de\/wp-json\/wp\/v2\/pages\/77822\/revisions\/79587"}],"up":[{"embeddable":true,"href":"https:\/\/www.oceaneering.com\/de\/wp-json\/wp\/v2\/pages\/77884"}],"wp:featuredmedia":[{"embeddable":true,"href":"https:\/\/www.oceaneering.com\/de\/wp-json\/wp\/v2\/media\/77826"}],"wp:attachment":[{"href":"https:\/\/www.oceaneering.com\/de\/wp-json\/wp\/v2\/media?parent=77822"}],"wp:term":[{"taxonomy":"product_category","embeddable":true,"href":"https:\/\/www.oceaneering.com\/de\/wp-json\/wp\/v2\/product_category?post=77822"},{"taxonomy":"search_tags","embeddable":true,"href":"https:\/\/www.oceaneering.com\/de\/wp-json\/wp\/v2\/search_tags?post=77822"}],"curies":[{"name":"wp","href":"https:\/\/api.w.org\/{rel}","templated":true}]}}