{"id":77734,"date":"2025-10-05T07:47:13","date_gmt":"2025-10-05T12:47:13","guid":{"rendered":"https:\/\/www.oceaneering.com\/?page_id=77734"},"modified":"2025-11-04T01:53:56","modified_gmt":"2025-11-04T07:53:56","slug":"space-mission-design-and-astronaut-training","status":"publish","type":"page","link":"https:\/\/www.oceaneering.com\/de\/spaceflight-solutions\/space-mission-design-and-astronaut-training\/","title":{"rendered":"Entwurf von Weltraummissionen und Astronautentraining"},"content":{"rendered":"<p><a href=\"https:\/\/www.oceaneering.com\/de\/space-systems\/#contact\" target=\"_self\"> Ein Projekt besprechen <\/a> Raumfahrtsysteme<\/p>\r\n<h1>Entwurf von Weltraummissionen und Astronautentraining<\/h1>\r\n<p>Bereitstellung von integrierter Systemtechnik, Fertigung und Astronautenunterst\u00fctzung zur Gew\u00e4hrleistung der Missionszuverl\u00e4ssigkeit in rauen Umgebungen.<\/p>\r\n<h2>Systemtechnik und Integration<\/h2>\r\n<p>Unsere erfahrenen Systemingenieure bieten End-to-End-Support f\u00fcr komplexe Systeme und sorgen in jeder Phase f\u00fcr Genauigkeit, Integration und den Erfolg der Mission. Durch den Einsatz bew\u00e4hrter Tools und disziplinierter Prozesse steigern wir die Leistung, verringern das Risiko und liefern L\u00f6sungen, die auch den anspruchsvollsten Anforderungen gerecht werden.<\/p>\r\n<h3>Systemanalyse und Architektur<\/h3>\r\n<h3>Anforderungen und Schnittstellenmanagement<\/h3>\r\n<h3>Verifizierung, Validierung und Testplanung<\/h3>\r\n<h3>Produktstruktur und Logistikanalyse<\/h3>\r\n<h2>Integrierte Produktentwicklung vom Konzept bis zur Markteinf\u00fchrung<\/h2>\r\n<p><img loading=\"lazy\" decoding=\"async\" title=\"20250617_135744 Analysis group_v2\" src=\"https:\/\/www.oceaneering.com\/wp-content\/uploads\/2025\/09\/20250617_135744-Analysis-group_v2-1.png\" alt=\"20250617_135744 Analysis group_v2\" width=\"960\" height=\"761\" \/><\/p>\r\n<h3>Luft- und Raumfahrtdesign und Strukturanalyse<\/h3>\r\n<p>Wir bieten fortschrittliche Konstruktions- und Analysedienstleistungen f\u00fcr die Luft- und Raumfahrt, einschlie\u00dflich pr\u00e4ziser CAD-Modellierung, struktureller und thermischer Validierung und umfassender Montagedokumentation. Unsere Strukturanalyse deckt Belastungen, Spannungen und Bruchmechanik ab, w\u00e4hrend unser thermisches Fachwissen Fahnen- und aerodynamische Erw\u00e4rmung, 1D-3D-Simulationen und Testkorrelation umfasst, um eine einsatzf\u00e4hige Leistung zu gew\u00e4hrleisten.<\/p>\r\n<p><img loading=\"lazy\" decoding=\"async\" title=\"M_Shop_3\" src=\"https:\/\/www.oceaneering.com\/wp-content\/uploads\/2025\/08\/M_Shop_3.jpg\" alt=\"Technician using CNC lathe machine in Oceaneering manufacturing facility.\" width=\"1920\" height=\"1080\" \/><\/p>\r\n<h3>Pr\u00e4zisionsfertigung<\/h3>\r\n<p>Located near NASA&#8217;s Johnson Space Center, our AS9100D and ISO 9001:2015-certified facility supports the fabrication and testing of flight and ground hardware. Our capabilities include high-tolerance machining and assembly, thermal cycling and vibration testing, cleanroom integration, and gloved-access testing. We also ensure <a href=\"https:\/\/www.oceaneering.com\/de\/spaceflight-solutions\/flight-certified-hardware-and-softgoods\/\">Hardware-Inspektion<\/a>, Dokumentation und Lieferung.<\/p>\r\n<p><img loading=\"lazy\" decoding=\"async\" title=\"OSS_Soft_goods_6\" src=\"https:\/\/www.oceaneering.com\/wp-content\/uploads\/2025\/08\/OSS_Soft_goods_6.jpg\" alt=\"Worker sewing thermal protection material at Oceaneering's soft good laboratory in Clear Lake, Texas.\" width=\"1920\" height=\"1080\" \/><\/p>\r\n<h3>Herstellung von Softgoods<\/h3>\r\n<p>Wir produzieren Klein- und Gro\u00dfserien <a id=\"menur1mg8\" title=\"https:\/\/www.oceaneering.com\/spaceflight-solutions\/flight-certified-hardware-and-softgoods\/\" href=\"https:\/\/www.oceaneering.com\/de\/spaceflight-solutions\/flight-certified-hardware-and-softgoods\/\" target=\"_blank\" rel=\"noreferrer noopener\" aria-label=\"Kobling flugzertifizierte Luft- und Raumfahrt-Softgoods\">Flug-zertifizierte Luft- und Raumfahrt-Softgoods<\/a> von der W\u00e4rmed\u00e4mmung bis zu Astronautenwerkzeugen. Unser erfahrenes Team fertigt jedes Produkt in Handarbeit nach genauen Spezifikationen unter Verwendung von f\u00fcr die Luft- und Raumfahrt geeigneten Materialien wie Spezialkeramik und Verbundtextilien. Wir stellen eine breite Palette von Produkten her, darunter <a id=\"menur1mga\" title=\"https:\/\/www.oceaneering.com\/spaceflight-solutions\/thermal-protection-systems\/\" href=\"https:\/\/www.oceaneering.com\/de\/spaceflight-solutions\/thermal-protection-systems\/\" target=\"_blank\" rel=\"noreferrer noopener\" aria-label=\"Kobling W\u00e4rmedecken\">Thermodecken<\/a>, Schutzsysteme, Hilfsmittel f\u00fcr die Besatzung und <a id=\"menur1mgc\" title=\"https:\/\/www.oceaneering.com\/spaceflight-solutions\/life-support-and-eva-systems\/\" href=\"https:\/\/www.oceaneering.com\/de\/spaceflight-solutions\/life-support-and-eva-systems\/\" target=\"_blank\" rel=\"noreferrer noopener\" aria-label=\"Kobling Extravehicular Activity (EVA)\">Au\u00dferirdische Aktivit\u00e4t (EVA)<\/a> Zubeh\u00f6r.<\/p>\r\n<p><img loading=\"lazy\" decoding=\"async\" title=\"CMAS_v3b\" src=\"https:\/\/www.oceaneering.com\/wp-content\/uploads\/2025\/08\/CMAS_v3b.jpg\" alt=\"CMAS_v3b\" width=\"1920\" height=\"1080\" \/><\/p>\r\n<h3>Modellierung und Simulation<\/h3>\r\n<p>Unsere Modellierungs- und Simulationsdienste stellen reale Einsatzbedingungen nach, um Risiken zu verringern, Verfahren zu verfeinern und das Systemverhalten vor dem Einsatz zu validieren. Die Anwendungen reichen von Konzeptvalidierung und Prototyping bis hin zur Entwicklung von Einsatzszenarien, virtuellen Tests und Fehlerbehebung, <a href=\"https:\/\/www.oceaneering.com\/de\/spaceflight-solutions\/life-support-and-eva-systems\/\">Entwicklung von EVA-Werkzeugen<\/a>, und Missionsproben.<\/p>\r\n<p><img loading=\"lazy\" decoding=\"async\" title=\"NBL_1463\" src=\"https:\/\/www.oceaneering.com\/wp-content\/uploads\/2025\/10\/NBL_1463.jpg\" alt=\"Diver supports astronaut training at NASA's Neutral Buoyancy Laboratory (NBL).\" width=\"2400\" height=\"1594\" \/><\/p>\r\n<h2>Astronautenausbildung<\/h2>\r\n<p>Wir unterst\u00fctzen <a href=\"https:\/\/www.nasa.gov\/johnson\/neutral-buoyancy-laboratory\/\" target=\"_blank\" rel=\"noopener\">NASA&#8217;s Neutral Buoyancy Laboratory (NBL)<\/a> durch die Bereitstellung von Taucherunterst\u00fctzung f\u00fcr das Astronautentraining. Unser Team hilft bei der Simulation von Mikrogravitationsbedingungen, damit die Astronauten \u00fcben k\u00f6nnen <a href=\"https:\/\/www.oceaneering.com\/de\/spaceflight-solutions\/life-support-and-eva-systems\/\">komplexe EVA-Verfahren<\/a> und die Handhabung der Ausr\u00fcstung zur Vorbereitung auf reale Eins\u00e4tze.<\/p>\r\n<h3>Echte, wirksame L\u00f6sungen.<\/h3>\r\n<p>Entdecken Sie, wie unsere kreativen Innovationen Herausforderungen in Chancen verwandeln und greifbare Ergebnisse liefern, auf die Sie sich verlassen k\u00f6nnen.<\/p>\r\n<p><a href=\"https:\/\/www.oceaneering.com\/de\/resources\/?_content_types=case-study\" target=\"_self\"> Alle Fallstudien anzeigen <\/a> <button> Vorherige <\/button> <button> Weiter <\/button> <a href=\"https:\/\/www.oceaneering.com\/de\/case-studies\/ensuring-the-safety-of-astronauts-with-the-crew-module-uprighting-system-cmus\/\"> <img decoding=\"async\" src=\"https:\/\/www.oceaneering.com\/wp-content\/uploads\/2025\/08\/52557646109_f6b77b230a_5k-copy-scaled.webp\" alt=\"Oceaneering's Crew Module Uprighting System (CMUS) bags deployed on NASA's Orion spacecraft for the Artemis I mission kept the capsule upright and stable for splash-down recovery on December 11, 2022.\" \/><\/a><\/p>\r\n<h3>Gew\u00e4hrleistung der Sicherheit von Astronauten mit dem Crew Module Uprighting System (CMUS)<\/h3>\r\n<h3>Gew\u00e4hrleistung der Sicherheit von Astronauten mit dem Crew Module Uprighting System (CMUS)<\/h3>\r\n<p>Die bemannte Raumfahrt ist aufgrund der hohen Geschwindigkeiten und der extremen Umgebungsbedingungen w\u00e4hrend des Starts, der Umlaufbahn, des Flugs und der...<\/p>\r\n<p><a href=\"https:\/\/www.oceaneering.com\/de\/case-studies\/ensuring-the-safety-of-astronauts-with-the-crew-module-uprighting-system-cmus\/\">Mehr erfahren <\/a><\/p>\r\n<h1>Kontakt<\/h1>\r\n<h2>Unser Expertenteam ist bereit, Ihnen den Einstieg zu erleichtern.<\/h2>\r\n<p>Oceaneering bietet erstklassige Produkte und L\u00f6sungen, die sich durch unvergleichliche Qualit\u00e4t, Zuverl\u00e4ssigkeit und globalen Support auszeichnen. F\u00fcllen Sie das Anfrageformular aus, um noch heute ein Gespr\u00e4ch zu beginnen.<\/p>","protected":false},"excerpt":{"rendered":"<p>Ihr Missionserfolg in terrestrischen, orbitalen und planetaren Umgebungen beginnt mit L\u00f6sungen, die auf Ihre Bed\u00fcrfnisse zugeschnitten sind. Mit unserem Fachwissen in den Bereichen Systemtechnik, Design und Analyse, Pr\u00e4zisionsfertigung und Astronautentraining k\u00f6nnen wir alle F\u00e4higkeiten auf Ihre spezifischen betrieblichen und technischen Ziele abstimmen. <\/p>","protected":false},"author":25,"featured_media":79048,"parent":77884,"menu_order":0,"comment_status":"closed","ping_status":"closed","template":"","meta":{"_acf_changed":false,"footnotes":"","_links_to":"","_links_to_target":""},"product_category":[1475],"search_tags":[1787],"class_list":["post-77734","page","type-page","status-publish","has-post-thumbnail","product_category-space-systems","search_tags-space-systems"],"acf":[],"aioseo_notices":[],"_links":{"self":[{"href":"https:\/\/www.oceaneering.com\/de\/wp-json\/wp\/v2\/pages\/77734","targetHints":{"allow":["GET"]}}],"collection":[{"href":"https:\/\/www.oceaneering.com\/de\/wp-json\/wp\/v2\/pages"}],"about":[{"href":"https:\/\/www.oceaneering.com\/de\/wp-json\/wp\/v2\/types\/page"}],"author":[{"embeddable":true,"href":"https:\/\/www.oceaneering.com\/de\/wp-json\/wp\/v2\/users\/25"}],"replies":[{"embeddable":true,"href":"https:\/\/www.oceaneering.com\/de\/wp-json\/wp\/v2\/comments?post=77734"}],"version-history":[{"count":52,"href":"https:\/\/www.oceaneering.com\/de\/wp-json\/wp\/v2\/pages\/77734\/revisions"}],"predecessor-version":[{"id":79588,"href":"https:\/\/www.oceaneering.com\/de\/wp-json\/wp\/v2\/pages\/77734\/revisions\/79588"}],"up":[{"embeddable":true,"href":"https:\/\/www.oceaneering.com\/de\/wp-json\/wp\/v2\/pages\/77884"}],"wp:featuredmedia":[{"embeddable":true,"href":"https:\/\/www.oceaneering.com\/de\/wp-json\/wp\/v2\/media\/79048"}],"wp:attachment":[{"href":"https:\/\/www.oceaneering.com\/de\/wp-json\/wp\/v2\/media?parent=77734"}],"wp:term":[{"taxonomy":"product_category","embeddable":true,"href":"https:\/\/www.oceaneering.com\/de\/wp-json\/wp\/v2\/product_category?post=77734"},{"taxonomy":"search_tags","embeddable":true,"href":"https:\/\/www.oceaneering.com\/de\/wp-json\/wp\/v2\/search_tags?post=77734"}],"curies":[{"name":"wp","href":"https:\/\/api.w.org\/{rel}","templated":true}]}}