{"id":76840,"date":"2025-10-08T02:47:19","date_gmt":"2025-10-08T07:47:19","guid":{"rendered":"https:\/\/www.oceaneering.com\/?page_id=76840"},"modified":"2025-11-04T00:27:28","modified_gmt":"2025-11-04T06:27:28","slug":"thermal-protection-systems","status":"publish","type":"page","link":"https:\/\/www.oceaneering.com\/de\/spaceflight-solutions\/thermal-protection-systems\/","title":{"rendered":"Thermische Schutzsysteme (TPS)"},"content":{"rendered":"<p><a href=\"https:\/\/www.oceaneering.com\/de\/space-systems\/#contact\" target=\"_self\"> Ein Projekt besprechen <\/a> Raumfahrtsysteme<\/p>\r\n<h1>Thermische Schutzsysteme (TPS)<\/h1>\r\n<p>Bew\u00e4hrte W\u00e4rmeschutzsysteme f\u00fcr Raumfahrzeuge, Tr\u00e4gerraketen und extreme Einsatzbedingungen.<\/p>\r\n<h2>Kompetenz im W\u00e4rmeschutz von der Planung bis zur Lieferung<\/h2>\r\n<p>Wir entwerfen, zertifizieren, fertigen und integrieren W\u00e4rmeschutzprodukte, die genau den thermischen und strukturellen Anforderungen Ihrer Mission entsprechen und die Zuverl\u00e4ssigkeit vom Start bis zur Landung gew\u00e4hrleisten.<\/p>\r\n<p><img loading=\"lazy\" decoding=\"async\" title=\"Delta-II-launch-edited2\" src=\"https:\/\/www.oceaneering.com\/wp-content\/uploads\/2025\/08\/Delta-II-launch-edited2.jpg\" alt=\"Delta II rocket launch.\" width=\"1000\" height=\"1051\" \/><\/p>\r\n<h2>Bew\u00e4hrte Leistung \u00fcber Generationen von Fl\u00fcgen hinweg<\/h2>\r\n<p>Mit mehr als vier Jahrzehnten bew\u00e4hrter Leistung haben unsere TPS-Technologien ein breites Spektrum von Luft- und Raumfahrtplattformen unterst\u00fctzt, von Altsystemen wie dem <a href=\"https:\/\/www.nasa.gov\/space-shuttle\/\" target=\"_blank\" rel=\"noopener\">Space Shuttle<\/a>, X-33 und Titan IVB bis hin zu modernen Schwerlasttr\u00e4gern wie OmegA und <a href=\"https:\/\/www.nasa.gov\/humans-in-space\/space-launch-system\/\" target=\"_blank\" rel=\"noopener\">NASA&#8217;s Space Launch System (SLS)<\/a>. Unsere umfangreiche Flugerfahrung schl\u00e4gt sich in zuverl\u00e4ssigen, einsatzerprobten TPS-L\u00f6sungen nieder, die f\u00fcr die besonderen thermischen und strukturellen Anforderungen von Einweg- und Mehrwegsystemen entwickelt wurden. Durch die Integration von bestehendem Fachwissen mit firmeneigenen Materialtests, Qualifizierungsf\u00e4higkeiten und reaktionsschnellen Entwicklungsabl\u00e4ufen helfen wir Ihnen, die sich entwickelnden Anforderungen an den W\u00e4rmeschutz effizienter, mit geringerem Risiko und gr\u00f6\u00dferem Vertrauen in die Gesamtsystemleistung zu erf\u00fcllen.<\/p>\r\n<p><a href=\"https:\/\/oceaneering.canto.com\/download\/video\/dvasivjqa55nd3ic1uq1gids1a\/original\" target=\"_self\"> Video ansehen <\/a><\/p>\r\n<h2>Bew\u00e4hrte TPS-L\u00f6sungen vom Konzept bis zur Qualifizierung<\/h2>\r\n<p>Unser erfahrenes Ingenieurteam bietet innovative TPS-L\u00f6sungen in jeder Phase der Entwicklung. Von der Bewertung thermischer Umgebungen f\u00fcr den Start und die Bergung bis hin zum vorl\u00e4ufigen und endg\u00fcltigen Systemdesign stellen wir bei jedem Schritt Leistung und Zuverl\u00e4ssigkeit sicher. Zu unseren F\u00e4higkeiten geh\u00f6ren die Zertifizierung von Komponenten, Systemintegrationstests (SIT), Fertigung und Installation in Originalgr\u00f6\u00dfe. Au\u00dferdem f\u00fchren wir strenge Entwicklungs- und Qualifikationstests durch, die von thermischen Bewertungen auf der Basis von Coupons bis hin zu Kardan- und Produktionstests in Originalgr\u00f6\u00dfe reichen.<\/p>\r\n<p><img loading=\"lazy\" decoding=\"async\" title=\"Dscn0842\" src=\"https:\/\/www.oceaneering.com\/wp-content\/uploads\/2025\/08\/Dscn0842.jpg\" alt=\"Engineer assembling thermal protection ceramic tiles in manufacturing facility.\" width=\"1600\" height=\"1200\" \/><\/p>\r\n<h2>W\u00e4rmeschutz, der sich dem Einsatzprofil anpasst<\/h2>\r\n<p>We deliver high-performance thermal protection solutions engineered to meet the diverse demands of today&#8217;s aerospace systems. Our products are designed to perform reliably in extreme environments, ensuring mission success across a wide range of thermal and structural profiles. \u00a0<\/p>\r\n<ul>\r\n<li>Hochtemperaturgewebe und flexible thermische Vorh\u00e4nge<\/li>\r\n<li>W\u00e4rmedecken, L\u00fcckenf\u00fcller und W\u00e4rmesperren<\/li>\r\n<li>Kork- und Schaumstoffabsorber f\u00fcr Tr\u00e4gerraketen<\/li>\r\n<li>Flexible Isolierung f\u00fcr Bereiche mit Temperaturen \u00fcber 2500\u00b0F (1371\u00b0C)<\/li>\r\n<li>Materialien auf Keramikbasis f\u00fcr wiederverwendbare Start- und Wiedereintrittsfahrzeuge<\/li>\r\n<li>Acreage TPS mit nachgewiesener Wiederverwendbarkeit bei Temperaturen \u00fcber 2000\u00b0F (1093\u00b0C)<\/li>\r\n<\/ul>\r\n<h1>Kontakt<\/h1>\r\n<h2>Unser Expertenteam ist bereit, Ihnen den Einstieg zu erleichtern.<\/h2>\r\n<p>Oceaneering bietet erstklassige Produkte und L\u00f6sungen, die sich durch unvergleichliche Qualit\u00e4t, Zuverl\u00e4ssigkeit und globalen Support auszeichnen. F\u00fcllen Sie das Anfrageformular aus, um noch heute ein Gespr\u00e4ch zu beginnen.<\/p>","protected":false},"excerpt":{"rendered":"<p>Sch\u00fctzen Sie Ihre Raumfahrzeuge und Tr\u00e4gerraketen mit bew\u00e4hrten TPS-L\u00f6sungen vor extremer Hitze und Druck. Unsere W\u00e4rmeschutzsysteme, die sich bei NASA- und DoW-Programmen bew\u00e4hrt haben, sind so konzipiert, dass sie anspruchsvolle Missionsprofile vom ersten Entwurf \u00fcber die Zertifizierung bis hin zur Produktion erf\u00fcllen und zuverl\u00e4ssige Leistung gew\u00e4hrleisten, wenn es darauf ankommt. <\/p>","protected":false},"author":25,"featured_media":77731,"parent":77884,"menu_order":0,"comment_status":"closed","ping_status":"closed","template":"","meta":{"_acf_changed":false,"footnotes":"","_links_to":"","_links_to_target":""},"product_category":[],"search_tags":[],"class_list":["post-76840","page","type-page","status-publish","has-post-thumbnail"],"acf":[],"aioseo_notices":[],"_links":{"self":[{"href":"https:\/\/www.oceaneering.com\/de\/wp-json\/wp\/v2\/pages\/76840","targetHints":{"allow":["GET"]}}],"collection":[{"href":"https:\/\/www.oceaneering.com\/de\/wp-json\/wp\/v2\/pages"}],"about":[{"href":"https:\/\/www.oceaneering.com\/de\/wp-json\/wp\/v2\/types\/page"}],"author":[{"embeddable":true,"href":"https:\/\/www.oceaneering.com\/de\/wp-json\/wp\/v2\/users\/25"}],"replies":[{"embeddable":true,"href":"https:\/\/www.oceaneering.com\/de\/wp-json\/wp\/v2\/comments?post=76840"}],"version-history":[{"count":42,"href":"https:\/\/www.oceaneering.com\/de\/wp-json\/wp\/v2\/pages\/76840\/revisions"}],"predecessor-version":[{"id":79699,"href":"https:\/\/www.oceaneering.com\/de\/wp-json\/wp\/v2\/pages\/76840\/revisions\/79699"}],"up":[{"embeddable":true,"href":"https:\/\/www.oceaneering.com\/de\/wp-json\/wp\/v2\/pages\/77884"}],"wp:featuredmedia":[{"embeddable":true,"href":"https:\/\/www.oceaneering.com\/de\/wp-json\/wp\/v2\/media\/77731"}],"wp:attachment":[{"href":"https:\/\/www.oceaneering.com\/de\/wp-json\/wp\/v2\/media?parent=76840"}],"wp:term":[{"taxonomy":"product_category","embeddable":true,"href":"https:\/\/www.oceaneering.com\/de\/wp-json\/wp\/v2\/product_category?post=76840"},{"taxonomy":"search_tags","embeddable":true,"href":"https:\/\/www.oceaneering.com\/de\/wp-json\/wp\/v2\/search_tags?post=76840"}],"curies":[{"name":"wp","href":"https:\/\/api.w.org\/{rel}","templated":true}]}}