{"id":76120,"date":"2025-05-21T03:46:01","date_gmt":"2025-05-21T08:46:01","guid":{"rendered":"https:\/\/www.oceaneering.com\/?page_id=76120"},"modified":"2025-06-26T04:00:51","modified_gmt":"2025-06-26T09:00:51","slug":"cargo-transfer-at-sea","status":"publish","type":"page","link":"https:\/\/www.oceaneering.com\/de\/oceaneering-technologies\/cargo-transfer-at-sea\/","title":{"rendered":"Frachtumschlag auf See"},"content":{"rendered":"<p><a href=\"https:\/\/www.oceaneering.com\/de\/oceaneering-technologies\/#contact\" target=\"_self\"> Ein Projekt besprechen <\/a> Oceaneering Technologien (OTECH)<\/p>\r\n<h1>Frachtumschlag auf See<\/h1>\r\n<p>Erm\u00f6glichung einer sicheren, effizienten Logistik in dynamischen maritimen Umgebungen.<\/p>\r\n<h2>Unterst\u00fctzung von ONR und NAVSEA<\/h2>\r\n<p>Wir arbeiten mit der <a href=\"https:\/\/www.onr.navy.mil\/\" target=\"_blank\" rel=\"noopener\">Amt f\u00fcr Marineforschung (ONR)<\/a> und <a href=\"https:\/\/www.navsea.navy.mil\/\" target=\"_blank\" rel=\"noopener\">Kommando f\u00fcr Seesysteme der Marine (NAVSEA)<\/a> to develop next-generation technologies that enhance at-sea logistics for expeditionary warfare, humanitarian missions, and other critical maritime operations. Our at-sea cargo transfer systems are engineered for reliability, safety, and operational efficiency-even in elevated sea states.<\/p>\r\n<p><img loading=\"lazy\" decoding=\"async\" title=\"0350_LVI-LoLo_04112013-edited\" src=\"https:\/\/www.oceaneering.com\/wp-content\/uploads\/2025\/05\/0350_LVI-LoLo_04112013-edited.jpg\" alt=\"Motion-compensated robotic crane transfers cargo containers to ship at sea.\" width=\"1920\" height=\"1278\" \/><\/p>\r\n<h2>Schnittstelle f\u00fcr Gro\u00dfschiffe Lift On\/Lift Off<\/h2>\r\n<p>Wir haben einen bewegungskompensierten Roboterkran entwickelt, der den sicheren Transfer von Standard-Containerfracht zwischen Schiffen auf See bei Seegang 4 erm\u00f6glicht. Dieses fortschrittliche System erkennt die relative Bewegung eines benachbarten Schiffes und synchronisiert aktiv die Bewegung des Frachtcontainers, wodurch sowohl die Transferzeit als auch das Risiko f\u00fcr Besatzung und Ausr\u00fcstung reduziert werden.<\/p>\r\n<h2>Schnittstelle Rampentechnologien (IRT)<\/h2>\r\n<p>Unsere bewegungsgesteuerte \u00dcberf\u00fchrungsrampe verf\u00fcgt \u00fcber eine leichte Aluminiumstruktur und ein innovatives hydraulisches\/elektrisches Antriebssystem. Die IRT wurde f\u00fcr den Transfer gro\u00dfer Fahrzeuge auf See entwickelt und bietet Stabilit\u00e4t und Leistung unter dynamischen Bedingungen, um eine sichere Passage zwischen Schiffen bei Eins\u00e4tzen zu gew\u00e4hrleisten.<\/p>\r\n<p><img loading=\"lazy\" decoding=\"async\" title=\"IRT_10x66-edited\" src=\"https:\/\/www.oceaneering.com\/wp-content\/uploads\/2025\/05\/IRT_10x66-edited.jpg\" alt=\"Motion-controlled transfer ramp developed for at-sea, large vehicle transfer operations.\" width=\"1920\" height=\"1278\" \/> <img loading=\"lazy\" decoding=\"async\" title=\"160316_AMS-FAT_0902-update\" src=\"https:\/\/www.oceaneering.com\/wp-content\/uploads\/2025\/06\/160316_AMS-FAT_0902-update-scaled.jpg\" alt=\"Automated mooring system uses articulating vacuum pads on telescoping booms to attach to an approaching ship.\" width=\"3000\" height=\"1997\" \/><\/p>\r\n<h2>Fortschrittliches Verankerungssystem (AMS)<\/h2>\r\n<p>The AMS enables rapid, automated mooring between ships in up to sea state 4. Secured to the deck of the host vessel, the AMS uses articulating vacuum pads on telescoping booms to attach to an approaching ship-without lines or crew intervention. This lineless mooring system significantly improves safety while minimizing surge, sway, and yaw compared to traditional methods, making it ideal for U.S. Marine operations and humanitarian aid missions.<\/p>\r\n<h1>Kontakt<\/h1>\r\n<h2>Unser Expertenteam ist bereit, Ihnen den Einstieg zu erleichtern.<\/h2>\r\n<p>Oceaneering bietet erstklassige Produkte und L\u00f6sungen, die sich durch unvergleichliche Qualit\u00e4t, Zuverl\u00e4ssigkeit und globalen Support auszeichnen. F\u00fcllen Sie das Anfrageformular aus, um noch heute ein Gespr\u00e4ch zu beginnen.<\/p>","protected":false},"excerpt":{"rendered":"<p>Wir entwickeln Technologien der n\u00e4chsten Generation, die die Logistik auf See bei erh\u00f6htem Seegang f\u00fcr die Expeditionskriegsf\u00fchrung, humanit\u00e4re Eins\u00e4tze und andere wichtige maritime Operationen verbessern. <\/p>","protected":false},"author":25,"featured_media":75984,"parent":2402,"menu_order":0,"comment_status":"closed","ping_status":"closed","template":"","meta":{"_acf_changed":false,"footnotes":"","_links_to":"","_links_to_target":""},"product_category":[1461],"search_tags":[2153,1489],"class_list":["post-76120","page","type-page","status-publish","has-post-thumbnail","product_category-oceaneering-technologies-otech","search_tags-cargo-transfer","search_tags-otech"],"acf":[],"aioseo_notices":[],"_links":{"self":[{"href":"https:\/\/www.oceaneering.com\/de\/wp-json\/wp\/v2\/pages\/76120","targetHints":{"allow":["GET"]}}],"collection":[{"href":"https:\/\/www.oceaneering.com\/de\/wp-json\/wp\/v2\/pages"}],"about":[{"href":"https:\/\/www.oceaneering.com\/de\/wp-json\/wp\/v2\/types\/page"}],"author":[{"embeddable":true,"href":"https:\/\/www.oceaneering.com\/de\/wp-json\/wp\/v2\/users\/25"}],"replies":[{"embeddable":true,"href":"https:\/\/www.oceaneering.com\/de\/wp-json\/wp\/v2\/comments?post=76120"}],"version-history":[{"count":0,"href":"https:\/\/www.oceaneering.com\/de\/wp-json\/wp\/v2\/pages\/76120\/revisions"}],"up":[{"embeddable":true,"href":"https:\/\/www.oceaneering.com\/de\/wp-json\/wp\/v2\/pages\/2402"}],"wp:featuredmedia":[{"embeddable":true,"href":"https:\/\/www.oceaneering.com\/de\/wp-json\/wp\/v2\/media\/75984"}],"wp:attachment":[{"href":"https:\/\/www.oceaneering.com\/de\/wp-json\/wp\/v2\/media?parent=76120"}],"wp:term":[{"taxonomy":"product_category","embeddable":true,"href":"https:\/\/www.oceaneering.com\/de\/wp-json\/wp\/v2\/product_category?post=76120"},{"taxonomy":"search_tags","embeddable":true,"href":"https:\/\/www.oceaneering.com\/de\/wp-json\/wp\/v2\/search_tags?post=76120"}],"curies":[{"name":"wp","href":"https:\/\/api.w.org\/{rel}","templated":true}]}}