{"id":76074,"date":"2025-06-24T08:48:36","date_gmt":"2025-06-24T13:48:36","guid":{"rendered":"https:\/\/www.oceaneering.com\/?page_id=76074"},"modified":"2025-10-03T06:43:14","modified_gmt":"2025-10-03T11:43:14","slug":"unmanned-undersea-systems","status":"publish","type":"page","link":"https:\/\/www.oceaneering.com\/de\/oceaneering-technologies\/unmanned-undersea-systems\/","title":{"rendered":"Unbemannte Unterwassersysteme"},"content":{"rendered":"<p><a href=\"https:\/\/www.oceaneering.com\/de\/oceaneering-technologies\/#contact\" target=\"_self\"> Ein Projekt besprechen <\/a> Oceaneering Technologien (OTECH)<\/p>\r\n<h1>Unbemannte Unterwassersysteme<\/h1>\r\n<p>Neudefinition der Einsatzbereitschaft und Reaktion auf Bedrohungen durch autonome Unterwasserfahrzeuge.<\/p>\r\n<h2>Schutz kritischer Unterwasseranlagen<\/h2>\r\n<p>Unmanned undersea systems play a critical role in modern maritime security by enabling persistent subsea surveillance and intelligence gathering. Our next-generation vehicles operate autonomously or with remote guidance, providing real-time data collection and threat assessment in environments that are often inaccessible or too hazardous for human operators. By enhancing situational awareness and supporting strategic decision-making, our unmanned undersea systems are essential tools for detecting, tracking, and analyzing potential subsea threats-safeguarding national interests and maintaining global maritime stability.<\/p>\r\n<p><img loading=\"lazy\" decoding=\"async\" title=\"Vorhut und Freiheit 2\" src=\"https:\/\/www.oceaneering.com\/wp-content\/uploads\/2025\/06\/Vanguard-and-Freedom-2.png\" alt=\"The VANGUARD unmanned underwater vehicle (UUV) and Freedom AUV perform underwater asset surveillance.\" width=\"1080\" height=\"1080\" \/><\/p>\r\n<h2>Gebaut f\u00fcr Leistung in rauen Umgebungen<\/h2>\r\n<p>Operating in the subsea domain presents a unique set of challenges-from extreme pressure, corrosive saltwater, and near-zero visibility to fluctuating currents and unpredictable terrain. These demanding conditions require unmanned systems that are not only durable but also highly adaptable and mission ready. Designed with modularity in mind, our large and small unmanned undersea vehicles offer capabilities for rapid payload integration and streamlined deployment in the most unforgiving environments.<\/p>\r\n<h2>Wesentliche Merkmale<\/h2>\r\n<p>Mit dem Schwerpunkt auf operativer Flexibilit\u00e4t und Einsatzdauer werden diese Systeme zur Unterst\u00fctzung komplexer \u00dcberwachungs- und Aufkl\u00e4rungsmissionen gebaut, bei denen konventionelle Mittel nicht eingesetzt werden k\u00f6nnen.<\/p>\r\n<h3>Drucktolerante Elektronik<\/h3>\r\n<p>Verhinderung von \u00dcberflutungssch\u00e4den in der Tiefe und Reduzierung des Fahrzeuggewichts<\/p>\r\n<h3>Hovering und vertikale Navigation<\/h3>\r\n<p>Verbesserte Pr\u00fcfgenauigkeit durch pr\u00e4zises, stabiles Man\u00f6vrieren<\/p>\r\n<h3>Erweiterte Onboard-Sensoren<\/h3>\r\n<p>Verbesserte Umwelt\u00fcberwachung und Bedrohungserkennung<\/p>\r\n<h3>Modulare Nutzlastsch\u00e4chte<\/h3>\r\n<p>Erm\u00f6glicht die schnelle Integration und Neukonfiguration von einsatzspezifischer Ausr\u00fcstung<\/p>\r\n<h2>Entwickelt f\u00fcr Modularit\u00e4t, Aufr\u00fcstbarkeit und Vielseitigkeit im Einsatz<\/h2>\r\n<p>Unsere unbemannten Unterwasserfahrzeuge basieren auf einer modularen Architektur mit austauschbaren Einheiten (Line Replaceable Units, LRUs), die eine schnelle Einf\u00fchrung neuer Technologien, Funktionserweiterungen und eine optimierte Wartung mit minimalen Ausfallzeiten erm\u00f6glichen. Diese Modularit\u00e4t unterst\u00fctzt eine breite Palette von Einsatzprofilen und Systemerweiterungen, vom Austausch von Hardware bis hin zu fortschrittlichen Software-Upgrades.<\/p>\r\n<p><img loading=\"lazy\" decoding=\"async\" title=\"Oceaneering Vanguard System\" src=\"https:\/\/www.oceaneering.com\/wp-content\/uploads\/2025\/06\/Vanguard_multi_no_logo_2025.jpg\" alt=\"Payload modules on the VANGUARD unmanned underwater vehicle (UUV) are interchangeable and can be customized and configured to meet varied operational needs.\" width=\"1920\" height=\"1080\" \/><\/p>\r\n<h2>Vollspektrum-Unterwasseroperationen<\/h2>\r\n<p>Our scalable, unmanned systems capabilities ensure unmanned platforms remain mission-ready, adaptable, and effective across the full spectrum of undersea operations-from reconnaissance and threat detection to intervention and recovery.<\/p>\r\n<h3>F\u00e4higkeiten von Kleinfahrzeugen<\/h3>\r\n<p>Unsere kompakten, wendigen und leicht einsetzbaren Kleinfahrzeuge sind auf Anpassungsf\u00e4higkeit und Pr\u00e4zision in begrenzten Umgebungen ausgelegt.<\/p>\r\n<p><strong>Wesentliche Merkmale<\/strong><\/p>\r\n<ul>\r\n<li>Austauschbare Nutzlastmodule mit flexiblen Volumen-, Energie- und Datenschnittstellen f\u00fcr eine schnelle Neukonfiguration der Mission.<\/li>\r\n<li>Man\u00f6vrierf\u00e4higkeit mit sechs Freiheitsgraden (DOF) und Schwebef\u00e4higkeit f\u00fcr pr\u00e4zise Navigation und Inspektion.<\/li>\r\n<li>Die robusten Glasfaserkabel bieten eine hohe Bandbreite, Echtzeitsteuerung und Daten\u00fcbertragung.<\/li>\r\n<li>Die hocheffiziente Batterieleistung erm\u00f6glicht eine l\u00e4ngere Einsatzdauer bei minimalem logistischem Aufwand.<\/li>\r\n<\/ul>\r\n<h3>Gro\u00dfe Fahrzeugkapazit\u00e4ten<\/h3>\r\n<p>Unsere gro\u00dfen unbemannten Fahrzeuge sind f\u00fcr anspruchsvolle und komplexe Eins\u00e4tze konzipiert und zeichnen sich durch h\u00f6here Leistung, Pr\u00e4zision und Nutzlastkapazit\u00e4t aus.<\/p>\r\n<p><strong>Kernkompetenzen<\/strong><\/p>\r\n<ul>\r\n<li>Abnehmbares Unterwasser-Strom- und Kommunikationskabel, mit dem das Fahrzeug als ROV oder AUV betrieben werden kann.<\/li>\r\n<li>Hochbelastbare Hebe- und Manipulationssysteme f\u00fcr die Interaktion mit gro\u00dfen oder komplexen Unterwasserobjekten.<\/li>\r\n<li>Erh\u00f6hte Fingerfertigkeit f\u00fcr pr\u00e4zises Arbeiten bei Wartungs-, Bergungs- oder Inspektionsarbeiten.<\/li>\r\n<li>Maschinenoptimierte Manipulatorbewegungen zur Verbesserung der Automatisierung von Unterwasserarbeiten.<\/li>\r\n<\/ul>\r\n<h1>Kontakt<\/h1>\r\n<h2>Unser Expertenteam ist bereit, Ihnen den Einstieg zu erleichtern.<\/h2>\r\n<p>Oceaneering bietet erstklassige Produkte und L\u00f6sungen, die sich durch unvergleichliche Qualit\u00e4t, Zuverl\u00e4ssigkeit und globalen Support auszeichnen. F\u00fcllen Sie das Anfrageformular aus, um noch heute ein Gespr\u00e4ch zu beginnen.<\/p>","protected":false},"excerpt":{"rendered":"<p>Unsere vollst\u00e4ndig anpassbaren Unterwasserfahrzeuge erm\u00f6glichen die Datenerfassung in Echtzeit und die Bewertung von Bedrohungen in Umgebungen, die f\u00fcr menschliche Bediener oft unzug\u00e4nglich oder zu gef\u00e4hrlich sind. <\/p>","protected":false},"author":25,"featured_media":76077,"parent":2402,"menu_order":2,"comment_status":"closed","ping_status":"closed","template":"","meta":{"_acf_changed":false,"footnotes":"","_links_to":"","_links_to_target":""},"product_category":[1461],"search_tags":[1489,2152,2151],"class_list":["post-76074","page","type-page","status-publish","has-post-thumbnail","product_category-oceaneering-technologies-otech","search_tags-otech","search_tags-unmanned","search_tags-unmanned-undersea-systems"],"acf":[],"aioseo_notices":[],"_links":{"self":[{"href":"https:\/\/www.oceaneering.com\/de\/wp-json\/wp\/v2\/pages\/76074","targetHints":{"allow":["GET"]}}],"collection":[{"href":"https:\/\/www.oceaneering.com\/de\/wp-json\/wp\/v2\/pages"}],"about":[{"href":"https:\/\/www.oceaneering.com\/de\/wp-json\/wp\/v2\/types\/page"}],"author":[{"embeddable":true,"href":"https:\/\/www.oceaneering.com\/de\/wp-json\/wp\/v2\/users\/25"}],"replies":[{"embeddable":true,"href":"https:\/\/www.oceaneering.com\/de\/wp-json\/wp\/v2\/comments?post=76074"}],"version-history":[{"count":1,"href":"https:\/\/www.oceaneering.com\/de\/wp-json\/wp\/v2\/pages\/76074\/revisions"}],"predecessor-version":[{"id":78889,"href":"https:\/\/www.oceaneering.com\/de\/wp-json\/wp\/v2\/pages\/76074\/revisions\/78889"}],"up":[{"embeddable":true,"href":"https:\/\/www.oceaneering.com\/de\/wp-json\/wp\/v2\/pages\/2402"}],"wp:featuredmedia":[{"embeddable":true,"href":"https:\/\/www.oceaneering.com\/de\/wp-json\/wp\/v2\/media\/76077"}],"wp:attachment":[{"href":"https:\/\/www.oceaneering.com\/de\/wp-json\/wp\/v2\/media?parent=76074"}],"wp:term":[{"taxonomy":"product_category","embeddable":true,"href":"https:\/\/www.oceaneering.com\/de\/wp-json\/wp\/v2\/product_category?post=76074"},{"taxonomy":"search_tags","embeddable":true,"href":"https:\/\/www.oceaneering.com\/de\/wp-json\/wp\/v2\/search_tags?post=76074"}],"curies":[{"name":"wp","href":"https:\/\/api.w.org\/{rel}","templated":true}]}}