{"id":76037,"date":"2025-06-20T08:49:59","date_gmt":"2025-06-20T13:49:59","guid":{"rendered":"https:\/\/www.oceaneering.com\/?page_id=76037"},"modified":"2025-06-26T05:57:21","modified_gmt":"2025-06-26T10:57:21","slug":"manufacturing","status":"publish","type":"page","link":"https:\/\/www.oceaneering.com\/de\/oceaneering-technologies\/manufacturing\/","title":{"rendered":"Herstellung"},"content":{"rendered":"<p><a href=\"https:\/\/www.oceaneering.com\/de\/oceaneering-technologies\/#contact\" target=\"_self\"> Ein Projekt besprechen <\/a> Oceaneering Technologien (OTECH)<\/p>\r\n<h1>Herstellung<\/h1>\r\n<p>Precision\u00a0fabrication, welding, machining, and assembly-backed by engineering expertise.\u00a0<\/p>\r\n<h2>Zertifizierte Pr\u00e4zisionsfertigung mit technischer Unterst\u00fctzung<\/h2>\r\n<p>We deliver high-quality, low-volume manufacturing solutions with a strong focus on precision and accuracy. Our capabilities include advanced welding, metal fabrication, close-tolerance machining, and mechanical assembly-complemented by on-site engineering support for enhanced manufacturability and performance.\u00a0<\/p>\r\n<h3>ISO-9001:2015 zertifiziert<\/h3>\r\n<p>Garantierte Pr\u00e4zisionsarbeit<\/p>\r\n<h3>CUI-konform<\/h3>\r\n<p>In \u00dcbereinstimmung mit DFARS 252.204-7012<\/p>\r\n<h3>Zertifizierte Schwei\u00dfer-Programme<\/h3>\r\n<p>Erf\u00fcllt AWS-, ABS- und ASTM-Normen<\/p>\r\n<h2>Zertifizierungen<\/h2>\r\n<ul>\r\n<li><a href=\"https:\/\/www.aws.org\/\" target=\"_blank\" rel=\"noopener\">Amerikanische Gesellschaft f\u00fcr Schwei\u00dftechnik (AWS)<\/a><\/li>\r\n<li><a href=\"https:\/\/ww2.eagle.org\/en.html\" target=\"_blank\" rel=\"noopener\">Amerikanisches B\u00fcro f\u00fcr Schifffahrt (ABS)<\/a><\/li>\r\n<li><a href=\"https:\/\/www.astm.org\/\" target=\"_blank\" rel=\"noopener\">Amerikanische Gesellschaft f\u00fcr Tests und Materialien (ASTM)<\/a><\/li>\r\n<\/ul>\r\n<p><img loading=\"lazy\" decoding=\"async\" title=\"_51A0198-edited\" src=\"https:\/\/www.oceaneering.com\/wp-content\/uploads\/2025\/05\/51A0198-edited.jpg\" alt=\"_51A0198-edited\" width=\"1920\" height=\"1280\" \/><\/p>\r\n<h2>Kollaborative Fertigung f\u00fcr intelligentere L\u00f6sungen<\/h2>\r\n<p>Unsere firmeneigenen Fertigungseinrichtungen erm\u00f6glichen die Zusammenarbeit zwischen unseren Ingenieuren, Kunden und qualifizierten Produktionsteams in Echtzeit. Dieser integrierte Ansatz gew\u00e4hrleistet eine verbesserte fertigungsgerechte Konstruktion, schnellere Probleml\u00f6sungen und eine h\u00f6here Kosteneffizienz.\u00a0<\/p>\r\n<h2>Schl\u00fcsselkompetenzen<\/h2>\r\n<p><img loading=\"lazy\" decoding=\"async\" title=\"MetallbearbeitungCncFr\u00e4senMaschineZerspanungMetallModerneBearbeitungTechnologie\" src=\"https:\/\/www.oceaneering.com\/wp-content\/uploads\/2025\/06\/shutterstock_383152465-CNC.jpg\" alt=\"etalworking Computer Numerical Control (CNC) milling machine.\" width=\"3000\" height=\"2000\" \/><\/p>\r\n<h3>Maschinenfabrik<\/h3>\r\n<ul>\r\n<li>3-Achsen und 4-Achsen Computer Numerical Control (CNC) Fr\u00e4sen (vertikal und horizontal)<\/li>\r\n<li>CNC-Dreharbeiten<\/li>\r\n<li>Wasserstrahl- und CNC-Plasmabrennertische<\/li>\r\n<li>Erfahrene Zerspanungsmechaniker mit Erfahrung in der Herstellung komplexer Teile in mehreren Aufspannungen<\/li>\r\n<\/ul>\r\n<p><img loading=\"lazy\" decoding=\"async\" title=\"19JR-129\" src=\"https:\/\/www.oceaneering.com\/wp-content\/uploads\/2025\/06\/19JR-129.jpg\" alt=\"Certified welder performing precision welding on metal fabrication project.\" width=\"1920\" height=\"1280\" \/><\/p>\r\n<h3>Zertifiziertes Schwei\u00dfen<\/h3>\r\n<ul>\r\n<li>Prozessgepr\u00fcfte Schwei\u00dfer erf\u00fcllen AWS-, ABS- und Milit\u00e4rstandards<\/li>\r\n<li>Fachwissen \u00fcber Kohlenstoffstahl, Edelstahl, Aluminium und exotische Legierungen<\/li>\r\n<li>Flexible Arbeitszellen mit Br\u00fcckenkranunterst\u00fctzung f\u00fcr schwere oder gro\u00dfe Fertigungen<\/li>\r\n<\/ul>\r\n<p><img loading=\"lazy\" decoding=\"async\" title=\"TheInspectorIsTestingWithMagneticParticleInspectionMethodTo\" src=\"https:\/\/www.oceaneering.com\/wp-content\/uploads\/2025\/06\/shutterstock_1978203392-scaled.jpg\" alt=\"Non-Destructive Test (NDT) inspector is using the magnetic particle inspection method to test welds on a pressure vessel.\" width=\"3000\" height=\"2000\" \/><\/p>\r\n<h3>Zerst\u00f6rungsfreie Pr\u00fcfung (NDT)<\/h3>\r\n<ul>\r\n<li>AWS-zertifizierte Level-II-Inspektoren<\/li>\r\n<li>Farbeindringpr\u00fcfung, Magnetpulver- und Ultraschallpr\u00fcfung<\/li>\r\n<\/ul>\r\n<p><img loading=\"lazy\" decoding=\"async\" title=\"FemaleEngineerUsesCmmCoordinateMeasuringMachineInFactoryWith\" src=\"https:\/\/www.oceaneering.com\/wp-content\/uploads\/2025\/06\/shutterstock_2593278521-scaled.jpg\" alt=\"1.jpg] Female engineer uses Coordinate Measuring Machine (CMM).\" width=\"3000\" height=\"1688\" \/><\/p>\r\n<h3>Pr\u00e4zise Qualit\u00e4tskontrolle<\/h3>\r\n<ul>\r\n<li>In-Prozess-Kontrolle mit minimalen Produktionsverz\u00f6gerungen<\/li>\r\n<li>Modernste Werkzeuge, einschlie\u00dflich Koordinatenmessmaschinen (CMMs) und Laser-Tracker-Systeme<\/li>\r\n<li>Engagiertes Personal f\u00fcr die Qualit\u00e4tskontrolle, das sicherstellt, dass jedes Bauteil den genauen Spezifikationen entspricht<\/li>\r\n<\/ul>\r\n<h1>Kontakt<\/h1>\r\n<h2>Unser Expertenteam ist bereit, Ihnen den Einstieg zu erleichtern.<\/h2>\r\n<p>Oceaneering bietet erstklassige Produkte und L\u00f6sungen, die sich durch unvergleichliche Qualit\u00e4t, Zuverl\u00e4ssigkeit und globalen Support auszeichnen. F\u00fcllen Sie das Anfrageformular aus, um noch heute ein Gespr\u00e4ch zu beginnen.<\/p>","protected":false},"excerpt":{"rendered":"<p>Wir liefern pr\u00e4zise und zuverl\u00e4ssige Fertigungsl\u00f6sungen f\u00fcr Projekte jeder Gr\u00f6\u00dfe und Komplexit\u00e4t. Zu unseren internen F\u00e4higkeiten geh\u00f6ren Pr\u00e4zisionsbearbeitung, Fertigung, Montage und Schwei\u00dfarbeiten in gro\u00dfem Ma\u00dfstab. <\/p>","protected":false},"author":25,"featured_media":75980,"parent":2402,"menu_order":0,"comment_status":"closed","ping_status":"closed","template":"","meta":{"_acf_changed":false,"footnotes":"","_links_to":"","_links_to_target":""},"product_category":[1461],"search_tags":[2149,1489],"class_list":["post-76037","page","type-page","status-publish","has-post-thumbnail","product_category-oceaneering-technologies-otech","search_tags-manufacturing","search_tags-otech"],"acf":[],"aioseo_notices":[],"_links":{"self":[{"href":"https:\/\/www.oceaneering.com\/de\/wp-json\/wp\/v2\/pages\/76037","targetHints":{"allow":["GET"]}}],"collection":[{"href":"https:\/\/www.oceaneering.com\/de\/wp-json\/wp\/v2\/pages"}],"about":[{"href":"https:\/\/www.oceaneering.com\/de\/wp-json\/wp\/v2\/types\/page"}],"author":[{"embeddable":true,"href":"https:\/\/www.oceaneering.com\/de\/wp-json\/wp\/v2\/users\/25"}],"replies":[{"embeddable":true,"href":"https:\/\/www.oceaneering.com\/de\/wp-json\/wp\/v2\/comments?post=76037"}],"version-history":[{"count":0,"href":"https:\/\/www.oceaneering.com\/de\/wp-json\/wp\/v2\/pages\/76037\/revisions"}],"up":[{"embeddable":true,"href":"https:\/\/www.oceaneering.com\/de\/wp-json\/wp\/v2\/pages\/2402"}],"wp:featuredmedia":[{"embeddable":true,"href":"https:\/\/www.oceaneering.com\/de\/wp-json\/wp\/v2\/media\/75980"}],"wp:attachment":[{"href":"https:\/\/www.oceaneering.com\/de\/wp-json\/wp\/v2\/media?parent=76037"}],"wp:term":[{"taxonomy":"product_category","embeddable":true,"href":"https:\/\/www.oceaneering.com\/de\/wp-json\/wp\/v2\/product_category?post=76037"},{"taxonomy":"search_tags","embeddable":true,"href":"https:\/\/www.oceaneering.com\/de\/wp-json\/wp\/v2\/search_tags?post=76037"}],"curies":[{"name":"wp","href":"https:\/\/api.w.org\/{rel}","templated":true}]}}