{"id":76001,"date":"2025-06-23T05:20:52","date_gmt":"2025-06-23T10:20:52","guid":{"rendered":"https:\/\/www.oceaneering.com\/?page_id=76001"},"modified":"2025-06-26T03:24:58","modified_gmt":"2025-06-26T08:24:58","slug":"hyperbaric-systems","status":"publish","type":"page","link":"https:\/\/www.oceaneering.com\/de\/oceaneering-technologies\/hyperbaric-systems\/","title":{"rendered":"Hyperbare Systeme"},"content":{"rendered":"<p><a href=\"https:\/\/www.oceaneering.com\/de\/oceaneering-technologies\/#contact\" target=\"_self\"> Ein Projekt besprechen <\/a> Oceaneering Technologien (OTECH)<\/p>\r\n<h1>Hyperbare Systeme<\/h1>\r\n<p>Wir bieten hyperbare Systeme an, die sich auf die sichere Belegung durch Menschen konzentrieren, und zwar durch fortschrittliche Mensch-Maschine-Konstruktionen, die f\u00fcr einen optimierten Betrieb, Ein- und Ausstieg und Wartung ausgelegt sind.<\/p>\r\n<h2>Technik f\u00fcr das Extreme<\/h2>\r\n<p>We specialize in engineering solutions for the most demanding underwater environments. From concept development and design to fabrication, testing, maintenance, and modernization, our team delivers\u00a0peak performance, uncompromising safety, and proven reliability-no matter the challenge.<\/p>\r\n<p><img loading=\"lazy\" decoding=\"async\" title=\"2022-HSP-Back-Pg-Alternate-edited\" src=\"https:\/\/www.oceaneering.com\/wp-content\/uploads\/2025\/05\/2022-HSP-Back-Pg-Alternate-edited.jpg\" alt=\"Oceaneering diving bell and diver underwater.\" width=\"1920\" height=\"2342\" \/><\/p>\r\n<h2>Unser Leistungsverm\u00f6gen<\/h2>\r\n<h3>U-Boot-Rettungsl\u00f6sungen<\/h3>\r\n<p>Bew\u00e4hrtes Fachwissen, globale Ressourcen und praxiserprobte Technologie f\u00fcr die Bereitschaft zur U-Boot-Rettung.<\/p>\r\n<h3>Tauchboote, Lebensr\u00e4ume und Tauchersysteme<\/h3>\r\n<p>Fortschrittliche Systeme f\u00fcr sichere und effiziente Unterwasserarbeiten.<\/p>\r\n<h3>Druckgef\u00e4\u00dfe f\u00fcr den menschlichen Gebrauch (PVHO)<\/h3>\r\n<p>Entwickelt f\u00fcr maximale Sicherheit und die Einhaltung strenger Normen.<\/p>\r\n<h3>Lebenserhaltungs- und Umweltkontrollsysteme<\/h3>\r\n<p>Zuverl\u00e4ssiges Atemgas- und Umweltmanagement f\u00fcr dauerhafte Unterwassereins\u00e4tze.<\/p>\r\n<h3>Unterwasser-St\u00fctzsysteme und -Strukturen\u00a0<\/h3>\r\n<p>Robuste L\u00f6sungen, die auf spezifische betriebliche Anforderungen zugeschnitten sind.\u00a0<\/p>\r\n<h3>Elektrische und elektronische Systeme<\/h3>\r\n<p>Integrierte Technologien f\u00fcr Steuerung, \u00dcberwachung und Kommunikation.<\/p>\r\n<h1>Kontakt<\/h1>\r\n<h2>Unser Expertenteam ist bereit, Ihnen den Einstieg zu erleichtern.<\/h2>\r\n<p>Oceaneering bietet erstklassige Produkte und L\u00f6sungen, die sich durch unvergleichliche Qualit\u00e4t, Zuverl\u00e4ssigkeit und globalen Support auszeichnen. F\u00fcllen Sie das Anfrageformular aus, um noch heute ein Gespr\u00e4ch zu beginnen.<\/p>","protected":false},"excerpt":{"rendered":"<p>Unser multidisziplin\u00e4res Team aus Ingenieuren, Betreibern und Tauchern verf\u00fcgt \u00fcber mehr als sechs Jahrzehnte Erfahrung in der Entwicklung, dem Bau und dem Betrieb zuverl\u00e4ssiger \u00dcberdrucksysteme f\u00fcr bemannte Unterwassereins\u00e4tze.   <\/p>","protected":false},"author":25,"featured_media":75979,"parent":2402,"menu_order":0,"comment_status":"closed","ping_status":"closed","template":"","meta":{"_acf_changed":false,"footnotes":"","_links_to":"","_links_to_target":""},"product_category":[1461],"search_tags":[2150,1489],"class_list":["post-76001","page","type-page","status-publish","has-post-thumbnail","product_category-oceaneering-technologies-otech","search_tags-hyperbaric-systems","search_tags-otech"],"acf":[],"aioseo_notices":[],"_links":{"self":[{"href":"https:\/\/www.oceaneering.com\/de\/wp-json\/wp\/v2\/pages\/76001","targetHints":{"allow":["GET"]}}],"collection":[{"href":"https:\/\/www.oceaneering.com\/de\/wp-json\/wp\/v2\/pages"}],"about":[{"href":"https:\/\/www.oceaneering.com\/de\/wp-json\/wp\/v2\/types\/page"}],"author":[{"embeddable":true,"href":"https:\/\/www.oceaneering.com\/de\/wp-json\/wp\/v2\/users\/25"}],"replies":[{"embeddable":true,"href":"https:\/\/www.oceaneering.com\/de\/wp-json\/wp\/v2\/comments?post=76001"}],"version-history":[{"count":0,"href":"https:\/\/www.oceaneering.com\/de\/wp-json\/wp\/v2\/pages\/76001\/revisions"}],"up":[{"embeddable":true,"href":"https:\/\/www.oceaneering.com\/de\/wp-json\/wp\/v2\/pages\/2402"}],"wp:featuredmedia":[{"embeddable":true,"href":"https:\/\/www.oceaneering.com\/de\/wp-json\/wp\/v2\/media\/75979"}],"wp:attachment":[{"href":"https:\/\/www.oceaneering.com\/de\/wp-json\/wp\/v2\/media?parent=76001"}],"wp:term":[{"taxonomy":"product_category","embeddable":true,"href":"https:\/\/www.oceaneering.com\/de\/wp-json\/wp\/v2\/product_category?post=76001"},{"taxonomy":"search_tags","embeddable":true,"href":"https:\/\/www.oceaneering.com\/de\/wp-json\/wp\/v2\/search_tags?post=76001"}],"curies":[{"name":"wp","href":"https:\/\/api.w.org\/{rel}","templated":true}]}}