{"id":75376,"date":"2025-03-13T05:52:41","date_gmt":"2025-03-13T10:52:41","guid":{"rendered":"https:\/\/www.oceaneering.com\/?page_id=75376"},"modified":"2025-06-30T06:51:26","modified_gmt":"2025-06-30T11:51:26","slug":"pressure-systems","status":"publish","type":"page","link":"https:\/\/www.oceaneering.com\/de\/asset-integrity-management\/pressure-systems\/","title":{"rendered":"Drucksysteme"},"content":{"rendered":"<a href=\"\/de\/asset-integrity\/#contact\" target=\"_self\">\n\t\t\t\t\t\t\tEin Projekt besprechen\n\t\t\t\t\t<\/a>\n\t\tIntegrit\u00e4t der Verm\u00f6genswerte \n<h1>\n\t\tDrucksysteme\n\t<\/h1>\n\t<p>Reduzieren Sie Risiken, verl\u00e4ngern Sie die Lebensdauer Ihrer Anlagen und gew\u00e4hrleisten Sie die Zuverl\u00e4ssigkeit Ihrer Offshore- und Onshore-Drucksysteme.<\/p>\n<h2>\n\t\tReduzieren Sie ungeplante Abschaltungen und Sicherheitsrisiken \n\t<\/h2>\n\t<p>Ver\u00e4ndern Sie die Art und Weise, wie Sie die Konformit\u00e4t Ihrer Drucksysteme sicherstellen, indem Sie von einem reaktiven zu einem proaktiven Integrit\u00e4tsmanagement-Ansatz \u00fcbergehen. Mit datengesteuerten, integrierten Dienstleistungen helfen wir Ihnen, die Inspektionsplanung zu optimieren und Ihre Ressourcen dort einzusetzen, wo sie am meisten gebraucht werden.<\/p>\n<h2>\n\t\tMa\u00dfgeschneiderte Integrit\u00e4tsdienste f\u00fcr Drucksysteme\n\t<\/h2>\n\t<p>Nutzen Sie unser Fachwissen in den Bereichen Korrosion, Betrieb und Inspektion, unterst\u00fctzt durch Software-Tools, um Risiken in Ihren kritischen Drucksystemanlagen zu erkennen, zu bewerten und zu mindern.<\/p>\n\t\t\t<h3>Risikobasierte Inspektion (RBI) und Integrit\u00e4tsbeurteilungen<\/h3>\t\t\t\n\t\t\t\t<p>Priorisieren Sie Inspektionen, minimieren Sie Ausfallzeiten und gew\u00e4hrleisten Sie die Einhaltung gesetzlicher Vorschriften durch datengest\u00fctzte Risikobewertungen.<\/p>\n\t\t\t<h3>Lebenszyklusmanagement und Verl\u00e4ngerung der Lebensdauer von Anlagen<\/h3>\t\t\t\n\t\t\t\t<p>Strategische Leitlinien f\u00fcr alternde Infrastrukturen, \u00c4nderungen und Stilllegungsplanung.<\/p>\n\t\t\t<h3>Nicht-intrusive Inspektion (NII) und erweiterte \u00dcberwachung<\/h3>\t\t\t\n\t\t\t\t<p>Durchf\u00fchrung von NII-Bewertungen zur Ermittlung der am besten geeigneten Inspektions- und \u00dcberwachungstechniken, einschlie\u00dflich Drohnen und pr\u00e4diktiver Analysen.<\/p>\n\t\t\t<h3>Ma\u00dfgeschneiderte L\u00f6sungen<\/h3>\t\t\t\n\t\t\t\t<p>Erf\u00fcllen Sie die RBI-Anforderungen f\u00fcr Ihre Ger\u00e4te mit speziellen Konstruktionen, unterschiedlichen Betriebsbedingungen und spezifischen gesetzlichen Anforderungen f\u00fcr Unternehmen und Regionen.<\/p>\n\t\t\t<h3>Gebrauchstauglichkeit (FFS) und Fehleranalyse<\/h3>\t\t\t\n\t\t\t\t<p>Nutzen Sie die Finite-Elemente-Analyse (FEA), die numerische Str\u00f6mungsmechanik (CFD) und die Echtzeit\u00fcberwachung, um die strukturelle Integrit\u00e4t zu bewerten, Ausf\u00e4lle vorherzusagen und Wartungsempfehlungen auszusprechen.<\/p>\n\t\t\t<h3>Management von Korrosion und Materialverschlechterung<\/h3>\t\t\t\n\t\t\t\t<p>Entsch\u00e4rfen Sie <a href=\"https:\/\/www.oceaneering.com\/de\/corrosion-management\/\">interne und externe Korrosionsrisiken<\/a> und gleichzeitig die Materialauswahl und die Strategien f\u00fcr den kathodischen Schutz zu optimieren.<\/p>\n\t\t\t\t<img loading=\"lazy\" decoding=\"async\" src=\"https:\/\/www.oceaneering.com\/wp-content\/uploads\/2024\/05\/Measuring-Risk.jpg\" alt=\"Man using laptop to measure risk\" itemprop=\"image\" height=\"1280\" width=\"1920\" title=\"Messung des Risikos\" onerror=\"this.style.display='none'\"  \/>\n<h3>\n\t\tINFORM\u2122 Software Suite\n\t<\/h3>\n\t<p>Unsere INFORM\u2122 Software Suite integriert fortschrittliche Analysen, Informationen aus digitalen Zwillingen und anpassbare risikobasierte Inspektionsrahmen (RBI), um Ihr Anlagenmanagement zu verbessern. Die Module der Plattform kombinieren Echtzeit\u00fcberwachung, vorausschauende Wartungsfunktionen und benutzerfreundliche Schnittstellen, um die Datenanalyse und Entscheidungsfindung zu optimieren.<\/p>\n\t\t\t<a href=\"https:\/\/www.oceaneering.com\/de\/asset-integrity-management\/digitizing-integrity\/\" target=\"_self\">\n\t\t\t\t\t\t\tMehr erfahren\n\t\t\t<\/a>\n\t\t\t\t<img loading=\"lazy\" decoding=\"async\" src=\"https:\/\/www.oceaneering.com\/wp-content\/uploads\/2025\/04\/NDT.jpg\" alt=\"NDT Testing\" itemprop=\"image\" height=\"1282\" width=\"1920\" title=\"NDT-Pr\u00fcfung\" onerror=\"this.style.display='none'\"  \/>\n<h3>\n\t\tInspektionsdienste\n\t<\/h3>\n\t<p>Bei unseren Inspektionsdiensten f\u00fcr Drucksysteme kommen fortschrittliche zerst\u00f6rungsfreie Pr\u00fcfverfahren (NDT) zum Einsatz, darunter Radiographie und Ultraschall, um die strukturelle Integrit\u00e4t zu bewerten, Korrosion zu erkennen und den Zustand Ihrer Anlagen zu \u00fcberwachen.<\/p>\n\t\t\t<a href=\"https:\/\/www.oceaneering.com\/de\/asset-integrity-management\/inspection\/\" target=\"_self\">\n\t\t\t\t\t\t\tMehr erfahren\n\t\t\t<\/a>\n\t\t\t\t\t\t\t\t\t<h3>Praxiserprobt. Branchenf\u00fchrend.<\/h3>\n\t\t\t\t\t\t\t\t\t<p>Lesen Sie unsere Fallstudien, in denen wir unsere Erfahrungen mit Drucksystemen darlegen. <\/p>\n\t\t\t\t\t\t<a href=\"https:\/\/www.oceaneering.com\/de\/resources\/?_content_types=case-study\" target=\"_self\">\n\t\t\t\t\t\t\t\tAlle Fallstudien anzeigen\t\t\t\t\t\t\t\n\t\t\t\t\t\t\t\t\t\t\t\t\t<\/a>\n\t\t\t\t\t\t<button>\n\t\t\t\t\t\t\tVorherige\n\t\t\t\t\t\t<\/button>\n\t\t\t\t\t\t<button>\n\t\t\t\t\t\t\tWeiter\n\t\t\t\t\t\t<\/button>\n\t\t\t\t\t\t\t<a href=\"https:\/\/www.oceaneering.com\/de\/case-studies\/oceaneering-completes-non-intrusive-inspection-of-pressure-vessels-for-north-sea-operator\/\">\n\t\t\t\t\t\t\t\t\t\t<img decoding=\"async\" src=\"https:\/\/www.oceaneering.com\/wp-content\/uploads\/2023\/11\/Case-Study-Non-Intrusive-Inspection-of-Pressure-Vessels-1.jpeg\" alt=\"\"\/>\n\t\t\t\t\t\t\t\t\t\t<h3>Oceaneering schlie\u00dft nicht-intrusive Inspektion von Druckschiffen f\u00fcr Nordsee-Betreiber ab<\/h3>\n\t\t\t\t\t\t\t\t\t\t<h3>Oceaneering schlie\u00dft nicht-intrusive Inspektion von Druckschiffen f\u00fcr Nordsee-Betreiber ab<\/h3>\n\t\t\t\t\t\t\t\t\t\t\t\t\t\t\t\t\t\t\t\t\t<p>Mitte 2021 startete Oceaneering ein 18-monatiges Projekt zur Durchf\u00fchrung von nicht-intrusiven Inspektionen (NII) als Teil der...<\/p>\n\t\t\t\t\t\t\t\t\t\t\tMehr erfahren\n\t\t\t\t\t\t\t<\/a>\n\t\t\t\t\t\t\t<a href=\"https:\/\/www.oceaneering.com\/de\/case-studies\/applying-a-generic-approach-to-risk-based-inspection-of-pressure-systems-in-northwest-africa\/\">\n\t\t\t\t\t\t\t\t\t\t<img decoding=\"async\" src=\"https:\/\/www.oceaneering.com\/wp-content\/uploads\/2022\/06\/Risk-Based-Inspection-1.jpeg\" alt=\"\"\/>\n\t\t\t\t\t\t\t\t\t\t<h3>Anwendung eines allgemeinen Ansatzes zur risikobasierten Inspektion von Drucksystemen in Nordwestafrika<\/h3>\n\t\t\t\t\t\t\t\t\t\t<h3>Anwendung eines allgemeinen Ansatzes zur risikobasierten Inspektion von Drucksystemen in Nordwestafrika<\/h3>\n\t\t\t\t\t\t\t\t\t\t\t\t\t\t\t\t\t\t\t\t\t<p>Die Anwendung eines traditionellen risikobasierten Inspektionsansatzes (RBI) ist in der Regel arbeits- und zeitintensiv. Oceaneering war...<\/p>\n\t\t\t\t\t\t\t\t\t\t\tMehr erfahren\n\t\t\t\t\t\t\t<\/a>\n\t\t\t\t\t\t\t<a href=\"https:\/\/www.oceaneering.com\/de\/case-studies\/oceaneering-enables-safe-continued-production-by-mitigating-the-risk-of-fatigue-on-a-thermowell\/\">\n\t\t\t\t\t\t\t\t\t\t<img decoding=\"async\" src=\"https:\/\/www.oceaneering.com\/wp-content\/uploads\/2020\/01\/pressure-systems.jpg\" alt=\"\"\/>\n\t\t\t\t\t\t\t\t\t\t<h3>Oceaneering erm\u00f6glicht sichere, kontinuierliche Produktion durch Minderung des Erm\u00fcdungsrisikos bei einem Schutzrohr<\/h3>\n\t\t\t\t\t\t\t\t\t\t<h3>Oceaneering erm\u00f6glicht sichere, kontinuierliche Produktion durch Minderung des Erm\u00fcdungsrisikos bei einem Schutzrohr<\/h3>\n\t\t\t\t\t\t\t\t\t\t\tMehr erfahren\n\t\t\t\t\t\t\t<\/a>\n\t\t\t\t\t\t\t<a href=\"https:\/\/www.oceaneering.com\/de\/case-studies\/oceaneering-ensures-integrity-of-pressurized-well-pad-equipment-for-an-onshore-operator-in-texas\/\">\n\t\t\t\t\t\t\t\t\t\t<img decoding=\"async\" src=\"https:\/\/www.oceaneering.com\/wp-content\/uploads\/2019\/09\/Of-Pressurized-Well-Pad.jpg\" alt=\"\"\/>\n\t\t\t\t\t\t\t\t\t\t<h3>Oceaneering stellt die Integrit\u00e4t von Druckbohrloch-Ausr\u00fcstung f\u00fcr einen Onshore-Betreiber in Texas sicher<\/h3>\n\t\t\t\t\t\t\t\t\t\t<h3>Oceaneering stellt die Integrit\u00e4t von Druckbohrloch-Ausr\u00fcstung f\u00fcr einen Onshore-Betreiber in Texas sicher<\/h3>\n\t\t\t\t\t\t\t\t\t\t\tMehr erfahren\n\t\t\t\t\t\t\t<\/a>\n<h1>\n\t\tKontakt\n\t<\/h1>\n<h2>\n\t\tUnser Expertenteam ist bereit, Ihnen den Einstieg zu erleichtern.\n\t<\/h2>\n\t<p>Oceaneering bietet erstklassige Produkte und L\u00f6sungen, die sich durch unvergleichliche Qualit\u00e4t, Zuverl\u00e4ssigkeit und globalen Support auszeichnen. F\u00fcllen Sie das Anfrageformular aus, um noch heute ein Gespr\u00e4ch zu beginnen.<\/p>","protected":false},"excerpt":{"rendered":"<p>Diskutieren Sie ein Projekt Asset-Integrit\u00e4t Drucksysteme Reduzieren Sie Risiken, verl\u00e4ngern Sie die Lebensdauer Ihrer Anlagen und gew\u00e4hrleisten Sie die Zuverl\u00e4ssigkeit Ihrer Offshore- und Onshore-Drucksysteme. Verringern Sie ungeplante Abschaltungen und Sicherheitsrisiken. Ver\u00e4ndern Sie die Art und Weise, wie Sie die Konformit\u00e4t Ihrer Drucksysteme sicherstellen, indem Sie von einem reaktiven zu einem proaktiven Integrit\u00e4tsmanagement-Ansatz wechseln. Wir nutzen datengesteuerte, integrierte Dienstleistungen, um ... <a title=\"Drucksysteme\" class=\"read-more\" href=\"https:\/\/www.oceaneering.com\/de\/asset-integrity-management\/pressure-systems\/\" aria-label=\"Mehr Informationen \u00fcber Drucksysteme\">Weiterlesen ...<\/a><\/p>","protected":false},"author":25,"featured_media":0,"parent":59710,"menu_order":0,"comment_status":"closed","ping_status":"closed","template":"","meta":{"_acf_changed":false,"footnotes":"","_links_to":"","_links_to_target":""},"product_category":[1205],"search_tags":[],"class_list":["post-75376","page","type-page","status-publish","product_category-asset-integrity-management"],"acf":[],"aioseo_notices":[],"_links":{"self":[{"href":"https:\/\/www.oceaneering.com\/de\/wp-json\/wp\/v2\/pages\/75376","targetHints":{"allow":["GET"]}}],"collection":[{"href":"https:\/\/www.oceaneering.com\/de\/wp-json\/wp\/v2\/pages"}],"about":[{"href":"https:\/\/www.oceaneering.com\/de\/wp-json\/wp\/v2\/types\/page"}],"author":[{"embeddable":true,"href":"https:\/\/www.oceaneering.com\/de\/wp-json\/wp\/v2\/users\/25"}],"replies":[{"embeddable":true,"href":"https:\/\/www.oceaneering.com\/de\/wp-json\/wp\/v2\/comments?post=75376"}],"version-history":[{"count":0,"href":"https:\/\/www.oceaneering.com\/de\/wp-json\/wp\/v2\/pages\/75376\/revisions"}],"up":[{"embeddable":true,"href":"https:\/\/www.oceaneering.com\/de\/wp-json\/wp\/v2\/pages\/59710"}],"wp:attachment":[{"href":"https:\/\/www.oceaneering.com\/de\/wp-json\/wp\/v2\/media?parent=75376"}],"wp:term":[{"taxonomy":"product_category","embeddable":true,"href":"https:\/\/www.oceaneering.com\/de\/wp-json\/wp\/v2\/product_category?post=75376"},{"taxonomy":"search_tags","embeddable":true,"href":"https:\/\/www.oceaneering.com\/de\/wp-json\/wp\/v2\/search_tags?post=75376"}],"curies":[{"name":"wp","href":"https:\/\/api.w.org\/{rel}","templated":true}]}}