{"id":75359,"date":"2025-03-12T07:52:37","date_gmt":"2025-03-12T12:52:37","guid":{"rendered":"https:\/\/www.oceaneering.com\/?page_id=75359"},"modified":"2025-06-30T07:00:50","modified_gmt":"2025-06-30T12:00:50","slug":"storage-tanks-and-associated-pipework","status":"publish","type":"page","link":"https:\/\/www.oceaneering.com\/de\/asset-integrity-management\/storage-tanks-and-associated-pipework\/","title":{"rendered":"Lagertanks und zugeh\u00f6rige Rohrleitungen"},"content":{"rendered":"<a href=\"\/de\/asset-integrity\/#contact\" target=\"_self\">\n\t\t\t\t\t\t\tEin Projekt besprechen\n\t\t\t\t\t<\/a>\n\t\tIntegrit\u00e4t der Verm\u00f6genswerte \n<h1>\n\t\tLagertanks und zugeh\u00f6rige Rohrleitungen \n\t<\/h1>\n\t<p>Kombinieren Sie fortschrittliche zerst\u00f6rungsfreie Pr\u00fcftechnologien mit dem Fachwissen von Ingenieuren, um Risiken zu minimieren, die Wartungsplanung zu optimieren und die Sicherheit und Langlebigkeit Ihrer atmosph\u00e4rischen Lagertanks und der dazugeh\u00f6rigen Rohrleitungen zu gew\u00e4hrleisten.<\/p>\n<h2>\n\t\tIntegriert, umfassend und kosteneffektiv.\n\t<\/h2>\n\t<p>Unsere EEMUA- und API-zertifizierten Integrit\u00e4tsingenieure erf\u00fcllen die einzigartigen Anforderungen Ihres Betriebs. Wir liefern branchenf\u00fchrende Programme f\u00fcr die Integrit\u00e4t atmosph\u00e4rischer Lagertanks und nachgeschaltete Inspektionen, um Ihre Teams mit den Daten auszustatten, die f\u00fcr fundierte Entscheidungen erforderlich sind.<\/p>\n<h2>\n\t\tOptimieren Sie Integrit\u00e4t und Inspektionen\n\t<\/h2>\n\t<p>Gew\u00e4hrleisten Sie Sicherheit, Konformit\u00e4t und Langlebigkeit von Anlagen durch gezielte Inspektionsplanung und fortschrittliche Bewertungsmethoden. Unser Ansatz integriert risikobasierte Inspektionen, aufsichtsrechtliche Regelungen und modernste Diagnoseverfahren, um intelligentere Wartungs- und Reparaturentscheidungen \u00fcber den gesamten Lebenszyklus von Anlagen zu unterst\u00fctzen.<\/p>\n\t\t\t<h3>Risikobasierte Inspektion (RBI) Planung und schriftliche Pr\u00fcfungspl\u00e4ne (WSE)<\/h3>\t\t\t\n\t\t\t\t<p>Durchf\u00fchrung von RBI-Bewertungen zur Ermittlung optimaler Inspektionsanforderungen und -intervalle, die in umfassende WSEs integriert werden.<\/p>\n\t\t\t<h3>Methodik der Tankinspektion und -reparatur<\/h3>\t\t\t\n\t\t\t\t<p>Gew\u00e4hrleistung der Einhaltung von Methoden, die den Anforderungen von API 650\/653, BS EN:14015 und EEMUA 159 entsprechen.<\/p>\n\t\t\t<h3>Planung von Wartung und Reparatur<\/h3>\t\t\t\n\t\t\t\t<p>Optimieren Sie Planung und Ausgaben mit Strategien, die auf Ihr Unternehmen und globale Standards abgestimmt sind.<\/p>\n\t\t\t<h3>Integrierte visuelle ZfP und erweiterte Pr\u00fcfung<\/h3>\t\t\t\n\t\t\t\t<p>Verbessern Sie die Effizienz von Inspektionen mit multidisziplin\u00e4ren Teams, die in der Erfassung hochdetaillierter Zustandsdaten erfahren sind.<\/p>\n\t\t\t<h3>Beurteilung der Diensttauglichkeit (FFS) und der verbleibenden Lebensdauer<\/h3>\t\t\t\n\t\t\t\t<p>\u00dcberpr\u00fcfen Sie die strukturelle Integrit\u00e4t und bewerten Sie die Lebensdauer Ihrer Lagertanks und Rohrleitungssysteme.<\/p>\n\t\t\t<h3>Bewertung der Setzungen von Stiftungen<\/h3>\t\t\t\n\t\t\t\t<p>Erkennen Sie Bewegungen des Tankfundaments, fl\u00e4chige Neigungen und andere Faktoren, die die Integrit\u00e4t der Struktur beeintr\u00e4chtigen.<\/p>\n\t\t\t\t<img loading=\"lazy\" decoding=\"async\" src=\"https:\/\/www.oceaneering.com\/wp-content\/uploads\/2024\/11\/Tank-inspection.jpg\" alt=\"Tank inspection\" itemprop=\"image\" height=\"1080\" width=\"1920\" title=\"Tank-inspection\" onerror=\"this.style.display='none'\"  \/>\n<h2>\n\t\tInspektionskompetenz und Technologie \n\t<\/h2>\n\t<p>Confirm the integrity of your storage tanks and pipework by collecting asset-related data with the industry&#8217;s most advanced NDT technologies. Our team includes NDT Level 3 subject matter experts who ensure the highest quality in service delivery, method validation, and operator competency<\/p>\n\t\t\t<a href=\"https:\/\/www.oceaneering.com\/de\/asset-integrity-management\/inspection\/\" target=\"_self\">\n\t\t\t\t\t\t\tMehr erfahren\n\t\t\t\t\t<\/a>\n<h2>\n\t\tMehr Sicherheit und Datenqualit\u00e4t mit Drohneninspektionen \n\t<\/h2>\n\t<p>\u00dcberdenken Sie den Umfang Ihrer Tankinspektionen mit unseren hauseigenen Drohneninspektionsm\u00f6glichkeiten. Durch den Wegfall von Ger\u00fcsten oder Seilzug\u00e4ngen k\u00f6nnen wir die Kosten erheblich senken und gleichzeitig qualitativ hochwertige Daten erfassen, die eine umfassende Bewertung erm\u00f6glichen, ohne dass das Personal enge R\u00e4ume betreten oder in der H\u00f6he arbeiten muss.<\/p>\n<p>Die Drohnentechnologie und die Software generieren 3D-Karten in Echtzeit und bieten eine vollst\u00e4ndige R\u00fcckverfolgbarkeit der Daten, einschlie\u00dflich Video- und Bildarchiven, so dass Sie die gesetzlichen Anforderungen erf\u00fcllen und notwendige Reparaturen effizient planen k\u00f6nnen.<\/p>\n\t\t\t\t<img loading=\"lazy\" decoding=\"async\" src=\"https:\/\/www.oceaneering.com\/wp-content\/uploads\/2025\/05\/Elios-Drone-System-3.jpg\" alt=\"Elios Drone System 3\" itemprop=\"image\" height=\"1650\" width=\"1841\" title=\"Elios Drohnensystem 3\" onerror=\"this.style.display='none'\"  \/>\n\t\t\t\t\t\t\t\t\t<h3>Praxiserprobt. Branchenf\u00fchrend.<\/h3>\n\t\t\t\t\t\t\t\t\t<p>Lesen Sie unsere Fallstudien \u00fcber erfolgreiche Projekte zur Integrit\u00e4t und Inspektion von Lagertanks.<\/p>\n\t\t\t\t\t\t<a href=\"https:\/\/www.oceaneering.com\/de\/resources\/?_content_types=case-study\" target=\"_self\">\n\t\t\t\t\t\t\t\tAlle Fallstudien anzeigen\t\t\t\t\t\t\t\n\t\t\t\t\t\t\t\t\t\t\t\t\t<\/a>\n\t\t\t\t\t\t<button>\n\t\t\t\t\t\t\tVorherige\n\t\t\t\t\t\t<\/button>\n\t\t\t\t\t\t<button>\n\t\t\t\t\t\t\tWeiter\n\t\t\t\t\t\t<\/button>\n\t\t\t\t\t\t\t<a href=\"https:\/\/www.oceaneering.com\/de\/case-studies\/atmospheric-tank-inspection-with-elios-3-drone-reduces-risk-and-cost-for-uk-client\/\">\n\t\t\t\t\t\t\t\t\t\t<img decoding=\"async\" src=\"https:\/\/www.oceaneering.com\/wp-content\/uploads\/2025\/06\/Elios-Drone-System-2.jpg\" alt=\"\"\/>\n\t\t\t\t\t\t\t\t\t\t<h3>Atmosph\u00e4rische Tankinspektion mit Elios 3-Drohne senkt Risiko und Kosten f\u00fcr britischen Kunden<\/h3>\n\t\t\t\t\t\t\t\t\t\t<h3>Atmosph\u00e4rische Tankinspektion mit Elios 3-Drohne senkt Risiko und Kosten f\u00fcr britischen Kunden<\/h3>\n\t\t\t\t\t\t\t\t\t\t\t\t\t\t\t\t\t\t\t\t\t<p>\u200b\u200bA major global energy producer was seeking a safer, more cost-effective method to conduct comprehensive internal inspection&#8230;<\/p>\n\t\t\t\t\t\t\t\t\t\t\tMehr erfahren\n\t\t\t\t\t\t\t<\/a>\n\t\t\t\t\t\t\t<a href=\"https:\/\/www.oceaneering.com\/de\/case-studies\/analytical-assessment-eliminates-requirement-for-costly-inspection-of-distorted-bitumen-storage-tank\/\">\n\t\t\t\t\t\t\t\t\t\t<img decoding=\"async\" src=\"https:\/\/www.oceaneering.com\/wp-content\/uploads\/2025\/03\/Storage-tanks.jpg\" alt=\"\"\/>\n\t\t\t\t\t\t\t\t\t\t<h3>Analytische Bewertung macht kostspielige Inspektion eines verformten Bitumenlagertanks \u00fcberfl\u00fcssig<\/h3>\n\t\t\t\t\t\t\t\t\t\t<h3>Analytische Bewertung macht kostspielige Inspektion eines verformten Bitumenlagertanks \u00fcberfl\u00fcssig<\/h3>\n\t\t\t\t\t\t\t\t\t\t\t\t\t\t\t\t\t\t\t\t\t<p>In July 2024, extraction of a small volume of bitumen from a heated and insulated storage tank&#8230;<\/p>\n\t\t\t\t\t\t\t\t\t\t\tMehr erfahren\n\t\t\t\t\t\t\t<\/a>\n<h1>\n\t\tKontakt\n\t<\/h1>\n<h2>\n\t\tUnser Expertenteam ist bereit, Ihnen den Einstieg zu erleichtern.\n\t<\/h2>\n\t<p>Oceaneering bietet erstklassige Produkte und L\u00f6sungen, die sich durch unvergleichliche Qualit\u00e4t, Zuverl\u00e4ssigkeit und globalen Support auszeichnen. F\u00fcllen Sie das Anfrageformular aus, um noch heute ein Gespr\u00e4ch zu beginnen.<\/p>","protected":false},"excerpt":{"rendered":"<p>Discuss a Project Asset Integrity Storage Tanks and Associated Pipework Combine advanced non-destructive testing technologies with expert engineering insight to minimize risks, optimize maintenance planning, and ensure the safety and longevity of your atmospheric storage tanks and associated pipework. Integrated, Comprehensive, and Cost-Effective. Meet the unique requirements of your operations with our EEMUA- and API-certified &#8230; <a title=\"Lagertanks und zugeh\u00f6rige Rohrleitungen\" class=\"read-more\" href=\"https:\/\/www.oceaneering.com\/de\/asset-integrity-management\/storage-tanks-and-associated-pipework\/\" aria-label=\"Mehr Informationen \u00fcber Storage Tanks and Associated Pipework\">Weiterlesen ...<\/a><\/p>","protected":false},"author":25,"featured_media":0,"parent":59710,"menu_order":0,"comment_status":"closed","ping_status":"closed","template":"","meta":{"_acf_changed":false,"footnotes":"","_links_to":"","_links_to_target":""},"product_category":[],"search_tags":[],"class_list":["post-75359","page","type-page","status-publish"],"acf":[],"aioseo_notices":[],"_links":{"self":[{"href":"https:\/\/www.oceaneering.com\/de\/wp-json\/wp\/v2\/pages\/75359","targetHints":{"allow":["GET"]}}],"collection":[{"href":"https:\/\/www.oceaneering.com\/de\/wp-json\/wp\/v2\/pages"}],"about":[{"href":"https:\/\/www.oceaneering.com\/de\/wp-json\/wp\/v2\/types\/page"}],"author":[{"embeddable":true,"href":"https:\/\/www.oceaneering.com\/de\/wp-json\/wp\/v2\/users\/25"}],"replies":[{"embeddable":true,"href":"https:\/\/www.oceaneering.com\/de\/wp-json\/wp\/v2\/comments?post=75359"}],"version-history":[{"count":0,"href":"https:\/\/www.oceaneering.com\/de\/wp-json\/wp\/v2\/pages\/75359\/revisions"}],"up":[{"embeddable":true,"href":"https:\/\/www.oceaneering.com\/de\/wp-json\/wp\/v2\/pages\/59710"}],"wp:attachment":[{"href":"https:\/\/www.oceaneering.com\/de\/wp-json\/wp\/v2\/media?parent=75359"}],"wp:term":[{"taxonomy":"product_category","embeddable":true,"href":"https:\/\/www.oceaneering.com\/de\/wp-json\/wp\/v2\/product_category?post=75359"},{"taxonomy":"search_tags","embeddable":true,"href":"https:\/\/www.oceaneering.com\/de\/wp-json\/wp\/v2\/search_tags?post=75359"}],"curies":[{"name":"wp","href":"https:\/\/api.w.org\/{rel}","templated":true}]}}