{"id":75299,"date":"2025-03-06T07:59:43","date_gmt":"2025-03-06T13:59:43","guid":{"rendered":"https:\/\/www.oceaneering.com\/?page_id=75299"},"modified":"2025-07-21T05:01:49","modified_gmt":"2025-07-21T10:01:49","slug":"condition-monitoring","status":"publish","type":"page","link":"https:\/\/www.oceaneering.com\/de\/maintenance-and-reliability\/condition-monitoring\/","title":{"rendered":"Zustands\u00fcberwachung"},"content":{"rendered":"<a href=\"https:\/\/www.oceaneering.com\/de\/maintenance-and-reliability\/#contact\" target=\"_self\">\n\t\t\t\t\t\t\tKontakt\n\t\t\t\t\t<\/a>\n<h1>\n\t\tZustands\u00fcberwachung\n\t<\/h1>\n\t<p>Hochentwickelte Schwingungsanalyse- und Diagnosetechnologien warnen Sie fr\u00fchzeitig vor potenziellen Problemen mit Ihren rotierenden Maschinen, wie z. B. Pumpen, Kompressoren, Turbinen, Motoren, Getrieben und Ventilatoren.<\/p>\n\t\tVon reaktiv zu proaktiv\n<h2>\n\t\tVerbessern Sie die Betriebszeit. Reduzieren Sie Risiken.\n\t<\/h2>\n\t<p>Kombinieren Sie Schwingungsanalyse, optimierte \u00dcberwachungsprogramme, fortschrittliche Diagnosetechnologie, Thermografie und integrierte Serviceleistungen, um Probleme zu erkennen. Diese ganzheitliche Methode erm\u00f6glicht Ihnen den \u00dcbergang von einer reaktiven Wartung zu einem vorausschauenden, proaktiven Ansatz, der Ihren Betrieb optimiert und St\u00f6rungen minimiert.<\/p>\n<h3>\n\t\tMinimieren Sie kostspielige, ungeplante Ausfallzeiten\n\t<\/h3>\n<h3>\n\t\tOptimieren Sie die Wartungsplanung\n\t<\/h3>\n<h3>\n\t\tVerl\u00e4ngern Sie die Lebensdauer der Ausr\u00fcstung und verbessern Sie die Sicherheit\n\t<\/h3>\n<h2>\n\t\tBleiben Sie sicher. Bleiben Sie online.\n\t<\/h2>\n\t<p>Wir sorgen daf\u00fcr, dass Ihr Betrieb sicher online bleibt, indem wir unser unvergleichliches Fachwissen bei der Fehlerbehebung vor Ort einsetzen und Ihre komplexesten Herausforderungen l\u00f6sen. Wir k\u00f6nnen auf eine umfangreiche Erfolgsbilanz bei der schnellen Behebung von Problemen verweisen und sorgen so f\u00fcr eine maximale Betriebszeit.<\/p>\n<h2>\n\t\tIdentifizierung und Minderung von Risiken  \n\t<\/h2>\n\t<p>Nutzung von Synergieeffekten zwischen <a href=\"https:\/\/www.oceaneering.com\/de\/condition-monitoring\/\">Zustands\u00fcberwachung<\/a> und umfassender <a href=\"https:\/\/www.oceaneering.com\/de\/vibration-engineering\/\">Schwingungstechnik<\/a> Wir verf\u00fcgen \u00fcber das n\u00f6tige Fachwissen, um einen umfassenden Ansatz zur Erhaltung der Integrit\u00e4t Ihrer rotierenden Anlagen zu verfolgen. Wir setzen fortschrittliche Schwingungsanalysetechniken und innovative \u00dcberwachungsl\u00f6sungen ein, um Unwuchten, Ausrichtungsfehler, Lagerdefekte, Lockerungen, Getriebesch\u00e4den und andere h\u00e4ufige Probleme zu erkennen, was die Analyse von Schwingungssignaturen und die Identifizierung der genauen Art und Schwere von Problemen erm\u00f6glicht.<\/p>\n\t\t\t\t<img loading=\"lazy\" decoding=\"async\" src=\"https:\/\/www.oceaneering.com\/wp-content\/uploads\/2025\/03\/Mechanical-engineer.jpg\" alt=\"Mechanical-engineer\" itemprop=\"image\" height=\"1280\" width=\"1920\" title=\"Mechanical-engineer\" onerror=\"this.style.display='none'\"  \/>\n<h2>\n\t\tL\u00f6sungen zur Schwingungs\u00fcberwachung\n\t<\/h2>\n\t<p>Unsere Schwingungs\u00fcberwachungsl\u00f6sungen, einschlie\u00dflich des von uns entwickelten Oceaneering Vibration Management System (OVMS), liefern zuverl\u00e4ssige Daten und helfen Ihnen, Integrit\u00e4t und Zuverl\u00e4ssigkeit aufrechtzuerhalten, wobei der Schwerpunkt auf Remote-Funktionen und integriertem Service liegt.<\/p>\n\t\t\t<a href=\"https:\/\/www.oceaneering.com\/de\/asset-integrity-management\/integrity-engineering\/vibration-engineering\/\" target=\"_self\">\n\t\t\t\t\t\t\tEntdecken Sie unsere schwingungstechnischen Dienstleistungen\n\t\t\t\t\t<\/a>\n\t\t<h3>OVMS Portable<\/h3>\n\t\t\t\t<p>Handheld-Screening f\u00fcr geschultes Personal unter Anleitung.<\/p>\n\t\t<h3>OVMS Drahtlose \u00dcberwachung<\/h3>\n\t\t\t\t<p>Intelligente Schwingungs\u00fcberwachung und Expertenerkennung.<\/p>\n\t\t<h3>Langzeit-\u00dcberwachungssysteme<\/h3>\n\t\t\t\t<p>Kontinuierliche hochaufl\u00f6sende \u00dcberwachung von Schwingungen und Belastungen f\u00fcr kritische Systeme.<\/p>\n<h1>\n\t\tKontakt\n\t<\/h1>\n<h2>\n\t\tUnser Expertenteam ist bereit, Ihnen den Einstieg zu erleichtern.\n\t<\/h2>\n\t<p>Oceaneering bietet erstklassige Produkte und L\u00f6sungen, die sich durch unvergleichliche Qualit\u00e4t, Zuverl\u00e4ssigkeit und globalen Support auszeichnen. F\u00fcllen Sie das Anfrageformular aus, um noch heute ein Gespr\u00e4ch zu beginnen.<\/p>","protected":false},"excerpt":{"rendered":"<p>Contact Us Condition Monitoring Advanced vibration analysis and diagnostic technology give you early warnings of potential issues with your rotating equipment, such as pumps, compressors, turbines, motors, gearboxes, and fans. From Reactive to Proactive Improve Uptime. Reduce Risk. Combine vibration analysis, optimized monitoring programs, advanced diagnostic technology, thermography, and integrated service delivery to identify concerns. &#8230; <a title=\"Zustands\u00fcberwachung\" class=\"read-more\" href=\"https:\/\/www.oceaneering.com\/de\/maintenance-and-reliability\/condition-monitoring\/\" aria-label=\"Mehr Informationen \u00fcber Condition Monitoring\">Weiterlesen ...<\/a><\/p>","protected":false},"author":25,"featured_media":0,"parent":59772,"menu_order":0,"comment_status":"closed","ping_status":"closed","template":"","meta":{"_acf_changed":false,"footnotes":"","_links_to":"","_links_to_target":""},"product_category":[1998],"search_tags":[],"class_list":["post-75299","page","type-page","status-publish","product_category-maintenance-and-reliability"],"acf":[],"aioseo_notices":[],"_links":{"self":[{"href":"https:\/\/www.oceaneering.com\/de\/wp-json\/wp\/v2\/pages\/75299","targetHints":{"allow":["GET"]}}],"collection":[{"href":"https:\/\/www.oceaneering.com\/de\/wp-json\/wp\/v2\/pages"}],"about":[{"href":"https:\/\/www.oceaneering.com\/de\/wp-json\/wp\/v2\/types\/page"}],"author":[{"embeddable":true,"href":"https:\/\/www.oceaneering.com\/de\/wp-json\/wp\/v2\/users\/25"}],"replies":[{"embeddable":true,"href":"https:\/\/www.oceaneering.com\/de\/wp-json\/wp\/v2\/comments?post=75299"}],"version-history":[{"count":0,"href":"https:\/\/www.oceaneering.com\/de\/wp-json\/wp\/v2\/pages\/75299\/revisions"}],"up":[{"embeddable":true,"href":"https:\/\/www.oceaneering.com\/de\/wp-json\/wp\/v2\/pages\/59772"}],"wp:attachment":[{"href":"https:\/\/www.oceaneering.com\/de\/wp-json\/wp\/v2\/media?parent=75299"}],"wp:term":[{"taxonomy":"product_category","embeddable":true,"href":"https:\/\/www.oceaneering.com\/de\/wp-json\/wp\/v2\/product_category?post=75299"},{"taxonomy":"search_tags","embeddable":true,"href":"https:\/\/www.oceaneering.com\/de\/wp-json\/wp\/v2\/search_tags?post=75299"}],"curies":[{"name":"wp","href":"https:\/\/api.w.org\/{rel}","templated":true}]}}