{"id":75255,"date":"2025-02-21T00:35:24","date_gmt":"2025-02-21T06:35:24","guid":{"rendered":"https:\/\/www.oceaneering.com\/?page_id=75255"},"modified":"2025-06-30T07:13:07","modified_gmt":"2025-06-30T12:13:07","slug":"corrosion-management","status":"publish","type":"page","link":"https:\/\/www.oceaneering.com\/de\/asset-integrity-management\/integrity-engineering\/corrosion-management\/","title":{"rendered":"Korrosionsmanagement"},"content":{"rendered":"<a href=\"\/de\/asset-integrity\/#contact\" target=\"_self\">\n\t\t\t\t\t\t\tEin Projekt besprechen\n\t\t\t\t\t<\/a>\n<h1>\n\t\tKorrosionsmanagement\n\t<\/h1>\n\t<p>Nutzen Sie Fr\u00fcherkennung und vorausschauende Analysen, um die Verschlechterung von Materialien, die Ihre Anlagen betreffen, zu verhindern, zu kontrollieren und abzumildern.<\/p>\n<h2>\n\t\tSch\u00fctzen Sie Ihr Verm\u00f6gen  \n\t<\/h2>\n\t<p>Unser Team von ausgebildeten Korrosionsingenieuren liefert End-to-End-L\u00f6sungen f\u00fcr das Korrosionsmanagement, die jede Phase des Lebenszyklus einer Anlage abdecken, von der fr\u00fchesten Entwurfs- und Materialauswahlphase bis zur Stilllegung. Unsere ma\u00dfgeschneiderten Dienstleistungen befassen sich mit Metallverlust, Rissbildung und anderen korrosionsbedingten Ausf\u00e4llen, die Anlagen betreffen, die in der Offshore- und Onshore-\u00d6l- und Gasindustrie, der Nuklearindustrie, der Lebensmittel- und Getr\u00e4nkeindustrie, dem Bauwesen und dem Transportwesen eingesetzt werden. <\/p>\n<h2>\n\t\tKorrosionsrisiken angehen und mindern\n\t<\/h2>\n\t<p>Wirksames Korrosionsmanagement zur Erhaltung der Integrit\u00e4t und Leistung Ihrer Anlagen. Unser umfassender Ansatz kombiniert fortschrittliche Technik, pr\u00e4diktive Analytik und bew\u00e4hrte Strategien zur Risikominderung, um Korrosionsrisiken in jeder Phase des Lebenszyklus von Anlagen zu begegnen.<\/p>\n\t\t\t<h3>Materialauswahl Technik <\/h3>\t\t\t\n\t\t\t\t<p>Bewertung der Materialleistung unter Betriebs- und Umweltbedingungen, um die Korrosionsbest\u00e4ndigkeit von der Konstruktion bis zum Betrieb sicherzustellen.<\/p>\n\t\t\t<h3>Fehlerursachenanalyse<\/h3>\t\t\t\n\t\t\t\t<p>Ermitteln Sie die Ursachen von Korrosionsausf\u00e4llen, um wirksame Sanierungsstrategien zu entwickeln.<\/p>\n\t\t\t<h3>Interne und externe Korrosionsschutzma\u00dfnahmen<\/h3>\t\t\t\n\t\t\t\t<p>Gezielte Strategien f\u00fcr Korrosion unter der Isolierung (CUI), Totzonenmanagement, kathodischen Schutz, Instandhaltung der Bausubstanz und Korrosions\u00fcberwachung in Echtzeit mit dem Schwerpunkt auf Integrity Operating Windows (IOW).<\/p>\n\t\t\t<h3>Studie zur Bewertung von Korrosionsrisiken (CRAS)<\/h3>\t\t\t\n\t\t\t\t<p>Durchf\u00fchrung von Studien zur Bewertung von Korrosionsrisiken (Corrosion Risk Assessment Studies, CRAS), in denen wir unser Fachwissen und die besten Praktiken der Branche kombinieren, um Korrosionsrisiken zu identifizieren und zu priorisieren und so ein effektives Risikomanagement zu erm\u00f6glichen.<\/p>\n\t\t\t<h3>Risikobasierte Inspektion (RBI) und pr\u00e4diktive Analytik<\/h3>\t\t\t\n\t\t\t\t<p>Optimieren Sie Inspektionsintervalle und gezielte Eingriffe, um die Kosten zu senken und die Zuverl\u00e4ssigkeit zu erh\u00f6hen.<\/p>\n\t\t\t<h3>Bewertung der verbleibenden Lebensdauer (RLA), Gebrauchstauglichkeit (FFS) und Verl\u00e4ngerung der Lebensdauer von Anlagen <\/h3>\t\t\t\n\t\t\t\t<p>Anwendung etablierter Industrienormen und -standards unter Einbeziehung detaillierter Finite-Elemente-Analysen (FEA), um den sicheren Betrieb von Anlagen zu gew\u00e4hrleisten und wiederkehrende Ausf\u00e4lle wirksam zu verhindern.<\/p>\n\t\t\t<h3>Korrosionsschutzdokumente (CCD) und Korrosionsmanagementpl\u00e4ne (CMP)<\/h3>\t\t\t\n\t\t\t\t<p>Entwicklung und Umsetzung umfassender Korrosionsschutzdokumente (CCDs) und Korrosionsmanagementpl\u00e4ne (CMPs), um die langfristige Zuverl\u00e4ssigkeit und Integrit\u00e4t von Anlagen zu gew\u00e4hrleisten, Korrosionsrisiken zu minimieren und einen sicheren, zuverl\u00e4ssigen Betrieb in jeder Projektphase zu unterst\u00fctzen.<\/p>\n<h2>\n\t\tKorrosionsbek\u00e4mpfung mit integrierten Dienstleistungen  \n\t<\/h2>\n\t<p>Dank unserer integrierten Dienstleistungen und unserer langj\u00e4hrigen Erfahrung k\u00f6nnen wir umfassende Korrosionsmanagementprogramme entwickeln, die auf geografische Standorte, Industriestandards, Umweltbedingungen und Anlagentypen abgestimmt sind. Wir bieten Korrosions-Engineering und -Management zusammen mit unseren umfassenderen Integrit\u00e4ts-, Software- und Inspektionsdiensten an. So k\u00f6nnen wir unser Fachwissen und unsere fortschrittliche Technologie nutzen, um die Leistung von Anlagen zu optimieren und Risiken zu verringern.<\/p>\n\t\t\t\t<img loading=\"lazy\" decoding=\"async\" src=\"https:\/\/www.oceaneering.com\/wp-content\/uploads\/2025\/05\/Vision_Split-Screen-View_no-edges-2.jpg\" alt=\"Vision_Split-Screen-View_no-edges-2\" itemprop=\"image\" height=\"1199\" width=\"1860\" title=\"Vision_Split-Screen-Ansicht_keine-R\u00e4nder-2\" onerror=\"this.style.display='none'\"  \/>\n<h3>\n\t\tINFORM\u2122 Vision, powered by GDi \n\t<\/h3>\n\t<p>Die INFORM\u2122 Vision-Plattform bietet durch fortschrittliche Datenvisualisierung und -analyse einen unvergleichlichen Einblick und Kontrolle \u00fcber das Korrosionsmanagement. Durch die Bereitstellung einer zentralen, benutzerfreundlichen Schnittstelle und modernster Scan- und Modellierungstechnologie steigert Inform\u2122 Vision die betriebliche Effizienz, reduziert Ausfallzeiten und gew\u00e4hrleistet die Einhaltung gesetzlicher Vorschriften und ist damit ein unverzichtbares Werkzeug f\u00fcr die Bew\u00e4ltigung komplexer Korrosionsherausforderungen in verschiedenen Branchen.<\/p>\n\t\t\t<a href=\"https:\/\/www.oceaneering.com\/de\/asset-integrity-management\/integrity-management\/digital-asset-management__trashed\/inform-vision-cloud-based-3d-digital-asset-management-solution\/\" target=\"_self\">\n\t\t\t\t\t\t\tMehr erfahren\n\t\t\t\t\t<\/a>\n\t\t\t\t<img loading=\"lazy\" decoding=\"async\" src=\"https:\/\/www.oceaneering.com\/wp-content\/uploads\/2025\/04\/NDT.jpg\" alt=\"NDT Testing\" itemprop=\"image\" height=\"1282\" width=\"1920\" title=\"NDT-Pr\u00fcfung\" onerror=\"this.style.display='none'\"  \/>\n<h3>\n\t\tIntegrit\u00e4tstechnik \n\t<\/h3>\n\t<p>Sch\u00fctzen Sie Ihre kritischen Anlagen, wo immer Sie t\u00e4tig sind. Von Drucksystemen, Lagertanks und Pipelines bis hin zu festen und schwimmenden Strukturen und Unterwasserausr\u00fcstung. Wir setzen fortschrittliche Inspektionen, Datenanalysen und risikobasierte Strategien ein, um Ausf\u00e4lle zu reduzieren, die Lebensdauer von Anlagen zu verl\u00e4ngern und die Einhaltung von Vorschriften und den Betrieb sicherzustellen. <a href=\"https:\/\/www.oceaneering.com\/de\/vibration-engineering\/\">Bedenken im Zusammenhang mit Vibrationen ansprechen<\/a> und integrieren <a href=\"https:\/\/www.oceaneering.com\/de\/condition-monitoring\/\">Zustands\u00fcberwachung<\/a> Systeme, um Ihre Betriebszeit zu maximieren.<\/p>\n\t\t\t<a href=\"https:\/\/www.oceaneering.com\/de\/integrity-engineering\/\" target=\"_self\">\n\t\t\t\t\t\t\tMehr erfahren\n\t\t\t\t\t<\/a>\n<h1>\n\t\tKontakt\n\t<\/h1>\n<h2>\n\t\tUnser Expertenteam ist bereit, Ihnen den Einstieg zu erleichtern.\n\t<\/h2>\n\t<p>Oceaneering bietet erstklassige Produkte und L\u00f6sungen, die sich durch unvergleichliche Qualit\u00e4t, Zuverl\u00e4ssigkeit und globalen Support auszeichnen. F\u00fcllen Sie das Anfrageformular aus, um noch heute ein Gespr\u00e4ch zu beginnen.<\/p>","protected":false},"excerpt":{"rendered":"<p>Discuss a Project Corrosion Management Use early detection and predictive analytics to prevent, control, and mitigate the degradation of materials affecting your assets. Protect Your Assets Our team of formally trained corrosion engineers delivers end-to-end solutions for corrosion management, addressing every stage of the asset lifecycle, from the earliest design and material selection phases to &#8230; <a title=\"Korrosionsmanagement\" class=\"read-more\" href=\"https:\/\/www.oceaneering.com\/de\/asset-integrity-management\/integrity-engineering\/corrosion-management\/\" aria-label=\"Mehr Informationen \u00fcber Corrosion Management\">Weiterlesen ...<\/a><\/p>","protected":false},"author":25,"featured_media":0,"parent":73888,"menu_order":0,"comment_status":"closed","ping_status":"closed","template":"","meta":{"_acf_changed":false,"footnotes":"","_links_to":"","_links_to_target":""},"product_category":[1205],"search_tags":[],"class_list":["post-75255","page","type-page","status-publish","product_category-asset-integrity-management"],"acf":[],"aioseo_notices":[],"_links":{"self":[{"href":"https:\/\/www.oceaneering.com\/de\/wp-json\/wp\/v2\/pages\/75255","targetHints":{"allow":["GET"]}}],"collection":[{"href":"https:\/\/www.oceaneering.com\/de\/wp-json\/wp\/v2\/pages"}],"about":[{"href":"https:\/\/www.oceaneering.com\/de\/wp-json\/wp\/v2\/types\/page"}],"author":[{"embeddable":true,"href":"https:\/\/www.oceaneering.com\/de\/wp-json\/wp\/v2\/users\/25"}],"replies":[{"embeddable":true,"href":"https:\/\/www.oceaneering.com\/de\/wp-json\/wp\/v2\/comments?post=75255"}],"version-history":[{"count":0,"href":"https:\/\/www.oceaneering.com\/de\/wp-json\/wp\/v2\/pages\/75255\/revisions"}],"up":[{"embeddable":true,"href":"https:\/\/www.oceaneering.com\/de\/wp-json\/wp\/v2\/pages\/73888"}],"wp:attachment":[{"href":"https:\/\/www.oceaneering.com\/de\/wp-json\/wp\/v2\/media?parent=75255"}],"wp:term":[{"taxonomy":"product_category","embeddable":true,"href":"https:\/\/www.oceaneering.com\/de\/wp-json\/wp\/v2\/product_category?post=75255"},{"taxonomy":"search_tags","embeddable":true,"href":"https:\/\/www.oceaneering.com\/de\/wp-json\/wp\/v2\/search_tags?post=75255"}],"curies":[{"name":"wp","href":"https:\/\/api.w.org\/{rel}","templated":true}]}}