{"id":75151,"date":"2025-02-14T05:24:20","date_gmt":"2025-02-14T11:24:20","guid":{"rendered":"https:\/\/www.oceaneering.com\/?page_id=75151"},"modified":"2025-10-21T03:49:48","modified_gmt":"2025-10-21T08:49:48","slug":"fixed-and-floating-structures","status":"publish","type":"page","link":"https:\/\/www.oceaneering.com\/de\/asset-integrity-management\/fixed-and-floating-structures\/","title":{"rendered":"Feste und schwimmende Bauwerke"},"content":{"rendered":"<p><a href=\"\/de\/asset-integrity\/#contact\" target=\"_self\"> Ein Projekt besprechen <\/a> Integrit\u00e4t der Verm\u00f6genswerte<\/p>\r\n<h1>Feste und schwimmende Bauwerke<\/h1>\r\n<p>Sichern Sie die strukturelle Integrit\u00e4t, die betriebliche Effizienz und die Einhaltung von Vorschriften und Industriestandards f\u00fcr Ihre Onshore-, Nearshore- und Offshore-Anlagen, unabh\u00e4ngig davon, ob es sich um feste oder schwimmende Anlagen handelt.<\/p>\r\n<h2>Reduzieren Sie Risiken und verl\u00e4ngern Sie die Lebensdauer Ihrer Anlagen<\/h2>\r\n<p>Setzen Sie ma\u00dfgeschneiderte Inspektions- und Wartungsstrategien ein, die sich auf die strukturellen Herausforderungen Ihrer Anlagen konzentrieren. Durch die Kombination unseres Fachwissens in den Bereichen Inspektion und Integrit\u00e4tsmanagement mit technischen Erkenntnissen k\u00f6nnen Sie sicherstellen, dass Ihre Anlagen f\u00fcr den weiteren Betrieb geeignet sind.<\/p>\r\n<p>&nbsp;<\/p>\r\n<h5>Offshore Topsides und Jacket-Strukturen<\/h5>\r\n<h3>Schwimmende Anlagen (Topsides und Marine)<\/h3>\r\n<h3>Offshore-Jack-Up-Strukturen<\/h3>\r\n<h3>\u00d6l- und Gasverarbeitungsanlagen<\/h3>\r\n<h3>Landgest\u00fctzte Industrieanlagen<\/h3>\r\n<h3>Infrastruktur f\u00fcr erneuerbare Energien<\/h3>\r\n<h2>Mit einer integrierten L\u00f6sung die Vorschriften einhalten<\/h2>\r\n<p>Setzen Sie auf eine wirklich integrierte L\u00f6sung, indem Sie unser Fachwissen in den Bereichen Integrit\u00e4tsmanagement, technische Analyse, Inspektion, Technologie und strukturelles Integrit\u00e4tsmanagement \u00fcber den gesamten Lebenszyklus hinweg mit unserer globalen Reichweite, unserer Flexibilit\u00e4t bei der Regulierung und unseren Digitalisierungsf\u00e4higkeiten kombinieren.<\/p>\r\n<h3>Inspektionsstrategie<\/h3>\r\n<p>Entwicklung und Durchf\u00fchrung von Inspektionsstrategien, die den einschl\u00e4gigen gesetzlichen Anforderungen entsprechen.<\/p>\r\n<h3>Digitale L\u00f6sungen<\/h3>\r\n<p>Mit Hilfe unserer INFORM Vision und unserer INFORM-Suite entwickeln wir digitale Zwillinge, die Inspektionen aus der Ferne und mit eingeschr\u00e4nktem Zugang erm\u00f6glichen und die Risiken f\u00fcr Personen an Bord reduzieren.<\/p>\r\n<h3>Datenverwaltung<\/h3>\r\n<p>Inspektionsdatenmanagement und Strategieaktualisierungen zur Gew\u00e4hrleistung der Datenintegrit\u00e4t, um den Einblick und die Entscheidungsf\u00e4higkeit zu maximieren.<\/p>\r\n<h3>Integrit\u00e4tsmanagement<\/h3>\r\n<p>T\u00e4gliches Structural Integrity Management (SIM) zur effektiven Optimierung und Bereitstellung Ihres Strukturprogramms.<\/p>\r\n<h3>Risikobasierte Inspektion (RBI) und Planung der Lebensdauerverl\u00e4ngerung<\/h3>\r\n<p>Risikobasierte Inspektions- und Lebensdauerbewertungen und -planungen, um sicherzustellen, dass Ihre Anlagen effektiv verwaltet werden.<\/p>\r\n<h3>Einhaltung der Vorschriften<\/h3>\r\n<p>Sicherstellung der Einhaltung von Vorschriften und Industriestandards durch die Betreiber, einschlie\u00dflich der Klassenanforderungen f\u00fcr schwimmende Anlagen<\/p>\r\n<h3>Erkennung und Bewertung<\/h3>\r\n<p>Die Erkennung von Anomalien, die Bewertung und die Empfehlungen f\u00fcr wirksame Abhilfema\u00dfnahmen sind vorhanden, um die Integrit\u00e4t zu wahren.<\/p>\r\n<h3>Strukturelle Inspektionen<\/h3>\r\n<p>Wir bieten umfassende L\u00f6sungen f\u00fcr die Inspektion von Bauwerken mit Hilfe von Drohnen, Mini-ROVs und fortschrittlichen ZfP-Techniken an und beraten \u00fcber die besten L\u00f6sungen zur Sicherung von Verm\u00f6genswerten.<\/p>\r\n<h3>Unterst\u00fctzung bei der Stilllegung<\/h3>\r\n<p>Unterst\u00fctzung der Anlagenintegrit\u00e4t w\u00e4hrend der Stilllegung, um zu gew\u00e4hrleisten, dass die baulichen Ma\u00dfnahmen in einer konformen, sicheren und kosteneffizienten Weise durchgef\u00fchrt werden.<\/p>\r\n<p><img loading=\"lazy\" decoding=\"async\" title=\"Platform-half-digital2\" src=\"https:\/\/www.oceaneering.com\/wp-content\/uploads\/2025\/06\/Platform-half-digital2.jpg\" alt=\"Platform-half-digital2\" width=\"1920\" height=\"1558\" \/> Digitalisieren Sie Ihre Integrit\u00e4t<\/p>\r\n<h2>INFORM\u2122 Software Suite<\/h2>\r\n<p>Wir haben den Inspektions- und Integrit\u00e4tskreislauf mit Softwarel\u00f6sungen digitalisiert, die pr\u00e4diktive Analysen unterst\u00fctzen, das Berichtswesen automatisieren und standardisieren sowie digitale Zwillinge und mobile Datenerfassung nutzen, um einen ganzheitlichen \u00dcberblick \u00fcber Ihre Anlagen zu erhalten.<\/p>\r\n<p>Verschaffen Sie sich umfassende betriebliche Transparenz und erm\u00f6glichen Sie schnellere, datengest\u00fctzte Entscheidungen, die Ausfallzeiten minimieren und die Ressourcenzuweisung optimieren. Die Module unserer INFORM\u2122 Software Suite digitalisieren Ihren gesamten Integrit\u00e4tsmanagementprozess, um Ihre anlagenbezogenen Daten besser zu nutzen und zu verwalten und die zuk\u00fcnftige Inspektionsplanung zu verfeinern.<\/p>\r\n<p><a href=\"https:\/\/www.oceaneering.com\/de\/asset-integrity-management\/digitizing-integrity\/\" target=\"_self\"> Mehr erfahren <\/a><\/p>\r\n<h1>Kontakt<\/h1>\r\n<h2>Unser Expertenteam ist bereit, Ihnen den Einstieg zu erleichtern.<\/h2>\r\n<p>Oceaneering bietet erstklassige Produkte und L\u00f6sungen, die sich durch unvergleichliche Qualit\u00e4t, Zuverl\u00e4ssigkeit und globalen Support auszeichnen. F\u00fcllen Sie das Anfrageformular aus, um noch heute ein Gespr\u00e4ch zu beginnen.<\/p>","protected":false},"excerpt":{"rendered":"<p>Discuss a Project Asset Integrity Fixed and Floating Structures Ensure the structural integrity, operational efficiency, and adherence to regulatory and industry standards for your onshore, nearshore, and offshore assets, whether they are fixed or floating. Reduce Risk and Extend Asset Life Adopt tailored inspection and maintenance strategies that focus on structural challenges specific to your &#8230; <a title=\"Feste und schwimmende Bauwerke\" class=\"read-more\" href=\"https:\/\/www.oceaneering.com\/de\/asset-integrity-management\/fixed-and-floating-structures\/\" aria-label=\"Mehr Informationen \u00fcber Fixed and Floating Structures\">Weiterlesen ...<\/a><\/p>","protected":false},"author":25,"featured_media":0,"parent":59710,"menu_order":0,"comment_status":"closed","ping_status":"closed","template":"","meta":{"_acf_changed":false,"footnotes":"","_links_to":"","_links_to_target":""},"product_category":[1205],"search_tags":[],"class_list":["post-75151","page","type-page","status-publish","product_category-asset-integrity-management"],"acf":[],"aioseo_notices":[],"_links":{"self":[{"href":"https:\/\/www.oceaneering.com\/de\/wp-json\/wp\/v2\/pages\/75151","targetHints":{"allow":["GET"]}}],"collection":[{"href":"https:\/\/www.oceaneering.com\/de\/wp-json\/wp\/v2\/pages"}],"about":[{"href":"https:\/\/www.oceaneering.com\/de\/wp-json\/wp\/v2\/types\/page"}],"author":[{"embeddable":true,"href":"https:\/\/www.oceaneering.com\/de\/wp-json\/wp\/v2\/users\/25"}],"replies":[{"embeddable":true,"href":"https:\/\/www.oceaneering.com\/de\/wp-json\/wp\/v2\/comments?post=75151"}],"version-history":[{"count":1,"href":"https:\/\/www.oceaneering.com\/de\/wp-json\/wp\/v2\/pages\/75151\/revisions"}],"predecessor-version":[{"id":79219,"href":"https:\/\/www.oceaneering.com\/de\/wp-json\/wp\/v2\/pages\/75151\/revisions\/79219"}],"up":[{"embeddable":true,"href":"https:\/\/www.oceaneering.com\/de\/wp-json\/wp\/v2\/pages\/59710"}],"wp:attachment":[{"href":"https:\/\/www.oceaneering.com\/de\/wp-json\/wp\/v2\/media?parent=75151"}],"wp:term":[{"taxonomy":"product_category","embeddable":true,"href":"https:\/\/www.oceaneering.com\/de\/wp-json\/wp\/v2\/product_category?post=75151"},{"taxonomy":"search_tags","embeddable":true,"href":"https:\/\/www.oceaneering.com\/de\/wp-json\/wp\/v2\/search_tags?post=75151"}],"curies":[{"name":"wp","href":"https:\/\/api.w.org\/{rel}","templated":true}]}}