{"id":75068,"date":"2025-02-10T03:47:06","date_gmt":"2025-02-10T09:47:06","guid":{"rendered":"https:\/\/www.oceaneering.com\/?page_id=75068"},"modified":"2025-06-30T06:58:59","modified_gmt":"2025-06-30T11:58:59","slug":"subsea-assets","status":"publish","type":"page","link":"https:\/\/www.oceaneering.com\/de\/asset-integrity-management\/subsea-assets\/","title":{"rendered":"Unterwasser-Verm\u00f6genswerte"},"content":{"rendered":"<a href=\"\/de\/asset-integrity\/#contact\" target=\"_self\">\n\t\t\t\t\t\t\tEin Projekt besprechen\n\t\t\t\t\t<\/a>\n\t\tIntegrit\u00e4t der Verm\u00f6genswerte\n<h1>\n\t\tUnterwasser-Verm\u00f6genswerte\n\t<\/h1>\n\t<p>Verringern Sie die Risiken, die mit Korrosion, Erosion, Materialverschlechterung, strukturellen Ausf\u00e4llen und Bedrohungen durch Dritte im Zusammenhang mit Ihren Unterwasserpipelines und -strukturen verbunden sind.<\/p>\n<h2>\n\t\tTransformieren Sie das Integrit\u00e4tsmanagement f\u00fcr Ihre Unterwasseranlagen\n\t<\/h2>\n\t<p>Nutzen Sie unsere Erfahrung und unser Fachwissen in der Unterwasserwelt und setzen Sie unser umfassendes Angebot an Design-, Konstruktions- und Analysefunktionen ein, um das Integrit\u00e4tsmanagement Ihrer Unterwasseranlagen zu verbessern.<\/p>\n<h2>\n\t\tBew\u00e4hrtes Integrit\u00e4tsmanagement im Lebenszyklus\n\t<\/h2>\n\t<p>Sch\u00fctzen Sie Ihre Anlagen mit unseren umfassenden Integrit\u00e4tsmanagement-L\u00f6sungen, die risikobasierte Inspektionen, modernste Inspektionswerkzeuge und jahrzehntelange Erfahrung im Unterwasserbereich kombinieren, um die Zuverl\u00e4ssigkeit und Leistung Ihrer Anlagen w\u00e4hrend ihres gesamten Lebenszyklus zu gew\u00e4hrleisten.<\/p>\n\t\t\t<h3>Integrit\u00e4tsbeurteilungen und risikobasierte Inspektionen (RBI)<\/h3>\t\t\t\n\t\t\t\t<p>Nutzen Sie unser technisches Fachwissen und unsere umfassende Erfahrung bei der Durchf\u00fchrung von Unterwasserinspektionen, um kosteneffiziente und optimierte RBI-Programme zu implementieren.<\/p>\n\t\t\t<h3>Engineering-gesteuerte Instandhaltung und Verl\u00e4ngerung der Lebensdauer von Anlagen<\/h3>\t\t\t\n\t\t\t\t<p>Reduzieren Sie Ausfallzeiten durch den Einsatz von Finite-Elemente-Analysen (FEA) und Computational Fluid Dynamics (CFD) zur Erkennung von Anomalien, zur Analyse der Gebrauchstauglichkeit und zur Wartungsplanung.<\/p>\n\t\t\t<h3>Pipeline-Integrit\u00e4tsmanagement-System (PIMS)<\/h3>\t\t\t\n\t\t\t\t<p>Wir bieten fachkundige Inspektionsplanung, Datenanalyse, Risikobewertung und Wartungsstrategien, um den sicheren, konformen und kosteneffizienten Betrieb von Unterwasserpipelines w\u00e4hrend ihres gesamten Lebenszyklus zu gew\u00e4hrleisten.\u00a0<\/p>\n\t\t\t<h3>Erosions- und Korrosionsmanagement<\/h3>\t\t\t\n\t\t\t\t<p>Verhindern Sie die Verschlechterung und Instabilit\u00e4t von Anlagen mit Hilfe von Expertenanalysen und Strategien zur Schadensbegrenzung f\u00fcr Spezialgebiete, einschlie\u00dflich fortschrittlicher Erosionsmodellierung und Materialauswahl, <a href=\"https:\/\/www.oceaneering.com\/de\/corrosion-management-and-engineering\/\">Korrosionsmanagement<\/a>und die Optimierung des kathodischen Schutzes.<\/p>\n\t\t\t<h3>Entwicklung von Notfall-Pipeline-Reparaturen und -Strategien (EPRS)<\/h3>\t\t\t\n\t\t\t\t<p>Mit unserer schnellen Reaktionsunterst\u00fctzung und der Entwicklung von Reparaturstrategien k\u00f6nnen Sie Ausf\u00e4lle von Anlagen beheben, die Einhaltung von Vorschriften sicherstellen und Ihre Umweltverantwortung verbessern.<\/p>\n\t\t\t<h3>Bewertung von Pipeline-Sch\u00e4den<\/h3>\t\t\t\n\t\t\t\t<p>Bereitstellung kritischer Einblicke in die strukturelle Integrit\u00e4t in \u00dcbereinstimmung mit dem Pipeline Defect Assessment Manual (PDAM), sobald Anomalien festgestellt werden.<\/p>\n\t\t\t\t<img loading=\"lazy\" decoding=\"async\" src=\"https:\/\/www.oceaneering.com\/wp-content\/uploads\/2025\/05\/Engineering-computing.jpg\" alt=\"Engineering-computing\" itemprop=\"image\" height=\"1688\" width=\"3000\" title=\"Technische Datenverarbeitung\" onerror=\"this.style.display='none'\"  \/>\n<h2>\n\t\tEngineering f\u00fcr komplexe Herausforderungen \n\t<\/h2>\n\t<p>Unser globales Team von Ingenieuren und Fachleuten unterst\u00fctzt rund um die Uhr Kunden in den Bereichen Energie, Kohlenstoffabscheidung und Wasserstoff und liefert technische und Risikomanagement-L\u00f6sungen zum Schutz von Anlagen in allen Branchen.<\/p>\n<ul>\n<li>Offshore-Pipelines: Piggable und Non-Piggable<\/li>\n<li>Unterwasser-Strukturen: Pipeline End Manifolds (PLEM), Flowline End Termination (FLET), Pipeline End Terminations PLET<\/li>\n<li>Steigleitungen<\/li>\n<\/ul>\n\t\t\t\t<img loading=\"lazy\" decoding=\"async\" src=\"https:\/\/www.oceaneering.com\/wp-content\/uploads\/2025\/05\/Vision_Split-Screen-View_no-edges-2.jpg\" alt=\"Vision_Split-Screen-View_no-edges-2\" itemprop=\"image\" height=\"1199\" width=\"1860\" title=\"Vision_Split-Screen-Ansicht_keine-R\u00e4nder-2\" onerror=\"this.style.display='none'\"  \/>\n<h3>\n\t\tINFORM\u2122 Software Suite\n\t<\/h3>\n\t<p>Integrieren Sie die fortschrittliche Analytik, Informationen aus digitalen Zwillingen und anpassbare risikobasierte Inspektionsrahmen (RBI), die in unserer INFORM\u2122 Software Suite enthalten sind. Die Module der Plattform kombinieren Echtzeit\u00fcberwachung und benutzerfreundliche Schnittstellen, um die Datenanalyse und Entscheidungsfindung zu optimieren.<\/p>\n\t\t\t<a href=\"https:\/\/www.oceaneering.com\/de\/asset-integrity-management\/digitizing-integrity\/\" target=\"_self\">\n\t\t\t\t\t\t\tMehr erfahren\n\t\t\t\t\t<\/a>\n\t\t\t\t<img loading=\"lazy\" decoding=\"async\" src=\"https:\/\/www.oceaneering.com\/wp-content\/uploads\/2023\/11\/Isurus-ROV-featured-image.jpg\" alt=\"Isurus-ROV-featured-image\" itemprop=\"image\" height=\"628\" width=\"1200\" title=\"Isurus-ROV-featured-image\" onerror=\"this.style.display='none'\"  \/>\n<h3>\n\t\tInspektionsdienste\n\t<\/h3>\n\t<p>Nutzen Sie die branchenweit fortschrittlichste Flotte von Unterwasserrobotern, innovative zerst\u00f6rungsfreie Pr\u00fcftechniken und hochaufl\u00f6sende Bildgebung, um Ihre vielf\u00e4ltigen Unterwasserinspektionsanforderungen zu erf\u00fcllen.<\/p>\n\t\t\t<a href=\"https:\/\/www.oceaneering.com\/de\/asset-integrity-management\/inspection\/\" target=\"_self\">\n\t\t\t\t\t\t\tMehr erfahren\n\t\t\t\t\t<\/a>\n\t\t\t\t\t\t\t\t\t<h3>Praxiserprobt. Branchenf\u00fchrend.<\/h3>\n\t\t\t\t\t\t\t\t\t<p>Lesen Sie Fallstudien, in denen beschrieben wird, wie wir unseren Kunden geholfen haben, die Integrit\u00e4t ihrer Unterwasserpipelines und -strukturen zu gew\u00e4hrleisten. <\/p>\n\t\t\t\t\t\t<a href=\"https:\/\/www.oceaneering.com\/de\/resources\/?_content_types=case-study\" target=\"_self\">\n\t\t\t\t\t\t\t\tAlle Fallstudien anzeigen\t\t\t\t\t\t\t\n\t\t\t\t\t\t\t\t\t\t\t\t\t<\/a>\n\t\t\t\t\t\t<button>\n\t\t\t\t\t\t\tVorherige\n\t\t\t\t\t\t<\/button>\n\t\t\t\t\t\t<button>\n\t\t\t\t\t\t\tWeiter\n\t\t\t\t\t\t<\/button>\n\t\t\t\t\t\t\t<a href=\"https:\/\/www.oceaneering.com\/de\/case-studies\/risk-based-inspection-assessment-enhances-safety-and-efficiency-for-19-pipelines-in-west-africa\/\">\n\t\t\t\t\t\t\t\t\t\t<img decoding=\"async\" src=\"https:\/\/www.oceaneering.com\/wp-content\/uploads\/2024\/12\/shutterstock_371173499-edited.jpg\" alt=\"\"\/>\n\t\t\t\t\t\t\t\t\t\t<h3>Risikobasierte Inspektionsbewertung erh\u00f6ht die Sicherheit und Effizienz von 19 Pipelines in Westafrika<\/h3>\n\t\t\t\t\t\t\t\t\t\t<h3>Risikobasierte Inspektionsbewertung erh\u00f6ht die Sicherheit und Effizienz von 19 Pipelines in Westafrika<\/h3>\n\t\t\t\t\t\t\t\t\t\t\t\t\t\t\t\t\t\t\t\t\t<p>Von Dezember 2023 bis M\u00e4rz 2024 f\u00fchrte ein Team von Oceaneering Pipeline- und Korrosionsingenieuren eine umfassende...<\/p>\n\t\t\t\t\t\t\t\t\t\t\tMehr erfahren\n\t\t\t\t\t\t\t<\/a>\n\t\t\t\t\t\t\t<a href=\"https:\/\/www.oceaneering.com\/de\/case-studies\/comprehensive-pipeline-integrity-management-in-the-north-sea\/\">\n\t\t\t\t\t\t\t\t\t\t<img decoding=\"async\" src=\"https:\/\/www.oceaneering.com\/wp-content\/uploads\/2024\/12\/shutterstock_2447240677-edited.jpg\" alt=\"\"\/>\n\t\t\t\t\t\t\t\t\t\t<h3>Umfassendes Integrit\u00e4tsmanagement f\u00fcr Pipelines in der Nordsee<\/h3>\n\t\t\t\t\t\t\t\t\t\t<h3>Umfassendes Integrit\u00e4tsmanagement f\u00fcr Pipelines in der Nordsee<\/h3>\n\t\t\t\t\t\t\t\t\t\t\t\t\t\t\t\t\t\t\t\t\t<p>Im Rahmen eines laufenden integrierten und umfassenden Integrit\u00e4tsdienstleistungsvertrags mit einem Gro\u00dfkunden werden unsere Ingenieure...<\/p>\n\t\t\t\t\t\t\t\t\t\t\tMehr erfahren\n\t\t\t\t\t\t\t<\/a>\n\t\t\t\t\t\t\t<a href=\"https:\/\/www.oceaneering.com\/de\/case-studies\/advanced-subsea-visual-metrology-solution-delivers-improved-data-quality-for-external-wall-loss-measurement\/\">\n\t\t\t\t\t\t\t\t\t\t<img decoding=\"async\" src=\"https:\/\/www.oceaneering.com\/wp-content\/uploads\/2024\/03\/ASVM-External-Pipeline-Wall-Los.jpg\" alt=\"\"\/>\n\t\t\t\t\t\t\t\t\t\t<h3>Fortschrittliche L\u00f6sung f\u00fcr die visuelle Unterwassermesstechnik liefert verbesserte Datenqualit\u00e4t f\u00fcr die Messung des externen Wandverlusts<\/h3>\n\t\t\t\t\t\t\t\t\t\t<h3>Fortschrittliche L\u00f6sung f\u00fcr die visuelle Unterwassermesstechnik liefert verbesserte Datenqualit\u00e4t f\u00fcr die Messung des externen Wandverlusts<\/h3>\n\t\t\t\t\t\t\t\t\t\t\t\t\t\t\t\t\t\t\t\t\t<p>Im November 2023 wurde Oceaneering von einem gro\u00dfen \u00d6l- und Gasbetreiber beauftragt, ein...<\/p>\n\t\t\t\t\t\t\t\t\t\t\tMehr erfahren\n\t\t\t\t\t\t\t<\/a>\n\t\t\t\t\t\t\t<a href=\"https:\/\/www.oceaneering.com\/de\/case-studies\/advanced-subsea-visual-metrology-solution-provides-images-and-3d-modelling-of-exceptional-quality\/\">\n\t\t\t\t\t\t\t\t\t\t<img decoding=\"async\" src=\"https:\/\/www.oceaneering.com\/wp-content\/uploads\/2024\/02\/ROV-and-chain.jpg\" alt=\"\"\/>\n\t\t\t\t\t\t\t\t\t\t<h3>Fortschrittliche L\u00f6sung f\u00fcr die visuelle Unterwassermetrologie liefert Bilder und 3D-Modelle von au\u00dfergew\u00f6hnlicher Qualit\u00e4t<\/h3>\n\t\t\t\t\t\t\t\t\t\t<h3>Fortschrittliche L\u00f6sung f\u00fcr die visuelle Unterwassermetrologie liefert Bilder und 3D-Modelle von au\u00dfergew\u00f6hnlicher Qualit\u00e4t<\/h3>\n\t\t\t\t\t\t\t\t\t\t\t\t\t\t\t\t\t\t\t\t\t<p>Im August 2023 setzte Oceaneering seine Advanced Subsea Visual Metrology (ASVM) Suite ein, um Daten zu sammeln, die mit...<\/p>\n\t\t\t\t\t\t\t\t\t\t\tMehr erfahren\n\t\t\t\t\t\t\t<\/a>\n\t\t\t\t\t\t\t<a href=\"https:\/\/www.oceaneering.com\/de\/case-studies\/innovative-photogrammetry-survey-offers-solution-for-damaged-riser-offshore-brazil\/\">\n\t\t\t\t\t\t\t\t\t\t<img decoding=\"async\" src=\"https:\/\/www.oceaneering.com\/wp-content\/uploads\/2021\/11\/Case-Study-Innovative-Oceaneering-Photogrammetry-Solution-aids-Customer-with-Damaged-Riser-in-Brazil-banner.jpg\" alt=\"\"\/>\n\t\t\t\t\t\t\t\t\t\t<h3>Innovative Photogrammetrievermessung bietet L\u00f6sung f\u00fcr besch\u00e4digte Steigleitung vor der K\u00fcste Brasiliens<\/h3>\n\t\t\t\t\t\t\t\t\t\t<h3>Innovative Photogrammetrievermessung bietet L\u00f6sung f\u00fcr besch\u00e4digte Steigleitung vor der K\u00fcste Brasiliens<\/h3>\n\t\t\t\t\t\t\t\t\t\t\t\t\t\t\t\t\t\t\t\t\t<p>W\u00e4hrend einer ROV-Inspektion der Anlagen eines Kunden vor der brasilianischen K\u00fcste stellte ein Oceaneering-Team fest, dass ein...<\/p>\n\t\t\t\t\t\t\t\t\t\t\tMehr erfahren\n\t\t\t\t\t\t\t<\/a>\n<h1>\n\t\tKontakt\n\t<\/h1>\n<h2>\n\t\tUnser Expertenteam ist bereit, Ihnen den Einstieg zu erleichtern.\n\t<\/h2>\n\t<p>Oceaneering bietet erstklassige Produkte und L\u00f6sungen, die sich durch unvergleichliche Qualit\u00e4t, Zuverl\u00e4ssigkeit und globalen Support auszeichnen. F\u00fcllen Sie das Anfrageformular aus, um noch heute ein Gespr\u00e4ch zu beginnen.<\/p>","protected":false},"excerpt":{"rendered":"<p>Diskutieren Sie \u00fcber ein Projekt Asset-Integrit\u00e4t Unterwasseranlagen Verringern Sie das Risiko, das mit Korrosion, Erosion, Materialverschlechterung, Strukturversagen und Bedrohungen durch Dritte im Zusammenhang mit Ihren Unterwasserrohrleitungen und -strukturen verbunden ist. Transformieren Sie das Integrit\u00e4tsmanagement Ihrer Unterwasseranlagen Nutzen Sie unsere Erfahrung und unser Fachwissen in der Unterwasserumgebung und verwenden Sie unser umfassendes Angebot an Design, ... <a title=\"Unterwasser-Verm\u00f6genswerte\" class=\"read-more\" href=\"https:\/\/www.oceaneering.com\/de\/asset-integrity-management\/subsea-assets\/\" aria-label=\"Mehr Informationen \u00fcber Subsea Assets\">Weiterlesen ...<\/a><\/p>","protected":false},"author":25,"featured_media":0,"parent":59710,"menu_order":0,"comment_status":"closed","ping_status":"closed","template":"","meta":{"_acf_changed":false,"footnotes":"","_links_to":"","_links_to_target":""},"product_category":[1205],"search_tags":[],"class_list":["post-75068","page","type-page","status-publish","product_category-asset-integrity-management"],"acf":[],"aioseo_notices":[],"_links":{"self":[{"href":"https:\/\/www.oceaneering.com\/de\/wp-json\/wp\/v2\/pages\/75068","targetHints":{"allow":["GET"]}}],"collection":[{"href":"https:\/\/www.oceaneering.com\/de\/wp-json\/wp\/v2\/pages"}],"about":[{"href":"https:\/\/www.oceaneering.com\/de\/wp-json\/wp\/v2\/types\/page"}],"author":[{"embeddable":true,"href":"https:\/\/www.oceaneering.com\/de\/wp-json\/wp\/v2\/users\/25"}],"replies":[{"embeddable":true,"href":"https:\/\/www.oceaneering.com\/de\/wp-json\/wp\/v2\/comments?post=75068"}],"version-history":[{"count":0,"href":"https:\/\/www.oceaneering.com\/de\/wp-json\/wp\/v2\/pages\/75068\/revisions"}],"up":[{"embeddable":true,"href":"https:\/\/www.oceaneering.com\/de\/wp-json\/wp\/v2\/pages\/59710"}],"wp:attachment":[{"href":"https:\/\/www.oceaneering.com\/de\/wp-json\/wp\/v2\/media?parent=75068"}],"wp:term":[{"taxonomy":"product_category","embeddable":true,"href":"https:\/\/www.oceaneering.com\/de\/wp-json\/wp\/v2\/product_category?post=75068"},{"taxonomy":"search_tags","embeddable":true,"href":"https:\/\/www.oceaneering.com\/de\/wp-json\/wp\/v2\/search_tags?post=75068"}],"curies":[{"name":"wp","href":"https:\/\/api.w.org\/{rel}","templated":true}]}}