{"id":75016,"date":"2025-02-04T05:20:02","date_gmt":"2025-02-04T11:20:02","guid":{"rendered":"https:\/\/www.oceaneering.com\/?page_id=75016"},"modified":"2025-06-30T06:59:40","modified_gmt":"2025-06-30T11:59:40","slug":"onshore-pipelines","status":"publish","type":"page","link":"https:\/\/www.oceaneering.com\/de\/asset-integrity-management\/onshore-pipelines\/","title":{"rendered":"Onshore-Pipelines"},"content":{"rendered":"<a href=\"\/de\/asset-integrity\/#contact\" target=\"_self\">\n\t\t\t\t\t\t\tEin Projekt besprechen\n\t\t\t\t\t<\/a>\n\t\tIntegrit\u00e4t der Verm\u00f6genswerte\n<h1>\n\t\tOnshore-Pipelines\n\t<\/h1>\n\t<p>Nutzen Sie einen proaktiven, datengesteuerten Integrit\u00e4ts- und Inspektionsansatz, um Ausf\u00e4llen vorzubeugen und gleichzeitig die Wartung zu optimieren und einen sicheren, gesetzeskonformen Betrieb zu gew\u00e4hrleisten.<\/p>\n<h2>\n\t\tGew\u00e4hrleistung von Integrit\u00e4t und Verl\u00e4sslichkeit \n\t<\/h2>\n\t<p>We support your pipelines throughout their lifecycle-from baseline surveys to midlife optimization, in-line inspection audits, life extension assessments, and decommissioning planning-ensuring safe, reliable operations at every stage. Mitigate risks, extend asset life, and maintain safe, reliable operations, ensuring regulatory compliance and optimized maintenance planning using our integrated approach.<\/p>\n<h2>\n\t\tUnterst\u00fctzung \u00fcber den gesamten Lebenszyklus  \n\t<\/h2>\n\t<p>Safeguard your onshore pipelines with our tailored engineering services that mitigate corrosion and mechanical damage. We align our services to your operational needs, providing expert-driven strategies, direct access to specialists, and full lifecycle support for your pipeline integrity management system (PIMS)-from commissioning to decommissioning.<\/p>\n\t\t\t<h3>Programme f\u00fcr risikobasierte Inspektionen (RBI)<\/h3>\t\t\t\n\t\t\t\t<p>Nutzen Sie qualitative und quantitative Risikobewertungen, um Pipeline-Segmente nach Risikostufen einzustufen.<\/p>\n\t\t\t<h3>Engineering-gesteuerte Instandhaltungsplanung<\/h3>\t\t\t\n\t\t\t\t<p>Optimieren Sie Planung und Ausgaben mit Strategien, die auf Ihr Unternehmen und globale Standards abgestimmt sind.<\/p>\n\t\t\t<h3>Integrit\u00e4tsbeurteilungen und Unterst\u00fctzung f\u00fcr nicht molchbare Rohrleitungen<\/h3>\t\t\t\n\t\t\t\t<p>Vorschl\u00e4ge f\u00fcr Inspektionstechnologien, Inspektionsorte, Korrosions\u00fcberwachungssysteme und externe Untersuchungen.<\/p>\n\t\t\t<h3>Bewertung der verbleibenden Lebensdauer und Entwicklung einer Strategie zur Verl\u00e4ngerung der Lebensdauer<\/h3>\t\t\t\n\t\t\t\t<p>Integrieren Sie die Analyse der Gebrauchstauglichkeit, die Korrosionsbewertung und die Risikobewertung, um die sichere Nutzungsdauer zu bestimmen.<\/p>\n\t\t\t<h3>In-Line-Inspektion (ILI) Audits <\/h3>\t\t\t\n\t\t\t\t<p>W\u00e4hlen Sie das pr\u00e4ziseste ILI-Tool f\u00fcr die Inspektion aus und analysieren Sie nach der Inspektion die ILI-Rohdaten und \u00fcberpr\u00fcfen Sie die Ergebnisse, um falsch-positive und -negative Ergebnisse zu reduzieren.<\/p>\n\t\t\t<h3>Korrosionstechnik und -management<\/h3>\t\t\t\n\t\t\t\t<p>Umfassende \u00dcberpr\u00fcfung und Bewertung der inneren und \u00e4u\u00dferen Korrosion.<\/p>\n\t\t\t<h3>Bewertung von Pipeline-Sch\u00e4den<\/h3>\t\t\t\n\t\t\t\t<p>Bereitstellung kritischer Einblicke in die strukturelle Integrit\u00e4t in \u00dcbereinstimmung mit dem Pipeline Defect Assessment Manual (PDAM), sobald Anomalien festgestellt werden.<\/p>\n\t\t\t<h3>Stilllegung und aufstrebende M\u00e4rkte  <\/h3>\t\t\t\n\t\t\t\t<p>Skizzieren Sie die Anforderungen und potenziellen Methoden f\u00fcr die sichere Aufgabe von Pipelines oder die Umnutzung von Pipelines (einschlie\u00dflich der Umstellung auf die Verwendung von CO2, H2 usw.).<\/p>\n<h2>\n\t\tIn-Line-Inspektion (ILI) Audits  \n\t<\/h2>\n<h2>\n\t\tWerkzeugauswahl und Daten\u00fcberpr\u00fcfung \n\t<\/h2>\n\t<p>Nutzen Sie die Erfahrung unserer Ingenieure zur Unterst\u00fctzung Ihrer ILI-Pr\u00fcfungsanforderungen. Von der Auswahl des am besten geeigneten ILI-Tools f\u00fcr die Inspektionsanforderungen bis hin zur Analyse der Daten nach der Inspektion k\u00f6nnen wir eine umfangreiche Erfolgsbilanz vorweisen, in der wir Betreibern durch unsere F\u00e4higkeit, ILI-Ergebnisse und Erkenntnisse zu bewerten und zu korrigieren, Geld sparen.<\/p>\n<p>Wir wissen, dass die Genauigkeit und Kalibrierung von Inspektionswerkzeugen, wie z. B. Molchen, Sensoren und anderen \u00dcberwachungsger\u00e4ten, f\u00fcr die Erstellung von Inline-Inspektionsberichten von entscheidender Bedeutung ist, und arbeiten daran, Sicherheitsrisiken zu beseitigen, die durch ungenaue oder unvollst\u00e4ndige Daten entstehen und zu falsch positiven Ergebnissen oder \u00fcbersehenen M\u00e4ngeln f\u00fchren k\u00f6nnen.<\/p>\n\t\t\t\t<img loading=\"lazy\" decoding=\"async\" src=\"https:\/\/www.oceaneering.com\/wp-content\/uploads\/2025\/03\/shutterstock_457503556.jpg\" alt=\"Pipeline distribution on twilight background.\" itemprop=\"image\" height=\"1280\" width=\"1920\" title=\"Hauptventil\" onerror=\"this.style.display='none'\"  \/>\n\t\t\t\t<img loading=\"lazy\" decoding=\"async\" src=\"https:\/\/www.oceaneering.com\/wp-content\/uploads\/2025\/05\/Vision_Split-Screen-View_no-edges-2.jpg\" alt=\"Vision_Split-Screen-View_no-edges-2\" itemprop=\"image\" height=\"1199\" width=\"1860\" title=\"Vision_Split-Screen-Ansicht_keine-R\u00e4nder-2\" onerror=\"this.style.display='none'\"  \/>\n<h3>\n\t\tINFORM\u2122 Software Suite\n\t<\/h3>\n\t<p>Mit der INFORM\u2122 Software Suite erhalten Sie die n\u00f6tigen Einblicke, um die Integrit\u00e4t Ihrer Pipelines \u00fcber den gesamten Lebenszyklus hinweg zu verwalten, zu \u00fcberwachen und zu erhalten. Die von Ingenieuren entwickelten Module bieten vollst\u00e4ndige Betriebstransparenz und erm\u00f6glichen schnellere, datengest\u00fctzte Entscheidungen, die Ausfallzeiten minimieren und die Ressourcenzuweisung optimieren, w\u00e4hrend sie die Digitalisierung Ihres gesamten Pipeline-Integrit\u00e4tsmanagementprozesses unterst\u00fctzen.<\/p>\n\t\t\t<a href=\"https:\/\/www.oceaneering.com\/de\/asset-integrity-management\/digitizing-integrity\/\" target=\"_self\">\n\t\t\t\t\t\t\tMehr erfahren\n\t\t\t<\/a>\n\t\t\t\t<img loading=\"lazy\" decoding=\"async\" src=\"https:\/\/www.oceaneering.com\/wp-content\/uploads\/2025\/04\/NDT.jpg\" alt=\"NDT Testing\" itemprop=\"image\" height=\"1282\" width=\"1920\" title=\"NDT-Pr\u00fcfung\" onerror=\"this.style.display='none'\"  \/>\n<h3>\n\t\tInspektionsdienste\n\t<\/h3>\n\t<p>Mit unseren Inspektionsdiensten, einschlie\u00dflich fortschrittlicher zerst\u00f6rungsfreier Pr\u00fcfverfahren (NDT) wie Radiographie und Ultraschall, k\u00f6nnen Sie die strukturelle Integrit\u00e4t Ihrer Rohrleitungen bewerten, Korrosion erkennen und deren Zustand \u00fcberwachen.<\/p>\n\t\t\t<a href=\"https:\/\/www.oceaneering.com\/de\/asset-integrity-management\/inspection\/\" target=\"_self\">\n\t\t\t\t\t\t\tMehr erfahren\n\t\t\t<\/a>\n\t\t\t\t\t\t\t\t\t<h3>Praxiserprobt. Branchenf\u00fchrend.<\/h3>\n\t\t\t\t\t\t\t\t\t<p>Lesen Sie unsere Fallstudien, die unser Fachwissen im Bereich der Onshore-Pipeline-Integrit\u00e4tstechnik detailliert beschreiben.  <\/p>\n\t\t\t\t\t\t<a href=\"https:\/\/www.oceaneering.com\/de\/resources\/?_content_types=case-study\" target=\"_self\">\n\t\t\t\t\t\t\t\tAlle Fallstudien anzeigen\t\t\t\t\t\t\t\n\t\t\t\t\t\t\t\t\t\t\t\t\t<\/a>\n\t\t\t\t\t\t<button>\n\t\t\t\t\t\t\tVorherige\n\t\t\t\t\t\t<\/button>\n\t\t\t\t\t\t<button>\n\t\t\t\t\t\t\tWeiter\n\t\t\t\t\t\t<\/button>\n\t\t\t\t\t\t\t<a href=\"https:\/\/www.oceaneering.com\/de\/case-studies\/risk-based-inspection-assessment-enhances-safety-and-efficiency-for-19-pipelines-in-west-africa\/\">\n\t\t\t\t\t\t\t\t\t\t<img decoding=\"async\" src=\"https:\/\/www.oceaneering.com\/wp-content\/uploads\/2024\/12\/shutterstock_371173499-edited.jpg\" alt=\"\"\/>\n\t\t\t\t\t\t\t\t\t\t<h3>Risikobasierte Inspektionsbewertung erh\u00f6ht die Sicherheit und Effizienz von 19 Pipelines in Westafrika<\/h3>\n\t\t\t\t\t\t\t\t\t\t<h3>Risikobasierte Inspektionsbewertung erh\u00f6ht die Sicherheit und Effizienz von 19 Pipelines in Westafrika<\/h3>\n\t\t\t\t\t\t\t\t\t\t\t\t\t\t\t\t\t\t\t\t\t<p>Von Dezember 2023 bis M\u00e4rz 2024 f\u00fchrte ein Team von Oceaneering Pipeline- und Korrosionsingenieuren eine umfassende...<\/p>\n\t\t\t\t\t\t\t\t\t\t\tMehr erfahren\n\t\t\t\t\t\t\t<\/a>\n\t\t\t\t\t\t\t<a href=\"https:\/\/www.oceaneering.com\/de\/case-studies\/comprehensive-pipeline-integrity-management-in-the-north-sea\/\">\n\t\t\t\t\t\t\t\t\t\t<img decoding=\"async\" src=\"https:\/\/www.oceaneering.com\/wp-content\/uploads\/2024\/12\/shutterstock_2447240677-edited.jpg\" alt=\"\"\/>\n\t\t\t\t\t\t\t\t\t\t<h3>Umfassendes Integrit\u00e4tsmanagement f\u00fcr Pipelines in der Nordsee<\/h3>\n\t\t\t\t\t\t\t\t\t\t<h3>Umfassendes Integrit\u00e4tsmanagement f\u00fcr Pipelines in der Nordsee<\/h3>\n\t\t\t\t\t\t\t\t\t\t\t\t\t\t\t\t\t\t\t\t\t<p>Im Rahmen eines laufenden integrierten und umfassenden Integrit\u00e4tsdienstleistungsvertrags mit einem Gro\u00dfkunden werden unsere Ingenieure...<\/p>\n\t\t\t\t\t\t\t\t\t\t\tMehr erfahren\n\t\t\t\t\t\t\t<\/a>\n<h1>\n\t\tKontakt\n\t<\/h1>\n<h2>\n\t\tUnser Expertenteam ist bereit, Ihnen den Einstieg zu erleichtern.\n\t<\/h2>\n\t<p>Oceaneering bietet erstklassige Produkte und L\u00f6sungen, die sich durch unvergleichliche Qualit\u00e4t, Zuverl\u00e4ssigkeit und globalen Support auszeichnen. F\u00fcllen Sie das Anfrageformular aus, um noch heute ein Gespr\u00e4ch zu beginnen.<\/p>","protected":false},"excerpt":{"rendered":"<p>Discuss a Project Asset Integrity Onshore Pipelines Leverage a proactive, data-driven integrity and inspection approach to prevent failures while optimizing maintenance and ensuring safe, compliant operations. Ensuring Integrity and Reliability We support your pipelines throughout their lifecycle-from baseline surveys to midlife optimization, in-line inspection audits, life extension assessments, and decommissioning planning-ensuring safe, reliable operations at &#8230; <a title=\"Onshore-Pipelines\" class=\"read-more\" href=\"https:\/\/www.oceaneering.com\/de\/asset-integrity-management\/onshore-pipelines\/\" aria-label=\"Mehr Informationen \u00fcber Onshore Pipelines\">Weiterlesen ...<\/a><\/p>","protected":false},"author":25,"featured_media":0,"parent":59710,"menu_order":0,"comment_status":"closed","ping_status":"closed","template":"","meta":{"_acf_changed":false,"footnotes":"","_links_to":"","_links_to_target":""},"product_category":[1205],"search_tags":[],"class_list":["post-75016","page","type-page","status-publish","product_category-asset-integrity-management"],"acf":[],"aioseo_notices":[],"_links":{"self":[{"href":"https:\/\/www.oceaneering.com\/de\/wp-json\/wp\/v2\/pages\/75016","targetHints":{"allow":["GET"]}}],"collection":[{"href":"https:\/\/www.oceaneering.com\/de\/wp-json\/wp\/v2\/pages"}],"about":[{"href":"https:\/\/www.oceaneering.com\/de\/wp-json\/wp\/v2\/types\/page"}],"author":[{"embeddable":true,"href":"https:\/\/www.oceaneering.com\/de\/wp-json\/wp\/v2\/users\/25"}],"replies":[{"embeddable":true,"href":"https:\/\/www.oceaneering.com\/de\/wp-json\/wp\/v2\/comments?post=75016"}],"version-history":[{"count":0,"href":"https:\/\/www.oceaneering.com\/de\/wp-json\/wp\/v2\/pages\/75016\/revisions"}],"up":[{"embeddable":true,"href":"https:\/\/www.oceaneering.com\/de\/wp-json\/wp\/v2\/pages\/59710"}],"wp:attachment":[{"href":"https:\/\/www.oceaneering.com\/de\/wp-json\/wp\/v2\/media?parent=75016"}],"wp:term":[{"taxonomy":"product_category","embeddable":true,"href":"https:\/\/www.oceaneering.com\/de\/wp-json\/wp\/v2\/product_category?post=75016"},{"taxonomy":"search_tags","embeddable":true,"href":"https:\/\/www.oceaneering.com\/de\/wp-json\/wp\/v2\/search_tags?post=75016"}],"curies":[{"name":"wp","href":"https:\/\/api.w.org\/{rel}","templated":true}]}}