{"id":74991,"date":"2025-02-03T07:10:55","date_gmt":"2025-02-03T13:10:55","guid":{"rendered":"https:\/\/www.oceaneering.com\/?page_id=74991"},"modified":"2025-06-25T07:43:01","modified_gmt":"2025-06-25T12:43:01","slug":"vibration-engineering","status":"publish","type":"page","link":"https:\/\/www.oceaneering.com\/de\/asset-integrity-management\/integrity-engineering\/vibration-engineering\/","title":{"rendered":"Schwingungstechnik"},"content":{"rendered":"<p><a href=\"\/de\/asset-integrity\/#contact\" target=\"_self\"> Ein Projekt besprechen <\/a><\/p>\r\n<h1>Schwingungstechnik<\/h1>\r\n<p>Bew\u00e4ltigen Sie Schwingungs- und Dynamikprobleme, die Ihre rotierenden Ger\u00e4te, Rohrleitungen und Strukturen betreffen.<\/p>\r\n<h2>Verhindern Sie vibrationsbedingte Ausfallzeiten<\/h2>\r\n<p>Verbessern Sie die Betriebssicherheit, reduzieren Sie Ausfallzeiten, mindern Sie Risiken, gew\u00e4hrleisten Sie die Einhaltung von Vorschriften und sorgen Sie f\u00fcr einen reibungslosen Ablauf Ihrer Onshore- und Offshore-Aktivit\u00e4ten mit ma\u00dfgeschneiderten schwingungstechnischen Dienstleistungen. Wir tragen dazu bei, ersch\u00fctterungsbedingte Freisetzungen von Kohlenwasserstoffen zu verhindern, die ein erhebliches Risiko darstellen und zu kostspieligen Stillst\u00e4nden und Umweltsch\u00e4den f\u00fchren k\u00f6nnen.<\/p>\r\n<p><img loading=\"lazy\" decoding=\"async\" title=\"Vibration-Engineering\" src=\"https:\/\/www.oceaneering.com\/wp-content\/uploads\/2025\/06\/Vibration-Engineering.jpg\" alt=\"Vibration-Engineering\" width=\"1587\" height=\"1116\" \/><\/p>\r\n<h2>Ma\u00dfgeschneiderte Dienstleistungen f\u00fcr einen sicheren Betrieb<\/h2>\r\n<p>Integrieren Sie unser Schwingungsmanagement und unsere umfassenden Integrit\u00e4tsdienste, damit Ihr Betrieb von proaktiven und reaktiven L\u00f6sungen, umfassenden Risikobewertungen und kontinuierlicher \u00dcberwachung profitieren kann. Unsere globale Pr\u00e4senz mit Ingenieuren und Technikern, die bereits vor Ort in den wichtigsten Regionen eingesetzt werden, bedeutet, dass Ihre Anlagen rund um die Uhr abgedeckt sind und Probleme angegangen werden, bevor sie eskalieren.<\/p>\r\n<h3>Vor-Ort-Messungen und Fehlerbehebung<\/h3>\r\n<p>Schwingungsmessungen, ODS (Operational Deflection Shape) und Modaltests zur Ermittlung von Schwingungsursachen in Rohrleitungen und Strukturen.<\/p>\r\n<h3>Erweiterte \u00dcberwachung<\/h3>\r\n<p>Systeme zur kontinuierlichen Schwingungs- und Belastungs\u00fcberwachung, einschlie\u00dflich eigensicherer Optionen.<\/p>\r\n<h3>Zustands\u00fcberwachung rotierender Anlagen<\/h3>\r\n<p>Entwicklung von \u00dcberwachungsprogrammen und Einsatz von personalgest\u00fctzten und automatisierten \u00dcberwachungssystemen.<\/p>\r\n<h3>Analyse der Bewegungsverst\u00e4rkung<\/h3>\r\n<p>Visualisiert strukturelle Bewegungen zur Diagnose von Schwingungsproblemen.<\/p>\r\n<h3>Analyse akustisch induzierter Schwingungen (AIV)<\/h3>\r\n<p>Analyse und Minderung von AIV zur Vermeidung von Erm\u00fcdungsrissen in Hochdruck-Gassystemen.<\/p>\r\n<h3>Analyse str\u00f6mungsinduzierter Schwingungen (FIV)<\/h3>\r\n<p>Umfassende Analyse und Eind\u00e4mmung von FIV in Rohrleitungssystemen durch Messungen, Berechnungen und Computational Fluid Dynamics (CFD).<\/p>\r\n<h3>Analyse der wirbelinduzierten Schwingungen (VIV) von Schutzrohren<\/h3>\r\n<p>Analyse und Entsch\u00e4rfung von Schutzrohr-VIV zur Verhinderung von Ausf\u00e4llen der Mechanik und der F\u00fchlerelemente.<\/p>\r\n<h3>Pulsationsanalyse<\/h3>\r\n<p>Analyse und Abschw\u00e4chung von Druckpulsationen in Rohrleitungssystemen.<\/p>\r\n<h3>Dynamische Finite-Elemente-Analyse (FEA)<\/h3>\r\n<p>FEA zur Bewertung von Strukturdynamik, Schwingungen und Spannungen in Strukturen und Rohrleitungen.<\/p>\r\n<h3>Bewertung der dynamischen Belastung und Erm\u00fcdungslebensdauer<\/h3>\r\n<p>Erm\u00fcdungsanalyse mit S-N-Kurven und Bruchmechanik zur Vorhersage der Lebensdauer von Bauteilen.<\/p>\r\n<h3>Risikobasierte Rohrleitungsbewertung nach EI-Richtlinien<\/h3>\r\n<p>Screening-Bewertung von Hauptleitungen und kleinen Anschlussleitungen unter Ber\u00fccksichtigung der mechanischen Konstruktion und der Prozessbedingungen.<\/p>\r\n<h3>Entwickelte L\u00f6sungen<\/h3>\r\n<p>Ma\u00dfgeschneiderte L\u00f6sungen zur Verringerung von Vibrationen, einschlie\u00dflich baulicher Ver\u00e4nderungen, D\u00e4mpfung und Isolierung.<\/p>\r\n<h3>Anti-Vibrations-Rohrst\u00fctzen-Design<\/h3>\r\n<p>Ma\u00dfgeschneiderte Halterungskonstruktion zur Vermeidung von Erm\u00fcdungsbr\u00fcchen in Rohrleitungen, die Vibrationen ausgesetzt sind.<\/p>\r\n<h2>L\u00f6sungen zur Schwingungs\u00fcberwachung<\/h2>\r\n<p>Unsere \u00dcberwachungsl\u00f6sungen liefern zuverl\u00e4ssige schwingungsbezogene Daten und helfen, die Integrit\u00e4t und Zuverl\u00e4ssigkeit Ihrer Systeme zu erhalten. Das tragbare Oceaneering Vibration Management System (OVMS), das drahtlose OVMS-\u00dcberwachungssystem und die Langzeit\u00fcberwachungssysteme (LTMS) bieten einen zusammenh\u00e4ngenden und robusten Rahmen f\u00fcr eine effektive Schwingungs\u00fcberwachung in verschiedenen Szenarien und Anforderungen.<\/p>\r\n<h3>OVMS Portable<\/h3>\r\n<p>Handheld-Screening-Tool f\u00fcr geschultes Personal unter Anleitung unserer Schwingungsexperten.<\/p>\r\n<h3>OVMS Drahtlose \u00dcberwachung<\/h3>\r\n<p>Ex-bewertete autonome Schwingungs\u00fcberwachung l\u00f6st planm\u00e4\u00dfig oder in Reaktion auf Schwingungsereignisse aus.<\/p>\r\n<h3>Langzeit-\u00dcberwachungssysteme<\/h3>\r\n<p>Kontinuierliche hochaufl\u00f6sende \u00dcberwachung von Schwingungen und Belastungen f\u00fcr kritische Systeme.<\/p>\r\n<h1>Kontakt<\/h1>\r\n<h2>Unser Expertenteam ist bereit, Ihnen den Einstieg zu erleichtern.<\/h2>\r\n<p>Oceaneering bietet erstklassige Produkte und L\u00f6sungen, die sich durch unvergleichliche Qualit\u00e4t, Zuverl\u00e4ssigkeit und globalen Support auszeichnen. F\u00fcllen Sie das Anfrageformular aus, um noch heute ein Gespr\u00e4ch zu beginnen.<\/p>","protected":false},"excerpt":{"rendered":"<p>Discuss a Project Vibration Engineering Manage vibration and dynamic issues affecting your rotating equipment, pipework, and structures. Prevent Vibration-Related Downtime Improve operational safety, reduce downtime, mitigate risks, ensure compliance, and keep your onshore and offshore operations running smoothly with tailored vibration engineering services. We help prevent vibration-related hydrocarbon releases that pose significant risks and can &#8230; <a title=\"Schwingungstechnik\" class=\"read-more\" href=\"https:\/\/www.oceaneering.com\/de\/asset-integrity-management\/integrity-engineering\/vibration-engineering\/\" aria-label=\"Mehr Informationen \u00fcber Vibration Engineering\">Weiterlesen ...<\/a><\/p>","protected":false},"author":25,"featured_media":0,"parent":73888,"menu_order":0,"comment_status":"closed","ping_status":"closed","template":"","meta":{"_acf_changed":false,"footnotes":"","_links_to":"","_links_to_target":""},"product_category":[],"search_tags":[],"class_list":["post-74991","page","type-page","status-publish"],"acf":[],"aioseo_notices":[],"_links":{"self":[{"href":"https:\/\/www.oceaneering.com\/de\/wp-json\/wp\/v2\/pages\/74991","targetHints":{"allow":["GET"]}}],"collection":[{"href":"https:\/\/www.oceaneering.com\/de\/wp-json\/wp\/v2\/pages"}],"about":[{"href":"https:\/\/www.oceaneering.com\/de\/wp-json\/wp\/v2\/types\/page"}],"author":[{"embeddable":true,"href":"https:\/\/www.oceaneering.com\/de\/wp-json\/wp\/v2\/users\/25"}],"replies":[{"embeddable":true,"href":"https:\/\/www.oceaneering.com\/de\/wp-json\/wp\/v2\/comments?post=74991"}],"version-history":[{"count":0,"href":"https:\/\/www.oceaneering.com\/de\/wp-json\/wp\/v2\/pages\/74991\/revisions"}],"up":[{"embeddable":true,"href":"https:\/\/www.oceaneering.com\/de\/wp-json\/wp\/v2\/pages\/73888"}],"wp:attachment":[{"href":"https:\/\/www.oceaneering.com\/de\/wp-json\/wp\/v2\/media?parent=74991"}],"wp:term":[{"taxonomy":"product_category","embeddable":true,"href":"https:\/\/www.oceaneering.com\/de\/wp-json\/wp\/v2\/product_category?post=74991"},{"taxonomy":"search_tags","embeddable":true,"href":"https:\/\/www.oceaneering.com\/de\/wp-json\/wp\/v2\/search_tags?post=74991"}],"curies":[{"name":"wp","href":"https:\/\/api.w.org\/{rel}","templated":true}]}}