{"id":74845,"date":"2025-01-16T02:03:26","date_gmt":"2025-01-16T08:03:26","guid":{"rendered":"https:\/\/www.oceaneering.com\/?page_id=74845"},"modified":"2025-10-21T01:49:39","modified_gmt":"2025-10-21T06:49:39","slug":"omnio-system","status":"publish","type":"page","link":"https:\/\/www.oceaneering.com\/de\/omnio-system\/","title":{"rendered":"Omnio-System"},"content":{"rendered":"<p><a href=\"https:\/\/www.oceaneering.com\/de\/rov-services\/#contact\" target=\"_self\"> Ein Projekt besprechen <\/a> ROV-Werkzeuge<\/p>\r\n<h1>Omnio\u2122 System<\/h1>\r\n<p>Transformation des Unterwasserbetriebs durch nahtlose, kontinuierliche Effizienz.<\/p>\r\n<h2>Entwickelt f\u00fcr Effizienz und Nachhaltigkeit<\/h2>\r\n<p>Das Omnio\u2122-System revolutioniert die Unterwasserarbeit, indem es kontinuierliche Unterwasserarbeiten erm\u00f6glicht, ohne dass die Ausr\u00fcstung f\u00fcr einen Werkzeugwechsel eingeholt werden muss. Sein fortschrittliches elektromechanisches Design bietet eine leistungsstarke, umweltfreundliche L\u00f6sung, die die Produktivit\u00e4t steigert, die Sicherheit erh\u00f6ht und Risiken reduziert. Omnio wurde f\u00fcr die Zukunft entwickelt und ist mit intelligenten Werkzeugentwicklungen kompatibel und bietet eine skalierbare, nachhaltige L\u00f6sung f\u00fcr Ihre sich entwickelnden betrieblichen Anforderungen.<\/p>\r\n<h3>Verbesserung der Kosteneffizienz des Betriebs<\/h3>\r\n<h3>Standardisierung nutzen und Effizienz steigern<\/h3>\r\n<h3>Unerreichte Leistung und Anpassungsf\u00e4higkeit<\/h3>\r\n<h3>Unterst\u00fctzung nachhaltiger Abl\u00e4ufe durch Design und Wartung<\/h3>\r\n<h2>Die Zukunft des Unterwasserbetriebs mit intelligenten, anpassungsf\u00e4higen L\u00f6sungen gestalten<\/h2>\r\n<p>Das Omnio\u2122-System ist das Ergebnis eines umfangreichen Entwicklungsprogramms, das darauf abzielt, eine L\u00f6sung zu liefern, die auf die sich entwickelnden Anforderungen der Unterwasserindustrie zugeschnitten ist. Das <a href=\"https:\/\/www.oceaneering.com\/de\/products\/omnio-drive-interface\/\">Omnio-Antriebsschnittstelle<\/a> l\u00e4sst sich nahtlos in eine breite Palette von Werkzeugen integrieren und erm\u00f6glicht so eine l\u00e4ngere Verweildauer in ROV-Kampagnen und gew\u00e4hrleistet einen zuverl\u00e4ssigen Betrieb bei verschiedenen Anwendungen.<\/p>\r\n<ul>\r\n<li>Bohrunterst\u00fctzung und Fertigstellung<\/li>\r\n<li>Leichte Eingriffe und Reparaturen<\/li>\r\n<li>Inspektion, Wartung und Reparatur (IMR) und Schiffsbetrieb<\/li>\r\n<li>Residente Unterwasserarbeiten<\/li>\r\n<li>Stromversorgung und Kommunikation f\u00fcr andere Unterwasserger\u00e4te<\/li>\r\n<\/ul>\r\n<h2>Das Omnio\u2122-System<\/h2>\r\n<p><a href=\"https:\/\/www.oceaneering.com\/de\/products\/omnio-transformer\/\"><img loading=\"lazy\" decoding=\"async\" title=\"250116Transformator | Oceaneering\" src=\"https:\/\/www.oceaneering.com\/wp-content\/uploads\/2025\/01\/250116_Transformer-1024x576.jpg\" sizes=\"auto, (max-width: 1024px) 100vw, 1024px\" srcset=\"https:\/\/www.oceaneering.com\/wp-content\/uploads\/2025\/01\/250116_Transformer-1024x576.jpg 1024w, https:\/\/www.oceaneering.com\/wp-content\/uploads\/2025\/01\/250116_Transformer-300x169.jpg 300w, https:\/\/www.oceaneering.com\/wp-content\/uploads\/2025\/01\/250116_Transformer-768x432.jpg 768w, https:\/\/www.oceaneering.com\/wp-content\/uploads\/2025\/01\/250116_Transformer-1536x864.jpg 1536w, https:\/\/www.oceaneering.com\/wp-content\/uploads\/2025\/01\/250116_Transformer-18x10.jpg 18w, https:\/\/www.oceaneering.com\/wp-content\/uploads\/2025\/01\/250116_Transformer-1280x720.jpg 1280w, https:\/\/www.oceaneering.com\/wp-content\/uploads\/2025\/01\/250116_Transformer-960x540.jpg 960w, https:\/\/www.oceaneering.com\/wp-content\/uploads\/2025\/01\/250116_Transformer-640x360.jpg 640w, https:\/\/www.oceaneering.com\/wp-content\/uploads\/2025\/01\/250116_Transformer-320x180.jpg 320w, https:\/\/www.oceaneering.com\/wp-content\/uploads\/2025\/01\/250116_Transformer.jpg 1920w\" alt=\"\" width=\"1024\" height=\"576\" \/><\/a><\/p>\r\n<h3><a href=\"https:\/\/www.oceaneering.com\/de\/products\/omnio-transformer\/\">Omnio-Transformator<\/a><\/h3>\r\n<p>Der Hochleistungstransformator verdoppelt die Kapazit\u00e4t und verbessert die Sicherheit, Zuverl\u00e4ssigkeit und Effizienz. <a href=\"https:\/\/www.oceaneering.com\/de\/products\/omnio-transformer\/\">Mehr erfahren<\/a> <a href=\"https:\/\/www.oceaneering.com\/de\/products\/omnio-drive-interface\/\"><img loading=\"lazy\" decoding=\"async\" title=\"Omnio Antriebsschnittstelle | Oceaneering\" src=\"https:\/\/www.oceaneering.com\/wp-content\/uploads\/2025\/01\/250110_01_Tool-Changer-1024x576.jpg\" sizes=\"auto, (max-width: 1024px) 100vw, 1024px\" srcset=\"https:\/\/www.oceaneering.com\/wp-content\/uploads\/2025\/01\/250110_01_Tool-Changer-1024x576.jpg 1024w, https:\/\/www.oceaneering.com\/wp-content\/uploads\/2025\/01\/250110_01_Tool-Changer-300x169.jpg 300w, https:\/\/www.oceaneering.com\/wp-content\/uploads\/2025\/01\/250110_01_Tool-Changer-768x432.jpg 768w, https:\/\/www.oceaneering.com\/wp-content\/uploads\/2025\/01\/250110_01_Tool-Changer-1536x864.jpg 1536w, https:\/\/www.oceaneering.com\/wp-content\/uploads\/2025\/01\/250110_01_Tool-Changer-18x10.jpg 18w, https:\/\/www.oceaneering.com\/wp-content\/uploads\/2025\/01\/250110_01_Tool-Changer-1280x720.jpg 1280w, https:\/\/www.oceaneering.com\/wp-content\/uploads\/2025\/01\/250110_01_Tool-Changer-960x540.jpg 960w, https:\/\/www.oceaneering.com\/wp-content\/uploads\/2025\/01\/250110_01_Tool-Changer-640x360.jpg 640w, https:\/\/www.oceaneering.com\/wp-content\/uploads\/2025\/01\/250110_01_Tool-Changer-320x180.jpg 320w, https:\/\/www.oceaneering.com\/wp-content\/uploads\/2025\/01\/250110_01_Tool-Changer.jpg 1920w\" alt=\"Omnio Drive Interface\" width=\"1024\" height=\"576\" \/><\/a><\/p>\r\n<h3><a href=\"https:\/\/www.oceaneering.com\/de\/products\/omnio-drive-interface\/\">Omnio Drive Schnittstelle<\/a><\/h3>\r\n<p>Die modulare Schnittstelle erm\u00f6glicht eine nahtlose Integration mit einer ganzen Reihe von Tools.<a href=\"https:\/\/www.oceaneering.com\/de\/products\/omnio-drive-interface\/\">Mehr erfahren<\/a> <a href=\"https:\/\/www.oceaneering.com\/de\/products\/omnio-class-1-4-torque-tool\/\"><img loading=\"lazy\" decoding=\"async\" title=\"TorqueTool | Oceaneering\" src=\"https:\/\/www.oceaneering.com\/wp-content\/uploads\/2025\/01\/Torque_Tool-1024x576.jpg\" sizes=\"auto, (max-width: 1024px) 100vw, 1024px\" srcset=\"https:\/\/www.oceaneering.com\/wp-content\/uploads\/2025\/01\/Torque_Tool-1024x576.jpg 1024w, https:\/\/www.oceaneering.com\/wp-content\/uploads\/2025\/01\/Torque_Tool-300x169.jpg 300w, https:\/\/www.oceaneering.com\/wp-content\/uploads\/2025\/01\/Torque_Tool-768x432.jpg 768w, https:\/\/www.oceaneering.com\/wp-content\/uploads\/2025\/01\/Torque_Tool-1536x864.jpg 1536w, https:\/\/www.oceaneering.com\/wp-content\/uploads\/2025\/01\/Torque_Tool-18x10.jpg 18w, https:\/\/www.oceaneering.com\/wp-content\/uploads\/2025\/01\/Torque_Tool-1280x720.jpg 1280w, https:\/\/www.oceaneering.com\/wp-content\/uploads\/2025\/01\/Torque_Tool-960x540.jpg 960w, https:\/\/www.oceaneering.com\/wp-content\/uploads\/2025\/01\/Torque_Tool-640x360.jpg 640w, https:\/\/www.oceaneering.com\/wp-content\/uploads\/2025\/01\/Torque_Tool-320x180.jpg 320w, https:\/\/www.oceaneering.com\/wp-content\/uploads\/2025\/01\/Torque_Tool.jpg 1920w\" alt=\"\" width=\"1024\" height=\"576\" \/><\/a><\/p>\r\n<h3><a href=\"https:\/\/www.oceaneering.com\/de\/products\/omnio-class-1-4-torque-tool\/\">Omnio-Drehmomentwerkzeug Klasse 1-4<\/a><\/h3>\r\n<p>\u00c4u\u00dferst anpassungsf\u00e4higes Drehmomentwerkzeug mit fortschrittlichen Sicherheits- und Betriebsfunktionen. <a href=\"https:\/\/www.oceaneering.com\/de\/products\/omnio-class-1-4-torque-tool\/\">Mehr erfahren<\/a> <a href=\"https:\/\/www.oceaneering.com\/de\/products\/omnio-low-torque-tool-and-paddle-tool\/\"><img loading=\"lazy\" decoding=\"async\" title=\"PaddleTools1 | Oceaneering\" src=\"https:\/\/www.oceaneering.com\/wp-content\/uploads\/2025\/01\/Paddle_Tools_1-1024x576.jpg\" sizes=\"auto, (max-width: 1024px) 100vw, 1024px\" srcset=\"https:\/\/www.oceaneering.com\/wp-content\/uploads\/2025\/01\/Paddle_Tools_1-1024x576.jpg 1024w, https:\/\/www.oceaneering.com\/wp-content\/uploads\/2025\/01\/Paddle_Tools_1-300x169.jpg 300w, https:\/\/www.oceaneering.com\/wp-content\/uploads\/2025\/01\/Paddle_Tools_1-768x432.jpg 768w, https:\/\/www.oceaneering.com\/wp-content\/uploads\/2025\/01\/Paddle_Tools_1-1536x864.jpg 1536w, https:\/\/www.oceaneering.com\/wp-content\/uploads\/2025\/01\/Paddle_Tools_1-18x10.jpg 18w, https:\/\/www.oceaneering.com\/wp-content\/uploads\/2025\/01\/Paddle_Tools_1-1280x720.jpg 1280w, https:\/\/www.oceaneering.com\/wp-content\/uploads\/2025\/01\/Paddle_Tools_1-960x540.jpg 960w, https:\/\/www.oceaneering.com\/wp-content\/uploads\/2025\/01\/Paddle_Tools_1-640x360.jpg 640w, https:\/\/www.oceaneering.com\/wp-content\/uploads\/2025\/01\/Paddle_Tools_1-320x180.jpg 320w, https:\/\/www.oceaneering.com\/wp-content\/uploads\/2025\/01\/Paddle_Tools_1.jpg 1920w\" alt=\"Omnio Tooling Paddle Tools\" width=\"1024\" height=\"576\" \/><\/a><\/p>\r\n<h3><a href=\"https:\/\/www.oceaneering.com\/de\/products\/omnio-low-torque-tool-and-paddle-tool\/\">Omnio Low Torque Tool und Paddle Tool<\/a><\/h3>\r\n<p>Unterst\u00fctzt den Betrieb mit geringem Drehmoment und das Paddeln.<a href=\"https:\/\/www.oceaneering.com\/de\/products\/omnio-low-torque-tool-and-paddle-tool\/\">Mehr erfahren<\/a> <a href=\"https:\/\/www.oceaneering.com\/de\/products\/omnio-wellhead-cleaning-tool\/\"><img loading=\"lazy\" decoding=\"async\" title=\"WellheadCleaningTool | Oceaneering\" src=\"https:\/\/www.oceaneering.com\/wp-content\/uploads\/2025\/01\/Wellhead_Cleaning_Tool-1024x576.jpg\" sizes=\"auto, (max-width: 1024px) 100vw, 1024px\" srcset=\"https:\/\/www.oceaneering.com\/wp-content\/uploads\/2025\/01\/Wellhead_Cleaning_Tool-1024x576.jpg 1024w, https:\/\/www.oceaneering.com\/wp-content\/uploads\/2025\/01\/Wellhead_Cleaning_Tool-300x169.jpg 300w, https:\/\/www.oceaneering.com\/wp-content\/uploads\/2025\/01\/Wellhead_Cleaning_Tool-768x432.jpg 768w, https:\/\/www.oceaneering.com\/wp-content\/uploads\/2025\/01\/Wellhead_Cleaning_Tool-1536x864.jpg 1536w, https:\/\/www.oceaneering.com\/wp-content\/uploads\/2025\/01\/Wellhead_Cleaning_Tool-18x10.jpg 18w, https:\/\/www.oceaneering.com\/wp-content\/uploads\/2025\/01\/Wellhead_Cleaning_Tool-1280x720.jpg 1280w, https:\/\/www.oceaneering.com\/wp-content\/uploads\/2025\/01\/Wellhead_Cleaning_Tool-960x540.jpg 960w, https:\/\/www.oceaneering.com\/wp-content\/uploads\/2025\/01\/Wellhead_Cleaning_Tool-640x360.jpg 640w, https:\/\/www.oceaneering.com\/wp-content\/uploads\/2025\/01\/Wellhead_Cleaning_Tool-320x180.jpg 320w, https:\/\/www.oceaneering.com\/wp-content\/uploads\/2025\/01\/Wellhead_Cleaning_Tool.jpg 1920w\" alt=\"\" width=\"1024\" height=\"576\" \/><\/a><\/p>\r\n<h3><a href=\"https:\/\/www.oceaneering.com\/de\/products\/omnio-wellhead-cleaning-tool\/\">Omnio Bohrlochkopf-Reinigungswerkzeug<\/a><\/h3>\r\n<p>Reinigt und pflegt die Oberfl\u00e4chen von Bohrlochk\u00f6pfen, um deren Funktionsf\u00e4higkeit zu gew\u00e4hrleisten. <a href=\"https:\/\/www.oceaneering.com\/de\/products\/omnio-wellhead-cleaning-tool\/\">Mehr erfahren<\/a> <a href=\"https:\/\/www.oceaneering.com\/de\/products\/omnio-gasket-ring-tool\/\"><img loading=\"lazy\" decoding=\"async\" title=\"GasketRingTool | Oceaneering\" src=\"https:\/\/www.oceaneering.com\/wp-content\/uploads\/2025\/01\/Gasket_Ring_Tool-1024x576.jpg\" sizes=\"auto, (max-width: 1024px) 100vw, 1024px\" srcset=\"https:\/\/www.oceaneering.com\/wp-content\/uploads\/2025\/01\/Gasket_Ring_Tool-1024x576.jpg 1024w, https:\/\/www.oceaneering.com\/wp-content\/uploads\/2025\/01\/Gasket_Ring_Tool-300x169.jpg 300w, https:\/\/www.oceaneering.com\/wp-content\/uploads\/2025\/01\/Gasket_Ring_Tool-768x432.jpg 768w, https:\/\/www.oceaneering.com\/wp-content\/uploads\/2025\/01\/Gasket_Ring_Tool-1536x864.jpg 1536w, https:\/\/www.oceaneering.com\/wp-content\/uploads\/2025\/01\/Gasket_Ring_Tool-18x10.jpg 18w, https:\/\/www.oceaneering.com\/wp-content\/uploads\/2025\/01\/Gasket_Ring_Tool-1280x720.jpg 1280w, https:\/\/www.oceaneering.com\/wp-content\/uploads\/2025\/01\/Gasket_Ring_Tool-960x540.jpg 960w, https:\/\/www.oceaneering.com\/wp-content\/uploads\/2025\/01\/Gasket_Ring_Tool-640x360.jpg 640w, https:\/\/www.oceaneering.com\/wp-content\/uploads\/2025\/01\/Gasket_Ring_Tool-320x180.jpg 320w, https:\/\/www.oceaneering.com\/wp-content\/uploads\/2025\/01\/Gasket_Ring_Tool.jpg 1920w\" alt=\"Gasket Ring Tool\" width=\"1024\" height=\"576\" \/><\/a><\/p>\r\n<h3><a href=\"https:\/\/www.oceaneering.com\/de\/products\/omnio-gasket-ring-tool\/\">Omnio Dichtungsring-Werkzeug<\/a><\/h3>\r\n<p>Erm\u00f6glicht den sicheren und effizienten Aus- und Einbau von Dichtungsringen in Unterwasserumgebungen. <a href=\"https:\/\/www.oceaneering.com\/de\/products\/omnio-gasket-ring-tool\/\">Mehr erfahren<\/a> <a href=\"https:\/\/www.oceaneering.com\/de\/products\/omnio-cleaning-brush\/\"><img loading=\"lazy\" decoding=\"async\" title=\"Mehrzweck-Reinigungswerkzeug01 | Oceaneering\" src=\"https:\/\/www.oceaneering.com\/wp-content\/uploads\/2025\/01\/Multi_Purpose_Cleaning_Tool_01-1024x576.jpg\" sizes=\"auto, (max-width: 1024px) 100vw, 1024px\" srcset=\"https:\/\/www.oceaneering.com\/wp-content\/uploads\/2025\/01\/Multi_Purpose_Cleaning_Tool_01-1024x576.jpg 1024w, https:\/\/www.oceaneering.com\/wp-content\/uploads\/2025\/01\/Multi_Purpose_Cleaning_Tool_01-300x169.jpg 300w, https:\/\/www.oceaneering.com\/wp-content\/uploads\/2025\/01\/Multi_Purpose_Cleaning_Tool_01-768x432.jpg 768w, https:\/\/www.oceaneering.com\/wp-content\/uploads\/2025\/01\/Multi_Purpose_Cleaning_Tool_01-1536x864.jpg 1536w, https:\/\/www.oceaneering.com\/wp-content\/uploads\/2025\/01\/Multi_Purpose_Cleaning_Tool_01-18x10.jpg 18w, https:\/\/www.oceaneering.com\/wp-content\/uploads\/2025\/01\/Multi_Purpose_Cleaning_Tool_01-1280x720.jpg 1280w, https:\/\/www.oceaneering.com\/wp-content\/uploads\/2025\/01\/Multi_Purpose_Cleaning_Tool_01-960x540.jpg 960w, https:\/\/www.oceaneering.com\/wp-content\/uploads\/2025\/01\/Multi_Purpose_Cleaning_Tool_01-640x360.jpg 640w, https:\/\/www.oceaneering.com\/wp-content\/uploads\/2025\/01\/Multi_Purpose_Cleaning_Tool_01-320x180.jpg 320w, https:\/\/www.oceaneering.com\/wp-content\/uploads\/2025\/01\/Multi_Purpose_Cleaning_Tool_01.jpg 1920w\" alt=\"OmniO Multipurpose Cleaning Tool\" width=\"1024\" height=\"576\" \/><\/a><\/p>\r\n<h3><a href=\"https:\/\/www.oceaneering.com\/de\/products\/omnio-cleaning-brush\/\">Omnio Reinigungsb\u00fcrste<\/a><\/h3>\r\n<p>Entfernt Ablagerungen und Meeresbewuchs aus den schwierigsten Unterwassergeometrien.<a href=\"https:\/\/www.oceaneering.com\/de\/products\/omnio-cleaning-brush\/\">Mehr erfahren<\/a> <a href=\"https:\/\/www.oceaneering.com\/de\/products\/omnio-equipment-basket\/\"><img loading=\"lazy\" decoding=\"async\" title=\"BasketRender02 | Oceaneering\" src=\"https:\/\/www.oceaneering.com\/wp-content\/uploads\/2025\/01\/Basket_Render_02-1024x576.jpg\" sizes=\"auto, (max-width: 1024px) 100vw, 1024px\" srcset=\"https:\/\/www.oceaneering.com\/wp-content\/uploads\/2025\/01\/Basket_Render_02-1024x576.jpg 1024w, https:\/\/www.oceaneering.com\/wp-content\/uploads\/2025\/01\/Basket_Render_02-300x169.jpg 300w, https:\/\/www.oceaneering.com\/wp-content\/uploads\/2025\/01\/Basket_Render_02-768x432.jpg 768w, https:\/\/www.oceaneering.com\/wp-content\/uploads\/2025\/01\/Basket_Render_02-1536x864.jpg 1536w, https:\/\/www.oceaneering.com\/wp-content\/uploads\/2025\/01\/Basket_Render_02-18x10.jpg 18w, https:\/\/www.oceaneering.com\/wp-content\/uploads\/2025\/01\/Basket_Render_02-1280x720.jpg 1280w, https:\/\/www.oceaneering.com\/wp-content\/uploads\/2025\/01\/Basket_Render_02-960x540.jpg 960w, https:\/\/www.oceaneering.com\/wp-content\/uploads\/2025\/01\/Basket_Render_02-640x360.jpg 640w, https:\/\/www.oceaneering.com\/wp-content\/uploads\/2025\/01\/Basket_Render_02-320x180.jpg 320w, https:\/\/www.oceaneering.com\/wp-content\/uploads\/2025\/01\/Basket_Render_02.jpg 1920w\" alt=\"OmniO Tooling Tooling Basket\" width=\"1024\" height=\"576\" \/><\/a><\/p>\r\n<h3><a href=\"https:\/\/www.oceaneering.com\/de\/products\/omnio-equipment-basket\/\">Omnio Ausr\u00fcstungskorb<\/a><\/h3>\r\n<p>Konfigurierbare L\u00f6sungen f\u00fcr den Transport und das Verstauen von Werkzeugen und Ausr\u00fcstung zur Unterst\u00fctzung von Unterwasserarbeiten. <a href=\"https:\/\/www.oceaneering.com\/de\/products\/omnio-equipment-basket\/\">Mehr erfahren<\/a> <a href=\"https:\/\/www.oceaneering.com\/de\/products\/omnio-ipfcm\/\"><img loading=\"lazy\" decoding=\"async\" title=\"250116IPFCMBox | Oceaneering\" src=\"https:\/\/www.oceaneering.com\/wp-content\/uploads\/2025\/01\/250116_IPFCM_Box-1024x576.jpg\" sizes=\"auto, (max-width: 1024px) 100vw, 1024px\" srcset=\"https:\/\/www.oceaneering.com\/wp-content\/uploads\/2025\/01\/250116_IPFCM_Box-1024x576.jpg 1024w, https:\/\/www.oceaneering.com\/wp-content\/uploads\/2025\/01\/250116_IPFCM_Box-300x169.jpg 300w, https:\/\/www.oceaneering.com\/wp-content\/uploads\/2025\/01\/250116_IPFCM_Box-768x432.jpg 768w, https:\/\/www.oceaneering.com\/wp-content\/uploads\/2025\/01\/250116_IPFCM_Box-1536x864.jpg 1536w, https:\/\/www.oceaneering.com\/wp-content\/uploads\/2025\/01\/250116_IPFCM_Box-18x10.jpg 18w, https:\/\/www.oceaneering.com\/wp-content\/uploads\/2025\/01\/250116_IPFCM_Box-1280x720.jpg 1280w, https:\/\/www.oceaneering.com\/wp-content\/uploads\/2025\/01\/250116_IPFCM_Box-960x540.jpg 960w, https:\/\/www.oceaneering.com\/wp-content\/uploads\/2025\/01\/250116_IPFCM_Box-640x360.jpg 640w, https:\/\/www.oceaneering.com\/wp-content\/uploads\/2025\/01\/250116_IPFCM_Box-320x180.jpg 320w, https:\/\/www.oceaneering.com\/wp-content\/uploads\/2025\/01\/250116_IPFCM_Box.jpg 1920w\" alt=\"\" width=\"1024\" height=\"576\" \/><\/a><\/p>\r\n<h3><a href=\"https:\/\/www.oceaneering.com\/de\/products\/omnio-ipfcm\/\">Omnio iPFCM<\/a><\/h3>\r\n<p>Verbessert die Stromverteilung, unterst\u00fctzt mehrere Spannungen und erm\u00f6glicht eine flexible Offshore-Integration.<a href=\"https:\/\/www.oceaneering.com\/de\/products\/omnio-ipfcm\/\">Mehr erfahren<\/a><\/p>\r\n<!-- .pp-content-posts -->\r\n<h1>Kontakt<\/h1>\r\n<h2>Unser Expertenteam ist bereit, Ihnen den Einstieg zu erleichtern.<\/h2>\r\n<p>Oceaneering bietet erstklassige Produkte und L\u00f6sungen, die sich durch unvergleichliche Qualit\u00e4t, Zuverl\u00e4ssigkeit und globalen Support auszeichnen. F\u00fcllen Sie das Anfrageformular aus, um noch heute ein Gespr\u00e4ch zu beginnen.<\/p>","protected":false},"excerpt":{"rendered":"<p>Diskutieren Sie ein Projekt ROV Tooling Omnio\u2122 System Transformiert Unterwasserarbeiten mit nahtloser, kontinuierlicher Effizienz. Entwickelt f\u00fcr Effizienz und Nachhaltigkeit Das Omnio\u2122-System revolutioniert die Unterwasserarbeit, indem es kontinuierliche Unterwasserarbeiten erm\u00f6glicht, ohne dass die Ausr\u00fcstung f\u00fcr einen Werkzeugwechsel eingeholt werden muss. Sein fortschrittliches elektromechanisches Design bietet eine leistungsstarke, umweltfreundliche L\u00f6sung, die die Produktivit\u00e4t verbessert, die Sicherheit erh\u00f6ht und die ... <a title=\"Omnio-System\" class=\"read-more\" href=\"https:\/\/www.oceaneering.com\/de\/omnio-system\/\" aria-label=\"Mehr Informationen \u00fcber Omnio System\">Weiterlesen ...<\/a><\/p>","protected":false},"author":25,"featured_media":0,"parent":0,"menu_order":0,"comment_status":"closed","ping_status":"closed","template":"","meta":{"_acf_changed":false,"footnotes":"","_links_to":"","_links_to_target":""},"product_category":[],"search_tags":[],"class_list":["post-74845","page","type-page","status-publish"],"acf":[],"aioseo_notices":[],"_links":{"self":[{"href":"https:\/\/www.oceaneering.com\/de\/wp-json\/wp\/v2\/pages\/74845","targetHints":{"allow":["GET"]}}],"collection":[{"href":"https:\/\/www.oceaneering.com\/de\/wp-json\/wp\/v2\/pages"}],"about":[{"href":"https:\/\/www.oceaneering.com\/de\/wp-json\/wp\/v2\/types\/page"}],"author":[{"embeddable":true,"href":"https:\/\/www.oceaneering.com\/de\/wp-json\/wp\/v2\/users\/25"}],"replies":[{"embeddable":true,"href":"https:\/\/www.oceaneering.com\/de\/wp-json\/wp\/v2\/comments?post=74845"}],"version-history":[{"count":3,"href":"https:\/\/www.oceaneering.com\/de\/wp-json\/wp\/v2\/pages\/74845\/revisions"}],"predecessor-version":[{"id":79201,"href":"https:\/\/www.oceaneering.com\/de\/wp-json\/wp\/v2\/pages\/74845\/revisions\/79201"}],"wp:attachment":[{"href":"https:\/\/www.oceaneering.com\/de\/wp-json\/wp\/v2\/media?parent=74845"}],"wp:term":[{"taxonomy":"product_category","embeddable":true,"href":"https:\/\/www.oceaneering.com\/de\/wp-json\/wp\/v2\/product_category?post=74845"},{"taxonomy":"search_tags","embeddable":true,"href":"https:\/\/www.oceaneering.com\/de\/wp-json\/wp\/v2\/search_tags?post=74845"}],"curies":[{"name":"wp","href":"https:\/\/api.w.org\/{rel}","templated":true}]}}