{"id":74198,"date":"2024-10-29T06:33:44","date_gmt":"2024-10-29T11:33:44","guid":{"rendered":"https:\/\/www.oceaneering.com\/?page_id=74198"},"modified":"2024-12-03T04:56:07","modified_gmt":"2024-12-03T10:56:07","slug":"carbon-capture-and-storage","status":"publish","type":"page","link":"https:\/\/www.oceaneering.com\/de\/renewable-energy-solutions\/carbon-capture-and-storage\/","title":{"rendered":"Abscheidung und Speicherung von Kohlenstoff"},"content":{"rendered":"<a href=\"https:\/\/www.oceaneering.com\/de\/renewable-energy-solutions\/#contact\" target=\"_self\">\n\t\t\t\t\t\t\tEin Projekt besprechen\n\t\t\t\t\t<\/a>\n\t\tErneuerbare Energie\n<h1>\n\t\tAbscheidung und Speicherung von Kohlenstoff\n\t<\/h1>\n\t<p>Erreichen Sie Ihre Umwelt- und Nachhaltigkeitsziele sicher und kosteneffizient.<\/p>\n\t\t\t<a href=\"https:\/\/oceaneering.canto.com\/download\/document\/7dqmk12v0t6k9e44mni2qif53u\/original.pdf\" target=\"_blank\" rel=\"noopener\">\n\t\t\t\t\t\t\tUnterst\u00fctzung der Kohlenstoffabscheidung und -speicherung durch L\u00f6sungen f\u00fcr den gesamten Lebenszyklus\n\t\t\t\t\t<\/a>\n<h2>\n\t\tSichere und bew\u00e4hrte L\u00f6sungen zur Kohlenstoffabscheidung in jeder Umgebung\n\t<\/h2>\n\t<p>Carbon Capture and Storage (CCS) captures CO2 at the source-from fossil fuel production to industrial processes-or removes it directly from the atmosphere. With decades of proven experience in extreme environments, we deliver safe, effective CCS solutions across industries.<\/p>\n<h3>\n\t\tDurchf\u00fchrung von Operationen in extremen Umgebungen\n\t<\/h3>\n<h3>\n\t\tOptimieren Sie Betriebs- und Wartungsprogramme \n\t<\/h3>\n<h3>\n\t\tVerbesserung der Projektwirtschaftlichkeit und Verringerung des Risikos mit Resident Robotics\n\t<\/h3>\n<h2>\n\t\tMaximieren Sie die Effizienz mit zuverl\u00e4ssigen L\u00f6sungen\n\t<\/h2>\n\t<p>Unsere auf Sicherheit, Zuverl\u00e4ssigkeit und Kosteneffizienz ausgerichteten Inspektions- und \u00dcberwachungsprogramme erm\u00f6glichen die fr\u00fchzeitige Erkennung von Ausfallrisiken und gew\u00e4hrleisten die Integrit\u00e4t der Anlagen. Branchenf\u00fchrende Technologien wie die Unterwasser-Robotik und die Oceaneering Rotator Chemical Throttle Valves st\u00e4rken den CCS-Betrieb durch un\u00fcbertroffene Leistung.<\/p>\n\t\t\t\tDrill Support\n\t\t\t\tC-Nav Positioning Solutions \n\t\t\t\tDetailed Infrastructure Engineering Analysis \n\t\t\t\tOffshore Inspection, Maintenance, and Condition Monitoring \n\t\t\t\tRotator Chemical Throttle Valves \n\t\t\t\tPower and Communications Cables \n\t\t\t\t\t\t\tDrill Support\n\t\t\t\t<p><img loading=\"lazy\" decoding=\"async\" src=\"https:\/\/www.oceaneering.com\/wp-content\/uploads\/2023\/11\/19RW202B-1-1024x512.jpg\" alt=\"\" width=\"1024\" height=\"512\" \/><\/p>\n<h3>Bohrer-Unterst\u00fctzung<\/h3>\n<p>Nutzen Sie unsere branchenf\u00fchrende Flotte von <a href=\"https:\/\/www.oceaneering.com\/de\/rov-services\/\">ferngesteuerte Fahrzeuge (ROVs)<\/a> um pr\u00e4zise Unterwasseroperationen zu gew\u00e4hrleisten, die eine detaillierte <a href=\"https:\/\/www.oceaneering.com\/de\/survey-and-mapping\/\">Untersuchungen des Meeresbodens<\/a>und unterst\u00fctzen die Installation und Wartung Ihrer CCS-Infrastruktur.<\/p>\n<p>Unsere fortschrittlichen Systeme verf\u00fcgen \u00fcber robuste F\u00e4higkeiten in schwierigen Umgebungen und werden unterst\u00fctzt von <a href=\"https:\/\/www.oceaneering.com\/de\/remote-services\/\">Autopilotisierung<\/a> F\u00e4higkeiten, verbessern die betriebliche Effizienz und Sicherheit und erm\u00f6glichen eine nahtlose Integration von CCS-Systemen.<\/p>\n\t\t\t\t\t\t\tC-Nav Positionierungsl\u00f6sungen \n\t\t\t\t<p><img loading=\"lazy\" decoding=\"async\" src=\"https:\/\/www.oceaneering.com\/wp-content\/uploads\/2024\/01\/230323_C-Nav-Thumbnail_V1-edited-1024x576.jpg\" alt=\"\" width=\"1024\" height=\"576\" \/><\/p>\n<h3>C-Nav Positionierungsl\u00f6sungen<\/h3>\n<p>Ensure the accuracy of your drilling operations with Oceaneering&#8217;s <a href=\"https:\/\/www.oceaneering.com\/de\/positioning-solutions\/\">C-Nav Positionierungsl\u00f6sungen<\/a>und bietet damit den umfassendsten Versicherungsschutz.<\/p>\n<p>Unterst\u00fctzt von <a href=\"https:\/\/www.oceaneering.com\/de\/positioning-solutions\/low-earth-orbit-leo-correction-services\/\">LEO-Korrekturdienste<\/a> und einem globalen Team, das rund um die Uhr Unterst\u00fctzung bietet, k\u00f6nnen Sie die Effizienz der Bohrlochplatzierung und -ausrichtung optimieren.<\/p>\n\t\t\t\t\t\t\tDetaillierte technische Analyse der Infrastruktur \n\t\t\t\t<p><img loading=\"lazy\" decoding=\"async\" src=\"https:\/\/www.oceaneering.com\/wp-content\/uploads\/2023\/10\/Pipeline-Integrity-1024x512.jpeg\" alt=\"\" width=\"1024\" height=\"512\" \/><\/p>\n<h3>Detaillierte technische Analyse der Infrastruktur<\/h3>\n<p>Nutzen Sie unser Fachwissen im Bereich der technischen Analyse f\u00fcr Projekte zur Umstellung der CCS-Infrastruktur oder zur Entwicklung innovativer Technologien, um neue Anforderungen zu erf\u00fcllen. Wir optimieren die Nutzung bestehender Pipelines und Unterwasserinfrastrukturen, minimieren das Risiko und best\u00e4tigen die Eignung durch umfassende Inspektionen und Analysen.<\/p>\n<p>Unser <a href=\"https:\/\/www.oceaneering.com\/de\/pipeline-repair\/\">Rohrleitungsanschlusssysteme<\/a> liefern robuste, praxiserprobte L\u00f6sungen f\u00fcr Reparaturen und Verbindungen und integrieren gleichzeitig fortschrittliche Technik, um die aktuellen Herausforderungen der Branche zu meistern.<\/p>\n\t\t\t\t\t\t\tOffshore-Inspektion, Wartung und Zustands\u00fcberwachung \n\t\t\t\t<p><img loading=\"lazy\" decoding=\"async\" src=\"https:\/\/www.oceaneering.com\/wp-content\/uploads\/2024\/04\/240410_Inform-Inspect_V03-1024x590.jpg\" alt=\"Illustration of a man with a helmet at work\" width=\"1024\" height=\"590\" \/><\/p>\n<h3>Offshore-Inspektion, Wartung und Zustands\u00fcberwachung<\/h3>\n<p>Gew\u00e4hrleistung der Funktionalit\u00e4t und Sicherheit von CO2-Abscheidungsanlagen, um den effizienten Einschluss und Transport von CO2 durch proaktive Inspektion, Wartung und Zustands\u00fcberwachung g\u00e4ngiger CCS-Probleme wie Korrosion, Lochfra\u00df und Verspr\u00f6dungsbr\u00fcche sicherzustellen.<\/p>\n<p>Unsere Fern\u00fcberwachungsm\u00f6glichkeiten f\u00fcr Lander, einschlie\u00dflich der Unterst\u00fctzung durch das <a href=\"https:\/\/www.oceaneering.com\/de\/rov-services\/next-generation-subsea-vehicles\/liberty-resident-system\/\">Liberty Resident System<\/a>ist von entscheidender Bedeutung f\u00fcr die kontinuierliche Verfolgung der Lagerst\u00e4ttenbedingungen im Laufe der Zeit, die Gew\u00e4hrleistung der Datengenauigkeit und die Verbesserung der Wirksamkeit langfristiger CCS-Projekte.<\/p>\n<p><a href=\"https:\/\/www.oceaneering.com\/de\/asset-integrity\/in-service-inspection\/subsea-inspection\/\">Mehr erfahren<\/a><\/p>\n\t\t\t\t\t\t\tRotator Chemische Drosselventile \n\t\t\t\t<p><img loading=\"lazy\" decoding=\"async\" src=\"https:\/\/www.oceaneering.com\/wp-content\/uploads\/2023\/11\/200309_CTV-UF-Subsea-Shot-3-1024x576.jpeg\" alt=\"\" width=\"1024\" height=\"576\" \/><\/p>\n<h3>Rotator Chemische Drosselventile<\/h3>\n<p>Nutzen Sie die unvergleichliche Qualit\u00e4t, Zuverl\u00e4ssigkeit und den weltweiten Support, der hinter unseren CTVs steht, um eine \u00fcberlegene, kontinuierliche und klassenbeste Chemikaliendosierung f\u00fcr Einspritzfunktionen in Ihren CCS-Anlagen zu gew\u00e4hrleisten und Hydratblockaden bei der Installation an B\u00e4umen effektiv zu verhindern.<\/p>\n<p><a href=\"https:\/\/www.oceaneering.com\/de\/rotator-technologies\/chemical-throttle-valves\/\">Erfahren Sie mehr.<\/a><\/p>\n\t\t\t\t\t\t\tStrom- und Kommunikationskabel \n\t\t\t\t<p><img loading=\"lazy\" decoding=\"async\" src=\"https:\/\/www.oceaneering.com\/wp-content\/uploads\/2023\/11\/Panama-city-images7-1024x703.jpg\" alt=\"\" width=\"1024\" height=\"703\" \/><\/p>\n<h3>Strom- und Kommunikationskabel<\/h3>\n<p>Benefit from Oceaneering&#8217;s extensive experience in developing reliable power and communications umbilicals essential for CCS projects. Our wide global footprint and manufacturing capabilities, combined with deep expertise, deliver robust, high-performance connectivity solutions that enhance operational efficiency and safety in challenging subsea environments.<\/p>\n<p><a href=\"https:\/\/www.oceaneering.com\/de\/subsea-distribution-solutions\/\">Mehr erfahren<\/a><\/p>\n\t\t\t\t<img loading=\"lazy\" decoding=\"async\" src=\"https:\/\/www.oceaneering.com\/wp-content\/uploads\/2024\/10\/Sustainability-globe-in-grass-2.jpg\" alt=\"Globe laying in grass.\" itemprop=\"image\" height=\"838\" width=\"1196\" title=\"Sustainability-globe-in-grass-2\" onerror=\"this.style.display='none'\"  \/>\n<h2>\n\t\tTechnik f\u00fcr eine nachhaltige Zukunft\n\t<\/h2>\n\t<p>Als globaler Anbieter von technischen Produkten und Dienstleistungen sind wir bestrebt, unseren \u00f6kologischen Fu\u00dfabdruck in den vielen Branchen, die wir beliefern, zu verringern. Wir investieren kontinuierlich in die Entwicklung unserer Produkte und Dienstleistungen, um widerstandsf\u00e4hige, sichere und umweltfreundliche fortschrittliche Technologien zu schaffen, die eine bessere Zusammenarbeit mit unseren Kunden und schnellere Reaktionszeiten erm\u00f6glichen.<\/p>\n\t\t\t<a href=\"https:\/\/www.oceaneering.com\/de\/sustainability\/\" target=\"_self\">\n\t\t\t\t\t\t\tMehr erfahren\n\t\t\t<\/a>\n<h1>\n\t\tKontakt\n\t<\/h1>\n<h2>\n\t\tUnser Expertenteam ist bereit, Ihnen den Einstieg zu erleichtern.\n\t<\/h2>\n\t<p>Oceaneering bietet erstklassige Produkte und L\u00f6sungen, die sich durch unvergleichliche Qualit\u00e4t, Zuverl\u00e4ssigkeit und globalen Support auszeichnen. F\u00fcllen Sie das Anfrageformular aus, um noch heute ein Gespr\u00e4ch zu beginnen.<\/p>","protected":false},"excerpt":{"rendered":"<p>Discuss a Project Renewable Energy Carbon Capture and Storage Achieve your environmental and sustainability targets safely and cost-effectively. Supporting Carbon Capture And Storage With Full Lifecycle Solutions Delivering Safe and Proven Carbon Capture Solutions in Any Environment Carbon Capture and Storage (CCS) captures CO2 at the source-from fossil fuel production to industrial processes-or removes it &#8230; <a title=\"Abscheidung und Speicherung von Kohlenstoff\" class=\"read-more\" href=\"https:\/\/www.oceaneering.com\/de\/renewable-energy-solutions\/carbon-capture-and-storage\/\" aria-label=\"Mehr Informationen \u00fcber Carbon Capture and Storage\">Weiterlesen ...<\/a><\/p>","protected":false},"author":25,"featured_media":0,"parent":61160,"menu_order":0,"comment_status":"closed","ping_status":"closed","template":"","meta":{"_acf_changed":false,"footnotes":"","_links_to":"","_links_to_target":""},"product_category":[1159],"search_tags":[1993,1398],"class_list":["post-74198","page","type-page","status-publish","product_category-renewables","search_tags-floating-offshore-wind","search_tags-renewable-energy"],"acf":[],"aioseo_notices":[],"_links":{"self":[{"href":"https:\/\/www.oceaneering.com\/de\/wp-json\/wp\/v2\/pages\/74198","targetHints":{"allow":["GET"]}}],"collection":[{"href":"https:\/\/www.oceaneering.com\/de\/wp-json\/wp\/v2\/pages"}],"about":[{"href":"https:\/\/www.oceaneering.com\/de\/wp-json\/wp\/v2\/types\/page"}],"author":[{"embeddable":true,"href":"https:\/\/www.oceaneering.com\/de\/wp-json\/wp\/v2\/users\/25"}],"replies":[{"embeddable":true,"href":"https:\/\/www.oceaneering.com\/de\/wp-json\/wp\/v2\/comments?post=74198"}],"version-history":[{"count":0,"href":"https:\/\/www.oceaneering.com\/de\/wp-json\/wp\/v2\/pages\/74198\/revisions"}],"up":[{"embeddable":true,"href":"https:\/\/www.oceaneering.com\/de\/wp-json\/wp\/v2\/pages\/61160"}],"wp:attachment":[{"href":"https:\/\/www.oceaneering.com\/de\/wp-json\/wp\/v2\/media?parent=74198"}],"wp:term":[{"taxonomy":"product_category","embeddable":true,"href":"https:\/\/www.oceaneering.com\/de\/wp-json\/wp\/v2\/product_category?post=74198"},{"taxonomy":"search_tags","embeddable":true,"href":"https:\/\/www.oceaneering.com\/de\/wp-json\/wp\/v2\/search_tags?post=74198"}],"curies":[{"name":"wp","href":"https:\/\/api.w.org\/{rel}","templated":true}]}}