{"id":73888,"date":"2025-06-05T02:30:54","date_gmt":"2025-06-05T07:30:54","guid":{"rendered":"https:\/\/www.oceaneering.com\/?page_id=73888"},"modified":"2025-08-18T02:08:30","modified_gmt":"2025-08-18T07:08:30","slug":"integrity-engineering","status":"publish","type":"page","link":"https:\/\/www.oceaneering.com\/de\/asset-integrity-management\/integrity-engineering\/","title":{"rendered":"Integrit\u00e4tstechnik"},"content":{"rendered":"<a href=\"\/de\/asset-integrity\/#contact\" target=\"_self\">\n\t\t\t\t\t\t\tEin Projekt besprechen\n\t\t\t\t\t<\/a>\n<h1>\n\t\tIntegrit\u00e4tstechnik \n\t<\/h1>\n\t<p>Sorgen Sie f\u00fcr die Sicherheit Ihrer Anlagen, Prozesse und Systeme - vom Meeresboden bis zur Fackelspitze - mit fachkundigen technischen Erkenntnissen und datengesteuerten Analysen.<\/p>\n<h2>\n\t\tMaximierung der Betriebszeit und Langlebigkeit der Anlagen\n\t<\/h2>\n\t<p>Sch\u00fctzen Sie Ihre kritischen Anlagen, wo immer Sie t\u00e4tig sind. Von Drucksystemen, Lagertanks und Pipelines bis hin zu festen und schwimmenden Strukturen und Unterwasserausr\u00fcstung. Wir setzen fortschrittliche Inspektionen, Datenanalysen und risikobasierte Strategien ein, um Ausf\u00e4lle zu reduzieren, die Lebensdauer von Anlagen zu verl\u00e4ngern und die Einhaltung von Vorschriften und den Betrieb sicherzustellen.<\/p>\n\t<a href=\"https:\/\/www.oceaneering.com\/de\/pressure-systems\/\" target=\"_self\"  aria-label=\"Weiter zu https:\/\/www.oceaneering.com\/pressure-systems\/\"><\/a>\n\t\t\t\t<img decoding=\"async\" src=\"https:\/\/www.oceaneering.com\/wp-content\/uploads\/2025\/06\/Pressure-Systems.png\" alt=\"Icon of a pressure valve showing services related to pressure systems.\" title=\"Drucksysteme\" itemprop=\"image\"\/>\n\t\t<h3>Drucksysteme<\/h3>\n\t\t\t\t<p>Minderung von Sicherheitsrisiken und Verl\u00e4ngerung der Lebensdauer von kritischen Drucksystemen, die durch Korrosion und Erm\u00fcdung gef\u00e4hrdet sind.<\/p>\n<p><a href=\"https:\/\/www.oceaneering.com\/de\/pressure-systems\/\">Mehr erfahren<\/a><\/p>\n\t<a href=\"https:\/\/www.oceaneering.com\/de\/storage-tanks-and-associated-pipework\/\" target=\"_self\"  aria-label=\"Weiter zu https:\/\/www.oceaneering.com\/storage-tanks-and-associated-pipework\/\"><\/a>\n\t\t\t\t<img decoding=\"async\" src=\"https:\/\/www.oceaneering.com\/wp-content\/uploads\/2025\/06\/Storage-Tanks-and-Associated-Pipework.png\" alt=\"Icon of two storage tanks showing services related to storage tanks and associated pipework.\" title=\"Lagertanks und zugeh\u00f6rige Rohrleitungen\" itemprop=\"image\"\/>\n\t\t<h3>Lagertanks und zugeh\u00f6rige Rohrleitungen<\/h3>\n\t\t\t\t<p>Unsere mehrfach qualifizierten Ingenieure sorgen mit Hilfe von Daten und moderner Inspektionstechnologie f\u00fcr einen sicheren Betrieb.<\/p>\n<p><a href=\"https:\/\/www.oceaneering.com\/de\/storage-tanks-and-associated-pipework\/\">Mehr erfahren<\/a><\/p>\n\t<a href=\"https:\/\/www.oceaneering.com\/de\/onshore-pipelines\/\" target=\"_self\"  aria-label=\"Weiter zu https:\/\/www.oceaneering.com\/onshore-pipelines\/\"><\/a>\n\t\t\t\t<img decoding=\"async\" src=\"https:\/\/www.oceaneering.com\/wp-content\/uploads\/2025\/06\/Onshore-Pipelines.png\" alt=\"Icon of a pipeline showing services related to onshore pipelines.\" title=\"Onshore-Pipelines\" itemprop=\"image\"\/>\n\t\t<h3>Onshore-Pipelines<\/h3>\n\t\t\t\t<p>Nutzen Sie proaktive \u00dcberwachung und risikobasierte Strategien, um Lecks zu verhindern, Ausfallzeiten zu reduzieren und die Einhaltung von Vorschriften zu gew\u00e4hrleisten.<\/p>\n<p><a href=\"https:\/\/www.oceaneering.com\/de\/onshore-pipelines\/\">Mehr erfahren<\/a><\/p>\n\t<a href=\"https:\/\/www.oceaneering.com\/de\/fixed-and-floating-structures\/\" target=\"_self\"  aria-label=\"Weiter zu https:\/\/www.oceaneering.com\/fixed-and-floating-structures\/\"><\/a>\n\t\t\t\t<img decoding=\"async\" src=\"https:\/\/www.oceaneering.com\/wp-content\/uploads\/2025\/06\/Fixed-and-Floating-Structures-1.png\" alt=\"Icon of an oil platform showing services related to fixed and floating structures.\" title=\"Feste und schwimmende Bauwerke 1\" itemprop=\"image\"\/>\n\t\t<h3>Strukturen<\/h3>\n\t\t\t\t<p>Erkennen Sie fr\u00fchzeitige Anzeichen von Erm\u00fcdung, Korrosion und strukturellem Verfall und sch\u00fctzen Sie Ihre festen und schwimmenden Strukturen.<\/p>\n<p><a href=\"https:\/\/www.oceaneering.com\/de\/fixed-and-floating-structures\/\">Mehr erfahren<\/a><\/p>\n\t<a href=\"https:\/\/www.oceaneering.com\/de\/subsea-assets\/\" target=\"_self\"  aria-label=\"Weiter zu https:\/\/www.oceaneering.com\/subsea-assets\/\"><\/a>\n\t\t\t\t<img decoding=\"async\" src=\"https:\/\/www.oceaneering.com\/wp-content\/uploads\/2025\/06\/Offshore-Pipeline-and-Subsea-Structure-1.png\" alt=\"Icon of a subsea structure showing services related to offshore pipeline and subsea structures.\" title=\"Offshore-Pipeline und Unterwasserstruktur 1\" itemprop=\"image\"\/>\n\t\t<h3>Unterwasser-Verm\u00f6genswerte<\/h3>\n\t\t\t\t<p>Verbessern Sie die Leistung, die Lebensdauer Ihrer Anlagen und den Einblick mit unserer fortschrittlichen Risikoanalyse und unserem ganzheitlichen Ansatz.<\/p>\n<p><a href=\"https:\/\/www.oceaneering.com\/de\/subsea-assets\/\">Mehr erfahren<\/a><\/p>\n<h2>\n\t\tGemeinsame Bedrohungen erkennen und \u00fcberwinden\n\t<\/h2>\n\t<p>Mit unseren spezialisierten technischen Dienstleistungen sind Sie kritischen Risiken - Schwingungserm\u00fcdung, Korrosion und Anlagenausfall - immer einen Schritt voraus. Mithilfe von vorausschauenden Analysen, Diagnosetools und kosteneffizienten Wartungsstrategien liefern wir Fr\u00fchwarnungen und langfristigen Schutz f\u00fcr Ihre anf\u00e4lligsten Anlagen.<\/p>\n\t\t\t\t<img loading=\"lazy\" decoding=\"async\" src=\"https:\/\/www.oceaneering.com\/wp-content\/uploads\/2025\/02\/Vibrations.jpg\" alt=\"Vibrations\" itemprop=\"image\" height=\"1200\" width=\"1920\" title=\"Vibrationen\" onerror=\"this.style.display='none'\"  \/>\n<h3>\n\t\tSchwingungstechnik   \n\t<\/h3>\n\t<p>Ermittlung potenzieller Bedrohungen und Entwicklung von Instandhaltungsstrategien anhand von Zustandsbewertungen und Kostenanalysen.<\/p>\n\t\t\t<a href=\"https:\/\/www.oceaneering.com\/de\/asset-integrity-management\/vibration-engineering\/\" target=\"_self\">\n\t\t\t\t\t\t\tMehr lesen\n\t\t\t<\/a>\n\t\t\t\t<img loading=\"lazy\" decoding=\"async\" src=\"https:\/\/www.oceaneering.com\/wp-content\/uploads\/2025\/06\/Pipelines-with-corrosion.jpg\" alt=\"Corroded pipelines and equipment.\" itemprop=\"image\" height=\"1280\" width=\"1920\" title=\"Pipelines-mit-Korrosion\" onerror=\"this.style.display='none'\"  \/>\n<h3>\n\t\tKorrosionsmanagement \n\t<\/h3>\n\t<p>Erkennen Sie Risiken proaktiv und gehen Sie sie mithilfe von vorausschauenden Analysen an, um Ihre Pipelines, Druckbeh\u00e4lter, Tanks und Unterwasserstrukturen zu sch\u00fctzen.<\/p>\n\t\t\t<a href=\"https:\/\/www.oceaneering.com\/de\/asset-integrity-management\/corrosion-management\/\" target=\"_self\">\n\t\t\t\t\t\t\tMehr lesen\n\t\t\t<\/a>\n<h2>\n\t\tGlobale Wertsch\u00f6pfung\n\t<\/h2>\n\t<p>Unsere globalen Ingenieurteams nutzen Daten und Analysen, um Sie bei der Minderung potenzieller Risiken und der Maximierung der Betriebszeit zu unterst\u00fctzen und gleichzeitig die Sicherheit des Betriebs zu gew\u00e4hrleisten. Dieser proaktive Ansatz optimiert die Betriebs- und Kosteneffizienz und verl\u00e4ngert die Lebensdauer Ihrer Anlagen.<\/p>\n<h3>\n\t\tNutzung von Daten und Analysen zur Abschw\u00e4chung potenzieller Risiken\n\t<\/h3>\n<h3>\n\t\tMaximieren Sie die Betriebszeit und gew\u00e4hrleisten Sie gleichzeitig die Sicherheit Ihres Betriebs\n\t<\/h3>\n<h3>\n\t\tOptimierung der Betriebs- und Kosteneffizienz und Verl\u00e4ngerung der Lebensdauer von Anlagen\n\t<\/h3>\n<h3>\n\t\tUnterst\u00fctzung proaktiver Planung und rechtzeitiger Intervention\n\t<\/h3>\n<h3>\n\t\tEinsatz von pr\u00e4diktiver Analytik, um potenzielle Fehler zu erkennen, bevor sie auftreten\n\t<\/h3>\n<h2>\n\t\tH\u00e4ufig gestellte Fragen\n\t<\/h2>\n\t<p>M\u00f6chten Sie erfahren, wie Oceaneering Integrit\u00e4tstechnik liefert? Hier finden Sie einige h\u00e4ufig gestellte Fragen.<\/p>\n\t\t\t\t\t\t<h5>Wir f\u00fchren eine ganze Reihe von Inspektionen durch. Wie kann die Integrit\u00e4tstechnik helfen, unseren Betrieb zu verbessern?<\/h5>\n\t\t\t<p>Integrit\u00e4tstechnik stellt nicht nur sicher, dass Ihre Strukturen, Systeme und Anlagen in einem sicheren Betriebszustand sind, sondern hilft Ihnen auch dabei, sicherzustellen, dass die Inspektionen, die Sie durchf\u00fchren, in den bestm\u00f6glichen Intervallen durchgef\u00fchrt werden, sich auf die wichtigsten Problembereiche konzentrieren und die wichtigsten Probleme angehen, die Ihren Betrieb betreffen. Wir stellen sicher, dass Ihre Inspektionen - und das Geld und die Zeit, die Sie daf\u00fcr aufwenden - einen Mehrwert darstellen und die Daten und Erkenntnisse liefern, die Sie f\u00fcr fundierte Entscheidungen ben\u00f6tigen.<\/p>\n\t\t\t\t\t\t<h5>Kann Oceaneering technische Integrit\u00e4tsdienste f\u00fcr eine Reihe von globalen Anlagen anbieten?<\/h5>\n\t\t\t<p>Unbedingt. Unsere globalen Teams verf\u00fcgen \u00fcber Erfahrung und Fachwissen in einer Reihe von Anlagentypen weltweit, einschlie\u00dflich Upstream-, Midstream- und Downstream-Anlagen sowie im Bereich der neuen Energien. Wir bieten ma\u00dfgeschneiderte und integrierte Dienstleistungen an, die auf die unterschiedlichen gesetzlichen Anforderungen abgestimmt sind. Wir bieten Integrity Engineering f\u00fcr eine umfassende Liste von Anlagentypen, einschlie\u00dflich, aber nicht beschr\u00e4nkt auf Drucksysteme (statische Druckger\u00e4te, Rohrleitungen, Drucksicherheits-\/\u00dcberdruckventile usw.), Bauwerke, Lagertanks, Pipelines und die zugeh\u00f6rige Infrastruktur.<\/p>\n\t\t\t\t\t\t<h5>Welche Software-Tools und Technologien verwenden Sie f\u00fcr Integrit\u00e4tsbewertungen?<\/h5>\n\t\t\t<p>Unsere INFORM\u2122-Softwareplattform ist unser Standard-Softwaretool f\u00fcr verschiedene Arten von Integrit\u00e4tsbewertungen. Erkunden Sie die Funktionalit\u00e4t der Plattform auf unserer <a href=\"https:\/\/www.oceaneering.com\/de\/digitizing-integrity\/\">Digitalisierungsseite Integrit\u00e4t<\/a>.<\/p>\n\t\t\t\t\t\t<h5>F\u00fchren Sie risikobasierte Inspektionen (RBI) oder Fitness-for-Service (FFS)-Bewertungen durch?<\/h5>\n\t\t\t<p>Ja, wir verf\u00fcgen \u00fcber umfassende globale Erfahrung in der Unterst\u00fctzung von RBI-Bewertungen nach internationalen Standards wie API580\/581, Kundenverfahren und auch unseren eigenen Verfahren. Wir nutzen unsere INFORM\u2122 RBI-Software, um mit unseren Kunden zusammenzuarbeiten und den am besten geeigneten Ansatz zu ermitteln. Wir achten besonders auf Ihre betrieblichen Anforderungen und Anlagenumgebungen, um sicherzustellen, dass die RBI Ihre Inspektions- und Wartungsprogramme wirklich optimiert. Wir f\u00fchren auch FFS-Bewertungen gem\u00e4\u00df API 579\/ASME FFS-1 durch, um den weiteren sicheren Betrieb von besch\u00e4digten oder degradierten Anlagen zu gew\u00e4hrleisten.<\/p>\n\t\t\t\t\t\t<h5>Wie sieht es mit der Korrosions\u00fcberwachung und -bek\u00e4mpfung sowie dem Integrit\u00e4tsmanagement von Pipelines aus?<\/h5>\n\t\t\t<p>Ja. Wir implementieren Korrosionsschutzstrategien einschlie\u00dflich \u00dcberwachungsprogrammen, Auswahl von Inhibitoren und kathodischem Schutz, unterst\u00fctzt durch regelm\u00e4\u00dfige Datenanalyse und Berichterstattung. Erfahren Sie mehr auf unserer speziellen <a href=\"https:\/\/www.oceaneering.com\/de\/corrosion-management\/\">Seite Korrosions\u00fcberwachung<\/a>. Wir verf\u00fcgen \u00fcber umfangreiche globale Erfahrung in <a href=\"https:\/\/www.oceaneering.com\/de\/onshore-pipelines\/\">Pipeline-Integrit\u00e4tsmanagement-Dienstleistungen<\/a> sowohl f\u00fcr Onshore- als auch f\u00fcr Offshore-Pipelines.<\/p>\n\t\t\t\t\t\t<h5>\u00dcber welche Zertifizierungen oder Zulassungen verf\u00fcgt Oceaneering (z. B. ISO, API, ASME)?<\/h5>\n\t\t\t<p>Oceaneering als Unternehmen und unsere qualifizierten Mitarbeiter verf\u00fcgen \u00fcber eine Reihe von weltweiten Zertifizierungen und Zulassungen. Dazu geh\u00f6ren ISO 9001, ISO 14001 und 45001, ISO\/IEC 17020, ASME und NACE\/AMPP-Zertifizierungen. Au\u00dferdem verf\u00fcgen wir an unseren weltweiten Standorten \u00fcber spezifische regionale Zulassungen.<\/p>\n\t\t\t\t\t\t<h5>K\u00f6nnen Sie uns helfen, lokale und internationale Vorschriften einzuhalten (z. B. HSE UK, OSHA, NORSOK)?<\/h5>\n\t\t\t<p>Ja. Wir stellen sicher, dass alle Dienstleistungen mit den geltenden Vorschriften \u00fcbereinstimmen, einschlie\u00dflich HSE UK, OSHA, API, ASME und NORSOK-Normen.<\/p>\n\t\t\t\t\t\t<h5>Bieten Sie Vor-Ort-Support an, oder bieten Sie nur Remote-Services an?<\/h5>\n\t\t\t<p>Wir bieten beides. Unsere Ingenieure stehen f\u00fcr Offshore- und Onshore-Eins\u00e4tze sowie f\u00fcr Fernsupport und Datenanalysen zur Verf\u00fcgung.<\/p>\n\t\t\t<a href=\"#contact\" target=\"_self\">\n\t\t\t\t\t\t\tHaben Sie weitere Fragen? Kontaktieren Sie uns.\n\t\t\t<\/a>\n\t\t\t\t\t\t\t\t\t<h3>Praxiserprobt. Branchenf\u00fchrend.<\/h3>\n\t\t\t\t\t\t\t\t\t<p>Lesen Sie unsere Fallstudien zum Thema Integrit\u00e4tstechnik.<\/p>\n\t\t\t\t\t\t<a href=\"https:\/\/www.oceaneering.com\/de\/resources\/?_content_types=case-study\" target=\"_self\">\n\t\t\t\t\t\t\t\tAlle Fallstudien anzeigen\t\t\t\t\t\t\t\n\t\t\t\t\t\t\t\t\t\t\t\t\t<\/a>\n\t\t\t\t\t\t<button>\n\t\t\t\t\t\t\tVorherige\n\t\t\t\t\t\t<\/button>\n\t\t\t\t\t\t<button>\n\t\t\t\t\t\t\tWeiter\n\t\t\t\t\t\t<\/button>\n\t\t\t\t\t\t\t<a href=\"https:\/\/www.oceaneering.com\/de\/case-studies\/asset-integrity-management-study-for-lng-expansion-project-in-asia\/\">\n\t\t\t\t\t\t\t\t\t\t<img decoding=\"async\" src=\"https:\/\/www.oceaneering.com\/wp-content\/uploads\/2025\/06\/LNG-production.webp\" alt=\"\"\/>\n\t\t\t\t\t\t\t\t\t\t<h3>Asset-Integrity-Management-Studie f\u00fcr LNG-Erweiterungsprojekt in Asien<\/h3>\n\t\t\t\t\t\t\t\t\t\t<h3>Asset-Integrity-Management-Studie f\u00fcr LNG-Erweiterungsprojekt in Asien<\/h3>\n\t\t\t\t\t\t\t\t\t\t\t\t\t\t\t\t\t\t\t\t\t<p>Ein gro\u00dfer internationaler Betreiber beauftragte Oceaneering mit der Entwicklung und Umsetzung eines umfassenden integrierten Integrit\u00e4tsmanagementsystems (IMS)...<\/p>\n\t\t\t\t\t\t\t\t\t\t\tMehr erfahren\n\t\t\t\t\t\t\t<\/a>\n\t\t\t\t\t\t\t<a href=\"https:\/\/www.oceaneering.com\/de\/case-studies\/optimized-fspo-ballast-tank-inspection-scope-eliminates-confined-space-entry\/\">\n\t\t\t\t\t\t\t\t\t\t<img decoding=\"async\" src=\"https:\/\/www.oceaneering.com\/wp-content\/uploads\/2024\/11\/Ballast-Tank-2-edited.jpg\" alt=\"\"\/>\n\t\t\t\t\t\t\t\t\t\t<h3>Optimierter Inspektionsumfang f\u00fcr FSPO-Ballasttanks macht das Betreten enger R\u00e4ume \u00fcberfl\u00fcssig<\/h3>\n\t\t\t\t\t\t\t\t\t\t<h3>Optimierter Inspektionsumfang f\u00fcr FSPO-Ballasttanks macht das Betreten enger R\u00e4ume \u00fcberfl\u00fcssig<\/h3>\n\t\t\t\t\t\t\t\t\t\t\t\t\t\t\t\t\t\t\t\t\t<p>Im Oktober 2023 f\u00fchrte Oceaneering eine 13-t\u00e4gige Inspektion von drei L-f\u00f6rmigen Ballasttanks mit zwei Kammern auf einem...<\/p>\n\t\t\t\t\t\t\t\t\t\t\tMehr erfahren\n\t\t\t\t\t\t\t<\/a>\n\t\t\t\t\t\t\t<a href=\"https:\/\/www.oceaneering.com\/de\/case-studies\/innovative-subsea-flowline-pressure-containing-clamp-system-reduces-intervention-time-and-cost\/\">\n\t\t\t\t\t\t\t\t\t\t<img decoding=\"async\" src=\"https:\/\/www.oceaneering.com\/wp-content\/uploads\/2023\/11\/Snap_27-SEP-21-09_04_38-1536x864-1.jpeg\" alt=\"\"\/>\n\t\t\t\t\t\t\t\t\t\t<h3>Innovatives System zur Druckhaltung von Unterwasser-Flussleitungen reduziert Zeit und Kosten von Eingriffen<\/h3>\n\t\t\t\t\t\t\t\t\t\t<h3>Innovatives System zur Druckhaltung von Unterwasser-Flussleitungen reduziert Zeit und Kosten von Eingriffen<\/h3>\n\t\t\t\t\t\t\t\t\t\t\t\t\t\t\t\t\t\t\t\t\t<p>Im Oktober 2020 beauftragte ein gro\u00dfer Betreiber Oceaneering mit der Beseitigung von Hydraten, die seine Flussleitung an mehreren Stellen blockieren....<\/p>\n\t\t\t\t\t\t\t\t\t\t\tMehr erfahren\n\t\t\t\t\t\t\t<\/a>\n<h1>\n\t\tKontakt\n\t<\/h1>\n<h2>\n\t\tUnser Expertenteam ist bereit, Ihnen den Einstieg zu erleichtern.\n\t<\/h2>\n\t<p>Oceaneering bietet erstklassige Produkte und L\u00f6sungen, die sich durch unvergleichliche Qualit\u00e4t, Zuverl\u00e4ssigkeit und globalen Support auszeichnen. F\u00fcllen Sie das Anfrageformular aus, um noch heute ein Gespr\u00e4ch zu beginnen.<\/p>","protected":false},"excerpt":{"rendered":"<p>Minimieren Sie Ausfallzeiten und sorgen Sie f\u00fcr einen sicheren Betrieb mit unseren auf Ihre Bed\u00fcrfnisse zugeschnittenen Integrity Engineering Services. <\/p>","protected":false},"author":25,"featured_media":68330,"parent":59710,"menu_order":0,"comment_status":"closed","ping_status":"closed","template":"","meta":{"_acf_changed":false,"footnotes":"","_links_to":"","_links_to_target":""},"product_category":[1205],"search_tags":[],"class_list":["post-73888","page","type-page","status-publish","has-post-thumbnail","product_category-asset-integrity-management"],"acf":[],"aioseo_notices":[],"_links":{"self":[{"href":"https:\/\/www.oceaneering.com\/de\/wp-json\/wp\/v2\/pages\/73888","targetHints":{"allow":["GET"]}}],"collection":[{"href":"https:\/\/www.oceaneering.com\/de\/wp-json\/wp\/v2\/pages"}],"about":[{"href":"https:\/\/www.oceaneering.com\/de\/wp-json\/wp\/v2\/types\/page"}],"author":[{"embeddable":true,"href":"https:\/\/www.oceaneering.com\/de\/wp-json\/wp\/v2\/users\/25"}],"replies":[{"embeddable":true,"href":"https:\/\/www.oceaneering.com\/de\/wp-json\/wp\/v2\/comments?post=73888"}],"version-history":[{"count":1,"href":"https:\/\/www.oceaneering.com\/de\/wp-json\/wp\/v2\/pages\/73888\/revisions"}],"predecessor-version":[{"id":78003,"href":"https:\/\/www.oceaneering.com\/de\/wp-json\/wp\/v2\/pages\/73888\/revisions\/78003"}],"up":[{"embeddable":true,"href":"https:\/\/www.oceaneering.com\/de\/wp-json\/wp\/v2\/pages\/59710"}],"wp:featuredmedia":[{"embeddable":true,"href":"https:\/\/www.oceaneering.com\/de\/wp-json\/wp\/v2\/media\/68330"}],"wp:attachment":[{"href":"https:\/\/www.oceaneering.com\/de\/wp-json\/wp\/v2\/media?parent=73888"}],"wp:term":[{"taxonomy":"product_category","embeddable":true,"href":"https:\/\/www.oceaneering.com\/de\/wp-json\/wp\/v2\/product_category?post=73888"},{"taxonomy":"search_tags","embeddable":true,"href":"https:\/\/www.oceaneering.com\/de\/wp-json\/wp\/v2\/search_tags?post=73888"}],"curies":[{"name":"wp","href":"https:\/\/api.w.org\/{rel}","templated":true}]}}