{"id":72371,"date":"2024-05-29T01:56:50","date_gmt":"2024-05-29T06:56:50","guid":{"rendered":"https:\/\/www.oceaneering.com\/?page_id=72371"},"modified":"2024-12-03T04:51:06","modified_gmt":"2024-12-03T10:51:06","slug":"hydrogen-support-services","status":"publish","type":"page","link":"https:\/\/www.oceaneering.com\/de\/renewable-energy-solutions\/hydrogen-support-services\/","title":{"rendered":"Wasserstoff-Unterst\u00fctzungsdienste"},"content":{"rendered":"<a href=\"https:\/\/www.oceaneering.com\/de\/renewable-energy-solutions\/#contact\" target=\"_self\">\n\t\t\t\t\t\t\tEin Projekt besprechen\n\t\t\t\t\t<\/a>\n\t\tL\u00f6sungen f\u00fcr erneuerbare Energien\n<h1>\n\t\tWasserstoff-Unterst\u00fctzungsdienste \n\t<\/h1>\n\t<p>F\u00f6rderung sauberer Energie durch zuverl\u00e4ssige, nachhaltige L\u00f6sungen f\u00fcr die Produktion, die Speicherung und den Transport von Wasserstoff.<\/p>\n\t\t\t<a href=\"https:\/\/oceaneering.canto.com\/download\/document\/nkbbmg090p59lcodi3hl7t3f5e\/original.pdf\" target=\"_blank\" rel=\"noopener\">\n\t\t\t\t\t\t\tBereitstellung von L\u00f6sungen f\u00fcr Wasserstoffprojekte\n\t\t\t\t\t<\/a>\n<h2>\n\t\tDekarbonisierung der Industrie und dar\u00fcber hinaus\n\t<\/h2>\n\t<p>Die Wasserstofftechnologie steht an der Spitze der Energierevolution und bietet L\u00f6sungen f\u00fcr die industrielle Dekarbonisierung, Energiesicherheit und Netzstabilit\u00e4t. Oceaneering\u00ae Grayloc\u00ae Produkte und Asset-Integrity-Management-Dienstleistungen spielen eine Schl\u00fcsselrolle bei Ihren globalen Wasserstoffprojekten, indem sie den Kohlenstoff-Fu\u00dfabdruck in der Produktion reduzieren, nachhaltige Heizungen f\u00fcr Gewerbe und Haushalte bereitstellen und umweltfreundlichere Transportl\u00f6sungen erm\u00f6glichen.<\/p>\n<h3>\n\t\tMinimierung der mit der Arbeit in gef\u00e4hrlichen Umgebungen verbundenen Risiken \n\t<\/h3>\n<h3>\n\t\tReduzieren Sie Ausfallzeiten und senken Sie Betriebskosten \n\t<\/h3>\n<h3>\n\t\tVerbesserung der Sicherheit und Effizienz der Wasserstoffinfrastruktur\n\t<\/h3>\n\t\tDruckhaltige Verbindungen, Flansche, Ventile und Verschlusssysteme\n<h2>\n\t\tOceaneering\u00ae Grayloc\u00ae Produkte: Entwickelt f\u00fcr Extremes \n\t<\/h2>\n\t<p>Wir liefern praxiserprobte, branchenf\u00fchrende druckhaltende Verbindungen, die f\u00fcr den Einsatz in den extremsten Wasserstoffumgebungen geeignet sind. Die f\u00fcr den Einsatz in Hochdruck- und Hochtemperaturanwendungen konzipierten Grayloc-Verbindungen bieten leckagefreie Leistung in kompakter, leichter Bauweise.<\/p>\n\t\t\t<a href=\"https:\/\/oceaneering.canto.com\/download\/document\/utfqucmj8d4gnbaag4icpngc31\/original.pdf\" target=\"_blank\" rel=\"noopener\">\n\t\t\t\t\t\t\tGrayloc\u00ae Produkte f\u00fcr die Energiewende\n\t\t\t\t\t<\/a>\n\t\t\t\t\t\t\t\t\t<a href=\"https:\/\/www.oceaneering.com\/de\/grayloc-home\/grayloc-clamp-connectors\/\" target=\"_self\">\n\t\t\t\t\t\t<img decoding=\"async\" src=\"https:\/\/www.oceaneering.com\/wp-content\/uploads\/2024\/05\/Grayloc-Clamp-Connectors-box-image4.jpg\" alt=\"\"\/>\n\t\t\t\t\t\t<h3>Klammer-Verbinder <\/h3>\n\t\t\t\t\t\t<h3>Klammer-Verbinder <\/h3>\n\t\t\t\t\t\t<p>Geklemmte Rohrverbindung mit unserer wiederverwendbaren leckagefreien Metall-Metall-Dichtung. <\/p>\n\t\t\t\t\t\t\t\tMehr erfahren\n\t\t\t\t\t\t\t<\/a>\n\t\t\t\t\t\t\t\t\t\t\t\t<a href=\"https:\/\/www.oceaneering.com\/de\/grayloc-home\/grayloc-compact-flanges\/\" target=\"_self\">\n\t\t\t\t\t\t<img decoding=\"async\" src=\"https:\/\/www.oceaneering.com\/wp-content\/uploads\/2024\/05\/Grayloc-Compact-Flange-box-image2.jpg\" alt=\"\"\/>\n\t\t\t\t\t\t<h3>Kompakte Flansche<\/h3>\n\t\t\t\t\t\t<h3>Kompakte Flansche<\/h3>\n\t\t\t\t\t\t<p>Kompakter und leichter Flansch mit unserer wiederverwendbaren leckagefreien Metall-Metall-Dichtung. <\/p>\n\t\t\t\t\t\t\t\tMehr erfahren\n\t\t\t\t\t\t\t<\/a>\n\t\t\t\t\t\t\t\t\t\t\t\t<a href=\"https:\/\/www.oceaneering.com\/de\/grayloc-home\/grayloc-remotely-operated-connectors\/\" target=\"_self\">\n\t\t\t\t\t\t<img decoding=\"async\" src=\"https:\/\/www.oceaneering.com\/wp-content\/uploads\/2024\/05\/Remotely-Operated-Connectors-box-image2.jpg\" alt=\"\"\/>\n\t\t\t\t\t\t<h3>Ferngesteuerte Steckverbinder <\/h3>\n\t\t\t\t\t\t<h3>Ferngesteuerte Steckverbinder <\/h3>\n\t\t\t\t\t\t<p>Ein schnell zu \u00f6ffnender, fernbedienbarer Klemmverbinder, der durch eine einzige Antriebsschraube bet\u00e4tigt wird. <\/p>\n\t\t\t\t\t\t\t\tMehr erfahren\n\t\t\t\t\t\t\t<\/a>\n\t\t\t\t\t\t\t\t\t\t\t\t<a href=\"https:\/\/www.oceaneering.com\/de\/grayloc-home\/grayloc-closure-systems\/\" target=\"_self\">\n\t\t\t\t\t\t<img decoding=\"async\" src=\"https:\/\/www.oceaneering.com\/wp-content\/uploads\/2024\/05\/Grayloc-Closure-System-box-image2.jpg\" alt=\"\"\/>\n\t\t\t\t\t\t<h3>Verschlusssysteme <\/h3>\n\t\t\t\t\t\t<h3>Verschlusssysteme <\/h3>\n\t\t\t\t\t\t<p>Klemmanschlussverschl\u00fcsse mit Scharnierblende und Klemmsystem zur Verbesserung der Benutzerfreundlichkeit. <\/p>\n\t\t\t\t\t\t\t\tMehr erfahren\n\t\t\t\t\t\t\t<\/a>\n\t\t\t\t\t\t\t\t\t\t\t\t<a href=\"https:\/\/www.oceaneering.com\/de\/grayloc-home\/grayloc-non-slam-nozzle-check-valves\/\" target=\"_self\">\n\t\t\t\t\t\t<img decoding=\"async\" src=\"https:\/\/www.oceaneering.com\/wp-content\/uploads\/2024\/05\/Nozzle-Check-Valve-box-image2.jpg\" alt=\"\"\/>\n\t\t\t\t\t\t<h3>R\u00fcckschlagventile f\u00fcr Nicht-Slam-D\u00fcsen <\/h3>\n\t\t\t\t\t\t<h3>R\u00fcckschlagventile f\u00fcr Nicht-Slam-D\u00fcsen <\/h3>\n\t\t\t\t\t\t<p>Wartungsfreie R\u00fcckschlagventile mit geringem Druckverlust, die sich durch einen einteiligen leckagefreien Ventilk\u00f6rper und eine Metall-Metall-Dichtung auszeichnen. <\/p>\n\t\t\t\t\t\t\t\tMehr erfahren\n\t\t\t\t\t\t\t<\/a>\n\t\tKompromisslose Sicherheit und Verl\u00e4sslichkeit \n<h2>\n\t\tIntegrit\u00e4tsmanagement von Wasserstoffanlagen\n\t<\/h2>\n\t<p>Unsere Teams nutzen die vorhandenen Erfahrungen mit Erdgasanlagen, um risikobasierte technische Modelle zu entwickeln, die den gesamten Lebenszyklus der Anlagen f\u00fcr globale Wasserstoffproduktions-, Speicher- und Transportprojekte unterst\u00fctzen. Dieser Wissenstransfer ist der Schl\u00fcssel zur Bew\u00e4ltigung der Probleme der Branche, da der Umfang der Projekte exponentiell ansteigt und eine kohlenstoffarme Lieferkette sowie eine innovative Technologieintegration erforderlich sind, um die sich entwickelnden Anforderungen zu erf\u00fcllen.<\/p>\n\t<ul>\n\t\t\t\t\t<li>\n\t\t\t\tErh\u00f6hung der Betriebszeit von Anlagen\n\t\t\t<\/li>\n\t\t\t\t\t<li>\n\t\t\t\tVerbesserung der Prozesssicherheit\n\t\t\t<\/li>\n\t\t\t\t\t<li>\n\t\t\t\tEinf\u00fchrung von risiko- und datenbasiertem Engineering zur Optimierung der OPEX\n\t\t\t<\/li>\n\t\t\t<\/ul>\n<h2>\n\t\tErhalten Sie die Integrit\u00e4t Ihrer Anlagen mit Full Lifecycle Services\n\t<\/h2>\n\t<p>Wir bieten umfassende Unterst\u00fctzung, um die Integrit\u00e4t der Anlagen w\u00e4hrend des gesamten Lebenszyklus von Wasserstoffprojekten zu gew\u00e4hrleisten. Unsere Dienstleistungen stellen sicher, dass jede Phase Ihres Projekts, von der Herstellung der Anlage bis zur laufenden Wartung und eventuellen Stilllegung, mit den h\u00f6chsten Qualit\u00e4ts- und Zuverl\u00e4ssigkeitsstandards verwaltet wird.<\/p>\n\t\t\t\tFabrication Services\n\t\t\t\tOperations and Maintenance Support\n\t\t\t\tIntegrity Engineering Services\n\t\t\t\t\t\t\tFabrication Services\n\t\t\t\t<p><img loading=\"lazy\" decoding=\"async\" src=\"https:\/\/www.oceaneering.com\/wp-content\/uploads\/2024\/06\/19GR-9122-2-scaled-edite-1024x536.jpg\" alt=\"Oceaneer performing Phased Array Corrosion Mapping\" width=\"1024\" height=\"536\" \/><\/p>\n<h3>Herstellung von Dienstleistungen<\/h3>\n<ul>\n<li>Onshore-Tiefbau und Hochbau<\/li>\n<li>Schwei\u00dftechnische und mechanische Qualit\u00e4tssicherung (QA) und Qualit\u00e4tskontrolle (QC)<\/li>\n<\/ul>\n\t\t\t\t\t\t\tUnterst\u00fctzung bei Betrieb und Wartung\n\t\t\t\t<p><img loading=\"lazy\" decoding=\"async\" src=\"https:\/\/www.oceaneering.com\/wp-content\/uploads\/2024\/06\/NDT-image-1024x576.jpg\" alt=\"\" width=\"1024\" height=\"576\" \/><\/p>\n<h3>Unterst\u00fctzung bei Betrieb und Wartung<\/h3>\n<ul>\n<li>\n<p>Konventionelle und fortschrittliche zerst\u00f6rungsfreie Pr\u00fcfverfahren (fortschrittlicher Ultraschall, Wirbelstrom, interne und externe Roboter-Raupensysteme)<\/p>\n<\/li>\n<li>\n<p>Umgang mit h\u00e4ufigen Schadensmechanismen bei allen Anlagen, einschlie\u00dflich Verspr\u00f6dung, wasserstoffinduzierter Rissbildung (HIC) und linearer Blasenbildung<\/p>\n<\/li>\n<li>\n<p>L\u00f6sungen f\u00fcr Lager-, Produktions- und Transportinfrastrukturen, einschlie\u00dflich Produktionsbeh\u00e4lter und Rohrleitungen, Kugeln und Zylinder sowie Transportbeh\u00e4lter und Rohrleitungen<\/p>\n<\/li>\n<\/ul>\n\t\t\t\t\t\t\tIntegrity Engineering Dienstleistungen\n\t\t\t\t<h3><img loading=\"lazy\" decoding=\"async\" src=\"https:\/\/www.oceaneering.com\/wp-content\/uploads\/2024\/06\/IMDS-Inform-Predict-1024x536.jpg\" alt=\"\" width=\"1024\" height=\"536\" \/><\/h3>\n<h3>Integrity Engineering Dienstleistungen<\/h3>\n<ul>\n<li>\n<p>Umfassendes Fachwissen in allen technischen Bereichen gew\u00e4hrleistet zeitnahe, datengest\u00fctzte Erkenntnisse zur Unterst\u00fctzung der Entscheidungsfindung<\/p>\n<\/li>\n<li>\n<p>Integriert Zustands\u00fcberwachung, vorausschauende Analysen sowie Zuverl\u00e4ssigkeits- und Wartungsplanung, um Inspektionsintervalle zu optimieren, Integrit\u00e4tsprobleme proaktiv anzugehen und die Betriebszeit zu erh\u00f6hen<\/p>\n<\/li>\n<li>\n<p>Zu den Dienstleistungen geh\u00f6ren Schwingungsanalyse, Analyse der Integrit\u00e4t von Rohrleitungen, Gebrauchstauglichkeitsanalyse, Fehleranalyse, Werkstofftechnik sowie Zuverl\u00e4ssigkeits- und Wartungstechnik.<\/p>\n<\/li>\n<\/ul>\n<h2>\n\t\tEntwicklung einer kohlenstoffarmen Energiezukunft \n\t<\/h2>\n\t<p>Als globaler Anbieter von technischen Produkten und Dienstleistungen sind wir bestrebt, unseren \u00f6kologischen Fu\u00dfabdruck in den zahlreichen Branchen, die wir bedienen, zu verringern. Wir investieren kontinuierlich in die Entwicklung unserer Produkte und Dienstleistungen, um widerstandsf\u00e4hige, sichere und umweltfreundliche fortschrittliche Technologien zu schaffen, die eine bessere Zusammenarbeit zwischen unseren Kunden und schnellere Reaktionszeiten erm\u00f6glichen.<\/p>\n\t\t\t<a href=\"https:\/\/www.oceaneering.com\/de\/sustainability\/\" target=\"_self\">\n\t\t\t\t\t\t\tErfahren Sie mehr \u00fcber unsere Nachhaltigkeit\n\t\t\t<\/a>\n\t\t\t\t<img loading=\"lazy\" decoding=\"async\" src=\"https:\/\/www.oceaneering.com\/wp-content\/uploads\/2023\/11\/Floating_Windmill_SM_image_02.jpg\" alt=\"Floating_Windmill_SM_image_02\" itemprop=\"image\" height=\"698\" width=\"1080\" title=\"Schwebende_Windm\u00fchle_SM_image_02\" onerror=\"this.style.display='none'\"  \/>\n\t\t\t\t\t\t\t\t\t<h3>Praxiserprobt. Branchenf\u00fchrend.<\/h3>\n\t\t\t\t\t\t\t\t\t<p>Lesen Sie mehr dar\u00fcber, wie unsere Produkte und Dienstleistungen Wasserstoffprojekte unterst\u00fctzt haben. <\/p>\n\t\t\t\t\t\t<a href=\"https:\/\/www.oceaneering.com\/de\/resources\/?_content_types=case-study\" target=\"_self\">\n\t\t\t\t\t\t\t\tAlle Fallstudien anzeigen\t\t\t\t\t\t\t\n\t\t\t\t\t\t\t\t\t\t\t\t\t<\/a>\n\t\t\t\t\t\t<button>\n\t\t\t\t\t\t\tVorherige\n\t\t\t\t\t\t<\/button>\n\t\t\t\t\t\t<button>\n\t\t\t\t\t\t\tWeiter\n\t\t\t\t\t\t<\/button>\n\t\t\t\t\t\t\t<a href=\"https:\/\/www.oceaneering.com\/de\/case-studies\/grayloc-connectors-survive-high-pressure-hydrogen-fire-with-sealing-integrity-intact\/\">\n\t\t\t\t\t\t\t\t\t\t<img decoding=\"async\" src=\"https:\/\/www.oceaneering.com\/wp-content\/uploads\/2023\/10\/Case-Study-Grayloc-Connectors-Survive-High-Pressure-Hydrogen-Fire-with-Sealing-Integrity-Intact-1.jpeg\" alt=\"\"\/>\n\t\t\t\t\t\t\t\t\t\t<h3>Grayloc\u00ae Steckverbinder \u00fcberstehen Hochdruck-Wasserstoffbrand mit intakter Dichtung<\/h3>\n\t\t\t\t\t\t\t\t\t\t<h3>Grayloc\u00ae Steckverbinder \u00fcberstehen Hochdruck-Wasserstoffbrand mit intakter Dichtung<\/h3>\n\t\t\t\t\t\t\t\t\t\t\t\t\t\t\t\t\t\t\t\t\t<p>\u00dcberblick Das Gasleck, das auf eine externe Stopfbuchse zur\u00fcckgef\u00fchrt wurde, trat in der Wasserstoffverarbeitungseinheit auf, die...<\/p>\n\t\t\t\t\t\t\t\t\t\t\tMehr erfahren\n\t\t\t\t\t\t\t<\/a>\n<h1>\n\t\tKontakt\n\t<\/h1>\n<h2>\n\t\tUnser Expertenteam ist bereit, Ihnen den Einstieg zu erleichtern.\n\t<\/h2>\n\t<p>Oceaneering bietet erstklassige Produkte und L\u00f6sungen, die sich durch unvergleichliche Qualit\u00e4t, Zuverl\u00e4ssigkeit und globalen Support auszeichnen. F\u00fcllen Sie das Anfrageformular aus, um noch heute ein Gespr\u00e4ch zu beginnen.<\/p>","protected":false},"excerpt":{"rendered":"<p>Discuss a Project Renewable Energy Solutions Hydrogen Support Services Elevating clean energy with reliable, sustainable solutions for hydrogen production, storage, and transportation. Delivering Solutions for Hydrogen Projects Decarbonizing Industry and Beyond Hydrogen technology stands at the forefront of the energy revolution, offering solutions for industrial decarbonization, energy security, and grid stability. Oceaneering\u00ae Grayloc\u00ae Products and &#8230; <a title=\"Wasserstoff-Unterst\u00fctzungsdienste\" class=\"read-more\" href=\"https:\/\/www.oceaneering.com\/de\/renewable-energy-solutions\/hydrogen-support-services\/\" aria-label=\"Mehr Informationen \u00fcber Hydrogen Support Services\">Weiterlesen ...<\/a><\/p>","protected":false},"author":25,"featured_media":0,"parent":61160,"menu_order":0,"comment_status":"closed","ping_status":"closed","template":"","meta":{"_acf_changed":false,"footnotes":"","_links_to":"","_links_to_target":""},"product_category":[1159],"search_tags":[1398],"class_list":["post-72371","page","type-page","status-publish","product_category-renewables","search_tags-renewable-energy"],"acf":[],"aioseo_notices":[],"_links":{"self":[{"href":"https:\/\/www.oceaneering.com\/de\/wp-json\/wp\/v2\/pages\/72371","targetHints":{"allow":["GET"]}}],"collection":[{"href":"https:\/\/www.oceaneering.com\/de\/wp-json\/wp\/v2\/pages"}],"about":[{"href":"https:\/\/www.oceaneering.com\/de\/wp-json\/wp\/v2\/types\/page"}],"author":[{"embeddable":true,"href":"https:\/\/www.oceaneering.com\/de\/wp-json\/wp\/v2\/users\/25"}],"replies":[{"embeddable":true,"href":"https:\/\/www.oceaneering.com\/de\/wp-json\/wp\/v2\/comments?post=72371"}],"version-history":[{"count":0,"href":"https:\/\/www.oceaneering.com\/de\/wp-json\/wp\/v2\/pages\/72371\/revisions"}],"up":[{"embeddable":true,"href":"https:\/\/www.oceaneering.com\/de\/wp-json\/wp\/v2\/pages\/61160"}],"wp:attachment":[{"href":"https:\/\/www.oceaneering.com\/de\/wp-json\/wp\/v2\/media?parent=72371"}],"wp:term":[{"taxonomy":"product_category","embeddable":true,"href":"https:\/\/www.oceaneering.com\/de\/wp-json\/wp\/v2\/product_category?post=72371"},{"taxonomy":"search_tags","embeddable":true,"href":"https:\/\/www.oceaneering.com\/de\/wp-json\/wp\/v2\/search_tags?post=72371"}],"curies":[{"name":"wp","href":"https:\/\/api.w.org\/{rel}","templated":true}]}}