{"id":72252,"date":"2024-05-16T04:49:09","date_gmt":"2024-05-16T09:49:09","guid":{"rendered":"https:\/\/www.oceaneering.com\/?page_id=72252"},"modified":"2024-09-11T03:57:11","modified_gmt":"2024-09-11T08:57:11","slug":"maintenance-engineering","status":"publish","type":"page","link":"https:\/\/www.oceaneering.com\/de\/maintenance-and-reliability\/maintenance-engineering\/","title":{"rendered":"Wartungstechnik"},"content":{"rendered":"<a href=\"https:\/\/www.oceaneering.com\/de\/maintenance-and-reliability\/#contact\" target=\"_self\" rel=\"noopener\">\n\t\t\t\t\t\t\tKontakt\n\t\t\t\t\t<\/a>\n\t\tL\u00f6sungen f\u00fcr Wartung und Zuverl\u00e4ssigkeit\n<h1>\n\t\tWartungstechnik\n\t<\/h1>\n\t<p>Wir entwickeln, \u00fcberpr\u00fcfen und validieren Ihr Anlagenmanagementprogramm, um eine hervorragende Instandhaltung zu erreichen, die Sicherheit und Compliance gew\u00e4hrleistet und gleichzeitig die Betriebszeit maximiert.<\/p>\n<h2>\n\t\tHervorragende Instandhaltung von Geb\u00e4uden\n\t<\/h2>\n\t<p>Verwandeln Sie Ihre Asset-Management-Daten mit unseren flexiblen und umfassenden Instandhaltungs-Engineering-Services.<\/p>\n\t\t\t\t<img loading=\"lazy\" decoding=\"async\" src=\"https:\/\/www.oceaneering.com\/wp-content\/uploads\/2024\/05\/Asset-register.jpg\" alt=\"Oil and gas industrial refinery at twilight.\" itemprop=\"image\" height=\"1080\" width=\"1920\" title=\"Asset-register\" onerror=\"this.style.display='none'\"  \/>\n<h3>\n\t\tEntwicklung des Anlagenregisters\n\t<\/h3>\n\t<p>Die Entwicklung von Anlagenregistern und technischen Hierarchien bildet das strukturierte Datenger\u00fcst f\u00fcr das Anlagenverwaltungsprogramm in Ihrem Computerized Maintenance Management System (CMMS).<\/p>\n\t\t\t\t<img loading=\"lazy\" decoding=\"async\" src=\"https:\/\/www.oceaneering.com\/wp-content\/uploads\/2024\/05\/Asset-Criticality-Assessment.jpg\" alt=\"LNG (Liquified Natural Gas) tanker anchored in Gas terminal gas tanks for storage.\" itemprop=\"image\" height=\"1080\" width=\"1920\" title=\"Asset-Criticality-Assessment\" onerror=\"this.style.display='none'\"  \/>\n<h3>\n\t\tBewertung der Kritikalit\u00e4t\n\t<\/h3>\n\t<p>Mit der Bewertung der Kritikalit\u00e4t von Anlagen wird die relative Bedeutung Ihrer Anlagen konsistent und effizient ermittelt, um einen risikobasierten und kosteneffizienten Einsatz von Ressourcen zu erm\u00f6glichen.<\/p>\n\t\t\t\t<img loading=\"lazy\" decoding=\"async\" src=\"https:\/\/www.oceaneering.com\/wp-content\/uploads\/2024\/05\/Asset-Maintenance-Management2.jpg\" alt=\"Crane loading cargo container ship in the international terminal logistic sea port.\" itemprop=\"image\" height=\"1080\" width=\"1920\" title=\"Asset-Maintenance-Management\" onerror=\"this.style.display='none'\"  \/>\n<h3>\n\t\tInstandhaltungsmanagement\n\t<\/h3>\n\t<p>Bespoke maintenance strategies are designed to deliver optimal asset uptime &#8211; whether it&#8217;s preventative, condition-based, or predictive maintenance that is required.<\/p>\n\t\t\t\t<img loading=\"lazy\" decoding=\"async\" src=\"https:\/\/www.oceaneering.com\/wp-content\/uploads\/2024\/05\/Spares-Parts-Analysis.jpg\" alt=\"Factory warehouse spare parts. Storage and distribution of components.\" itemprop=\"image\" height=\"1080\" width=\"1920\" title=\"Spares-Parts-Analysis\" onerror=\"this.style.display='none'\"  \/>\n<h3>\n\t\tErsatzteilanalyse\n\t<\/h3>\n\t<p>Die Verf\u00fcgbarkeit von Ersatzteilen ist entscheidend f\u00fcr die Betriebskontinuit\u00e4t. Stellen Sie einen kosteneffizienten und reibungslosen Betrieb sicher, indem Sie Ersatzteilstrategien festlegen, kritische Ersatzteile bewerten, St\u00fccklisten erstellen und Lagerbest\u00e4nde festlegen.<\/p>\n\t\t\t\t<img loading=\"lazy\" decoding=\"async\" src=\"https:\/\/www.oceaneering.com\/wp-content\/uploads\/2024\/05\/Data-handling.jpg\" alt=\"Person using a laptop and data being visualized.\" itemprop=\"image\" height=\"1280\" width=\"1920\" title=\"CMMS-Dienste\" onerror=\"this.style.display='none'\"  \/>\n<h3>\n\t\tCMMS-Dienste\n\t<\/h3>\n\t<p>Ever evolving asset portfolios can place your organization at risk if your asset management program doesn&#8217;t keep pace. Management of Change (MOC) services address this challenge through the management and implementation of data updates within your CMMS, keeping your operations aligned and efficient.<\/p>\n\t\t\t\t\t\t\t\t\t<h3>Praxiserprobt. Branchenf\u00fchrend.<\/h3>\n\t\t\t\t\t\t\t\t\t<p>Lesen Sie unsere Fallstudien \u00fcber erfolgreiche Wartungs- und Zuverl\u00e4ssigkeitsprojekte.<\/p>\n\t\t\t\t\t\t<a href=\"https:\/\/www.oceaneering.com\/de\/resources\/?_content_types=case-study&amp;_resource_categories=maintenance-and-reliability\" target=\"_self\" rel=\"noopener\">\n\t\t\t\t\t\t\t\tLesen Sie relevante Fallstudien\t\t\t\t\t\t\t\n\t\t\t\t\t\t\t\t\t\t\t\t\t<\/a>\n\t\t\t\t\t\t<button>\n\t\t\t\t\t\t\tVorherige\n\t\t\t\t\t\t<\/button>\n\t\t\t\t\t\t<button>\n\t\t\t\t\t\t\tWeiter\n\t\t\t\t\t\t<\/button>\n\t\t\t\t\t\t\t<a href=\"https:\/\/www.oceaneering.com\/de\/case-studies\/using-process-data-to-evaluate-pump-operating-performance\/\">\n\t\t\t\t\t\t\t\t\t\t<img decoding=\"async\" src=\"https:\/\/www.oceaneering.com\/wp-content\/uploads\/2024\/09\/Using-Process-Data-to-Evaluate-Pump-Operating-Performance-banner-image.jpg\" alt=\"\"\/>\n\t\t\t\t\t\t\t\t\t\t<h3>Private: Using Process Data to Evaluate Pump Operating Performance<\/h3>\n\t\t\t\t\t\t\t\t\t\t<h3>Private: Using Process Data to Evaluate Pump Operating Performance<\/h3>\n\t\t\t\t\t\t\t\t\t\t\t\t\t\t\t\t\t\t\t\t\t<p>Overview Pumps play a vital role in many industries worldwide. But inefficient pump operation can lead to costly&#8230;<\/p>\n\t\t\t\t\t\t\t\t\t\t\tMehr erfahren\n\t\t\t\t\t\t\t<\/a>\n\t\t\t\t\t\t\t<a href=\"https:\/\/www.oceaneering.com\/de\/case-studies\/supporting-client-with-long-term-fpso-maintenance-plan\/\">\n\t\t\t\t\t\t\t\t\t\t<img decoding=\"async\" src=\"https:\/\/www.oceaneering.com\/wp-content\/uploads\/2023\/11\/551ebf15-1a6f-442b-8a64-3e3baceffc71.jpg\" alt=\"\"\/>\n\t\t\t\t\t\t\t\t\t\t<h3>Unterst\u00fctzung des Kunden mit einem langfristigen FPSO-Wartungsplan<\/h3>\n\t\t\t\t\t\t\t\t\t\t<h3>Unterst\u00fctzung des Kunden mit einem langfristigen FPSO-Wartungsplan<\/h3>\n\t\t\t\t\t\t\t\t\t\t\t\t\t\t\t\t\t\t\t\t\t<p>The Challenge A client needed a thorough maintenance management system for its floating production storage and offloading (FPSO)&#8230;<\/p>\n\t\t\t\t\t\t\t\t\t\t\tMehr erfahren\n\t\t\t\t\t\t\t<\/a>\n\t\t\t\t\t\t\t<a href=\"https:\/\/www.oceaneering.com\/de\/case-studies\/embedded-engineers-improve-operational-reliability-for-global-operator\/\">\n\t\t\t\t\t\t\t\t\t\t<img decoding=\"async\" src=\"https:\/\/www.oceaneering.com\/wp-content\/uploads\/2024\/06\/Embedded-Engineers-Improves-Operational-Efficiency-for-Major-Operator.jpg\" alt=\"\"\/>\n\t\t\t\t\t\t\t\t\t\t<h3>Eingebettete Ingenieure verbessern die Betriebszuverl\u00e4ssigkeit eines globalen Betreibers<\/h3>\n\t\t\t\t\t\t\t\t\t\t<h3>Eingebettete Ingenieure verbessern die Betriebszuverl\u00e4ssigkeit eines globalen Betreibers<\/h3>\n\t\t\t\t\t\t\t\t\t\t\t\t\t\t\t\t\t\t\t\t\t<p>\u00dcberblick Ein weltweit t\u00e4tiger Betreiber wollte die Betriebszuverl\u00e4ssigkeit, die Betriebszeit und die Wartungseffizienz seiner Neubauprojekte verbessern...<\/p>\n\t\t\t\t\t\t\t\t\t\t\tMehr erfahren\n\t\t\t\t\t\t\t<\/a>\n\t\t\t\t\t\t\t<a href=\"https:\/\/www.oceaneering.com\/de\/case-studies\/maintenance-build-for-fpso-and-offloading-terminal-maximizes-uptime-with-optimized-approach\/\">\n\t\t\t\t\t\t\t\t\t\t<img decoding=\"async\" src=\"https:\/\/www.oceaneering.com\/wp-content\/uploads\/2024\/06\/Maintenance-Build-for-FPSO-and-Offloading-Terminal-Maximizes-Uptime-with-Optimized-Approach.jpg\" alt=\"\"\/>\n\t\t\t\t\t\t\t\t\t\t<h3>Wartungsgeb\u00e4ude f\u00fcr FPSO und Entladeterminal maximiert die Betriebszeit mit optimiertem Ansatz<\/h3>\n\t\t\t\t\t\t\t\t\t\t<h3>Wartungsgeb\u00e4ude f\u00fcr FPSO und Entladeterminal maximiert die Betriebszeit mit optimiertem Ansatz<\/h3>\n\t\t\t\t\t\t\t\t\t\t\t\t\t\t\t\t\t\t\t\t\t<p>\u00dcberblick Im Dezember 2023 schloss das Maintenance and Reliability Solutions Team von Oceaneering einen dreij\u00e4hrigen Wartungsauftrag f\u00fcr zwei...<\/p>\n\t\t\t\t\t\t\t\t\t\t\tMehr erfahren\n\t\t\t\t\t\t\t<\/a>\n\t\t\t\t\t\t\t<a href=\"https:\/\/www.oceaneering.com\/de\/case-studies\/enhancing-pump-system-reliability\/\">\n\t\t\t\t\t\t\t\t\t\t<img decoding=\"async\" src=\"https:\/\/www.oceaneering.com\/wp-content\/uploads\/2024\/06\/Enhancing-Pump-System-Reliability-thumbnail.jpg\" alt=\"\"\/>\n\t\t\t\t\t\t\t\t\t\t<h3>Privat: Erh\u00f6hung der Zuverl\u00e4ssigkeit des Pumpensystems<\/h3>\n\t\t\t\t\t\t\t\t\t\t<h3>Privat: Erh\u00f6hung der Zuverl\u00e4ssigkeit des Pumpensystems<\/h3>\n\t\t\t\t\t\t\t\t\t\t\t\t\t\t\t\t\t\t\t\t\t<p>\u00dcberblick Im Jahr 2023 wurden Ingenieure des Oceaneering-Teams f\u00fcr Instandhaltungs- und Zuverl\u00e4ssigkeitsl\u00f6sungen mit der Aufgabe betraut, herauszufinden, warum die variable...<\/p>\n\t\t\t\t\t\t\t\t\t\t\tMehr erfahren\n\t\t\t\t\t\t\t<\/a>\n\t\t\t\t\t\t\t<a href=\"https:\/\/www.oceaneering.com\/de\/case-studies\/updating-maintenance-plans-for-uk-regulatory-compliance\/\">\n\t\t\t\t\t\t\t\t\t\t<img decoding=\"async\" src=\"https:\/\/www.oceaneering.com\/wp-content\/uploads\/2024\/06\/Updating-Maintenance-Plans-for-UK-Regulatory-Compliance.jpg\" alt=\"\"\/>\n\t\t\t\t\t\t\t\t\t\t<h3>Privat: Aktualisierung von Wartungspl\u00e4nen zur Einhaltung der britischen Vorschriften<\/h3>\n\t\t\t\t\t\t\t\t\t\t<h3>Privat: Aktualisierung von Wartungspl\u00e4nen zur Einhaltung der britischen Vorschriften<\/h3>\n\t\t\t\t\t\t\t\t\t\t\t\t\t\t\t\t\t\t\t\t\t<p>\u00dcberblick Ein Erd\u00f6l- und Erdgasbetreiber hat vor kurzem seine T\u00e4tigkeit erstmals auf die britische Nordsee ausgedehnt...<\/p>\n\t\t\t\t\t\t\t\t\t\t\tMehr erfahren\n\t\t\t\t\t\t\t<\/a>\n\t\t\t\t\t\t\t<a href=\"https:\/\/www.oceaneering.com\/de\/case-studies\/development-of-maintenance-program-for-the-worlds-largest-offshore-wind-farm\/\">\n\t\t\t\t\t\t\t\t\t\t<img decoding=\"async\" src=\"https:\/\/www.oceaneering.com\/wp-content\/uploads\/2024\/04\/Wind-Farm.jpg\" alt=\"\"\/>\n\t\t\t\t\t\t\t\t\t\t<h3>Entwicklung eines Wartungsprogramms f\u00fcr den weltgr\u00f6\u00dften Offshore-Windpark<\/h3>\n\t\t\t\t\t\t\t\t\t\t<h3>Entwicklung eines Wartungsprogramms f\u00fcr den weltgr\u00f6\u00dften Offshore-Windpark<\/h3>\n\t\t\t\t\t\t\t\t\t\t\t\t\t\t\t\t\t\t\t\t\t<p>\u00dcberblick Oceaneering wurde mit der Durchf\u00fchrung der umfassenden Wartungsarbeiten f\u00fcr das Offshore-Windkraftprojekt Dogger Bank A beauftragt...<\/p>\n\t\t\t\t\t\t\t\t\t\t\tMehr erfahren\n\t\t\t\t\t\t\t<\/a>\n\t\t\t\t\t\t\t<a href=\"https:\/\/www.oceaneering.com\/de\/case-studies\/comprehensive-hierarchy-build-enables-optimized-maintenance-build-scope\/\">\n\t\t\t\t\t\t\t\t\t\t<img decoding=\"async\" src=\"https:\/\/www.oceaneering.com\/wp-content\/uploads\/2024\/06\/Comprehensive-Hierarchy-Build-Enables-Optimized-Maintenance-Build-Scope.jpg\" alt=\"\"\/>\n\t\t\t\t\t\t\t\t\t\t<h3>Umfassender Hierarchieaufbau erm\u00f6glicht optimierten Umfang des Wartungsaufbaus<\/h3>\n\t\t\t\t\t\t\t\t\t\t<h3>Umfassender Hierarchieaufbau erm\u00f6glicht optimierten Umfang des Wartungsaufbaus<\/h3>\n\t\t\t\t\t\t\t\t\t\t\tMehr erfahren\n\t\t\t\t\t\t\t<\/a>\n\t\t\t\t\t\t\t<a href=\"https:\/\/www.oceaneering.com\/de\/case-studies\/delivery-of-maintenance-and-inspection-strategies-for-three-fsru-conversion-projects\/\">\n\t\t\t\t\t\t\t\t\t\t<img decoding=\"async\" src=\"https:\/\/www.oceaneering.com\/wp-content\/uploads\/2024\/06\/Delivery-of-Maintenance-and-Inspection-Strategies-for-Three-FSRU-Conversion-Projects.jpg\" alt=\"\"\/>\n\t\t\t\t\t\t\t\t\t\t<h3>Lieferung von Wartungs- und Inspektionsstrategien f\u00fcr drei FSRU-Umwandlungsprojekte<\/h3>\n\t\t\t\t\t\t\t\t\t\t<h3>Lieferung von Wartungs- und Inspektionsstrategien f\u00fcr drei FSRU-Umwandlungsprojekte<\/h3>\n\t\t\t\t\t\t\t\t\t\t\tMehr erfahren\n\t\t\t\t\t\t\t<\/a>\n\t\t\t\t\t\t\t<a href=\"https:\/\/www.oceaneering.com\/de\/case-studies\/using-bills-of-materials-boms-to-improve-brownfield-facilities-inventory-levels\/\">\n\t\t\t\t\t\t\t\t\t\t<img decoding=\"async\" src=\"https:\/\/www.oceaneering.com\/wp-content\/uploads\/2024\/06\/Using-Bills-of-Materials-BOMs-to-Improve-Brownfield-Facilities-Inventory-Levels.jpg\" alt=\"\"\/>\n\t\t\t\t\t\t\t\t\t\t<h3>Verwendung von St\u00fccklisten (BOMs) zur Verbesserung der Lagerbest\u00e4nde von Industriebetrieben<\/h3>\n\t\t\t\t\t\t\t\t\t\t<h3>Verwendung von St\u00fccklisten (BOMs) zur Verbesserung der Lagerbest\u00e4nde von Industriebetrieben<\/h3>\n\t\t\t\t\t\t\t\t\t\t\tMehr erfahren\n\t\t\t\t\t\t\t<\/a>\n<h1>\n\t\tKontakt\n\t<\/h1>\n<h2>\n\t\tUnser Expertenteam ist bereit, Ihnen den Einstieg zu erleichtern.\n\t<\/h2>\n\t<p>Oceaneering bietet erstklassige Produkte und L\u00f6sungen, die sich durch unvergleichliche Qualit\u00e4t, Zuverl\u00e4ssigkeit und globalen Support auszeichnen. F\u00fcllen Sie das Anfrageformular aus, um noch heute ein Gespr\u00e4ch zu beginnen.<\/p>","protected":false},"excerpt":{"rendered":"<p>Contact Us Maintenance and Reliability Solutions Maintenance Engineering We develop, review, and validate your asset management program to achieve maintenance excellence, ensuring safety and compliance while maximizing uptime. Building Maintenance Excellence Transform your asset management data with our flexible and comprehensive maintenance engineering services. Asset Register Development Asset register and technical hierarchy development services provide &#8230; <a title=\"Wartungstechnik\" class=\"read-more\" href=\"https:\/\/www.oceaneering.com\/de\/maintenance-and-reliability\/maintenance-engineering\/\" aria-label=\"Mehr Informationen \u00fcber Wartungstechnik\">Weiterlesen ...<\/a><\/p>","protected":false},"author":25,"featured_media":0,"parent":59772,"menu_order":0,"comment_status":"closed","ping_status":"closed","template":"","meta":{"_acf_changed":false,"footnotes":"","_links_to":"","_links_to_target":""},"product_category":[1998],"search_tags":[],"class_list":["post-72252","page","type-page","status-publish","product_category-maintenance-and-reliability"],"acf":[],"aioseo_notices":[],"_links":{"self":[{"href":"https:\/\/www.oceaneering.com\/de\/wp-json\/wp\/v2\/pages\/72252","targetHints":{"allow":["GET"]}}],"collection":[{"href":"https:\/\/www.oceaneering.com\/de\/wp-json\/wp\/v2\/pages"}],"about":[{"href":"https:\/\/www.oceaneering.com\/de\/wp-json\/wp\/v2\/types\/page"}],"author":[{"embeddable":true,"href":"https:\/\/www.oceaneering.com\/de\/wp-json\/wp\/v2\/users\/25"}],"replies":[{"embeddable":true,"href":"https:\/\/www.oceaneering.com\/de\/wp-json\/wp\/v2\/comments?post=72252"}],"version-history":[{"count":0,"href":"https:\/\/www.oceaneering.com\/de\/wp-json\/wp\/v2\/pages\/72252\/revisions"}],"up":[{"embeddable":true,"href":"https:\/\/www.oceaneering.com\/de\/wp-json\/wp\/v2\/pages\/59772"}],"wp:attachment":[{"href":"https:\/\/www.oceaneering.com\/de\/wp-json\/wp\/v2\/media?parent=72252"}],"wp:term":[{"taxonomy":"product_category","embeddable":true,"href":"https:\/\/www.oceaneering.com\/de\/wp-json\/wp\/v2\/product_category?post=72252"},{"taxonomy":"search_tags","embeddable":true,"href":"https:\/\/www.oceaneering.com\/de\/wp-json\/wp\/v2\/search_tags?post=72252"}],"curies":[{"name":"wp","href":"https:\/\/api.w.org\/{rel}","templated":true}]}}