{"id":71741,"date":"2024-04-15T06:05:33","date_gmt":"2024-04-15T11:05:33","guid":{"rendered":"https:\/\/www.oceaneering.com\/?page_id=71741"},"modified":"2026-01-06T04:26:50","modified_gmt":"2026-01-06T10:26:50","slug":"fixed-offshore-wind","status":"publish","type":"page","link":"https:\/\/www.oceaneering.com\/de\/renewable-energy-solutions\/fixed-offshore-wind\/","title":{"rendered":"Offshore-Windkraftanlagen"},"content":{"rendered":"<a href=\"https:\/\/www.oceaneering.com\/de\/renewable-energy-solutions\/#contact\" target=\"_self\">\n\t\t\t\t\t\t\tEin Projekt besprechen\n\t\t\t\t\t<\/a>\n\t\tL\u00f6sungen f\u00fcr erneuerbare Energien\n<h1>\n\t\tOffshore-Windkraftanlagen\n\t<\/h1>\n\t<p>Verbessern Sie die Wirtschaftlichkeit Ihrer Projekte mit bew\u00e4hrten, effizienten L\u00f6sungen.<\/p>\n<h2>\n\t\tSteigerung der Effizienz in allen Gesch\u00e4ftsbereichen\n\t<\/h2>\n\t<p>Feste Offshore-Windkraftanlagen sind von zentraler Bedeutung f\u00fcr die Erreichung der globalen Kohlenstoffreduzierungs- und Netto-Null-Ziele. Mit unserer jahrzehntelangen Erfahrung in der Offshore-Energie und im komplexen Schiffsbau sind wir in der Lage, die spezifischen Anforderungen Ihres Projekts zu erf\u00fcllen.<\/p>\n<h3>\n\t\tErh\u00f6hung der Uptime-Verf\u00fcgbarkeit \n\t<\/h3>\n<h3>\n\t\tOptimieren Sie die IMR-Planung und -Ausf\u00fchrung\n\t<\/h3>\n<h3>\n\t\tVerbesserung des Situationsbewusstseins \n\t<\/h3>\n<h2>\n\t\tZuverl\u00e4ssige L\u00f6sungen f\u00fcr feste Offshore-Windkraftanlagen\n\t<\/h2>\n\t<p>Unsere fortschrittlichen Technologien und Dienstleistungen erf\u00fcllen die Anforderungen von anspruchsvollen Offshore-Anwendungen. Dank unserer Erfahrung in rauen Umgebungen sind wir in der Lage, Ihre vielf\u00e4ltigen Anforderungen w\u00e4hrend des gesamten Lebenszyklus eines Projekts zu planen und darauf zu reagieren.<\/p>\n\t\t\t\tCharakterisierung des Standorts\n\t\t\t\tVermessung und Positionierung\n\t\t\t\tOcean Perception\u2122 L\u00f6sung f\u00fcr den Schutz von Meeress\u00e4ugern\n\t\t\t\tIsurus\u2122 ROV der Arbeitsklasse\n\t\t\t\tIMRGE\u2122 Integrierte, anpassbare IMR-L\u00f6sungen\n\t\t\t\tProgramme f\u00fcr Betrieb und Wartung\n\t\t\t\tOrtsans\u00e4ssige Robotersysteme und Fernbetrieb\n\t\t\t\tSchiffsflotte\n\t\t\t\tKabelreparaturdienste\n\t\t\t\tMarine Koordinationsunterst\u00fctzung\n\t\t\t\t\t\t\tCharakterisierung von Standorten \n\t\t\t\t<p><img loading=\"lazy\" decoding=\"async\" src=\"https:\/\/www.oceaneering.com\/wp-content\/uploads\/2023\/10\/AUV-web-1024x576.jpeg\" alt=\"Autonomous Underwater Vehicle (AUV) enters on waterline.\" width=\"1024\" height=\"576\" \/><\/p>\n<h3>Charakterisierung des Standorts<\/h3>\n<p>Zu unseren F\u00e4higkeiten geh\u00f6ren umfassende geophysikalische, geotechnische und seismische Untersuchungen, die eine pr\u00e4zise Datenerfassung f\u00fcr fundierte Entscheidungen bei festen Offshore-Windprojekten erm\u00f6glichen. Operationen, die von unseren vermessungsspezifischen <a href=\"https:\/\/www.oceaneering.com\/de\/subsea-projects\/vessel-fleet\/\">Schiff Ocean Intervention II<\/a> genaue Standortbewertungen zu gew\u00e4hrleisten, die f\u00fcr sichere und wirksame Entwicklungen unerl\u00e4sslich sind.<\/p>\n<p><a href=\"https:\/\/www.oceaneering.com\/de\/survey-and-mapping\/geoscience-and-auv-surveys\/\">Mehr erfahren<\/a><\/p>\n\t\t\t\t\t\t\tVermessung und Positionierung\n\t\t\t\t<p><img loading=\"lazy\" decoding=\"async\" src=\"https:\/\/www.oceaneering.com\/wp-content\/uploads\/2024\/01\/230323_C-Nav-Thumbnail_V1-edited-1024x576.jpg\" alt=\"Satellites orbiting earth.\" width=\"1024\" height=\"576\" \/><\/p>\n<h3>Vermessung und Positionierung<\/h3>\n<p>Jahrzehntelange Erfahrung und der Zugang zu einer Flotte fortschrittlicher Schiffe und Unterwasserroboter bieten Ihnen sichere, kosteng\u00fcnstige L\u00f6sungen f\u00fcr Standortuntersuchungen und Positionsbestimmungen. Oceaneering <a href=\"https:\/\/www.oceaneering.com\/de\/positioning-solutions\/\">C-Nav\u00ae Positionierungsl\u00f6sungen<\/a>Der bahnbrechende LEO-Satellitenkorrekturdienst nutzt Iridium\u00ae-Satelliten in der niedrigen Erdumlaufbahn (LEO), um die historischen Probleme der Maskierung und der hohen Breitengrade zu \u00fcberwinden, und bietet ein H\u00f6chstma\u00df an Redundanz und Betriebszeit zur Unterst\u00fctzung Ihres Betriebs.<\/p>\n<p><a href=\"https:\/\/www.oceaneering.com\/de\/survey-and-mapping\/survey-and-positioning\/\">Mehr erfahren<\/a><\/p>\n\t\t\t\t\t\t\tOcean Perception\u2122 L\u00f6sung zum Schutz von Meeress\u00e4ugern \n\t\t\t\t<p><img loading=\"lazy\" decoding=\"async\" src=\"https:\/\/www.oceaneering.com\/wp-content\/uploads\/2024\/05\/Whales-Nove2021-312-1024x576.jpg\" alt=\"A whale's tale above sea level.\" width=\"1024\" height=\"576\" \/><\/p>\n<h3>Ocean Perception\u2122 L\u00f6sung zum Schutz von Meeress\u00e4ugern<\/h3>\n<p>Unsere patentierte Softwarel\u00f6sung Ocean Perception revolutioniert die \u00dcberwachung der Meeresfauna und -flora und vergr\u00f6\u00dfert gleichzeitig Ihr Einsatzfenster, so dass Sie rund um die Uhr arbeiten k\u00f6nnen.<\/p>\n<p>Die L\u00f6sung nutzt fortschrittliche Sensoren, akustische Bojen und eine strategisch konzipierte und benutzerfreundliche Schnittstelle f\u00fcr Beobachter gesch\u00fctzter Arten (PSOs), um den Betrieb und das allgemeine Situationsbewusstsein zu optimieren.<\/p>\n<p><a href=\"https:\/\/www.oceaneering.com\/de\/renewable-energy-solutions\/fixed-offshore-wind\/ocean-perception\/\">Mehr erfahren<\/a><\/p>\n\t\t\t\t\t\t\tIsurus\u2122 Arbeits-Klasse ROV \n\t\t\t\t<p><img loading=\"lazy\" decoding=\"async\" src=\"https:\/\/www.oceaneering.com\/wp-content\/uploads\/2024\/05\/19JW-03913-1024x576.jpg\" alt=\"The Isurus ROV overlocking dock in the UK.\" width=\"1024\" height=\"576\" \/><\/p>\n<h3>Isurus\u2122 Arbeits-Klasse ROV<\/h3>\n<p>Basierend auf unserem bew\u00e4hrten Magnum\u2122 ROV-System kombiniert das Isurus ROV optimierte Hydraulik- und Antriebspakete mit einem hydrodynamischen Design, das den Anforderungen anspruchsvoller Umgebungen gerecht wird. Isurus meistert die Herausforderungen des Wetters und des Seegangs, um das Einsatzfenster zu vergr\u00f6\u00dfern, den Zeitplan einzuhalten und die Kosten zu senken.<\/p>\n<p>Isurus eignet sich ideal f\u00fcr Arbeitsbereiche wie Installation und Inbetriebnahme, Kabelverlegung, Vermessungsfahrten vor und nach der Verlegung, Anschluss von Kabelboten und Einsatz von Unterwasser-Robotern f\u00fcr Schwei\u00dfnahtpr\u00fcfungen unter Wasser.<\/p>\n<p><a href=\"https:\/\/www.oceaneering.com\/de\/rov-services\/next-generation-subsea-vehicles\/isurus-rov\/\">Mehr erfahren<\/a><\/p>\n\t\t\t\t\t\t\tIMRGE\u2122 Integrierte, anpassbare IMR-L\u00f6sungen\n\t\t\t\t<p><img loading=\"lazy\" decoding=\"async\" src=\"https:\/\/www.oceaneering.com\/wp-content\/uploads\/2024\/01\/230825_Artwork_01_USV_Freedom_v01-2-1-1024x576.jpg\" alt=\"Uncrewed Surface Vessel (USV) works with autonomous Underwater Vehicle (AUV) with vessel in background.\" width=\"1024\" height=\"576\" \/><\/p>\n<h3>IMRGE\u2122 Vollst\u00e4ndig integrierte, anpassbare IMR-L\u00f6sungen<\/h3>\n<p>IMRGE\u2122, unser vollst\u00e4ndig integrierter, anpassbarer IMR-Ansatz, ver\u00e4ndert den Betriebs- und Wartungsansatz f\u00fcr ortsfeste Windkraftanlagen durch fortschrittliche digitale L\u00f6sungen in Verbindung mit Zustands\u00fcberwachungstechniken zur Erfassung, Analyse und Abgabe proaktiver Empfehlungen, die Ihren Betrieb sicher, konform und online halten.<\/p>\n<p>Unsere Flotte von richtig dimensionierten, wendigen Unterwasserrobotern der Beobachtungsklasse und <a href=\"https:\/\/www.oceaneering.com\/de\/usv-services\/\">USVs<\/a>\u00a0weitere Vorteile bieten, darunter die Verringerung der Betriebskosten und der Abh\u00e4ngigkeit von schiffsgest\u00fctzten Aktivit\u00e4ten, die f\u00fcr die Wartung der Anlagen erforderlich sind.<\/p>\n<p><a href=\"https:\/\/www.oceaneering.com\/de\/imrge-integrated-customizable-imr-solutions\/\">Erfahren Sie mehr \u00fcber IMRGE\u2122<\/a><\/p>\n\t\t\t\t\t\t\tProgramme f\u00fcr Betrieb und Wartung \n\t\t\t\t<h3><img loading=\"lazy\" decoding=\"async\" src=\"https:\/\/www.oceaneering.com\/wp-content\/uploads\/2023\/12\/Capability-Statement-RRM-1-1024x576.jpg\" alt=\"Inspection engineers looking at computer.\" width=\"1024\" height=\"576\" \/><\/h3>\n<h3>Programme f\u00fcr Betrieb und Wartung<\/h3>\n<p>Wir bieten umfassende Betriebs- und Instandhaltungsunterst\u00fctzung, einschlie\u00dflich Risiko-, Zuverl\u00e4ssigkeits- und Instandhaltungsengineering (RRM), Kraninspektion, Fern\u00fcberwachung und Inspektionsdienste f\u00fcr Spritzwasserbereiche.<\/p>\n<p>Risiko- und Zuverl\u00e4ssigkeitsingenieure entwickeln Wartungspl\u00e4ne, die die Betriebseffizienz, Sicherheit, Betriebszeit und Langlebigkeit Ihrer ortsfesten Windkraftanlagen gew\u00e4hrleisten, einschlie\u00dflich Offshore-Umspannstationen (OTS) und Onshore-Umspannstationen zu und zwischen Array- und Exportkabeln.<\/p>\n<p><a href=\"https:\/\/www.oceaneering.com\/de\/risk-reliability-and-maintenance-rrm\/\">Mehr erfahren<\/a><\/p>\n\t\t\t\t\t\t\tOrtsans\u00e4ssige Robotersysteme und Fernoperationen\n\t\t\t\t<p><img loading=\"lazy\" decoding=\"async\" src=\"https:\/\/www.oceaneering.com\/wp-content\/uploads\/2024\/04\/Freedom-Liberty-1024x576.jpg\" alt=\"Our Liberty\u2122 Resident System and Freedom AUV\u2122 subsea.\" width=\"1024\" height=\"576\" \/><\/p>\n<h3>Ortsans\u00e4ssige Robotersysteme und Fernoperationen<\/h3>\n<p>Residente Unterwasser-Roboterl\u00f6sungen, einschlie\u00dflich unserer <a href=\"https:\/\/www.oceaneering.com\/de\/rov-services\/next-generation-subsea-vehicles\/liberty-resident-system\/\">Liberty\u2122 Residenten-System<\/a> und <a href=\"https:\/\/www.oceaneering.com\/de\/rov-services\/next-generation-subsea-vehicles\/freedom-autonomous-underwater-vehicle\/\">Freedom AUV\u2122<\/a>kann von unseren weltweit verteilten Onshore Remote Operations Centers (OROCs) aus ferngesteuert werden.<\/p>\n<p>Dieser Ansatz erh\u00f6ht die Aufsicht und die Effizienz bei gleichzeitiger Senkung des CO2-Fu\u00dfabdrucks und des Risikos der Projekte und ist ein wesentlicher Bestandteil der Projektwirtschaftlichkeit, insbesondere bei den laufenden Betriebs- und Wartungsanforderungen.<\/p>\n<p><a href=\"https:\/\/www.oceaneering.com\/de\/rov-services\/next-generation-subsea-vehicles\/\">Mehr erfahren<\/a><\/p>\n\t\t\t\t\t\t\tSchiffsflotte \n\t\t\t\t<p><img loading=\"lazy\" decoding=\"async\" src=\"https:\/\/www.oceaneering.com\/wp-content\/uploads\/2023\/11\/ER19-642-edited-1-1024x576.jpeg\" alt=\"The MSV Ocean Evolution at sea.\" width=\"1024\" height=\"576\" \/><\/p>\n<h3>Schiffsflotte<\/h3>\n<p>Unsere Flotte von Schiffen, die dem Jones Act entsprechen, erf\u00fcllt die unterschiedlichsten Projektanforderungen im Golf von Mexiko sowie an der Ost- und Westk\u00fcste der Vereinigten Staaten. Unsere Ocean Intervention II bietet eine vollst\u00e4ndige C-Nav-Vermessung und Positionsbestimmung, kann das Freedom AUV aufnehmen und unser neu erworbenes <a href=\"https:\/\/www.oceaneering.com\/de\/usv-services\/\">USV<\/a>.<\/p>\n<p>Die <a href=\"https:\/\/www.oceaneering.com\/de\/subsea-projects\/vessel-fleet\/ocean-evolution\/\">Ocean Evolution unter amerikanischer Flagge<\/a> unterst\u00fctzt Ihre Unterwasserbau- und Kabelreparaturprojekte mit dem umweltfreundlichsten und leistungsf\u00e4higsten Schiff nach dem Jones Act, das im Golf von Mexiko zur Verf\u00fcgung steht. Unser \u00e4u\u00dferst f\u00e4higes <a href=\"https:\/\/www.oceaneering.com\/de\/products\/normand-superior\/\">Normand Superior<\/a> erweitert unsere F\u00e4higkeiten weltweit und unterst\u00fctzt Ihre vielf\u00e4ltigen Anforderungen an Offshore-Windkraftanlagen.<\/p>\n<p><a href=\"https:\/\/www.oceaneering.com\/de\/subsea-projects\/vessel-fleet\/\">Mehr erfahren<\/a><\/p>\n\t\t\t\t\t\t\tKabel-Reparaturdienste \n\t\t\t\t<p><img loading=\"lazy\" decoding=\"async\" src=\"https:\/\/www.oceaneering.com\/wp-content\/uploads\/2024\/05\/21AR-0203-1024x576.jpg\" alt=\"Panama City cable\/umbilical manufacturing facility.\" width=\"1024\" height=\"576\" \/><\/p>\n<h3>Kabel-Reparaturdienste<\/h3>\n<p>Dank unserer umfassenden Erfahrung und unseres Fachwissens im Bereich Kabelreparaturen k\u00f6nnen wir Ihnen weltweit Dienstleistungen anbieten, die Zuverl\u00e4ssigkeit, Effizienz und Sicherheit im Reparaturprozess gew\u00e4hrleisten.<\/p>\n<p>Unsere globale Pr\u00e4senz gew\u00e4hrleistet den sofortigen Zugang zu den Ressourcen, die Sie f\u00fcr Ihre Reparaturen ben\u00f6tigen - von ROVs und Schiffen bis hin zu Technikern, die in der Pr\u00fcfung und dem Abschluss von Kabeln erfahren sind. Unsere Flexibilit\u00e4t und Reaktionsf\u00e4higkeit in Verbindung mit einem kompromisslosen Fokus auf Sicherheit gibt Ihnen die Gewissheit, dass Reparaturen effizient, effektiv und mit minimalen Ausfallzeiten f\u00fcr Ihre Offshore-Windkraftanlagen durchgef\u00fchrt werden.<\/p>\n\t\t\t\t\t\t\tUnterst\u00fctzung bei der Koordinierung der Marine \n\t\t\t\t<p><img loading=\"lazy\" decoding=\"async\" src=\"https:\/\/www.oceaneering.com\/wp-content\/uploads\/2024\/05\/19IR-080458-1024x576.jpg\" alt=\"The AMIC control center in Houston, Texas. \" width=\"1024\" height=\"576\" \/><\/p>\n<h3>Unterst\u00fctzung bei der Koordinierung der Marine<\/h3>\n<p>Unser Asset Monitoring Intelligence Center (AMIC) unterst\u00fctzt die Koordinationsl\u00f6sungen f\u00fcr Offshore-Windkraftanlagen. Unser in den USA ans\u00e4ssiges Team bietet Dienstleistungen f\u00fcr die \u00dcberwachung und den Schutz von Offshore-Windkraftanlagen an und ist damit eine zentrale Anlaufstelle f\u00fcr umfassende Einblicke in Offshore-Windkraftanlagen rund um die Uhr. Durch die Echtzeit-Transparenz des aktuellen Anlagenstatus verbessern wir den Entscheidungsprozess und optimieren die Effizienz von Routine- und Notfallma\u00dfnahmen.<\/p>\n<p>Unsere Experten sind auf die Fernverarbeitung von Kollisions- und \u00dcbergriffswarnungen spezialisiert und stellen sicher, dass das Personal an Bord bei Bedarf rechtzeitig und korrekt benachrichtigt wird.<\/p>\n<p><a href=\"https:\/\/www.oceaneering.com\/de\/asset-intelligence-and-management\/remote-asset-monitoring\/\">Mehr erfahren<\/a><\/p>\n\t\t\t\t\t\t\t\t\t<h3>Praxiserprobt. Branchenf\u00fchrend.<\/h3>\n\t\t\t\t\t\t\t\t\t<p>Lesen Sie unsere Fallstudien, die den Erfolg von Offshore-Windprojekten belegen.<\/p>\n\t\t\t\t\t\t<a href=\"https:\/\/www.oceaneering.com\/de\/resources\/?_content_types=case-study\" target=\"_self\">\n\t\t\t\t\t\t\t\tAlle Fallstudien anzeigen\t\t\t\t\t\t\t\n\t\t\t\t\t\t\t\t\t\t\t\t\t<\/a>\n\t\t\t\t\t\t<button>\n\t\t\t\t\t\t\tVorherige\n\t\t\t\t\t\t<\/button>\n\t\t\t\t\t\t<button>\n\t\t\t\t\t\t\tWeiter\n\t\t\t\t\t\t<\/button>\n\t\t\t\t\t\t\t<a href=\"https:\/\/www.oceaneering.com\/de\/case-studies\/development-of-maintenance-program-for-the-worlds-largest-offshore-wind-farm\/\">\n\t\t\t\t\t\t\t\t\t\t<img decoding=\"async\" src=\"https:\/\/www.oceaneering.com\/wp-content\/uploads\/2024\/04\/Wind-Farm.jpg\" alt=\"Offshore wind farm\"\/>\n\t\t\t\t\t\t\t\t\t\t<h3>Entwicklung eines Wartungsprogramms f\u00fcr den weltgr\u00f6\u00dften Offshore-Windpark<\/h3>\n\t\t\t\t\t\t\t\t\t\t<h3>Entwicklung eines Wartungsprogramms f\u00fcr den weltgr\u00f6\u00dften Offshore-Windpark<\/h3>\n\t\t\t\t\t\t\t\t\t\t\t\t\t\t\t\t\t\t\t\t\t<p>Oceaneering was contracted to complete the comprehensive maintenance scope for the Dogger Bank A offshore wind development&#8230;<\/p>\n\t\t\t\t\t\t\t\t\t\t\tMehr erfahren\n\t\t\t\t\t\t\t<\/a>\n\t\t\t\t\t\t\t<a href=\"https:\/\/www.oceaneering.com\/de\/case-studies\/oceaneerings-innovative-isurus-rov-reduces-cost-and-carbon-footprint-while-shortening-project-schedule\/\">\n\t\t\t\t\t\t\t\t\t\t<img decoding=\"async\" src=\"https:\/\/www.oceaneering.com\/wp-content\/uploads\/2023\/11\/DSC04024-scaled-1.jpg\" alt=\"Isurus ROV on deck awaiting deployment to support offshore wind installation project.\"\/>\n\t\t\t\t\t\t\t\t\t\t<h3>Isurus\u2122 ROV unterst\u00fctzt effizientere Kabelverlegungsarbeiten <\/h3>\n\t\t\t\t\t\t\t\t\t\t<h3>Isurus\u2122 ROV unterst\u00fctzt effizientere Kabelverlegungsarbeiten <\/h3>\n\t\t\t\t\t\t\t\t\t\t\t\t\t\t\t\t\t\t\t\t\t<p>In late 2019, a major offshore wind developer mobilized Oceaneering&#8217;s Isurus\u2122 ROV on one of its cable&#8230;<\/p>\n\t\t\t\t\t\t\t\t\t\t\tMehr erfahren\n\t\t\t\t\t\t\t<\/a>\n\t\t\t\t\t\t\t<a href=\"https:\/\/www.oceaneering.com\/de\/case-studies\/oceaneering-completes-successful-wind-turbine-anode-installation\/\">\n\t\t\t\t\t\t\t\t\t\t<img decoding=\"async\" src=\"https:\/\/www.oceaneering.com\/wp-content\/uploads\/2018\/11\/Case-Study-Oceaneering-completes-successful-wind-turbine-anode-installation-1.jpg\" alt=\"Oceaneering ROV on a vessel with an offshore wind farm in the background.\"\/>\n\t\t\t\t\t\t\t\t\t\t<h3>Oceaneering schlie\u00dft erfolgreiche Installation von Anoden f\u00fcr Windkraftanlagen ab<\/h3>\n\t\t\t\t\t\t\t\t\t\t<h3>Oceaneering schlie\u00dft erfolgreiche Installation von Anoden f\u00fcr Windkraftanlagen ab<\/h3>\n\t\t\t\t\t\t\t\t\t\t\t\t\t\t\t\t\t\t\t\t\t<p>Oceaneering was contracted by a leading geotechnical and offshore solutions provider to install anti-corrosion plate anode clamps&#8230;<\/p>\n\t\t\t\t\t\t\t\t\t\t\tMehr erfahren\n\t\t\t\t\t\t\t<\/a>\n\n\t\tKontakt\n\t\n<h2>\n\t\tUnser Expertenteam ist bereit, Ihnen den Einstieg zu erleichtern.\n\t<\/h2>\n\t<p>Oceaneering bietet erstklassige Produkte und L\u00f6sungen, die sich durch unvergleichliche Qualit\u00e4t, Zuverl\u00e4ssigkeit und globalen Support auszeichnen. F\u00fcllen Sie das Anfrageformular aus, um noch heute ein Gespr\u00e4ch zu beginnen.<\/p>","protected":false},"excerpt":{"rendered":"<p>Diskutieren Sie ein Projekt L\u00f6sungen f\u00fcr erneuerbare Energien Feste Offshore-Windkraftanlagen Steigern Sie die Wirtschaftlichkeit Ihrer Projekte mit bew\u00e4hrten, effizienten L\u00f6sungen. Effizienzsteigerung im gesamten Betrieb Feste Offshore-Windkraftanlagen sind von zentraler Bedeutung f\u00fcr das Erreichen der globalen Kohlenstoffreduzierungs- und Netto-Null-Ziele. Mit jahrzehntelanger Erfahrung in der Offshore-Energie und im komplexen Schiffbau sind wir in der Lage, die spezifischen Anforderungen ... <a title=\"Offshore-Windkraftanlagen\" class=\"read-more\" href=\"https:\/\/www.oceaneering.com\/de\/renewable-energy-solutions\/fixed-offshore-wind\/\" aria-label=\"Mehr Informationen \u00fcber Fixed Offshore Wind\">Weiterlesen ...<\/a><\/p>","protected":false},"author":25,"featured_media":0,"parent":61160,"menu_order":0,"comment_status":"closed","ping_status":"closed","template":"","meta":{"_acf_changed":false,"footnotes":"","_links_to":"","_links_to_target":""},"product_category":[1159],"search_tags":[2001,1398],"class_list":["post-71741","page","type-page","status-publish","product_category-renewables","search_tags-fixed-offshore-wind","search_tags-renewable-energy"],"acf":[],"aioseo_notices":[],"_links":{"self":[{"href":"https:\/\/www.oceaneering.com\/de\/wp-json\/wp\/v2\/pages\/71741","targetHints":{"allow":["GET"]}}],"collection":[{"href":"https:\/\/www.oceaneering.com\/de\/wp-json\/wp\/v2\/pages"}],"about":[{"href":"https:\/\/www.oceaneering.com\/de\/wp-json\/wp\/v2\/types\/page"}],"author":[{"embeddable":true,"href":"https:\/\/www.oceaneering.com\/de\/wp-json\/wp\/v2\/users\/25"}],"replies":[{"embeddable":true,"href":"https:\/\/www.oceaneering.com\/de\/wp-json\/wp\/v2\/comments?post=71741"}],"version-history":[{"count":1,"href":"https:\/\/www.oceaneering.com\/de\/wp-json\/wp\/v2\/pages\/71741\/revisions"}],"predecessor-version":[{"id":80563,"href":"https:\/\/www.oceaneering.com\/de\/wp-json\/wp\/v2\/pages\/71741\/revisions\/80563"}],"up":[{"embeddable":true,"href":"https:\/\/www.oceaneering.com\/de\/wp-json\/wp\/v2\/pages\/61160"}],"wp:attachment":[{"href":"https:\/\/www.oceaneering.com\/de\/wp-json\/wp\/v2\/media?parent=71741"}],"wp:term":[{"taxonomy":"product_category","embeddable":true,"href":"https:\/\/www.oceaneering.com\/de\/wp-json\/wp\/v2\/product_category?post=71741"},{"taxonomy":"search_tags","embeddable":true,"href":"https:\/\/www.oceaneering.com\/de\/wp-json\/wp\/v2\/search_tags?post=71741"}],"curies":[{"name":"wp","href":"https:\/\/api.w.org\/{rel}","templated":true}]}}