{"id":70174,"date":"2024-01-24T03:44:05","date_gmt":"2024-01-24T08:44:05","guid":{"rendered":"https:\/\/oceaneering.com\/?page_id=70174"},"modified":"2025-10-20T09:42:18","modified_gmt":"2025-10-20T14:42:18","slug":"oceaneering-turns-60","status":"publish","type":"page","link":"https:\/\/www.oceaneering.com\/de\/about\/oceaneering-turns-60\/","title":{"rendered":"Oceaneering wird 60 Jahre alt"},"content":{"rendered":"<a href=\"https:\/\/www.oceaneering.com\/de\/about\/#contact\" target=\"_self\">\r\n\t\t\t\t\t\t\tKontakt\r\n\t\t\t\t\t<\/a>\r\n\t\tAbout Us &#8211; History\r\n<h1>\r\n\t\tSechs Jahrzehnte der F\u00fchrung feiern\r\n\t<\/h1>\r\n\t<p>Sehen Sie, wie wir seit \u00fcber 60 Jahren das Unl\u00f6sbare gel\u00f6st haben.<\/p>\r\n<h2>\r\n\t\tPionierarbeit f\u00fcr die Industrie\r\n\t<\/h2>\r\n\t<p>Seit \u00fcber sechs Jahrzehnten steht Oceaneering International f\u00fcr <strong>Sicherheit, F\u00fchrungsqualit\u00e4ten und Innovation<\/strong>. Seit unserer Gr\u00fcndung im Jahr 1964 haben wir Grenzen \u00fcberschritten, Industriestandards gesetzt und uns an die L\u00f6sung unl\u00f6sbarer Herausforderungen gewagt.<\/p>\r\n<h2>\r\n\t\tVon bescheidenen Anf\u00e4ngen zum f\u00fchrenden Technologieanbieter\r\n\t<\/h2>\r\n\t<p>Wir haben unseren Kunden geholfen, die tiefsten Tiefen und die gr\u00f6\u00dften H\u00f6hen zu erforschen - vom Meer bis zum Weltraum. Wir freuen uns auf die n\u00e4chsten 60 Jahre, in denen wir die schwierigsten Herausforderungen unserer Kunden l\u00f6sen werden. Begleiten Sie uns, wenn wir weiterhin <a href=\"https:\/\/www.oceaneering.com\/de\/about\/mission-vision-and-values\/\">L\u00f6sen Sie das Unl\u00f6sbare<\/a>.<\/p>\r\n<h2>\r\n\t\tSeit \u00fcber 60 Jahren l\u00f6sen wir das Unl\u00f6sbare\r\n\t<\/h2>\r\n\t<p>Zur Feier unserer mehr als sechs Jahrzehnte w\u00e4hrenden Innovations- und F\u00fchrungsarbeit er\u00f6rtert Rod Larson, Pr\u00e4sident und CEO von Oceaneering, unseren Weg von einem bescheidenen Tauchunternehmen im Golf von Mexiko zu einem f\u00fchrenden Ingenieur- und Technologieunternehmen.<\/p>\r\n\t\t\t<img decoding=\"async\" src=\"https:\/\/www.oceaneering.com\/wp-content\/uploads\/2024\/02\/c1bab5aec22f478182a0899982c655a0.800-1.jpg\" title=\"60 Jahre Video-Daumen\" alt=\"Oceaneering celebrates 60 year - video thumb\" \/>\t\t\t\t\t\t\t\r\n\t\t\t\t\tVideo abspielen\r\n<h2>\r\n\t\tErforschen Sie unsere Geschichte\r\n\t<\/h2>\r\n\t\t\t<img decoding=\"async\" src=\"https:\/\/www.oceaneering.com\/wp-content\/uploads\/2024\/12\/DickFrisbie.jpg\" title=\"DickFrisbie\" alt=\"\" \/>\t\t\t\t\t\t\t\r\n\t\t\t\t\tVideo abspielen\r\n<h3>\r\n\t\tEin Gespr\u00e4ch mit Dick Frisbie: Einsichten, die Oceaneering gepr\u00e4gt haben\r\n\t<\/h3>\r\n\t<p>Dick Frisbie, Oceaneering&#8217;s former SVP for Deepwater Technology, who was with Oceaneering from 1984 to 2012, reflects on pivotal moments that shaped our journey to becoming a leader in remotely operated vehicles (ROVs)-not just in innovation, but also as one of the largest manufacturers with a world-class training department.<\/p>\r\n\t\t\t<img decoding=\"async\" src=\"https:\/\/www.oceaneering.com\/wp-content\/uploads\/2024\/09\/A-Conversation-with-Kevin-McEvoy-thumb.jpg\" title=\"Ein-Gespr\u00e4ch-mit-Kevin-McEvoy-daumen\" alt=\"Kevin McEvoy\" \/>\t\t\t\t\t\t\t\r\n\t\t\t\t\tVideo abspielen\r\n<h3>\r\n\t\tEin Gespr\u00e4ch mit Kevin McEvoy: Br\u00fcckenschlag zwischen Geschichte und Zukunft\r\n\t<\/h3>\r\n\t<p>Kevin McEvoy, Oceaneering&#8217;s Chair of the Board and former President and CEO, reflects on the pivotal 1984 acquisition of Solus Ocean Systems, which helped Oceaneering grow from a Gulf of Mexico diving company into a global leader in ROVs and more.<\/p>\r\n\t\t\t<img decoding=\"async\" src=\"https:\/\/www.oceaneering.com\/wp-content\/uploads\/2024\/09\/Open-house-thumb.jpg\" title=\"Open-House-Daumen\" alt=\"Bill mallin at our exclusive tour of our 60-year technology open house\" \/>\t\t\t\t\t\t\t\r\n\t\t\t\t\tVideo abspielen\r\n<h3>\r\n\t\tExklusive Tour durch unser 60-j\u00e4hriges Technologie-Open House\r\n\t<\/h3>\r\n\t<p>In celebration of our 60th anniversary in 2024, we transformed our Houston facility for an Exclusive Technology Open House. From the depths of the ocean to the outer reaches of space, discover how we &#8220;Solve the Unsolvable&#8221; as our experts take you on an informative tour of our advanced technologies.<\/p>\r\n\t\t\t<img decoding=\"async\" src=\"https:\/\/www.oceaneering.com\/wp-content\/uploads\/2024\/05\/a3992d0efc2a4784a9d74d4132409654800.jpg\" title=\"Nachhaltigkeit 2024\" alt=\"\" \/>\t\t\t\t\t\t\t\r\n\t\t\t\t\tVideo abspielen\r\n<h3>\r\n\t\tDie Herausforderung annehmen: Nachhaltigkeit bei Oceaneering\r\n\t<\/h3>\r\n\t<p>Anl\u00e4sslich des Women's History Month und des 60-j\u00e4hrigen Jubil\u00e4ums von Oceaneering haben wir uns mit einigen der unglaublichen Frauen unterhalten, deren Karrierewege sich zusammen mit unserem Unternehmen entwickelt haben - von f\u00fcnf bis hin zu 33 Dienstjahren. H\u00f6ren Sie sich ihre inspirierenden Einblicke an!<\/p>\r\n\t\t\t<img decoding=\"async\" src=\"https:\/\/www.oceaneering.com\/wp-content\/uploads\/2024\/03\/Womenshistory.jpg\" title=\"Monat der weiblichen Geschichte\" alt=\"\" \/>\t\t\t\t\t\t\t\r\n\t\t\t\t\tVideo abspielen\r\n<h3>\r\n\t\t Gemeinsam wachsen: Ein Fest f\u00fcr Frauen bei Oceaneering\r\n\t<\/h3>\r\n\t<p>Wir setzen unsere Videoserie zum 60-j\u00e4hrigen Bestehen von Solving the Unsolvable mit einem speziellen Interview fort, in dem Holly Kriendler, SVP und Chief HR Officer, Jock Pool, Chief Compliance Officer, und Stephen Lazar, Director of Sustainability, \u00fcber den Ansatz des Unternehmens im Bereich Nachhaltigkeit sprechen.<\/p>\r\n\t\t\t<img decoding=\"async\" src=\"https:\/\/www.oceaneering.com\/wp-content\/uploads\/2024\/03\/Mike.jpg\" title=\"Die Entwicklung von Oceaneering mit Mike Hughes\" alt=\"Video thumb for \"the evolution of oceaneering\"\" \/>\t\t\t\t\t\t\t\r\n\t\t\t\t\tVideo abspielen\r\n<h3>\r\n\t\tDie Entwicklung von Oceaneering mit Mike Hughes\r\n\t<\/h3>\r\n\t<p>Anl\u00e4sslich der Feierlichkeiten zu sechs Jahrzehnten Innovation und F\u00fchrung spricht Mike Hughes, Mitbegr\u00fcnder von Oceaneering, \u00fcber die Entwicklung und die Geschichte des Unternehmens - von der Gr\u00fcndung als Tauchunternehmen in Morgan City, Louisiana, bis hin zu einem weltweit f\u00fchrenden Technologieunternehmen in verschiedenen Branchen.<\/p>","protected":false},"excerpt":{"rendered":"<p>Contact Us About Us &#8211; History Celebrating Six Decades of Leadership See how we have Solved the Unsolvable for over 60 years. Pioneering Industry Leadership For over six decades, Oceaneering International has stood for Safety, Leadership, and Innovation. Since our founding in 1964, we have broken barriers, set industry standards, and dared to solve unsolvable &#8230; <a title=\"Oceaneering wird 60 Jahre alt\" class=\"read-more\" href=\"https:\/\/www.oceaneering.com\/de\/about\/oceaneering-turns-60\/\" aria-label=\"Mehr Informationen \u00fcber Oceaneering wird 60 Jahre alt\">Weiterlesen ...<\/a><\/p>","protected":false},"author":25,"featured_media":0,"parent":689,"menu_order":0,"comment_status":"closed","ping_status":"closed","template":"","meta":{"_acf_changed":false,"footnotes":"","_links_to":"","_links_to_target":""},"product_category":[],"search_tags":[1865],"class_list":["post-70174","page","type-page","status-publish","search_tags-about"],"acf":[],"aioseo_notices":[],"_links":{"self":[{"href":"https:\/\/www.oceaneering.com\/de\/wp-json\/wp\/v2\/pages\/70174","targetHints":{"allow":["GET"]}}],"collection":[{"href":"https:\/\/www.oceaneering.com\/de\/wp-json\/wp\/v2\/pages"}],"about":[{"href":"https:\/\/www.oceaneering.com\/de\/wp-json\/wp\/v2\/types\/page"}],"author":[{"embeddable":true,"href":"https:\/\/www.oceaneering.com\/de\/wp-json\/wp\/v2\/users\/25"}],"replies":[{"embeddable":true,"href":"https:\/\/www.oceaneering.com\/de\/wp-json\/wp\/v2\/comments?post=70174"}],"version-history":[{"count":1,"href":"https:\/\/www.oceaneering.com\/de\/wp-json\/wp\/v2\/pages\/70174\/revisions"}],"predecessor-version":[{"id":79193,"href":"https:\/\/www.oceaneering.com\/de\/wp-json\/wp\/v2\/pages\/70174\/revisions\/79193"}],"up":[{"embeddable":true,"href":"https:\/\/www.oceaneering.com\/de\/wp-json\/wp\/v2\/pages\/689"}],"wp:attachment":[{"href":"https:\/\/www.oceaneering.com\/de\/wp-json\/wp\/v2\/media?parent=70174"}],"wp:term":[{"taxonomy":"product_category","embeddable":true,"href":"https:\/\/www.oceaneering.com\/de\/wp-json\/wp\/v2\/product_category?post=70174"},{"taxonomy":"search_tags","embeddable":true,"href":"https:\/\/www.oceaneering.com\/de\/wp-json\/wp\/v2\/search_tags?post=70174"}],"curies":[{"name":"wp","href":"https:\/\/api.w.org\/{rel}","templated":true}]}}