{"id":691,"date":"2023-03-03T10:09:31","date_gmt":"2023-03-03T15:09:31","guid":{"rendered":"http:\/\/framework.local.loud\/?page_id=691"},"modified":"2024-05-28T10:29:29","modified_gmt":"2024-05-28T15:29:29","slug":"privacy-policy","status":"publish","type":"page","link":"https:\/\/www.oceaneering.com\/de\/privacy-policy\/","title":{"rendered":"Datenschutzbestimmungen"},"content":{"rendered":"<h1>\n\t\tWebsite-Datenschutz und Cookie-Richtlinie\n\t<\/h1>\n\t<p>G\u00fcltig ab: 25. Mai 2018<\/p>\n\t<h3>EINF\u00dcHRUNG<\/h3>\n<p>Diese Website-Datenschutz- und Cookie-Richtlinie (\"Datenschutzrichtlinie\") beschreibt, wie Oceaneering International (Oceaneering International und die hier aufgef\u00fchrten verbundenen Unternehmen) (\"Oceaneering\") individuell identifizierbare Daten \u00fcber Besucher dieser Website (nachstehend definiert) sowie \u00fcber Kontaktpersonen unserer Unternehmenskunden, Verk\u00e4ufer und Lieferanten (\"personenbezogene Daten\") sammelt, verwendet, weitergibt und anderweitig verarbeitet. Diese Datenschutzrichtlinie gilt f\u00fcr personenbezogene Daten, die wir \u00fcber unsere Websites (\"Website\") sowie auf Messen, Seminaren, Konferenzen und anderen Offline-Veranstaltungen sammeln.<\/p>\n<h3>ERHEBUNG VON PERSONENBEZOGENEN DATEN<\/h3>\n<p>Als Business-to-Business-Organisation (\"B2B\") erfassen wir Namen, Kontaktdaten und andere personenbezogene Daten im Zusammenhang mit unseren Gesch\u00e4ftsbeziehungen. Wir erheben die folgenden Kategorien von personenbezogenen Daten:<\/p>\n<ul>\n<li><strong>Grundlegende Daten:<\/strong> Name, Titel, Unternehmen, Region, Aufgabenbereich, Telefonnummer, Postanschrift, E-Mail-Adresse, Kontaktdaten, Alter und\/oder Geburtsdatum, falls gew\u00fcnscht, sowie alle anderen personenbezogenen Daten, die Sie uns im Laufe der Korrespondenz mit uns mitteilen.<\/li>\n<li><strong>Registrierungsdaten:<\/strong> Anfragen f\u00fcr Newsletter und\/oder andere Benachrichtigungen, Abonnements, Downloads und<br \/>\nAnmeldung zu Seminaren, Kursen oder Konferenzen.<\/li>\n<li><strong>Marketing-Daten:<\/strong> Daten \u00fcber die individuelle Teilnahme an Messen, Seminaren und Konferenzen, Referenzen, Verb\u00e4nde, Produktinteressen, Abfrageinformationen und Vorlieben.<\/li>\n<li><strong>Daten von Bewerbern:<\/strong> Daten, die von Stellenbewerbern oder anderen Personen auf unserer Website oder offline zur Verf\u00fcgung gestellt werden, in<br \/>\nim Zusammenhang mit Besch\u00e4ftigungsm\u00f6glichkeiten. Weitere Informationen werden in einer separaten Mitteilung ver\u00f6ffentlicht<br \/>\ngegebenenfalls Datenschutzerkl\u00e4rung(en).<\/li>\n<li><strong>Ger\u00e4tedaten:<\/strong> Computer Internet Protocol (IP)-Adresse, Unique Device Identifier (UDID), Cookies und andere mit einem Ger\u00e4t verkn\u00fcpfte Daten sowie Daten \u00fcber die Nutzung unserer Website (Nutzungsdaten). Beachten Sie jedoch, dass wir Ger\u00e4tedaten nicht als personenbezogene Daten betrachten, es sei denn, wir k\u00f6nnen sie mit Ihnen als Person in Verbindung bringen oder das geltende Recht sieht etwas anderes vor.<\/li>\n<\/ul>\n<h3>VERWENDUNG VON PERSONENBEZOGENEN DATEN<\/h3>\n<p>Wir verwenden die oben genannten Kategorien von personenbezogenen Daten f\u00fcr die folgenden Zwecke:<\/p>\n<table  data-tablesaw-minimap>\n\t\t\t<thead>\n\t\t<tr>\n\t\t\t<th id=\"pp-table-col-1\" scope=\"col\" data-tablesaw-sortable-col>\t\t\t\t\t\n\t\t\t\t\t\t\t\t\t\t\t\tZWECK DER NUTZUNG\t\t\t\t\t\n\t\t\t\t\t<\/th><th id=\"pp-table-col-2\" scope=\"col\" data-tablesaw-sortable-col>\t\t\t\t\t\n\t\t\t\t\t\t\t\t\t\t\t\tKATEGORIEN VON PERSONENBEZOGENEN DATEN\t\t\t\t\t\n\t\t\t\t\t<\/th>\t\t<\/tr>\n\t<\/thead>\n\t\t<tbody>\n\t\t<tr data-row-index=\"1\"><td>Durchf\u00fchrung von Transaktionen und Beantwortung Ihrer Anfragen<\/td><td>Grunddaten, Registrierungsdaten und Ger\u00e4tedaten<\/td><\/tr><tr data-row-index=\"2\"><td>Verwaltung Ihrer Konten und Aufrechterhaltung unseres Gesch\u00e4fts\nBetrieb<\/td><td>Grunddaten, Registrierungsdaten und Ger\u00e4tedaten<\/td><\/tr><tr data-row-index=\"3\"><td>Unsere Website intuitiver und benutzerfreundlicher gestalten<\/td><td>Ger\u00e4tedaten<\/td><\/tr><tr data-row-index=\"4\"><td>Schutz der Sicherheit und des effektiven Funktionierens unserer\nWebsite und der informationstechnischen Systeme<\/td><td>Grunddaten, Registrierungsdaten und Ger\u00e4tedaten<\/td><\/tr><tr data-row-index=\"5\"><td>Relevantes Marketing bereitstellen<\/td><td>Grunddaten, Registrierungsdaten, Ger\u00e4tedaten und\nMarketing-Daten<\/td><\/tr><tr data-row-index=\"6\"><td>die Einhaltung unserer rechtlichen Verpflichtungen zu gew\u00e4hrleisten und\nAus\u00fcbung unserer gesetzlichen Rechte<\/td><td>Grunddaten, Registrierungsdaten und Ger\u00e4tedaten<\/td><\/tr><tr data-row-index=\"7\"><td>Auswahl von Personen f\u00fcr eine Anstellung oder einen Auftrag\nM\u00f6glichkeiten und Verwaltung der Einf\u00fchrungsverfahren<\/td><td>Daten von Bewerbern<\/td><\/tr>\t<\/tbody>\n<\/table>\n\t<h3>WEITERGABE VON PERSONENBEZOGENEN DATEN<\/h3>\n<p>Wir k\u00f6nnen personenbezogene Daten an die folgenden Kategorien von Empf\u00e4ngern weitergeben:<\/p>\n<ul>\n<li><strong>Verbundene Unternehmen:<\/strong> Wir geben personenbezogene Daten innerhalb der Oceaneering-Gruppe von verbundenen Unternehmen weiter, soweit dies f\u00fcr die oben genannten Zwecke erforderlich ist. Wie oben erw\u00e4hnt, ist die Liste der verbundenen Unternehmen innerhalb der Oceaneering-Gruppe hier zu finden.<\/li>\n<li><strong>Lieferanten und Dienstleistungsanbieter:<\/strong> Wir geben personenbezogene Daten an Lieferanten und Dienstleister weiter, damit diese in unserem Namen und nach unseren Anweisungen Funktionen ausf\u00fchren k\u00f6nnen, um die oben genannten Zwecke zu erf\u00fcllen. Wir verlangen von diesen Parteien vertraglich, dass sie angemessene Sicherheitsvorkehrungen f\u00fcr personenbezogene Daten treffen und diese personenbezogenen Daten nur in unserem Auftrag verwenden und verarbeiten.<\/li>\n<li><strong>Wirtschaftspr\u00fcfer und Berater:<\/strong> Wir geben personenbezogene Daten an Wirtschaftspr\u00fcfer f\u00fcr die Durchf\u00fchrung von Pr\u00fcfungsaufgaben und an Berater f\u00fcr die Bereitstellung von Rechts- und anderen Ratschl\u00e4gen weiter.<br \/>\nGesch\u00e4ftliche Umstrukturierung: Wir geben personenbezogene Daten im Rahmen von Fusionen, \u00dcbernahmen, dem Verkauf von Unternehmensverm\u00f6gen oder der \u00dcbergabe von Dienstleistungen an einen anderen Anbieter sowie im Falle einer Insolvenz, eines Konkurses oder einer Zwangsverwaltung, bei der personenbezogene Daten als Verm\u00f6genswert von Oceaneering \u00fcbertragen werden, im gesetzlich zul\u00e4ssigen Umfang an einen K\u00e4ufer oder Interessenten weiter.<\/li>\n<li><strong>Obligatorische Offenlegungen und gesetzliche Rechte:<\/strong> Wir geben personenbezogene Daten weiter, um folgende Anforderungen zu erf\u00fcllen<br \/>\nVorladungen, Gerichtsbeschl\u00fcsse oder andere rechtliche Verfahren oder andere beh\u00f6rdliche Anfragen. Wir geben personenbezogene Daten auch weiter, um unsere Rechte, unser Eigentum oder unsere Sicherheit oder die Rechte, das Eigentum oder die Sicherheit anderer zu sch\u00fctzen oder um uns gegen rechtliche Anspr\u00fcche zu verteidigen.<\/li>\n<\/ul>\n<p>Wenn Sie Fragen zu den Parteien haben, mit denen wir pers\u00f6nliche Daten austauschen, kontaktieren Sie uns bitte wie unten angegeben.<\/p>\n<h3>MARKETINGENTSCHEIDUNGEN<\/h3>\nSie haben die Kontrolle dar\u00fcber, wie wir Ihre pers\u00f6nlichen Daten f\u00fcr gezieltes Marketing verwenden. Wenn Sie keine Marketingmitteilungen mehr erhalten m\u00f6chten, auf einer Mailingliste verbleiben m\u00f6chten, die Sie zuvor abonniert hatten, oder keine anderen Marketingmitteilungen mehr erhalten m\u00f6chten, k\u00f6nnen Sie sich jederzeit daf\u00fcr entscheiden, diese Mitteilungen nicht mehr zu erhalten. Bitte folgen Sie dem Abmeldelink in der entsprechenden Mitteilung oder kontaktieren Sie uns wie folgt<br \/>\nunten.\n<h4 id=\"cookies\">COOKIES<\/h4>\n<p>Wir verwenden Cookies, Web-Beacons und \u00e4hnliche Tracking-Technologien (zusammenfassend als \"Cookies\" bezeichnet) auf unserer Website und erlauben es bestimmten Dritten, diese zu verwenden.<\/p>\n<em>Was sind Cookies?<br \/>\n<\/em>Cookies sind kleine Datenmengen, die in Ihrem Browser, auf Ihrem Ger\u00e4t oder auf der von Ihnen angezeigten Seite gespeichert werden. Einige Cookies werden gel\u00f6scht, sobald Sie Ihren Browser schlie\u00dfen, w\u00e4hrend andere Cookies auch nach dem Schlie\u00dfen Ihres Browsers gespeichert werden, damit Sie wiedererkannt werden k\u00f6nnen, wenn Sie auf eine Website zur\u00fcckkehren. Weitere Informationen \u00fcber Cookies und deren Funktionsweise finden Sie unter <a href=\"http:\/\/www.allaboutcookies.org\" target=\"_blank\" rel=\"noopener\">www.allaboutcookies.org<\/a>.\n<em>Wie verwenden wir Cookies?<\/em><br \/>\nWir verwenden Cookies, um die Website und Dienstleistungen bereitzustellen, Informationen \u00fcber Ihr Nutzungsverhalten zu sammeln, wenn Sie auf dieser Website navigieren, um Ihr pers\u00f6nliches Erlebnis zu verbessern, und um Nutzungsmuster zu verstehen, um unsere Website, Produkte und Dienstleistungen zu verbessern. Wir gestatten auch bestimmten Drittanbietern, Cookies auf unserer Website zu platzieren, um Informationen \u00fcber Ihre Online-Aktivit\u00e4ten auf unserer Website im Laufe der Zeit und \u00fcber verschiedene von Ihnen besuchte Websites zu sammeln. Diese Informationen werden verwendet, um auf den von Ihnen besuchten Websites auf Ihre Interessen zugeschnittene Werbung zu schalten, auch bekannt als interessenbasierte Werbung, und um die Wirksamkeit dieser Werbung zu analysieren.\n<p>Die Cookies auf unserer Website werden im Allgemeinen in die folgenden Kategorien unterteilt:<\/p>\n<table  data-tablesaw-minimap>\n\t\t\t<thead>\n\t\t<tr>\n\t\t\t<th id=\"pp-table-col-1\" scope=\"col\" data-tablesaw-sortable-col>\t\t\t\t\t\n\t\t\t\t\t\t\t\t\t\t\t\tUNBEDINGT ERFORDERLICH\t\t\t\t\t\n\t\t\t\t\t<\/th><th id=\"pp-table-col-2\" scope=\"col\" data-tablesaw-sortable-col>\t\t\t\t\t\n\t\t\t\t\t\t\t\t\t\t\t\tANALYTISCH\/LEISTUNG\t\t\t\t\t\n\t\t\t\t\t<\/th><th id=\"pp-table-col-3\" scope=\"col\" data-tablesaw-sortable-col>\t\t\t\t\t\n\t\t\t\t\t\t\t\t\t\t\t\tTARGETING\t\t\t\t\t\n\t\t\t\t\t<\/th>\t\t<\/tr>\n\t<\/thead>\n\t\t<tbody>\n\t\t<tr data-row-index=\"1\"><td>Diese sind f\u00fcr den Betrieb unserer Website erforderlich. Diese Cookies sind Session-Cookies, die gel\u00f6scht werden, wenn Sie Ihren Browser schlie\u00dfen.<\/td><td>Diese erm\u00f6glichen es uns, die Anzahl der Nutzer unserer Website zu erkennen und zu z\u00e4hlen und zu verstehen, wie diese Nutzer durch unsere Website navigieren. Dies hilft uns, die Funktionsweise unserer Website zu verbessern, indem wir zum Beispiel sicherstellen, dass die Nutzer das Gesuchte leicht finden k\u00f6nnen. Diese Cookies sind Sitzungscookies, die gel\u00f6scht werden, wenn Sie Ihren Browser schlie\u00dfen. Wir verwenden Google Analytics, und Sie k\u00f6nnen unten nachlesen, wie Sie die Verwendung von Cookies durch Google Analytics kontrollieren k\u00f6nnen.<\/td><td>Diese speichern Ihren Besuch auf unserer Website und die von Ihnen besuchten Seiten. Sie k\u00f6nnen diese Cookies \u00fcber Ihre Browsereinstellungen l\u00f6schen. Weitere Einzelheiten dazu, wie Sie Cookies von Drittanbietern kontrollieren k\u00f6nnen, finden Sie weiter unten.<\/td><\/tr>\t<\/tbody>\n<\/table>\n\t<em>Welche M\u00f6glichkeiten haben Sie, wenn Sie keine Cookies auf Ihrem Ger\u00e4t haben m\u00f6chten?<br \/>\n<\/em>Sie k\u00f6nnen die Einstellungen Ihres Internetbrowsers \u00fcberpr\u00fcfen, in der Regel unter den Rubriken \"Hilfe\" oder \"Internetoptionen\", um Ihre Wahlm\u00f6glichkeiten f\u00fcr bestimmte Cookies auszu\u00fcben. Wenn Sie bestimmte Cookies in den Einstellungen Ihres Internetbrowsers deaktivieren oder l\u00f6schen, k\u00f6nnen Sie m\u00f6glicherweise nicht auf wichtige Funktionen oder Merkmale dieser Website zugreifen oder diese nutzen, und Sie m\u00fcssen m\u00f6glicherweise Ihre Anmeldedaten erneut eingeben.\n<p>Um mehr \u00fcber die Verwendung von Cookies f\u00fcr Google Analytics zu erfahren und eine Wahlm\u00f6glichkeit in Bezug auf diese Cookies zu haben, besuchen Sie bitte <a href=\"https:\/\/tools.google.com\/dlpage\/gaoptout\" target=\"_blank\" rel=\"noopener\">https:\/\/tools.google.com\/dlpage\/gaoptout<\/a>.<\/p>\n<p>Um mehr \u00fcber bestimmte Cookies zu erfahren, die von Dritten f\u00fcr interessenbezogene Werbung verwendet werden, auch durch ger\u00e4te\u00fcbergreifendes Tracking, und um bestimmte Wahlm\u00f6glichkeiten in Bezug auf solche Cookies auszu\u00fcben, besuchen Sie bitte die Digital Advertising Alliance, die Network Advertising Initiative, die Digital Advertising Alliance-Kanada, die European Interactive Digital Advertising Alliance oder Ihre oder die Einstellungen Ihres Ger\u00e4ts, wenn Sie die DAA oder eine andere mobile Anwendung haben.<\/p>\n<h2>RECHTE DER BETROFFENEN PERSON<\/h2>\n<p>Soweit dies nach geltendem Recht erforderlich ist, haben Sie das Recht, eine Best\u00e4tigung zu erhalten, dass wir bestimmte Sie betreffende personenbezogene Daten aufbewahren, deren Inhalt, Herkunft und Richtigkeit zu \u00fcberpr\u00fcfen, sowie das Recht, auf die Verarbeitung bestimmter personenbezogener Daten zuzugreifen, sie zu \u00fcberpr\u00fcfen, zu portieren, zu l\u00f6schen, zu sperren oder die Einwilligung in die Verarbeitung zu widerrufen (ohne die Rechtm\u00e4\u00dfigkeit der auf der Einwilligung beruhenden Verarbeitung vor deren Widerruf zu beeintr\u00e4chtigen), indem Sie uns wie unten beschrieben kontaktieren. Insbesondere haben Sie das Recht, der Verwendung Ihrer personenbezogenen Daten f\u00fcr Direktmarketing und in bestimmten anderen Situationen jederzeit zu widersprechen. Kontaktieren Sie uns f\u00fcr weitere Einzelheiten. Bitte beachten Sie, dass wir bestimmte personenbezogene Daten aufbewahren m\u00fcssen, wenn dies nach geltendem Recht erforderlich oder zul\u00e4ssig ist.<\/p>\n<h2>DATENSICHERHEIT<\/h2>\n<p>Wir ergreifen angemessene technische und organisatorische Ma\u00dfnahmen, um personenbezogene Daten vor Verlust, Missbrauch, Ver\u00e4nderung oder unbeabsichtigter Zerst\u00f6rung zu sch\u00fctzen. Keine Sicherheitsma\u00dfnahme kann jedoch eine Kompromittierung ausschlie\u00dfen. Auch Sie spielen eine wichtige Rolle beim Schutz Ihrer pers\u00f6nlichen Daten. Sie sollten Ihren Benutzernamen und Ihr Passwort nicht an andere weitergeben und Passw\u00f6rter nicht auf mehreren Websites wiederverwenden. Wenn Sie Grund zu der Annahme haben, dass Ihr Benutzername oder Ihr Kennwort missbraucht wurde, wenden Sie sich bitte wie unten beschrieben an uns.<\/p>\n<h2>GRENZ\u00dcBERSCHREITENDE DATEN\u00dcBERMITTLUNG<\/h2>\n<p>Wir \u00fcbermitteln personenbezogene Daten in verschiedene L\u00e4nder, soweit dies f\u00fcr die oben beschriebenen Zwecke erforderlich ist, auch in L\u00e4nder, die m\u00f6glicherweise nicht das gleiche Datenschutzniveau bieten wie Ihr Heimatland. Wir bieten angemessene Schutzma\u00dfnahmen f\u00fcr grenz\u00fcberschreitende \u00dcbermittlungen, wie es das geltende Recht f\u00fcr internationale Daten\u00fcbermittlungen vorschreibt. Bei \u00dcbermittlungen aus dem Europ\u00e4ischen Wirtschaftsraum (\"EWR\") setzen wir von der Europ\u00e4ischen Kommission genehmigte Standardvertragsklauseln und andere geeignete L\u00f6sungen f\u00fcr grenz\u00fcberschreitende \u00dcbermittlungen ein, die durch das geltende Recht vorgeschrieben sind. Sofern dies gesetzlich vorgeschrieben ist, k\u00f6nnen Sie eine Kopie der von uns eingesetzten Mechanismen anfordern, indem Sie sich wie unten beschrieben an uns wenden.<\/p>\n<h2>SONSTIGE ANGELEGENHEITEN<\/h2>\n<em>Was ist die Rechtsgrundlage der Verarbeitung?<\/em><br \/>\nIn einigen Rechtsordnungen ist eine Erl\u00e4uterung der Rechtsgrundlage f\u00fcr die Erhebung und Verarbeitung personenbezogener Daten erforderlich. Wir haben mehrere verschiedene Rechtsgrundlagen, auf denen wir personenbezogene Daten erheben und verarbeiten, darunter:\n<ol>\n<li>soweit dies zur Durchf\u00fchrung einer Transaktion erforderlich ist (z. B. wenn wir auf Ihre Anfragen antworten);<\/li>\n<li>wenn dies erforderlich ist, um einer gesetzlichen Verpflichtung nachzukommen (z. B. wenn wir personenbezogene Daten f\u00fcr Aufzeichnungen verwenden, um<br \/>\nNachweis der Steuerpflicht);<\/li>\n<li>Zustimmung (wenn Sie Ihre Zustimmung nach geltendem Recht erteilt haben, z. B. f\u00fcr direkte<br \/>\nMarketing oder bestimmte Cookies); und<\/li>\n<li>f\u00fcr berechtigte Interessen erforderlich sind (z. B. wenn wir zur Aufrechterhaltung unseres Gesch\u00e4ftsbetriebs im Allgemeinen handeln, einschlie\u00dflich<br \/>\nAufrechterhaltung der Sicherheit der Website).<\/li>\n<\/ol>\n<p>Was die berechtigten Interessen betrifft, so erheben und verarbeiten wir als B2B-Unternehmen in der Regel begrenzte personenbezogene Daten \u00fcber Kundenkontakte und andere Personen, die in ihrer gesch\u00e4ftlichen Eigenschaft handeln, als Teil unserer allgemeinen Bem\u00fchungen, die Auswirkungen auf die Privatsph\u00e4re von Personen zu verringern.<\/p>\n<em>Was sind die Folgen der Nichtbereitstellung personenbezogener Daten?<\/em><br \/>\nSie sind nicht verpflichtet, alle in dieser Datenschutzrichtlinie genannten pers\u00f6nlichen Daten anzugeben, um unsere Website zu nutzen oder mit uns offline zu interagieren, aber bestimmte Funktionen sind nicht verf\u00fcgbar, wenn Sie bestimmte pers\u00f6nliche Daten nicht angeben. Wenn Sie bestimmte pers\u00f6nliche Daten nicht zur Verf\u00fcgung stellen, sind wir m\u00f6glicherweise nicht in der Lage, auf Ihre Anfragen zu antworten, eine Transaktion mit Ihnen durchzuf\u00fchren oder Ihnen Marketingmaterial zukommen zu lassen, das Sie unserer Meinung nach interessieren k\u00f6nnte.\n<em>Treffen wir automatisierte Entscheidungen ohne menschliches Zutun?<\/em><br \/>\nMit Ausnahme bestimmter Rekrutierungsaktivit\u00e4ten, die in einer separaten Datenschutzerkl\u00e4rung aufgef\u00fchrt sind, verwenden wir keine automatisierte Entscheidungsfindung ohne menschliches Eingreifen, einschlie\u00dflich Profiling, in einer Weise, die rechtliche Auswirkungen auf Sie hat oder Sie anderweitig erheblich beeintr\u00e4chtigt.\n<em>Erkennt die Website die von den Browsern gesendeten \"Do Not Track\"-Signale (\"DNT\") an?<\/em><br \/>\nJa, wir beachten DNT-Signale.\n<em>Wie lange bewahren wir personenbezogene Daten auf?<\/em><br \/>\nWir bewahren personenbezogene Daten im Zusammenhang mit Marketingaktivit\u00e4ten in der Regel so lange auf, wie Sie Marketingmitteilungen von uns akzeptieren, und dann im Allgemeinen bis zu 2 Jahre. Nach 2 Jahren oder auf Anfrage l\u00f6schen wir diese Daten im Allgemeinen sicher und in \u00dcbereinstimmung mit dem geltenden Recht. Personenbezogene Daten, die wir f\u00fcr andere Zwecke, wie oben beschrieben, erfassen und verarbeiten, werden in der Regel nur so lange aufbewahrt, wie es f\u00fcr die Erf\u00fcllung der in dieser Datenschutzrichtlinie genannten Zwecke erforderlich ist, und so lange, wie es f\u00fcr die Erf\u00fcllung von Steuer-, Unternehmens-, Compliance-, Besch\u00e4ftigungs-, Rechtsstreitigkeiten und anderen gesetzlichen Rechten und Pflichten erforderlich ist.\n<em>Gelten diese Datenschutzbestimmungen auch f\u00fcr die Websites von Dritten?<\/em><br \/>\nDiese Website enth\u00e4lt Links und Verweise auf andere Websites, die von nicht angeschlossenen Dritten verwaltet werden. Diese Datenschutzrichtlinie gilt nicht f\u00fcr solche Websites Dritter. Wenn Sie auf einen Link klicken, um eine Website eines Dritten zu besuchen, unterliegen Sie den Datenschutzpraktiken dieser Website. Wir empfehlen Ihnen, sich mit folgenden Punkten vertraut zu machen<br \/>\nSie sollten sich mit den Datenschutz- und Sicherheitspraktiken aller verlinkten Websites Dritter vertraut machen, bevor Sie pers\u00f6nliche Daten auf diesen Websites angeben.\n<em>Wie geht Oceaneering mit Fragen des Datenschutzes von Mitarbeitern und Auftragnehmern um?<\/em><br \/>\nPers\u00f6nliche Daten \u00fcber unsere Mitarbeiter und Auftragnehmer werden durch interne Unternehmensrichtlinien und -verfahren behandelt und fallen nicht in den Geltungsbereich dieser Datenschutzrichtlinie.\n<em>Wie gehen wir mit \u00c4nderungen an dieser Datenschutzrichtlinie um?<\/em><br \/>\nWir k\u00f6nnen diese Datenschutzrichtlinie von Zeit zu Zeit aktualisieren, wenn sich unsere Dienstleistungen und Datenschutzpraktiken \u00e4ndern oder wenn dies gesetzlich vorgeschrieben ist. Das Datum des Inkrafttretens unserer Datenschutzrichtlinie ist unten angegeben, und wir empfehlen Ihnen, unsere Website regelm\u00e4\u00dfig zu besuchen, um sich \u00fcber unsere Datenschutzpraktiken zu informieren. Wir werden die aktualisierte Version der Datenschutzrichtlinie auf unserer Website ver\u00f6ffentlichen und Sie um Ihre Zustimmung zu den \u00c4nderungen bitten, sofern dies gesetzlich vorgeschrieben ist.\n<h2>KONTAKT US<\/h2>\n<p>Wenn Sie Fragen oder Anmerkungen zu dieser Datenschutzrichtlinie oder unseren Datenschutzpraktiken haben, wenden Sie sich bitte an uns <a href=\"mailto:legal@oceaneering.com\" target=\"_blank\" rel=\"noopener\">legal@oceaneering.com<\/a>. Sie k\u00f6nnen auch das Recht haben, eine Beschwerde bei einer Datenschutzaufsichtsbeh\u00f6rde einzureichen.<\/p>","protected":false},"excerpt":{"rendered":"<p>Website-Datenschutz- und Cookie-Richtlinie G\u00fcltig ab: 25. Mai 2018 EINLEITUNG Diese Website-Datenschutz- und Cookie-Richtlinie (\"Datenschutzrichtlinie\") beschreibt, wie Oceaneering International (Oceaneering International und die hier aufgelisteten verbundenen Unternehmen) (\"Oceaneering\") individuell identifizierbare Daten \u00fcber Besucher dieser Website (nachstehend definiert) sowie Kontaktpersonen unserer Firmenkunden sammelt, verwendet, weitergibt und anderweitig verarbeitet, ... <a title=\"Datenschutzbestimmungen\" class=\"read-more\" href=\"https:\/\/www.oceaneering.com\/de\/privacy-policy\/\" aria-label=\"Mehr Informationen zum Datenschutz\">Weiterlesen ...<\/a><\/p>","protected":false},"author":7,"featured_media":0,"parent":0,"menu_order":0,"comment_status":"closed","ping_status":"closed","template":"","meta":{"_acf_changed":false,"footnotes":"","_links_to":"","_links_to_target":""},"product_category":[],"search_tags":[1874],"class_list":["post-691","page","type-page","status-publish","search_tags-privacy-policy"],"acf":[],"aioseo_notices":[],"_links":{"self":[{"href":"https:\/\/www.oceaneering.com\/de\/wp-json\/wp\/v2\/pages\/691","targetHints":{"allow":["GET"]}}],"collection":[{"href":"https:\/\/www.oceaneering.com\/de\/wp-json\/wp\/v2\/pages"}],"about":[{"href":"https:\/\/www.oceaneering.com\/de\/wp-json\/wp\/v2\/types\/page"}],"author":[{"embeddable":true,"href":"https:\/\/www.oceaneering.com\/de\/wp-json\/wp\/v2\/users\/7"}],"replies":[{"embeddable":true,"href":"https:\/\/www.oceaneering.com\/de\/wp-json\/wp\/v2\/comments?post=691"}],"version-history":[{"count":0,"href":"https:\/\/www.oceaneering.com\/de\/wp-json\/wp\/v2\/pages\/691\/revisions"}],"wp:attachment":[{"href":"https:\/\/www.oceaneering.com\/de\/wp-json\/wp\/v2\/media?parent=691"}],"wp:term":[{"taxonomy":"product_category","embeddable":true,"href":"https:\/\/www.oceaneering.com\/de\/wp-json\/wp\/v2\/product_category?post=691"},{"taxonomy":"search_tags","embeddable":true,"href":"https:\/\/www.oceaneering.com\/de\/wp-json\/wp\/v2\/search_tags?post=691"}],"curies":[{"name":"wp","href":"https:\/\/api.w.org\/{rel}","templated":true}]}}